{"id":86354,"date":"2026-03-17T09:35:55","date_gmt":"2026-03-17T08:35:55","guid":{"rendered":"https:\/\/www.humanlevel.com\/politicas"},"modified":"2026-03-26T18:57:30","modified_gmt":"2026-03-26T17:57:30","slug":"politicas","status":"publish","type":"page","link":"https:\/\/www.humanlevel.com\/pt\/politicas","title":{"rendered":"Informa\u00e7\u00e3o legal e corporativa"},"content":{"rendered":"\n<section class=\"section-spacing\">\n<div><div class=\"box-query-looper\">\n<div class=\"gb-loop-item rounded-md box-query-loop-element post-78268 page type-page status-publish has-post-thumbnail\">\n<h3 class=\"gb-text\">Aviso legal<\/h3>\n\n\n\n<a class=\"btn-arrow gb-element-1da3d2de\" href=\"https:\/\/www.humanlevel.com\/pt\/politicas\/aviso-legal\">\n<span class=\"gb-text\">Ler<\/span>\n\n\n\n<span class=\"gb-shape gb-shape-a09040ff\"><svg fill=\"none\" viewBox=\"0 0 20 20\" height=\"20\" width=\"20\" xmlns=\"http:\/\/www.w3.org\/2000\/svg\">\n  <g transform=\"translate(0, 4)\">\n    <path fill=\"transparent\" stroke-linejoin=\"round\" stroke-linecap=\"round\" d=\"M16.758 5.62H4.475\" stroke-miterlimit=\"10\" stroke-width=\"1.4\" stroke=\"currentColor\"><\/path>\n    <path fill=\"transparent\" stroke-linejoin=\"round\" stroke-linecap=\"round\" d=\"m12.337.683 5.311 4.937-5.311 4.936\" stroke-width=\"1.4\" stroke=\"currentColor\"><\/path>\n  <\/g>\n<\/svg><\/span>\n<\/a>\n<\/div>\n\n<div class=\"gb-loop-item rounded-md box-query-loop-element post-78267 page type-page status-publish has-post-thumbnail\">\n<h3 class=\"gb-text\">Pol\u00edtica de cookies e armazenamento local<\/h3>\n\n\n\n<a class=\"btn-arrow gb-element-1da3d2de\" href=\"https:\/\/www.humanlevel.com\/pt\/politicas\/cookies\">\n<span class=\"gb-text\">Ler<\/span>\n\n\n\n<span class=\"gb-shape gb-shape-a09040ff\"><svg fill=\"none\" viewBox=\"0 0 20 20\" height=\"20\" width=\"20\" xmlns=\"http:\/\/www.w3.org\/2000\/svg\">\n  <g transform=\"translate(0, 4)\">\n    <path fill=\"transparent\" stroke-linejoin=\"round\" stroke-linecap=\"round\" d=\"M16.758 5.62H4.475\" stroke-miterlimit=\"10\" stroke-width=\"1.4\" stroke=\"currentColor\"><\/path>\n    <path fill=\"transparent\" stroke-linejoin=\"round\" stroke-linecap=\"round\" d=\"m12.337.683 5.311 4.937-5.311 4.936\" stroke-width=\"1.4\" stroke=\"currentColor\"><\/path>\n  <\/g>\n<\/svg><\/span>\n<\/a>\n<\/div>\n\n<div class=\"gb-loop-item rounded-md box-query-loop-element post-78266 page type-page status-publish has-post-thumbnail\">\n<h3 class=\"gb-text\">Pol\u00edtica de privacidade<\/h3>\n\n\n\n<a class=\"btn-arrow gb-element-1da3d2de\" href=\"https:\/\/www.humanlevel.com\/pt\/politicas\/privacidade\">\n<span class=\"gb-text\">Ler<\/span>\n\n\n\n<span class=\"gb-shape gb-shape-a09040ff\"><svg fill=\"none\" viewBox=\"0 0 20 20\" height=\"20\" width=\"20\" xmlns=\"http:\/\/www.w3.org\/2000\/svg\">\n  <g transform=\"translate(0, 4)\">\n    <path fill=\"transparent\" stroke-linejoin=\"round\" stroke-linecap=\"round\" d=\"M16.758 5.62H4.475\" stroke-miterlimit=\"10\" stroke-width=\"1.4\" stroke=\"currentColor\"><\/path>\n    <path fill=\"transparent\" stroke-linejoin=\"round\" stroke-linecap=\"round\" d=\"m12.337.683 5.311 4.937-5.311 4.936\" stroke-width=\"1.4\" stroke=\"currentColor\"><\/path>\n  <\/g>\n<\/svg><\/span>\n<\/a>\n<\/div>\n\n<div class=\"gb-loop-item rounded-md box-query-loop-element post-78307 page type-page status-publish has-post-thumbnail\">\n<h3 class=\"gb-text\">Pol\u00edtica de qualidade<\/h3>\n\n\n\n<a class=\"btn-arrow gb-element-1da3d2de\" href=\"https:\/\/www.humanlevel.com\/pt\/politicas\/qualidade\">\n<span class=\"gb-text\">Ler<\/span>\n\n\n\n<span class=\"gb-shape gb-shape-a09040ff\"><svg fill=\"none\" viewBox=\"0 0 20 20\" height=\"20\" width=\"20\" xmlns=\"http:\/\/www.w3.org\/2000\/svg\">\n  <g transform=\"translate(0, 4)\">\n    <path fill=\"transparent\" stroke-linejoin=\"round\" stroke-linecap=\"round\" d=\"M16.758 5.62H4.475\" stroke-miterlimit=\"10\" stroke-width=\"1.4\" stroke=\"currentColor\"><\/path>\n    <path fill=\"transparent\" stroke-linejoin=\"round\" stroke-linecap=\"round\" d=\"m12.337.683 5.311 4.937-5.311 4.936\" stroke-width=\"1.4\" stroke=\"currentColor\"><\/path>\n  <\/g>\n<\/svg><\/span>\n<\/a>\n<\/div>\n\n<div class=\"gb-loop-item rounded-md box-query-loop-element post-78299 page type-page status-publish has-post-thumbnail\">\n<h3 class=\"gb-text\">Pol\u00edtica de seguran\u00e7a da informa\u00e7\u00e3o<\/h3>\n\n\n\n<a class=\"btn-arrow gb-element-1da3d2de\" href=\"https:\/\/www.humanlevel.com\/pt\/politicas\/seguranca\">\n<span class=\"gb-text\">Ler<\/span>\n\n\n\n<span class=\"gb-shape gb-shape-a09040ff\"><svg fill=\"none\" viewBox=\"0 0 20 20\" height=\"20\" width=\"20\" xmlns=\"http:\/\/www.w3.org\/2000\/svg\">\n  <g transform=\"translate(0, 4)\">\n    <path fill=\"transparent\" stroke-linejoin=\"round\" stroke-linecap=\"round\" d=\"M16.758 5.62H4.475\" stroke-miterlimit=\"10\" stroke-width=\"1.4\" stroke=\"currentColor\"><\/path>\n    <path fill=\"transparent\" stroke-linejoin=\"round\" stroke-linecap=\"round\" d=\"m12.337.683 5.311 4.937-5.311 4.936\" stroke-width=\"1.4\" stroke=\"currentColor\"><\/path>\n  <\/g>\n<\/svg><\/span>\n<\/a>\n<\/div>\n<\/div>\n\n<\/div>\n<\/section>\n","protected":false},"excerpt":{"rendered":"","protected":false},"author":50,"featured_media":89503,"parent":0,"menu_order":0,"comment_status":"closed","ping_status":"closed","template":"","meta":{"_acf_changed":false,"footnotes":""},"class_list":["post-86354","page","type-page","status-publish","has-post-thumbnail"],"acf":[],"yoast_head":"<!-- This site is optimized with the Yoast SEO plugin v27.5 - https:\/\/yoast.com\/product\/yoast-seo-wordpress\/ -->\n<title>Informa\u00e7\u00e3o legal e corporativa | Human Level<\/title>\n<meta name=\"description\" content=\"Reunimos num \u00fanico espa\u00e7o todas as nossas pol\u00edticas de privacidade, condi\u00e7\u00f5es de utiliza\u00e7\u00e3o e normas de seguran\u00e7a e qualidade.\" \/>\n<meta name=\"robots\" content=\"index, follow, max-snippet:-1, max-image-preview:large, max-video-preview:-1\" \/>\n<link rel=\"canonical\" href=\"https:\/\/www.humanlevel.com\/pt\/politicas\" \/>\n<meta property=\"og:locale\" content=\"pt_PT\" \/>\n<meta property=\"og:type\" content=\"article\" \/>\n<meta property=\"og:title\" content=\"Informa\u00e7\u00e3o legal e corporativa | Human Level\" \/>\n<meta property=\"og:description\" content=\"Reunimos num \u00fanico espa\u00e7o todas as nossas pol\u00edticas de privacidade, condi\u00e7\u00f5es de utiliza\u00e7\u00e3o e normas de seguran\u00e7a e qualidade.\" \/>\n<meta property=\"og:url\" content=\"https:\/\/www.humanlevel.com\/pt\/politicas\" \/>\n<meta property=\"og:site_name\" content=\"Human Level\" \/>\n<meta name=\"twitter:card\" content=\"summary_large_image\" \/>\n<meta name=\"twitter:label1\" content=\"Tempo estimado de leitura\" \/>\n\t<meta name=\"twitter:data1\" content=\"1 minuto\" \/>\n<script type=\"application\/ld+json\" class=\"yoast-schema-graph\">{\"@context\":\"https:\\\/\\\/schema.org\",\"@graph\":[{\"@type\":\"WebPage\",\"@id\":\"https:\\\/\\\/www.humanlevel.com\\\/pt\\\/politicas\",\"url\":\"https:\\\/\\\/www.humanlevel.com\\\/pt\\\/politicas\",\"name\":\"Informa\u00e7\u00e3o legal e corporativa | Human Level\",\"isPartOf\":{\"@id\":\"https:\\\/\\\/www.humanlevel.com\\\/pt#website\"},\"primaryImageOfPage\":{\"@id\":\"https:\\\/\\\/www.humanlevel.com\\\/pt\\\/politicas#primaryimage\"},\"image\":{\"@id\":\"https:\\\/\\\/www.humanlevel.com\\\/pt\\\/politicas#primaryimage\"},\"thumbnailUrl\":\"https:\\\/\\\/www.humanlevel.com\\\/wp-content\\\/uploads\\\/hl-og-politicas.jpg\",\"datePublished\":\"2026-03-17T08:35:55+00:00\",\"dateModified\":\"2026-03-26T17:57:30+00:00\",\"description\":\"Reunimos num \u00fanico espa\u00e7o todas as nossas pol\u00edticas de privacidade, condi\u00e7\u00f5es de utiliza\u00e7\u00e3o e normas de seguran\u00e7a e qualidade.\",\"breadcrumb\":{\"@id\":\"https:\\\/\\\/www.humanlevel.com\\\/pt\\\/politicas#breadcrumb\"},\"inLanguage\":\"pt-PT\",\"potentialAction\":[{\"@type\":\"ReadAction\",\"target\":[\"https:\\\/\\\/www.humanlevel.com\\\/pt\\\/politicas\"]}]},{\"@type\":\"ImageObject\",\"inLanguage\":\"pt-PT\",\"@id\":\"https:\\\/\\\/www.humanlevel.com\\\/pt\\\/politicas#primaryimage\",\"url\":\"https:\\\/\\\/www.humanlevel.com\\\/wp-content\\\/uploads\\\/hl-og-politicas.jpg\",\"contentUrl\":\"https:\\\/\\\/www.humanlevel.com\\\/wp-content\\\/uploads\\\/hl-og-politicas.jpg\",\"width\":1200,\"height\":630},{\"@type\":\"BreadcrumbList\",\"@id\":\"https:\\\/\\\/www.humanlevel.com\\\/pt\\\/politicas#breadcrumb\",\"itemListElement\":[{\"@type\":\"ListItem\",\"position\":1,\"name\":\"Inicio\",\"item\":\"https:\\\/\\\/www.humanlevel.com\\\/pt\"},{\"@type\":\"ListItem\",\"position\":2,\"name\":\"Informa\u00e7\u00e3o legal e corporativa\"}]},{\"@type\":\"WebSite\",\"@id\":\"https:\\\/\\\/www.humanlevel.com\\\/pt#website\",\"url\":\"https:\\\/\\\/www.humanlevel.com\\\/pt\",\"name\":\"Human Level\",\"description\":\"Agencia SEO para grandes marcas nacionales e internacionales.\",\"publisher\":{\"@id\":\"https:\\\/\\\/www.humanlevel.com\\\/pt#organization\"},\"potentialAction\":[{\"@type\":\"SearchAction\",\"target\":{\"@type\":\"EntryPoint\",\"urlTemplate\":\"https:\\\/\\\/www.humanlevel.com\\\/pt?s={search_term_string}\"},\"query-input\":{\"@type\":\"PropertyValueSpecification\",\"valueRequired\":true,\"valueName\":\"search_term_string\"}}],\"inLanguage\":\"pt-PT\"},{\"@type\":\"Organization\",\"@id\":\"https:\\\/\\\/www.humanlevel.com\\\/pt#organization\",\"name\":\"Human Level\",\"url\":\"https:\\\/\\\/www.humanlevel.com\\\/pt\",\"logo\":{\"@type\":\"ImageObject\",\"inLanguage\":\"pt-PT\",\"@id\":\"https:\\\/\\\/www.humanlevel.com\\\/pt#\\\/schema\\\/logo\\\/image\\\/\",\"url\":\"https:\\\/\\\/www.humanlevel.com\\\/wp-content\\\/uploads\\\/logohl25x3.png\",\"contentUrl\":\"https:\\\/\\\/www.humanlevel.com\\\/wp-content\\\/uploads\\\/logohl25x3.png\",\"width\":600,\"height\":93,\"caption\":\"Human Level\"},\"image\":{\"@id\":\"https:\\\/\\\/www.humanlevel.com\\\/pt#\\\/schema\\\/logo\\\/image\\\/\"},\"sameAs\":[\"https:\\\/\\\/www.linkedin.com\\\/company\\\/human-level-communications\",\"https:\\\/\\\/www.youtube.com\\\/user\\\/humanlevelcommunica\",\"https:\\\/\\\/bsky.app\\\/profile\\\/humanlevel.bsky.social\",\"https:\\\/\\\/instagram.com\\\/humanlevel\"]}]}<\/script>\n<!-- \/ Yoast SEO plugin. -->","yoast_head_json":{"title":"Informa\u00e7\u00e3o legal e corporativa | Human Level","description":"Reunimos num \u00fanico espa\u00e7o todas as nossas pol\u00edticas de privacidade, condi\u00e7\u00f5es de utiliza\u00e7\u00e3o e normas de seguran\u00e7a e qualidade.","robots":{"index":"index","follow":"follow","max-snippet":"max-snippet:-1","max-image-preview":"max-image-preview:large","max-video-preview":"max-video-preview:-1"},"canonical":"https:\/\/www.humanlevel.com\/pt\/politicas","og_locale":"pt_PT","og_type":"article","og_title":"Informa\u00e7\u00e3o legal e corporativa | Human Level","og_description":"Reunimos num \u00fanico espa\u00e7o todas as nossas pol\u00edticas de privacidade, condi\u00e7\u00f5es de utiliza\u00e7\u00e3o e normas de seguran\u00e7a e qualidade.","og_url":"https:\/\/www.humanlevel.com\/pt\/politicas","og_site_name":"Human Level","twitter_card":"summary_large_image","twitter_misc":{"Tempo estimado de leitura":"1 minuto"},"schema":{"@context":"https:\/\/schema.org","@graph":[{"@type":"WebPage","@id":"https:\/\/www.humanlevel.com\/pt\/politicas","url":"https:\/\/www.humanlevel.com\/pt\/politicas","name":"Informa\u00e7\u00e3o legal e corporativa | Human Level","isPartOf":{"@id":"https:\/\/www.humanlevel.com\/pt#website"},"primaryImageOfPage":{"@id":"https:\/\/www.humanlevel.com\/pt\/politicas#primaryimage"},"image":{"@id":"https:\/\/www.humanlevel.com\/pt\/politicas#primaryimage"},"thumbnailUrl":"https:\/\/www.humanlevel.com\/wp-content\/uploads\/hl-og-politicas.jpg","datePublished":"2026-03-17T08:35:55+00:00","dateModified":"2026-03-26T17:57:30+00:00","description":"Reunimos num \u00fanico espa\u00e7o todas as nossas pol\u00edticas de privacidade, condi\u00e7\u00f5es de utiliza\u00e7\u00e3o e normas de seguran\u00e7a e qualidade.","breadcrumb":{"@id":"https:\/\/www.humanlevel.com\/pt\/politicas#breadcrumb"},"inLanguage":"pt-PT","potentialAction":[{"@type":"ReadAction","target":["https:\/\/www.humanlevel.com\/pt\/politicas"]}]},{"@type":"ImageObject","inLanguage":"pt-PT","@id":"https:\/\/www.humanlevel.com\/pt\/politicas#primaryimage","url":"https:\/\/www.humanlevel.com\/wp-content\/uploads\/hl-og-politicas.jpg","contentUrl":"https:\/\/www.humanlevel.com\/wp-content\/uploads\/hl-og-politicas.jpg","width":1200,"height":630},{"@type":"BreadcrumbList","@id":"https:\/\/www.humanlevel.com\/pt\/politicas#breadcrumb","itemListElement":[{"@type":"ListItem","position":1,"name":"Inicio","item":"https:\/\/www.humanlevel.com\/pt"},{"@type":"ListItem","position":2,"name":"Informa\u00e7\u00e3o legal e corporativa"}]},{"@type":"WebSite","@id":"https:\/\/www.humanlevel.com\/pt#website","url":"https:\/\/www.humanlevel.com\/pt","name":"Human Level","description":"Agencia SEO para grandes marcas nacionales e internacionales.","publisher":{"@id":"https:\/\/www.humanlevel.com\/pt#organization"},"potentialAction":[{"@type":"SearchAction","target":{"@type":"EntryPoint","urlTemplate":"https:\/\/www.humanlevel.com\/pt?s={search_term_string}"},"query-input":{"@type":"PropertyValueSpecification","valueRequired":true,"valueName":"search_term_string"}}],"inLanguage":"pt-PT"},{"@type":"Organization","@id":"https:\/\/www.humanlevel.com\/pt#organization","name":"Human Level","url":"https:\/\/www.humanlevel.com\/pt","logo":{"@type":"ImageObject","inLanguage":"pt-PT","@id":"https:\/\/www.humanlevel.com\/pt#\/schema\/logo\/image\/","url":"https:\/\/www.humanlevel.com\/wp-content\/uploads\/logohl25x3.png","contentUrl":"https:\/\/www.humanlevel.com\/wp-content\/uploads\/logohl25x3.png","width":600,"height":93,"caption":"Human Level"},"image":{"@id":"https:\/\/www.humanlevel.com\/pt#\/schema\/logo\/image\/"},"sameAs":["https:\/\/www.linkedin.com\/company\/human-level-communications","https:\/\/www.youtube.com\/user\/humanlevelcommunica","https:\/\/bsky.app\/profile\/humanlevel.bsky.social","https:\/\/instagram.com\/humanlevel"]}]}},"_links":{"self":[{"href":"https:\/\/www.humanlevel.com\/pt\/wp-json\/wp\/v2\/pages\/86354","targetHints":{"allow":["GET"]}}],"collection":[{"href":"https:\/\/www.humanlevel.com\/pt\/wp-json\/wp\/v2\/pages"}],"about":[{"href":"https:\/\/www.humanlevel.com\/pt\/wp-json\/wp\/v2\/types\/page"}],"author":[{"embeddable":true,"href":"https:\/\/www.humanlevel.com\/pt\/wp-json\/wp\/v2\/users\/50"}],"replies":[{"embeddable":true,"href":"https:\/\/www.humanlevel.com\/pt\/wp-json\/wp\/v2\/comments?post=86354"}],"version-history":[{"count":2,"href":"https:\/\/www.humanlevel.com\/pt\/wp-json\/wp\/v2\/pages\/86354\/revisions"}],"predecessor-version":[{"id":86370,"href":"https:\/\/www.humanlevel.com\/pt\/wp-json\/wp\/v2\/pages\/86354\/revisions\/86370"}],"wp:featuredmedia":[{"embeddable":true,"href":"https:\/\/www.humanlevel.com\/pt\/wp-json\/wp\/v2\/media\/89503"}],"wp:attachment":[{"href":"https:\/\/www.humanlevel.com\/pt\/wp-json\/wp\/v2\/media?parent=86354"}],"curies":[{"name":"wp","href":"https:\/\/api.w.org\/{rel}","templated":true}]}}