{"id":86338,"date":"2026-03-17T08:59:28","date_gmt":"2026-03-17T07:59:28","guid":{"rendered":"https:\/\/www.humanlevel.com\/certificaciones"},"modified":"2026-03-26T18:46:54","modified_gmt":"2026-03-26T17:46:54","slug":"certificacoes","status":"publish","type":"page","link":"https:\/\/www.humanlevel.com\/pt\/certificacoes","title":{"rendered":"Certifica\u00e7\u00f5es"},"content":{"rendered":"\n<section class=\"section-spacing\">\n<h2 class=\"gb-text\">Porque nos certificamos<\/h2>\n\n\n\n<p class=\"gb-text tp-subtitle\">As certifica\u00e7\u00f5es n\u00e3o s\u00e3o um fim em si mesmas: s\u00e3o a evid\u00eancia verific\u00e1vel de que os nossos processos, a nossa equipa e a nossa forma de trabalhar est\u00e3o \u00e0 altura dos projetos que assumimos. Para as grandes empresas e institui\u00e7\u00f5es que nos confiam a sua visibilidade digital, contar com fornecedores auditados externamente n\u00e3o \u00e9 um requisito menor: faz parte dos seus processos de homologa\u00e7\u00e3o e gest\u00e3o de risco. Certificamo-nos porque acreditamos que a confian\u00e7a se constr\u00f3i com factos, n\u00e3o apenas com palavras.<\/p>\n<\/section>\n\n\n\n<section class=\"section-spacing\">\n<h2 class=\"gb-text\">As nossas certifica\u00e7\u00f5es<\/h2>\n\n\n\n<ul class=\"service-features-3col\">\n<li class=\"service-feature\">\n<span class=\"gb-shape service-feature-icon gb-shape-4f37197a\"><svg width=\"24\" height=\"24\" viewBox=\"0 0 24 24\" fill=\"none\" xmlns=\"http:\/\/www.w3.org\/2000\/svg\">\n<path d=\"M9.99677 15.1709L19.1892 5.97852L20.6034 7.39273L9.99677 17.9993L3.63281 11.6354L5.04703 10.2212L9.99677 15.1709Z\" fill=\"currentColor\"><\/path>\n<\/svg>\n<\/span>\n\n\n\n<div>\n<h3 class=\"gb-text tp-h4\">ISO 9001<\/h3>\n\n\n\n<p class=\"gb-text\">Garante que os nossos servi\u00e7os s\u00e3o prestados sob um sistema de gest\u00e3o de qualidade auditado internacionalmente, com processos documentados, melhoria cont\u00ednua e orienta\u00e7\u00e3o sistem\u00e1tica para a satisfa\u00e7\u00e3o do cliente.<\/p>\n<\/div>\n<\/li>\n\n\n\n<li class=\"service-feature\">\n<span class=\"gb-shape service-feature-icon gb-shape-96518874\"><svg width=\"24\" height=\"24\" viewBox=\"0 0 24 24\" fill=\"none\" xmlns=\"http:\/\/www.w3.org\/2000\/svg\">\n<path d=\"M9.99677 15.1709L19.1892 5.97852L20.6034 7.39273L9.99677 17.9993L3.63281 11.6354L5.04703 10.2212L9.99677 15.1709Z\" fill=\"currentColor\"><\/path>\n<\/svg>\n<\/span>\n\n\n\n<div>\n<h3 class=\"gb-text tp-h4\">ISO 27001<\/h3>\n\n\n\n<p class=\"gb-text\">Acredita que os dados e informa\u00e7\u00f5es dos nossos clientes est\u00e3o protegidos sob um sistema de gest\u00e3o de seguran\u00e7a reconhecido mundialmente, com controlos face a riscos de acesso, perda ou uso indevido.<\/p>\n<\/div>\n<\/li>\n\n\n\n<li class=\"service-feature\">\n<span class=\"gb-shape service-feature-icon gb-shape-d4f0af8d\"><svg width=\"24\" height=\"24\" viewBox=\"0 0 24 24\" fill=\"none\" xmlns=\"http:\/\/www.w3.org\/2000\/svg\">\n<path d=\"M9.99677 15.1709L19.1892 5.97852L20.6034 7.39273L9.99677 17.9993L3.63281 11.6354L5.04703 10.2212L9.99677 15.1709Z\" fill=\"currentColor\"><\/path>\n<\/svg>\n<\/span>\n\n\n\n<div>\n<h3 class=\"gb-text tp-h4\">ISO 22301<\/h3>\n\n\n\n<p class=\"gb-text\">Certifica a nossa capacidade de manter a presta\u00e7\u00e3o de servi\u00e7os perante situa\u00e7\u00f5es imprevistas, garantindo que os projetos dos nossos clientes n\u00e3o s\u00e3o comprometidos por interrup\u00e7\u00f5es operacionais.<\/p>\n<\/div>\n<\/li>\n\n\n\n<li class=\"service-feature\">\n<span class=\"gb-shape service-feature-icon gb-shape-9e29ad05\"><svg width=\"24\" height=\"24\" viewBox=\"0 0 24 24\" fill=\"none\" xmlns=\"http:\/\/www.w3.org\/2000\/svg\">\n<path d=\"M9.99677 15.1709L19.1892 5.97852L20.6034 7.39273L9.99677 17.9993L3.63281 11.6354L5.04703 10.2212L9.99677 15.1709Z\" fill=\"currentColor\"><\/path>\n<\/svg>\n<\/span>\n\n\n\n<div>\n<h3 class=\"gb-text tp-h4\">Reconhecimento CIEGE<\/h3>\n\n\n\n<p class=\"gb-text\">Distin\u00e7\u00e3o atribu\u00edda pela Informa D&amp;B e elEconomista que reconhece as empresas com uma gest\u00e3o empresarial de excel\u00eancia, avaliada pelos seus indicadores financeiros, pela sua trajet\u00f3ria e solidez organizacional.<\/p>\n<\/div>\n<\/li>\n\n\n\n<li class=\"service-feature\">\n<span class=\"gb-shape service-feature-icon gb-shape-d288fa8b\"><svg width=\"24\" height=\"24\" viewBox=\"0 0 24 24\" fill=\"none\" xmlns=\"http:\/\/www.w3.org\/2000\/svg\">\n<path d=\"M9.99677 15.1709L19.1892 5.97852L20.6034 7.39273L9.99677 17.9993L3.63281 11.6354L5.04703 10.2212L9.99677 15.1709Z\" fill=\"currentColor\"><\/path>\n<\/svg>\n<\/span>\n\n\n\n<div>\n<h3 class=\"gb-text tp-h4\">Forma\u00e7\u00e3o fornecedores sustent\u00e1veis<\/h3>\n\n\n\n<p class=\"gb-text\">Acredita\u00e7\u00e3o que certifica o nosso compromisso com a sustentabilidade na cadeia de valor, cumprindo os requisitos exigidos pelos programas de compras respons\u00e1veis de grandes corpora\u00e7\u00f5es e institui\u00e7\u00f5es p\u00fablicas.<\/p>\n<\/div>\n<\/li>\n\n\n\n<li class=\"service-feature\">\n<span class=\"gb-shape service-feature-icon gb-shape-18e3668b\"><svg width=\"24\" height=\"24\" viewBox=\"0 0 24 24\" fill=\"none\" xmlns=\"http:\/\/www.w3.org\/2000\/svg\">\n<path d=\"M9.99677 15.1709L19.1892 5.97852L20.6034 7.39273L9.99677 17.9993L3.63281 11.6354L5.04703 10.2212L9.99677 15.1709Z\" fill=\"currentColor\"><\/path>\n<\/svg>\n<\/span>\n\n\n\n<div>\n<h3 class=\"gb-text tp-h4\">Link Affinity e Sistrix Partner<\/h3>\n\n\n\n<p class=\"gb-text\">Reconhecimento como ag\u00eancia colaboradora da Link Affinity, plataforma especializada na gest\u00e3o de estrat\u00e9gias de links, e da SISTRIX, uma das principais ferramentas europeias de an\u00e1lise de visibilidade em motores de busca.<\/p>\n<\/div>\n<\/li>\n<\/ul>\n<\/section>\n\n\n\n<section class=\"section-spacing featured-logos\">\n<p class=\"gb-text tp-body-small\">Estamos homologados em<\/p>\n\n\n\n<div class=\"featured-logos-flex\">\n<img loading=\"lazy\" width=\"540\" height=\"270\" class=\"featured-logos-img\" alt=\"\" title=\"logo-aquanima-certificado\" src=\"https:\/\/www.humanlevel.com\/wp-content\/uploads\/logo-aquanima-certificado.png\" srcset=\"https:\/\/www.humanlevel.com\/wp-content\/uploads\/logo-aquanima-certificado.png 540w, https:\/\/www.humanlevel.com\/wp-content\/uploads\/logo-aquanima-certificado-400x200.png 400w\" sizes=\"auto, (max-width: 540px) 100vw, 540px\" \/>\n\n\n\n<img loading=\"lazy\" width=\"540\" height=\"270\" class=\"featured-logos-img\" alt=\"Adquira\" title=\"logo-adquira-certificado\" src=\"https:\/\/www.humanlevel.com\/wp-content\/uploads\/logo-adquira-certificado.png\" srcset=\"https:\/\/www.humanlevel.com\/wp-content\/uploads\/logo-adquira-certificado.png 540w, https:\/\/www.humanlevel.com\/wp-content\/uploads\/logo-adquira-certificado-400x200.png 400w\" sizes=\"auto, (max-width: 540px) 100vw, 540px\" \/>\n\n\n\n<img loading=\"lazy\" width=\"552\" height=\"270\" class=\"featured-logos-img\" alt=\"SAP Ariba\" title=\"logo-sapariba-certificado\" src=\"https:\/\/www.humanlevel.com\/wp-content\/uploads\/logo-sapariba-certificado.png\" srcset=\"https:\/\/www.humanlevel.com\/wp-content\/uploads\/logo-sapariba-certificado.png 552w, https:\/\/www.humanlevel.com\/wp-content\/uploads\/logo-sapariba-certificado-400x196.png 400w\" sizes=\"auto, (max-width: 552px) 100vw, 552px\" \/>\n\n\n\n<img loading=\"lazy\" width=\"540\" height=\"270\" class=\"featured-logos-img\" alt=\"Achilles\" title=\"logo-achilles-certificado\" src=\"https:\/\/www.humanlevel.com\/wp-content\/uploads\/logo-achilles-certificado.png\" srcset=\"https:\/\/www.humanlevel.com\/wp-content\/uploads\/logo-achilles-certificado.png 540w, https:\/\/www.humanlevel.com\/wp-content\/uploads\/logo-achilles-certificado-400x200.png 400w\" sizes=\"auto, (max-width: 540px) 100vw, 540px\" \/>\n<\/div>\n<\/section>\n\n\n\n<section class=\"section-spacing\">\n<h2 class=\"gb-text\">As nossas pol\u00edticas<\/h2>\n\n\n\n<div><div class=\"box-query-looper\">\n<div class=\"gb-loop-item rounded-md box-query-loop-element post-78307 page type-page status-publish has-post-thumbnail\">\n<h3 class=\"gb-text\">Pol\u00edtica de qualidade<\/h3>\n\n\n\n<a class=\"btn-arrow gb-element-1da3d2de\" href=\"https:\/\/www.humanlevel.com\/pt\/politicas\/qualidade\">\n<span class=\"gb-text\">Ler<\/span>\n\n\n\n<span class=\"gb-shape gb-shape-a09040ff\"><svg xmlns=\"http:\/\/www.w3.org\/2000\/svg\" width=\"20\" height=\"20\" viewBox=\"0 0 20 20\" fill=\"none\">\n  <g transform=\"translate(0, 4)\">\n    <path stroke=\"currentColor\" stroke-width=\"1.4\" stroke-miterlimit=\"10\" d=\"M16.758 5.62H4.475\" stroke-linecap=\"round\" stroke-linejoin=\"round\" fill=\"transparent\"><\/path>\n    <path stroke=\"currentColor\" stroke-width=\"1.4\" d=\"m12.337.683 5.311 4.937-5.311 4.936\" stroke-linecap=\"round\" stroke-linejoin=\"round\" fill=\"transparent\"><\/path>\n  <\/g>\n<\/svg><\/span>\n<\/a>\n<\/div>\n\n<div class=\"gb-loop-item rounded-md box-query-loop-element post-78299 page type-page status-publish has-post-thumbnail\">\n<h3 class=\"gb-text\">Pol\u00edtica de seguran\u00e7a da informa\u00e7\u00e3o<\/h3>\n\n\n\n<a class=\"btn-arrow gb-element-1da3d2de\" href=\"https:\/\/www.humanlevel.com\/pt\/politicas\/seguranca\">\n<span class=\"gb-text\">Ler<\/span>\n\n\n\n<span class=\"gb-shape gb-shape-a09040ff\"><svg xmlns=\"http:\/\/www.w3.org\/2000\/svg\" width=\"20\" height=\"20\" viewBox=\"0 0 20 20\" fill=\"none\">\n  <g transform=\"translate(0, 4)\">\n    <path stroke=\"currentColor\" stroke-width=\"1.4\" stroke-miterlimit=\"10\" d=\"M16.758 5.62H4.475\" stroke-linecap=\"round\" stroke-linejoin=\"round\" fill=\"transparent\"><\/path>\n    <path stroke=\"currentColor\" stroke-width=\"1.4\" d=\"m12.337.683 5.311 4.937-5.311 4.936\" stroke-linecap=\"round\" stroke-linejoin=\"round\" fill=\"transparent\"><\/path>\n  <\/g>\n<\/svg><\/span>\n<\/a>\n<\/div>\n<\/div>\n\n<\/div>\n<\/section>\n","protected":false},"excerpt":{"rendered":"<p>Porque nos certificamos As certifica\u00e7\u00f5es n\u00e3o s\u00e3o um fim em si mesmas: s\u00e3o a evid\u00eancia verific\u00e1vel de que os&#8230;<\/p>\n","protected":false},"author":50,"featured_media":89503,"parent":0,"menu_order":0,"comment_status":"closed","ping_status":"closed","template":"","meta":{"_acf_changed":false,"footnotes":""},"class_list":["post-86338","page","type-page","status-publish","has-post-thumbnail"],"acf":[],"yoast_head":"<!-- This site is optimized with the Yoast SEO plugin v27.4 - https:\/\/yoast.com\/product\/yoast-seo-wordpress\/ -->\n<title>Certifica\u00e7\u00f5es | Human Level<\/title>\n<meta name=\"description\" content=\"As nossas certifica\u00e7\u00f5es ISO 9001, 27001 e 22301 garantem a excel\u00eancia e a seguran\u00e7a que as grandes empresas exigem aos seus parceiros digitais.\" \/>\n<meta name=\"robots\" content=\"index, follow, max-snippet:-1, max-image-preview:large, max-video-preview:-1\" \/>\n<link rel=\"canonical\" href=\"https:\/\/www.humanlevel.com\/pt\/certificacoes\" \/>\n<meta property=\"og:locale\" content=\"pt_PT\" \/>\n<meta property=\"og:type\" content=\"article\" \/>\n<meta property=\"og:title\" content=\"Certifica\u00e7\u00f5es | Human Level\" \/>\n<meta property=\"og:description\" content=\"As nossas certifica\u00e7\u00f5es ISO 9001, 27001 e 22301 garantem a excel\u00eancia e a seguran\u00e7a que as grandes empresas exigem aos seus parceiros digitais.\" \/>\n<meta property=\"og:url\" content=\"https:\/\/www.humanlevel.com\/pt\/certificacoes\" \/>\n<meta property=\"og:site_name\" content=\"Human Level\" \/>\n<meta name=\"twitter:card\" content=\"summary_large_image\" \/>\n<meta name=\"twitter:label1\" content=\"Tempo estimado de leitura\" \/>\n\t<meta name=\"twitter:data1\" content=\"3 minutos\" \/>\n<script type=\"application\/ld+json\" class=\"yoast-schema-graph\">{\"@context\":\"https:\\\/\\\/schema.org\",\"@graph\":[{\"@type\":\"WebPage\",\"@id\":\"https:\\\/\\\/www.humanlevel.com\\\/pt\\\/certificacoes\",\"url\":\"https:\\\/\\\/www.humanlevel.com\\\/pt\\\/certificacoes\",\"name\":\"Certifica\u00e7\u00f5es | Human Level\",\"isPartOf\":{\"@id\":\"https:\\\/\\\/www.humanlevel.com\\\/pt#website\"},\"primaryImageOfPage\":{\"@id\":\"https:\\\/\\\/www.humanlevel.com\\\/pt\\\/certificacoes#primaryimage\"},\"image\":{\"@id\":\"https:\\\/\\\/www.humanlevel.com\\\/pt\\\/certificacoes#primaryimage\"},\"thumbnailUrl\":\"https:\\\/\\\/www.humanlevel.com\\\/wp-content\\\/uploads\\\/hl-og-politicas.jpg\",\"datePublished\":\"2026-03-17T07:59:28+00:00\",\"dateModified\":\"2026-03-26T17:46:54+00:00\",\"description\":\"As nossas certifica\u00e7\u00f5es ISO 9001, 27001 e 22301 garantem a excel\u00eancia e a seguran\u00e7a que as grandes empresas exigem aos seus parceiros digitais.\",\"breadcrumb\":{\"@id\":\"https:\\\/\\\/www.humanlevel.com\\\/pt\\\/certificacoes#breadcrumb\"},\"inLanguage\":\"pt-PT\",\"potentialAction\":[{\"@type\":\"ReadAction\",\"target\":[\"https:\\\/\\\/www.humanlevel.com\\\/pt\\\/certificacoes\"]}]},{\"@type\":\"ImageObject\",\"inLanguage\":\"pt-PT\",\"@id\":\"https:\\\/\\\/www.humanlevel.com\\\/pt\\\/certificacoes#primaryimage\",\"url\":\"https:\\\/\\\/www.humanlevel.com\\\/wp-content\\\/uploads\\\/hl-og-politicas.jpg\",\"contentUrl\":\"https:\\\/\\\/www.humanlevel.com\\\/wp-content\\\/uploads\\\/hl-og-politicas.jpg\",\"width\":1200,\"height\":630},{\"@type\":\"BreadcrumbList\",\"@id\":\"https:\\\/\\\/www.humanlevel.com\\\/pt\\\/certificacoes#breadcrumb\",\"itemListElement\":[{\"@type\":\"ListItem\",\"position\":1,\"name\":\"Inicio\",\"item\":\"https:\\\/\\\/www.humanlevel.com\\\/pt\"},{\"@type\":\"ListItem\",\"position\":2,\"name\":\"Certifica\u00e7\u00f5es\"}]},{\"@type\":\"WebSite\",\"@id\":\"https:\\\/\\\/www.humanlevel.com\\\/pt#website\",\"url\":\"https:\\\/\\\/www.humanlevel.com\\\/pt\",\"name\":\"Human Level\",\"description\":\"Agencia SEO para grandes marcas nacionales e internacionales.\",\"publisher\":{\"@id\":\"https:\\\/\\\/www.humanlevel.com\\\/pt#organization\"},\"potentialAction\":[{\"@type\":\"SearchAction\",\"target\":{\"@type\":\"EntryPoint\",\"urlTemplate\":\"https:\\\/\\\/www.humanlevel.com\\\/pt?s={search_term_string}\"},\"query-input\":{\"@type\":\"PropertyValueSpecification\",\"valueRequired\":true,\"valueName\":\"search_term_string\"}}],\"inLanguage\":\"pt-PT\"},{\"@type\":\"Organization\",\"@id\":\"https:\\\/\\\/www.humanlevel.com\\\/pt#organization\",\"name\":\"Human Level\",\"url\":\"https:\\\/\\\/www.humanlevel.com\\\/pt\",\"logo\":{\"@type\":\"ImageObject\",\"inLanguage\":\"pt-PT\",\"@id\":\"https:\\\/\\\/www.humanlevel.com\\\/pt#\\\/schema\\\/logo\\\/image\\\/\",\"url\":\"https:\\\/\\\/www.humanlevel.com\\\/wp-content\\\/uploads\\\/logohl25x3.png\",\"contentUrl\":\"https:\\\/\\\/www.humanlevel.com\\\/wp-content\\\/uploads\\\/logohl25x3.png\",\"width\":600,\"height\":93,\"caption\":\"Human Level\"},\"image\":{\"@id\":\"https:\\\/\\\/www.humanlevel.com\\\/pt#\\\/schema\\\/logo\\\/image\\\/\"},\"sameAs\":[\"https:\\\/\\\/www.linkedin.com\\\/company\\\/human-level-communications\",\"https:\\\/\\\/www.youtube.com\\\/user\\\/humanlevelcommunica\",\"https:\\\/\\\/bsky.app\\\/profile\\\/humanlevel.bsky.social\",\"https:\\\/\\\/instagram.com\\\/humanlevel\"]}]}<\/script>\n<!-- \/ Yoast SEO plugin. -->","yoast_head_json":{"title":"Certifica\u00e7\u00f5es | Human Level","description":"As nossas certifica\u00e7\u00f5es ISO 9001, 27001 e 22301 garantem a excel\u00eancia e a seguran\u00e7a que as grandes empresas exigem aos seus parceiros digitais.","robots":{"index":"index","follow":"follow","max-snippet":"max-snippet:-1","max-image-preview":"max-image-preview:large","max-video-preview":"max-video-preview:-1"},"canonical":"https:\/\/www.humanlevel.com\/pt\/certificacoes","og_locale":"pt_PT","og_type":"article","og_title":"Certifica\u00e7\u00f5es | Human Level","og_description":"As nossas certifica\u00e7\u00f5es ISO 9001, 27001 e 22301 garantem a excel\u00eancia e a seguran\u00e7a que as grandes empresas exigem aos seus parceiros digitais.","og_url":"https:\/\/www.humanlevel.com\/pt\/certificacoes","og_site_name":"Human Level","twitter_card":"summary_large_image","twitter_misc":{"Tempo estimado de leitura":"3 minutos"},"schema":{"@context":"https:\/\/schema.org","@graph":[{"@type":"WebPage","@id":"https:\/\/www.humanlevel.com\/pt\/certificacoes","url":"https:\/\/www.humanlevel.com\/pt\/certificacoes","name":"Certifica\u00e7\u00f5es | Human Level","isPartOf":{"@id":"https:\/\/www.humanlevel.com\/pt#website"},"primaryImageOfPage":{"@id":"https:\/\/www.humanlevel.com\/pt\/certificacoes#primaryimage"},"image":{"@id":"https:\/\/www.humanlevel.com\/pt\/certificacoes#primaryimage"},"thumbnailUrl":"https:\/\/www.humanlevel.com\/wp-content\/uploads\/hl-og-politicas.jpg","datePublished":"2026-03-17T07:59:28+00:00","dateModified":"2026-03-26T17:46:54+00:00","description":"As nossas certifica\u00e7\u00f5es ISO 9001, 27001 e 22301 garantem a excel\u00eancia e a seguran\u00e7a que as grandes empresas exigem aos seus parceiros digitais.","breadcrumb":{"@id":"https:\/\/www.humanlevel.com\/pt\/certificacoes#breadcrumb"},"inLanguage":"pt-PT","potentialAction":[{"@type":"ReadAction","target":["https:\/\/www.humanlevel.com\/pt\/certificacoes"]}]},{"@type":"ImageObject","inLanguage":"pt-PT","@id":"https:\/\/www.humanlevel.com\/pt\/certificacoes#primaryimage","url":"https:\/\/www.humanlevel.com\/wp-content\/uploads\/hl-og-politicas.jpg","contentUrl":"https:\/\/www.humanlevel.com\/wp-content\/uploads\/hl-og-politicas.jpg","width":1200,"height":630},{"@type":"BreadcrumbList","@id":"https:\/\/www.humanlevel.com\/pt\/certificacoes#breadcrumb","itemListElement":[{"@type":"ListItem","position":1,"name":"Inicio","item":"https:\/\/www.humanlevel.com\/pt"},{"@type":"ListItem","position":2,"name":"Certifica\u00e7\u00f5es"}]},{"@type":"WebSite","@id":"https:\/\/www.humanlevel.com\/pt#website","url":"https:\/\/www.humanlevel.com\/pt","name":"Human Level","description":"Agencia SEO para grandes marcas nacionales e internacionales.","publisher":{"@id":"https:\/\/www.humanlevel.com\/pt#organization"},"potentialAction":[{"@type":"SearchAction","target":{"@type":"EntryPoint","urlTemplate":"https:\/\/www.humanlevel.com\/pt?s={search_term_string}"},"query-input":{"@type":"PropertyValueSpecification","valueRequired":true,"valueName":"search_term_string"}}],"inLanguage":"pt-PT"},{"@type":"Organization","@id":"https:\/\/www.humanlevel.com\/pt#organization","name":"Human Level","url":"https:\/\/www.humanlevel.com\/pt","logo":{"@type":"ImageObject","inLanguage":"pt-PT","@id":"https:\/\/www.humanlevel.com\/pt#\/schema\/logo\/image\/","url":"https:\/\/www.humanlevel.com\/wp-content\/uploads\/logohl25x3.png","contentUrl":"https:\/\/www.humanlevel.com\/wp-content\/uploads\/logohl25x3.png","width":600,"height":93,"caption":"Human Level"},"image":{"@id":"https:\/\/www.humanlevel.com\/pt#\/schema\/logo\/image\/"},"sameAs":["https:\/\/www.linkedin.com\/company\/human-level-communications","https:\/\/www.youtube.com\/user\/humanlevelcommunica","https:\/\/bsky.app\/profile\/humanlevel.bsky.social","https:\/\/instagram.com\/humanlevel"]}]}},"_links":{"self":[{"href":"https:\/\/www.humanlevel.com\/pt\/wp-json\/wp\/v2\/pages\/86338","targetHints":{"allow":["GET"]}}],"collection":[{"href":"https:\/\/www.humanlevel.com\/pt\/wp-json\/wp\/v2\/pages"}],"about":[{"href":"https:\/\/www.humanlevel.com\/pt\/wp-json\/wp\/v2\/types\/page"}],"author":[{"embeddable":true,"href":"https:\/\/www.humanlevel.com\/pt\/wp-json\/wp\/v2\/users\/50"}],"replies":[{"embeddable":true,"href":"https:\/\/www.humanlevel.com\/pt\/wp-json\/wp\/v2\/comments?post=86338"}],"version-history":[{"count":3,"href":"https:\/\/www.humanlevel.com\/pt\/wp-json\/wp\/v2\/pages\/86338\/revisions"}],"predecessor-version":[{"id":86362,"href":"https:\/\/www.humanlevel.com\/pt\/wp-json\/wp\/v2\/pages\/86338\/revisions\/86362"}],"wp:featuredmedia":[{"embeddable":true,"href":"https:\/\/www.humanlevel.com\/pt\/wp-json\/wp\/v2\/media\/89503"}],"wp:attachment":[{"href":"https:\/\/www.humanlevel.com\/pt\/wp-json\/wp\/v2\/media?parent=86338"}],"curies":[{"name":"wp","href":"https:\/\/api.w.org\/{rel}","templated":true}]}}