{"id":79937,"date":"2025-07-25T12:38:30","date_gmt":"2025-07-25T10:38:30","guid":{"rendered":"https:\/\/www.humanlevel.com\/setores\/salud"},"modified":"2026-01-26T09:23:32","modified_gmt":"2026-01-26T08:23:32","slug":"saude","status":"publish","type":"page","link":"https:\/\/www.humanlevel.com\/pt\/setores\/saude","title":{"rendered":"SEO para a sa\u00fade"},"content":{"rendered":"<p><div class=\"row vc_custom_1676554029519\" style=\"background-color: #f9f9fb !important;\" ><div class=\"col section_clientes\"><div class=\"container\"><div class=\"row mb-4\"><div class=\"col section_clientes_f1\"><div class=\"mb-4\"><\/p>\n<div class=\"estilo_contenido_5\">Eles j\u00e1 confiaram em n\u00f3s<\/div>\n<p><\/div><\/div><\/div><div class=\"row mb-4\"><div class=\"col-md-2 col-sm-4 section_clientes_f2_col1 col-6 col-sm-6 col-md-6 col-lg-4 col-xl-2\"><img loading=\"lazy\" decoding=\"async\" width=\"361\" height=\"112\" src=\"https:\/\/www.humanlevel.com\/wp-content\/uploads\/clinica-edo-1.jpg\" class=\"img-fluid\" alt=\"Cl\u00ednica dental Edo\" sizes=\"auto, (max-width: 34.9rem) calc(100vw - 2rem), (max-width: 53rem) calc(8 * (100vw \/ 12)), (min-width: 53rem) calc(6 * (100vw \/ 12)), 100vw\" \/><\/div><div class=\"col-md-2 col-sm-4 section_clientes_f2_col2 col-6 col-sm-6 col-md-6 col-lg-4 col-xl-2\"><img loading=\"lazy\" decoding=\"async\" width=\"325\" height=\"112\" src=\"https:\/\/www.humanlevel.com\/wp-content\/uploads\/exakt.png\" class=\"img-fluid\" alt=\"Exakt Health\" sizes=\"auto, (max-width: 34.9rem) calc(100vw - 2rem), (max-width: 53rem) calc(8 * (100vw \/ 12)), (min-width: 53rem) calc(6 * (100vw \/ 12)), 100vw\" \/><\/div><div class=\"col-md-2 col-sm-4 section_clientes_f2_col3 col-6 col-sm-6 col-md-6 col-lg-4 col-xl-2\"><img loading=\"lazy\" decoding=\"async\" width=\"324\" height=\"112\" src=\"https:\/\/www.humanlevel.com\/wp-content\/uploads\/saludonnet.png\" class=\"img-fluid\" alt=\"Salud On Net\" sizes=\"auto, (max-width: 34.9rem) calc(100vw - 2rem), (max-width: 53rem) calc(8 * (100vw \/ 12)), (min-width: 53rem) calc(6 * (100vw \/ 12)), 100vw\" \/><\/div><div class=\"col-md-2 col-sm-4 section_clientes_f2_col4 col-6 col-sm-6 col-md-6 col-lg-4 col-xl-2\"><img loading=\"lazy\" decoding=\"async\" width=\"362\" height=\"112\" src=\"https:\/\/www.humanlevel.com\/wp-content\/uploads\/manuel-escudero.png\" class=\"img-fluid\" alt=\"Logo de Centro Manuel Escudero\" sizes=\"auto, (max-width: 34.9rem) calc(100vw - 2rem), (max-width: 53rem) calc(8 * (100vw \/ 12)), (min-width: 53rem) calc(6 * (100vw \/ 12)), 100vw\" \/><\/div><div class=\"col-md-2 col-sm-4 section_clientes_f2_col5 col-6 col-sm-6 col-md-6 col-lg-4 col-xl-2\"><img loading=\"lazy\" decoding=\"async\" width=\"361\" height=\"112\" src=\"https:\/\/www.humanlevel.com\/wp-content\/uploads\/clinica-planas.jpg\" class=\"img-fluid\" alt=\"Logo de Cl\u00ednica Planas\" sizes=\"auto, (max-width: 34.9rem) calc(100vw - 2rem), (max-width: 53rem) calc(8 * (100vw \/ 12)), (min-width: 53rem) calc(6 * (100vw \/ 12)), 100vw\" \/><\/div><div class=\"col-md-2 col-sm-4 section_clientes_f2_col6 col-6 col-sm-6 col-md-6 col-lg-4 col-xl-2\"><img loading=\"lazy\" decoding=\"async\" width=\"312\" height=\"72\" src=\"https:\/\/www.humanlevel.com\/wp-content\/uploads\/proclinic-logo.jpg\" class=\"img-fluid\" alt=\"Proclinic\" sizes=\"auto, (max-width: 34.9rem) calc(100vw - 2rem), (max-width: 53rem) calc(8 * (100vw \/ 12)), (min-width: 53rem) calc(6 * (100vw \/ 12)), 100vw\" \/><\/div><\/div><\/div><\/div><\/div><div class=\"row\"><div class=\"col section1\"><div class=\"container\"><div class=\"row mb-4\"><div class=\"col section1_col1 col-12\"><div class=\"mb-4\"><\/p>\n<div class=\"section1_p1 estilo_titulo_seccion\">\n<h2><span class=\"notion-enable-hover\" data-token-index=\"0\">SEO especializado para o sector da sa\u00fade<\/span><\/h2>\n<\/div>\n<div class=\"section1_p2 estilo_contenido_5\">\n<p>No sector da sa\u00fade, os doentes come\u00e7am frequentemente a sua pesquisa online. Quer estejam \u00e0 procura de uma cl\u00ednica perto de si, de um especialista de confian\u00e7a ou de informa\u00e7\u00f5es m\u00e9dicas, a decis\u00e3o come\u00e7a nos motores de pesquisa. Somos especializados em fazer com que a sua cl\u00ednica ou consult\u00f3rio apare\u00e7a quando os pacientes est\u00e3o \u00e0 sua procura. Otimizamos a sua p\u00e1gina Web para atrair tr\u00e1fego qualificado, aumentar os pedidos de marca\u00e7\u00e3o e criar confian\u00e7a digital onde \u00e9 importante.<\/p>\n<\/div>\n<p><\/div><\/div><\/div><\/div><\/div><\/div><div class=\"row vc_custom_1675958803271\" style=\"background-color: #f9f9fb !important;\" ><div class=\"col section2\"><div class=\"container\"><div class=\"row mb-4\"><div class=\"col-md-6 section2_col1 col-12 col-md-12 col-lg-6\"><div class=\"mb-4\"><\/p>\n<div class=\"section2_col1_p1 estilo_contenido_4\">Porqu\u00ea investir em SEO?<\/div>\n<div class=\"section2_col1_p2 estilo_titulo_seccion\">\n<h2><span class=\"notion-enable-hover\" data-token-index=\"0\">Estabelece contacto com os pacientes quando estes procuram cuidados m\u00e9dicos<\/span><\/h2>\n<\/div>\n<p><\/div><\/div><div class=\"col-md-6 section2_col2 col-12 col-md-12 col-lg-6 estilo_contenido_2\"><div class=\"mb-4\"><\/p>\n<div class=\"section2_lista\">\n<ul>\n<li>Recomenda\u00e7\u00f5es de SEO adaptadas ao sector da sa\u00fade<\/li>\n<li>Confian\u00e7a e reputa\u00e7\u00e3o digitais (EEAT)<\/li>\n<li>Estrat\u00e9gias para cl\u00ednicas e profissionais de sa\u00fade<\/li>\n<li>Adapta\u00e7\u00e3o a algoritmos sem\u00e2nticos e LLMs<\/li>\n<\/ul>\n<\/div>\n<p><\/div><div class=\"mb-4\"><\/p>\n<div id=\"empezar\"><a class=\"btn btn-hlc\" href=\"#anchor-formulario\">COME\u00c7A AGORA<\/a><\/div>\n<p><\/div><\/div><\/div><\/div><\/div><\/div><div class=\"row\"><div class=\"col section3\"><div class=\"container\"><div class=\"row mb-4\"><div class=\"col section3_f1\"><div class=\"mb-4\"><\/p>\n<div class=\"section3_f1_p1 estilo_contenido_4\">O que \u00e9 a SEO para o sector da sa\u00fade?<\/div>\n<div class=\"section3_f1_p2 estilo_titulo_seccion\">\n<h2>O que inclui o nosso servi\u00e7o<\/h2>\n<\/div>\n<p><\/div><\/div><\/div><div class=\"row mb-4\"><div class=\"col-md-2 col-sm-4 section3_f2_col1 col-12 col-sm-12 col-md-6 col-lg-6 col-xl-4\"><div class=\"mb-4\"><\/p>\n<div class=\"icon_proceso\"><img loading=\"lazy\" decoding=\"async\" src=\"\/wp-content\/themes\/humanlevel\/img\/icon-1.svg\" width=\"24\" height=\"24\" \/><\/div>\n<div class=\"p1 estilo_contenido_2\">\n<h3>Auditoria SEO especializada<\/h3>\n<\/div>\n<div class=\"p2 estilo_contenido_1\">Analisamos todos os aspectos t\u00e9cnicos da tua p\u00e1gina Web, como o rastreio, a indexa\u00e7\u00e3o, a velocidade de carregamento, o desempenho ou o branding, para melhorar a capacidade de localiza\u00e7\u00e3o da tua marca.<\/div>\n<p><\/div><\/div><div class=\"col-md-2 col-sm-4 section3_f2_col2 col-12 col-sm-12 col-md-6 col-lg-6 col-xl-4\"><div class=\"mb-4\"><\/p>\n<div class=\"icon_proceso\"><img loading=\"lazy\" decoding=\"async\" src=\"\/wp-content\/themes\/humanlevel\/img\/icons\/edit-3-red.svg\" width=\"24\" height=\"24\" \/><\/div>\n<div class=\"p1 estilo_contenido_2\">\n<h3>Estrat\u00e9gia de conte\u00fados baseada na EEAT<\/h3>\n<\/div>\n<div class=\"p2 estilo_contenido_1\">Fazemos uma pesquisa de termos por especialidade, patologia, localiza\u00e7\u00e3o geogr\u00e1fica e propomos uma estrat\u00e9gia de conte\u00fados baseada no aumento da reputa\u00e7\u00e3o e da autoridade online.<\/div>\n<p><\/div><\/div><div class=\"col-md-2 col-sm-4 section3_f2_col3 col-12 col-sm-12 col-md-6 col-lg-6 col-xl-4\"><div class=\"mb-4\"><\/p>\n<div class=\"icon_proceso\"><img loading=\"lazy\" decoding=\"async\" src=\"\/wp-content\/themes\/humanlevel\/img\/icons\/git-pull-request-red.svg\" width=\"24\" height=\"24\" \/><\/div>\n<div class=\"p1 estilo_contenido_2\">\n<h3>An\u00e1lise da arquitetura<\/h3>\n<\/div>\n<div class=\"p2 estilo_contenido_1\">Estudamos a arquitetura e as liga\u00e7\u00f5es internas e propomos optimiza\u00e7\u00f5es baseadas em agrupamentos tem\u00e1ticos e padr\u00f5es de pesquisa.<\/div>\n<p><\/div><\/div><div class=\"col-md-2 col-sm-4 section3_f3_col1 col-12 col-sm-12 col-md-6 col-lg-6 col-xl-4\"><div class=\"mb-4\"><\/p>\n<div class=\"icon_proceso\"><img loading=\"lazy\" decoding=\"async\" src=\"\/wp-content\/themes\/humanlevel\/img\/icon-5.svg\" width=\"24\" height=\"24\" \/><\/div>\n<div class=\"p1 estilo_contenido_2\">\n<h3>Relev\u00e2ncia orientada para os motores de pesquisa e para os LLM<\/h3>\n<\/div>\n<div class=\"p2 estilo_contenido_1\">Otimizamos todos os detalhes on-page de cada modelo do teu site para melhorar a sua relev\u00e2ncia e facilitar a indexa\u00e7\u00e3o do teu conte\u00fado pelos motores de pesquisa e LLMs.<\/div>\n<p><\/div><\/div><div class=\"col-md-2 col-sm-4 section3_f3_col2 col-12 col-sm-12 col-md-6 col-lg-6 col-xl-4\"><div class=\"mb-4\"><\/p>\n<div class=\"icon_proceso\"><img loading=\"lazy\" decoding=\"async\" src=\"\/wp-content\/themes\/humanlevel\/img\/icons\/trending-up-red.svg\" width=\"24\" height=\"24\" \/><\/div>\n<div class=\"p1 estilo_contenido_2\">\n<h3><span class=\"notion-enable-hover\" data-token-index=\"0\">Relat\u00f3rios mensais com KPIs relevantes<\/span><\/h3>\n<\/div>\n<div class=\"p2 estilo_contenido_1\">Acompanhamos os principais KPIs da empresa, relat\u00f3rios detalhados, recomenda\u00e7\u00f5es e defini\u00e7\u00e3o de prioridades para as tarefas mensais.<\/div>\n<p><\/div><\/div><div class=\"col-md-2 col-sm-4 section3_f3_col3 col-12 col-sm-12 col-md-6 col-lg-6 col-xl-4\"><\/div><\/div><\/div><\/div><\/div><div class=\"row\"><div class=\"col section5\"><div class=\"container\"><div class=\"row mb-4\"><div class=\"col-md-6 section5_col1 col-12 col-sm-12 col-md-12 col-lg-6\"><div class=\"mb-4\"><\/p>\n<div class=\"p1 estilo_contenido_4\">O nosso processo<\/div>\n<div class=\"p2 estilo_titulo_seccion\">\n<h2><span class=\"notion-enable-hover\" data-token-index=\"0\">Como trabalhamos SEO para o sector da sa\u00fade<\/span><\/h2>\n<\/div>\n<div class=\"p3 estilo_contenido_5\"><span class=\"notion-enable-hover\" data-token-index=\"0\">Trabalharemos em conjunto com uma comunica\u00e7\u00e3o fluida, transparente e pr\u00f3xima.<\/span><\/div>\n<p><\/div><\/div><div class=\"col-md-6 section5_col2 col-12 col-sm-12 col-md-12 col-lg-6\"><div class=\"mb-4\"><\/p>\n<div class=\"section5_lista\">\n<ol id=\"lista_proceso\">\n<li>\n<div class=\"p1 estilo_contenido_2\">\n<h3>Auditoria inicial<\/h3>\n<\/div>\n<div class=\"p2 estilo_contenido_1\">Analisamos a visibilidade, a estrutura da Web, o conte\u00fado e a autoridade para definir prioridades.<\/div>\n<\/li>\n<li>\n<div class=\"p1 estilo_contenido_2\">\n<h3>Estrat\u00e9gia personalizada<\/h3>\n<\/div>\n<div class=\"p2 estilo_contenido_1\">Definimos um plano de SEO com o objetivo de atrair pacientes e melhorar a presen\u00e7a nos motores de pesquisa.<\/div>\n<\/li>\n<li>\n<div class=\"p1 estilo_contenido_2\">\n<h3>Implementa\u00e7\u00e3o coordenada<\/h3>\n<\/div>\n<div class=\"p2 estilo_contenido_1\">Acompanhamos a implementa\u00e7\u00e3o de melhorias em conjunto com equipas internas ou fornecedores externos.<\/div>\n<\/li>\n<li>\n<div class=\"p1 estilo_contenido_2\">\n<h3>Monitoriza\u00e7\u00e3o cont\u00ednua<\/h3>\n<\/div>\n<div class=\"p2 estilo_contenido_1\">Medimos o impacto das ac\u00e7\u00f5es e adaptamos a estrat\u00e9gia de acordo com a evolu\u00e7\u00e3o do sector.<\/div>\n<\/li>\n<\/ol>\n<\/div>\n<p><\/div><\/div><\/div><\/div><\/div><\/div><div class=\"row\"><div class=\"col section_faqs\"><div class=\"container\"><div class=\"row mb-4\"><div class=\"col section_faqs_col1 col-12 col-lg-6\"><div class=\"mb-4\"><\/p>\n<div class=\"estilo_titulo_seccion p1\">\n<h2>Perguntas mais frequentes<\/h2>\n<\/div>\n<div class=\"estilo_contenido_5 p2\">Tens uma pergunta que n\u00e3o respondemos? N\u00e3o hesites em contactar-nos.<\/div>\n<div id=\"contactar\"><a class=\"btn btn-hlc\" href=\"#anchor-formulario\">CONTACTO<\/a><\/div>\n<p><\/div><\/div><\/div><div class=\"accordion mb-4\" id=\"accordion1\"> <div class=\"card mt-3\">\r\n <h3 class=\"card-header\" data-toggle=\"collapse\" data-target=\"#t1677151007435-c195419e-b77660fe-353942c0-670f\">\r\n Que tipo de conte\u00fado posso publicar se for m\u00e9dico ou tiver uma cl\u00ednica? <button class=\"arrow\"><\/button>\r\n <\/h3>\r\n <div id=\"t1677151007435-c195419e-b77660fe-353942c0-670f\" class=\"collapse show\" data-parent=\"#accordion1\">\r\n <div class=\"card-body\"><p><\/p>\r\n <div class=\"mb-4\"><\/p>\n<div class=\"estilo_contenido_1\">Desde artigos informativos, servi\u00e7os e especialidades a perguntas frequentes, casos cl\u00ednicos (an\u00f3nimos) e testemunhos.<\/div>\n<p><\/div>\r\n <\/div>\r\n <\/div> \r\n <\/div> <div class=\"card\">\r\n <h3 class=\"card-header collapsed\" data-toggle=\"collapse\" data-target=\"#t1677151007493-c90f1a18-d2f060fe-353942c0-670f\">\r\n Qual \u00e9 a diferen\u00e7a entre um SEO geral e um SEO para a sa\u00fade? <button class=\"arrow\"><\/button>\r\n <\/h3>\r\n <div id=\"t1677151007493-c90f1a18-d2f060fe-353942c0-670f\" class=\"collapse\" data-parent=\"#accordion1\">\r\n <div class=\"card-body\"><p><\/p>\r\n <div class=\"mb-4\"><\/p>\n<div class=\"estilo_contenido_1\">O SEO para os cuidados de sa\u00fade requer um conhecimento espec\u00edfico dos regulamentos, da sensibilidade do conte\u00fado, da sem\u00e2ntica m\u00e9dica e da experi\u00eancia do doente.<\/div>\n<p><\/div>\r\n <\/div>\r\n <\/div> \r\n <\/div> <div class=\"card\">\r\n <h3 class=\"card-header collapsed\" data-toggle=\"collapse\" data-target=\"#t1677601713656-114beb83-e81a60fe-353942c0-670f\">\r\n Como \u00e9 que o SEO ajuda a obter mais pacientes? <button class=\"arrow\"><\/button>\r\n <\/h3>\r\n <div id=\"t1677601713656-114beb83-e81a60fe-353942c0-670f\" class=\"collapse\" data-parent=\"#accordion1\">\r\n <div class=\"card-body\"><p><\/p>\r\n <div class=\"mb-4\"><\/p>\n<div class=\"estilo_contenido_1\">Aumenta a visibilidade nas pesquisas relevantes, cria confian\u00e7a e facilita o contacto a partir da p\u00e1gina Web ou da listagem local.<\/div>\n<p><\/div>\r\n <\/div>\r\n <\/div> \r\n <\/div><\/div><\/div><\/div><\/div><div class=\"row\"><div class=\"col \"><script type=\"application\/ld+json\">\n{\n  \"@context\": \"https:\/\/schema.org\/\",\n  \"@type\": \"Service\",\n  \"serviceType\": \"SEO para a sa\u00fade\",\n  \"provider\": {\n    \"@type\": \"Organization\",\n    \"@id\":\"https:\\\/\\\/www.humanlevel.com\\\/#organization\"\n  },\n  \"areaServed\": {\n    \"@type\": \"Continent\",\n    \"name\": \"Europe\"\n  }\n}\n<\/script>\n<script type=\"application\/ld+json\">\n{\n\t\"@context\":\"http:\\\/\\\/schema.org\",\n\t\"@type\":\"Organization\",\n    \"@id\":\"https:\\\/\\\/www.humanlevel.com\\\/#organization\",\n    \"name\":\"Human Level\",\n    \"address\": {\n  \t\"@type\": \"PostalAddress\",\n  \t\"streetAddress\": \"Calle Arcadi Blasco, 20\",\n  \t\"addressLocality\": \"Sant Joan d'Alacant\",\n  \t\"addressRegion\": \"Alicante\",\n  \t\"postalCode\": \"03550\",\n  \t\"addressCountry\": \"ES\"\n    },\n  \t\"email\": \"info@humanlevel.com\",\n    \"telephone\": \"+34966141907\",\n    \"url\":\"https:\\\/\\\/www.humanlevel.com\\\/\",\n    \"logo\":\n    {\n    \t\"@type\":\"ImageObject\",\n    \t\"url\":\"https:\\\/\\\/www.humanlevel.com\\\/wp-content\\\/uploads\\\/logo-humanlevel-web.png\",\n        \"width\":305,\n        \"height\":74,\n        \"@id\":\"https:\\\/\\\/www.humanlevel.com\\\/#logo\"\n    },\n  \"image\":\n  {\n    \"@type\":\"ImageObject\",\n  \t\"@id\":\"https:\\\/\\\/www.humanlevel.com\\\/#logo\"\n  }\n}\n<\/script><\/div><\/div><\/p>\n","protected":false},"excerpt":{"rendered":"","protected":false},"author":36,"featured_media":79684,"parent":71845,"menu_order":0,"comment_status":"closed","ping_status":"closed","template":"HL_servicios_secciones.php","meta":{"footnotes":""},"class_list":["post-79937","page","type-page","status-publish","has-post-thumbnail","hentry","entry"],"yoast_head":"\n<title>Ag\u00eancia de SEO especialista em sa\u00fade | Human Level<\/title>\n<meta name=\"description\" content=\"Especialistas em posicionamento SEO de cl\u00ednicas, hospitais e empresas de sa\u00fade. Mais de 20 anos a impulsionar a visibilidade da sa\u00fade online.\" \/>\n<meta name=\"robots\" content=\"index, follow, max-snippet:-1, max-image-preview:large, max-video-preview:-1\" \/>\n<link rel=\"canonical\" href=\"https:\/\/www.humanlevel.com\/pt\/setores\/saude\" \/>\n<meta property=\"og:locale\" content=\"pt_PT\" \/>\n<meta property=\"og:type\" content=\"article\" \/>\n<meta property=\"og:title\" content=\"Ag\u00eancia de SEO especialista em sa\u00fade | Human Level\" \/>\n<meta property=\"og:description\" content=\"Especialistas em posicionamento SEO de cl\u00ednicas, hospitais e empresas de sa\u00fade. Mais de 20 anos a impulsionar a visibilidade da sa\u00fade online.\" \/>\n<meta property=\"og:url\" content=\"https:\/\/www.humanlevel.com\/pt\/setores\/saude\" \/>\n<meta property=\"og:site_name\" content=\"Human Level\" \/>\n<meta property=\"og:image\" content=\"https:\/\/www.humanlevel.com\/wp-content\/uploads\/salud-desktop.jpg\" \/>\n\t<meta property=\"og:image:width\" content=\"1440\" \/>\n\t<meta property=\"og:image:height\" content=\"489\" \/>\n\t<meta property=\"og:image:type\" content=\"image\/jpeg\" \/>\n<meta name=\"twitter:card\" content=\"summary_large_image\" \/>\n<meta name=\"twitter:site\" content=\"@humanlevel\" \/>\n<meta name=\"twitter:label1\" content=\"Tempo estimado de leitura\" \/>\n\t<meta name=\"twitter:data1\" content=\"5 minutos\" \/>\n<script type=\"application\/ld+json\" class=\"yoast-schema-graph\">{\"@context\":\"https:\/\/schema.org\",\"@graph\":[{\"@type\":\"WebPage\",\"@id\":\"https:\/\/www.humanlevel.com\/pt\/setores\/saude\",\"url\":\"https:\/\/www.humanlevel.com\/pt\/setores\/saude\",\"name\":\"Ag\u00eancia de SEO especialista em sa\u00fade | Human Level\",\"isPartOf\":{\"@id\":\"https:\/\/www.humanlevel.com\/pt#website\"},\"primaryImageOfPage\":{\"@id\":\"https:\/\/www.humanlevel.com\/pt\/setores\/saude#primaryimage\"},\"image\":{\"@id\":\"https:\/\/www.humanlevel.com\/pt\/setores\/saude#primaryimage\"},\"thumbnailUrl\":\"https:\/\/www.humanlevel.com\/wp-content\/uploads\/salud-desktop.jpg\",\"datePublished\":\"2025-07-25T10:38:30+00:00\",\"dateModified\":\"2026-01-26T08:23:32+00:00\",\"description\":\"Especialistas em posicionamento SEO de cl\u00ednicas, hospitais e empresas de sa\u00fade. Mais de 20 anos a impulsionar a visibilidade da sa\u00fade online.\",\"breadcrumb\":{\"@id\":\"https:\/\/www.humanlevel.com\/pt\/setores\/saude#breadcrumb\"},\"inLanguage\":\"pt-PT\",\"potentialAction\":[{\"@type\":\"ReadAction\",\"target\":[\"https:\/\/www.humanlevel.com\/pt\/setores\/saude\"]}]},{\"@type\":\"ImageObject\",\"inLanguage\":\"pt-PT\",\"@id\":\"https:\/\/www.humanlevel.com\/pt\/setores\/saude#primaryimage\",\"url\":\"https:\/\/www.humanlevel.com\/wp-content\/uploads\/salud-desktop.jpg\",\"contentUrl\":\"https:\/\/www.humanlevel.com\/wp-content\/uploads\/salud-desktop.jpg\",\"width\":1440,\"height\":489,\"caption\":\"Posicionamento para o setor da sa\u00fade\"},{\"@type\":\"BreadcrumbList\",\"@id\":\"https:\/\/www.humanlevel.com\/pt\/setores\/saude#breadcrumb\",\"itemListElement\":[{\"@type\":\"ListItem\",\"position\":1,\"name\":\"Portada\",\"item\":\"https:\/\/www.humanlevel.com\/pt\"},{\"@type\":\"ListItem\",\"position\":2,\"name\":\"Setores\",\"item\":\"https:\/\/www.humanlevel.com\/pt\/setores\"},{\"@type\":\"ListItem\",\"position\":3,\"name\":\"SEO para a sa\u00fade\"}]},{\"@type\":\"WebSite\",\"@id\":\"https:\/\/www.humanlevel.com\/pt#website\",\"url\":\"https:\/\/www.humanlevel.com\/pt\",\"name\":\"Human Level\",\"description\":\"Agencia SEO para grandes marcas nacionales e internacionales.\",\"publisher\":{\"@id\":\"https:\/\/www.humanlevel.com\/pt#organization\"},\"potentialAction\":[{\"@type\":\"SearchAction\",\"target\":{\"@type\":\"EntryPoint\",\"urlTemplate\":\"https:\/\/www.humanlevel.com\/pt?s={search_term_string}\"},\"query-input\":{\"@type\":\"PropertyValueSpecification\",\"valueRequired\":true,\"valueName\":\"search_term_string\"}}],\"inLanguage\":\"pt-PT\"},{\"@type\":\"Organization\",\"@id\":\"https:\/\/www.humanlevel.com\/pt#organization\",\"name\":\"Human Level\",\"url\":\"https:\/\/www.humanlevel.com\/pt\",\"logo\":{\"@type\":\"ImageObject\",\"inLanguage\":\"pt-PT\",\"@id\":\"https:\/\/www.humanlevel.com\/pt#\/schema\/logo\/image\/\",\"url\":\"https:\/\/www.humanlevel.com\/wp-content\/uploads\/logo-human-negro-1.jpg\",\"contentUrl\":\"https:\/\/www.humanlevel.com\/wp-content\/uploads\/logo-human-negro-1.jpg\",\"width\":268,\"height\":51,\"caption\":\"Human Level\"},\"image\":{\"@id\":\"https:\/\/www.humanlevel.com\/pt#\/schema\/logo\/image\/\"},\"sameAs\":[\"https:\/\/x.com\/humanlevel\"]}]}<\/script>\n","yoast_head_json":{"title":"Ag\u00eancia de SEO especialista em sa\u00fade | Human Level","description":"Especialistas em posicionamento SEO de cl\u00ednicas, hospitais e empresas de sa\u00fade. Mais de 20 anos a impulsionar a visibilidade da sa\u00fade online.","robots":{"index":"index","follow":"follow","max-snippet":"max-snippet:-1","max-image-preview":"max-image-preview:large","max-video-preview":"max-video-preview:-1"},"canonical":"https:\/\/www.humanlevel.com\/pt\/setores\/saude","og_locale":"pt_PT","og_type":"article","og_title":"Ag\u00eancia de SEO especialista em sa\u00fade | Human Level","og_description":"Especialistas em posicionamento SEO de cl\u00ednicas, hospitais e empresas de sa\u00fade. Mais de 20 anos a impulsionar a visibilidade da sa\u00fade online.","og_url":"https:\/\/www.humanlevel.com\/pt\/setores\/saude","og_site_name":"Human Level","og_image":[{"width":1440,"height":489,"url":"https:\/\/www.humanlevel.com\/wp-content\/uploads\/salud-desktop.jpg","type":"image\/jpeg"}],"twitter_card":"summary_large_image","twitter_site":"@humanlevel","twitter_misc":{"Tempo estimado de leitura":"5 minutos"},"schema":{"@context":"https:\/\/schema.org","@graph":[{"@type":"WebPage","@id":"https:\/\/www.humanlevel.com\/pt\/setores\/saude","url":"https:\/\/www.humanlevel.com\/pt\/setores\/saude","name":"Ag\u00eancia de SEO especialista em sa\u00fade | Human Level","isPartOf":{"@id":"https:\/\/www.humanlevel.com\/pt#website"},"primaryImageOfPage":{"@id":"https:\/\/www.humanlevel.com\/pt\/setores\/saude#primaryimage"},"image":{"@id":"https:\/\/www.humanlevel.com\/pt\/setores\/saude#primaryimage"},"thumbnailUrl":"https:\/\/www.humanlevel.com\/wp-content\/uploads\/salud-desktop.jpg","datePublished":"2025-07-25T10:38:30+00:00","dateModified":"2026-01-26T08:23:32+00:00","description":"Especialistas em posicionamento SEO de cl\u00ednicas, hospitais e empresas de sa\u00fade. Mais de 20 anos a impulsionar a visibilidade da sa\u00fade online.","breadcrumb":{"@id":"https:\/\/www.humanlevel.com\/pt\/setores\/saude#breadcrumb"},"inLanguage":"pt-PT","potentialAction":[{"@type":"ReadAction","target":["https:\/\/www.humanlevel.com\/pt\/setores\/saude"]}]},{"@type":"ImageObject","inLanguage":"pt-PT","@id":"https:\/\/www.humanlevel.com\/pt\/setores\/saude#primaryimage","url":"https:\/\/www.humanlevel.com\/wp-content\/uploads\/salud-desktop.jpg","contentUrl":"https:\/\/www.humanlevel.com\/wp-content\/uploads\/salud-desktop.jpg","width":1440,"height":489,"caption":"Posicionamento para o setor da sa\u00fade"},{"@type":"BreadcrumbList","@id":"https:\/\/www.humanlevel.com\/pt\/setores\/saude#breadcrumb","itemListElement":[{"@type":"ListItem","position":1,"name":"Portada","item":"https:\/\/www.humanlevel.com\/pt"},{"@type":"ListItem","position":2,"name":"Setores","item":"https:\/\/www.humanlevel.com\/pt\/setores"},{"@type":"ListItem","position":3,"name":"SEO para a sa\u00fade"}]},{"@type":"WebSite","@id":"https:\/\/www.humanlevel.com\/pt#website","url":"https:\/\/www.humanlevel.com\/pt","name":"Human Level","description":"Agencia SEO para grandes marcas nacionales e internacionales.","publisher":{"@id":"https:\/\/www.humanlevel.com\/pt#organization"},"potentialAction":[{"@type":"SearchAction","target":{"@type":"EntryPoint","urlTemplate":"https:\/\/www.humanlevel.com\/pt?s={search_term_string}"},"query-input":{"@type":"PropertyValueSpecification","valueRequired":true,"valueName":"search_term_string"}}],"inLanguage":"pt-PT"},{"@type":"Organization","@id":"https:\/\/www.humanlevel.com\/pt#organization","name":"Human Level","url":"https:\/\/www.humanlevel.com\/pt","logo":{"@type":"ImageObject","inLanguage":"pt-PT","@id":"https:\/\/www.humanlevel.com\/pt#\/schema\/logo\/image\/","url":"https:\/\/www.humanlevel.com\/wp-content\/uploads\/logo-human-negro-1.jpg","contentUrl":"https:\/\/www.humanlevel.com\/wp-content\/uploads\/logo-human-negro-1.jpg","width":268,"height":51,"caption":"Human Level"},"image":{"@id":"https:\/\/www.humanlevel.com\/pt#\/schema\/logo\/image\/"},"sameAs":["https:\/\/x.com\/humanlevel"]}]}},"_links":{"self":[{"href":"https:\/\/www.humanlevel.com\/pt\/wp-json\/wp\/v2\/pages\/79937","targetHints":{"allow":["GET"]}}],"collection":[{"href":"https:\/\/www.humanlevel.com\/pt\/wp-json\/wp\/v2\/pages"}],"about":[{"href":"https:\/\/www.humanlevel.com\/pt\/wp-json\/wp\/v2\/types\/page"}],"author":[{"embeddable":true,"href":"https:\/\/www.humanlevel.com\/pt\/wp-json\/wp\/v2\/users\/36"}],"replies":[{"embeddable":true,"href":"https:\/\/www.humanlevel.com\/pt\/wp-json\/wp\/v2\/comments?post=79937"}],"version-history":[{"count":5,"href":"https:\/\/www.humanlevel.com\/pt\/wp-json\/wp\/v2\/pages\/79937\/revisions"}],"predecessor-version":[{"id":80951,"href":"https:\/\/www.humanlevel.com\/pt\/wp-json\/wp\/v2\/pages\/79937\/revisions\/80951"}],"up":[{"embeddable":true,"href":"https:\/\/www.humanlevel.com\/pt\/wp-json\/wp\/v2\/pages\/71845"}],"wp:featuredmedia":[{"embeddable":true,"href":"https:\/\/www.humanlevel.com\/pt\/wp-json\/wp\/v2\/media\/79684"}],"wp:attachment":[{"href":"https:\/\/www.humanlevel.com\/pt\/wp-json\/wp\/v2\/media?parent=79937"}],"curies":[{"name":"wp","href":"https:\/\/api.w.org\/{rel}","templated":true}]}}