{"id":78311,"date":"2021-11-30T12:07:59","date_gmt":"2021-11-30T11:07:59","guid":{"rendered":"https:\/\/www.humanlevel.com\/sobre-nos"},"modified":"2026-05-06T16:54:59","modified_gmt":"2026-05-06T14:54:59","slug":"sobre-nos","status":"publish","type":"page","link":"https:\/\/www.humanlevel.com\/pt\/sobre-nos","title":{"rendered":"Sobre n\u00f3s"},"content":{"rendered":"\n<section class=\"section-spacing\">\n<h2 class=\"gb-text\">Porqu\u00ea \u201cHuman Level\u201d?<\/h2>\n\n\n\n<p class=\"gb-text tp-subtitle\">Com mais de duas d\u00e9cadas de experi\u00eancia, a Human Level tem liderado projetos de SEO para grandes empresas e institui\u00e7\u00f5es de diversos setores. Isto permitiu-nos adquirir um conhecimento profundo sobre diferentes ind\u00fastrias, modelos de neg\u00f3cio e plataformas tecnol\u00f3gicas o que, aliado \u00e0 nossa experi\u00eancia t\u00e9cnica, torna-nos um parceiro flex\u00edvel e adapt\u00e1vel na conce\u00e7\u00e3o de estrat\u00e9gias que maximizam a visibilidade online e o retorno do investimento dos nossos clientes, seja qual for o cen\u00e1rio competitivo.<\/p>\n<\/section>\n\n\n\n<div>\n<div class=\"rounded-lg gb-element-f80497bc\">\n<figure class=\"wp-block-embed aligncenter is-type-video is-provider-youtube wp-block-embed-youtube wp-embed-aspect-16-9 wp-has-aspect-ratio\"><div class=\"wp-block-embed__wrapper\">\n<iframe loading=\"lazy\" title=\"Resumen de nuestro \u00faltimo encuentro | Human Level\" width=\"1200\" height=\"675\" src=\"https:\/\/www.youtube.com\/embed\/x2f1Cch47gc?feature=oembed\" frameborder=\"0\" allow=\"accelerometer; autoplay; clipboard-write; encrypted-media; gyroscope; picture-in-picture; web-share\" referrerpolicy=\"strict-origin-when-cross-origin\" allowfullscreen><\/iframe>\n<\/div><\/figure>\n<\/div>\n\n\n\n<div class=\"gb-element-bc713076\">\n<a class=\"btn-arrow\" href=\"https:\/\/www.humanlevel.com\/pt\/sobre-nos\/equipa\">\n<span class=\"gb-text\">Conhe\u00e7a a equipa<\/span>\n\n\n\n<span class=\"gb-shape gb-shape-a09040ff\" aria-hidden=\"true\"><svg fill=\"none\" viewBox=\"0 0 20 20\" height=\"20\" width=\"20\" xmlns=\"http:\/\/www.w3.org\/2000\/svg\">\n  <g transform=\"translate(0, 4)\">\n    <path fill=\"transparent\" stroke-linejoin=\"round\" stroke-linecap=\"round\" d=\"M16.758 5.62H4.475\" stroke-miterlimit=\"10\" stroke-width=\"1.4\" stroke=\"currentColor\"><\/path>\n    <path fill=\"transparent\" stroke-linejoin=\"round\" stroke-linecap=\"round\" d=\"m12.337.683 5.311 4.937-5.311 4.936\" stroke-width=\"1.4\" stroke=\"currentColor\"><\/path>\n  <\/g>\n<\/svg><\/span>\n<\/a>\n<\/div>\n<\/div>\n\n\n\n<section class=\"section-spacing\">\n<p class=\"gb-text tp-abovetitle\">A nossa hist\u00f3ria<\/p>\n\n\n\n<h2 class=\"gb-text\">Desde 2001 at\u00e9 hoje<\/h2>\n\n\n\n<div class=\"about-us-grid\">\n<div>\n<img loading=\"lazy\" width=\"1644\" height=\"699\" class=\"rounded-lg about-us-img\" alt=\"Fernando Maci\u00e1 no in\u00edcio da Human Level\" src=\"https:\/\/www.humanlevel.com\/wp-content\/uploads\/historia-2001-comienzo.jpg\" title=\"historia-2001-comienzo\" srcset=\"https:\/\/www.humanlevel.com\/wp-content\/uploads\/historia-2001-comienzo.jpg 1644w, https:\/\/www.humanlevel.com\/wp-content\/uploads\/historia-2001-comienzo-754x321.jpg 754w, https:\/\/www.humanlevel.com\/wp-content\/uploads\/historia-2001-comienzo-1200x510.jpg 1200w, https:\/\/www.humanlevel.com\/wp-content\/uploads\/historia-2001-comienzo-400x170.jpg 400w, https:\/\/www.humanlevel.com\/wp-content\/uploads\/historia-2001-comienzo-900x383.jpg 900w\" sizes=\"auto, (max-width: 1644px) 100vw, 1644px\" \/>\n\n\n\n<h3 class=\"gb-text about-us-title\">2001 \u2013 Come\u00e7a a odisseia espacial<\/h3>\n\n\n\n<p class=\"gb-text\">Ap\u00f3s dez anos de experi\u00eancia em marketing e comunica\u00e7\u00e3o, Fernando Maci\u00e1 criou a Human Level Communications no final de 2001: uma empresa de posicionamento e desenvolvimento web para responder \u00e0 crescente import\u00e2ncia da Internet como ferramenta de marketing.<\/p>\n<\/div>\n\n\n\n<div>\n<img loading=\"lazy\" width=\"1644\" height=\"699\" class=\"rounded-lg about-us-img\" alt=\"Fernando Maci\u00e1 numa entrevista televisiva\" title=\"historia-2005-pasos\" src=\"https:\/\/www.humanlevel.com\/wp-content\/uploads\/historia-2005-pasos.jpg\" srcset=\"https:\/\/www.humanlevel.com\/wp-content\/uploads\/historia-2005-pasos.jpg 1644w, https:\/\/www.humanlevel.com\/wp-content\/uploads\/historia-2005-pasos-754x321.jpg 754w, https:\/\/www.humanlevel.com\/wp-content\/uploads\/historia-2005-pasos-1200x510.jpg 1200w, https:\/\/www.humanlevel.com\/wp-content\/uploads\/historia-2005-pasos-400x170.jpg 400w, https:\/\/www.humanlevel.com\/wp-content\/uploads\/historia-2005-pasos-900x383.jpg 900w\" sizes=\"auto, (max-width: 1644px) 100vw, 1644px\" \/>\n\n\n\n<h3 class=\"gb-text about-us-title\">2005 \u2013 Primeiros grandes passos<\/h3>\n\n\n\n<p class=\"gb-text\">Em 2005, ganhamos os nossos primeiros grandes contratos com a Segittur, Microsoft e CANTV, o que levou ao r\u00e1pido crescimento da nossa equipa e \u00e0 ado\u00e7\u00e3o de personalidade jur\u00eddica sob a forma de sociedade an\u00f3nima. Em 2006 publicamos o nosso primeiro livro, posicionamento em motores de pesquisa, e um ano depois adquirimos as nossas instala\u00e7\u00f5es atuais em Alicante.<\/p>\n<\/div>\n\n\n\n<div>\n<img loading=\"lazy\" width=\"1644\" height=\"699\" class=\"rounded-lg about-us-img\" alt=\"Antigo escrit\u00f3rio da Human Level\" title=\"historia-2010-espana\" src=\"https:\/\/www.humanlevel.com\/wp-content\/uploads\/historia-2010-espana.jpg\" srcset=\"https:\/\/www.humanlevel.com\/wp-content\/uploads\/historia-2010-espana.jpg 1644w, https:\/\/www.humanlevel.com\/wp-content\/uploads\/historia-2010-espana-754x321.jpg 754w, https:\/\/www.humanlevel.com\/wp-content\/uploads\/historia-2010-espana-1200x510.jpg 1200w, https:\/\/www.humanlevel.com\/wp-content\/uploads\/historia-2010-espana-400x170.jpg 400w, https:\/\/www.humanlevel.com\/wp-content\/uploads\/historia-2010-espana-900x383.jpg 900w\" sizes=\"auto, (max-width: 1644px) 100vw, 1644px\" \/>\n\n\n\n<h3 class=\"gb-text about-us-title\">2010 \u2013 De Alicante para toda a Espanha<\/h3>\n\n\n\n<p class=\"gb-text\">A Human Level come\u00e7a a ser reconhecida como uma das consultoras mais experientes em SEO para meios de comunica\u00e7\u00e3o, grandes migra\u00e7\u00f5es de sites e lan\u00e7amentos internacionais. A nossa equipa de consultores cresce progressivamente. Terminamos esta d\u00e9cada com centenas de clientes satisfeitos, onze livros publicados e uma adapta\u00e7\u00e3o bem sucedida \u00e0 pandemia: \u201cconvertemo-nos\u201d ao trabalho remoto.<\/p>\n<\/div>\n\n\n\n<div>\n<img loading=\"lazy\" width=\"1644\" height=\"699\" class=\"rounded-lg about-us-img\" alt=\"Equipa da Human Level num dos nossos encontros\" title=\"historia-2026-creciendo\" src=\"https:\/\/www.humanlevel.com\/wp-content\/uploads\/historia-2026-creciendo.jpg\" srcset=\"https:\/\/www.humanlevel.com\/wp-content\/uploads\/historia-2026-creciendo.jpg 1644w, https:\/\/www.humanlevel.com\/wp-content\/uploads\/historia-2026-creciendo-754x321.jpg 754w, https:\/\/www.humanlevel.com\/wp-content\/uploads\/historia-2026-creciendo-1200x510.jpg 1200w, https:\/\/www.humanlevel.com\/wp-content\/uploads\/historia-2026-creciendo-400x170.jpg 400w, https:\/\/www.humanlevel.com\/wp-content\/uploads\/historia-2026-creciendo-900x383.jpg 900w\" sizes=\"auto, (max-width: 1644px) 100vw, 1644px\" \/>\n\n\n\n<h3 class=\"gb-text about-us-title\">Not\u00edcias \u2013 Cresce de dia para dia<\/h3>\n\n\n\n<p class=\"gb-text\">A nossa equipa \u00e9 composta por cerca de trinta consultores especializados em posicionamento, publicidade online, conte\u00fados e experi\u00eancia do utilizador, que trabalham em conjunto a partir de diferentes zonas de Espanha. Entre os nossos clientes encontram-se empresas e institui\u00e7\u00f5es como o Banco Santander, Iberia, PRISA, Repsol, Seguros Reale, Atida Pharma, P\u00fablico, CCMA\u2026<\/p>\n<\/div>\n<\/div>\n<\/section>\n\n\n\n<section class=\"section-spacing\">\n<p class=\"gb-text tp-abovetitle\">Conhece a cultura da Human Level<\/p>\n\n\n\n<h2 class=\"gb-text\">Os nossos valores<\/h2>\n\n\n\n<ul class=\"service-features-2col\">\n<li class=\"service-feature\">\n<span class=\"gb-shape service-feature-icon\"><svg width=\"24\" height=\"24\" viewBox=\"0 0 24 24\" fill=\"none\" xmlns=\"http:\/\/www.w3.org\/2000\/svg\">\n  <path d=\"M21 11.5C21.0034 12.8199 20.6951 14.1219 20.1 15.3C19.3944 16.7118 18.3098 17.8992 16.9674 18.7293C15.6251 19.5594 14.0782 19.9994 12.5 20C11.1801 20.0035 9.87812 19.6951 8.7 19.1L3 21L4.9 15.3C4.30493 14.1219 3.99656 12.8199 4 11.5C4.00061 9.92179 4.44061 8.37488 5.27072 7.03258C6.10083 5.69028 7.28825 4.6056 8.7 3.90003C9.87812 3.30496 11.1801 2.99659 12.5 3.00003H13C15.0843 3.11502 17.053 3.99479 18.5291 5.47089C20.0052 6.94699 20.885 8.91568 21 11V11.5Z\" stroke=\"currentColor\" stroke-width=\"2\" stroke-linecap=\"round\" stroke-linejoin=\"round\" fill=\"transparent\"><\/path>\n<\/svg><\/span>\n\n\n\n<div>\n<h3 class=\"gb-text tp-h4\">Transpar\u00eancia<\/h3>\n\n\n\n<p class=\"gb-text\">Explicamos o racioc\u00ednio por detr\u00e1s das nossas decis\u00f5es e somos honestos nas nossas recomenda\u00e7\u00f5es. S\u00f3 propomos ac\u00e7\u00f5es se acharmos que podem ajudar a tua empresa.<\/p>\n<\/div>\n<\/li>\n\n\n\n<li class=\"service-feature\">\n<span class=\"gb-shape service-feature-icon\"><svg width=\"24\" height=\"24\" viewBox=\"0 0 24 24\" fill=\"none\" xmlns=\"http:\/\/www.w3.org\/2000\/svg\">\n  <path d=\"M1 4V10H7\" stroke=\"currentColor\" stroke-width=\"2\" stroke-linecap=\"round\" stroke-linejoin=\"round\" fill=\"transparent\"><\/path>\n  <path d=\"M23 20V14H17\" stroke=\"currentColor\" stroke-width=\"2\" stroke-linecap=\"round\" stroke-linejoin=\"round\" fill=\"transparent\"><\/path>\n  <path d=\"M20.49 8.99959C19.9828 7.56637 19.1209 6.28499 17.9845 5.27501C16.8482 4.26502 15.4745 3.55935 13.9917 3.22385C12.5089 2.88834 10.9652 2.93393 9.50481 3.35636C8.04437 3.77879 6.71475 4.5643 5.64 5.63959L1 9.99959M23 13.9996L18.36 18.3596C17.2853 19.4349 15.9556 20.2204 14.4952 20.6428C13.0348 21.0652 11.4911 21.1108 10.0083 20.7753C8.52547 20.4398 7.1518 19.7342 6.01547 18.7242C4.87913 17.7142 4.01717 16.4328 3.51 14.9996\" stroke=\"currentColor\" stroke-width=\"2\" stroke-linecap=\"round\" stroke-linejoin=\"round\" fill=\"transparent\"><\/path>\n<\/svg><\/span>\n\n\n\n<div>\n<h3 class=\"gb-text tp-h4\">Proximidade e empatia<\/h3>\n\n\n\n<p class=\"gb-text\">Gostamos de sentir que fazemos parte da tua equipa e que a rela\u00e7\u00e3o com os nossos interlocutores \u00e9 pr\u00f3xima. O consultor que te foi atribu\u00eddo estar\u00e1 dispon\u00edvel para qualquer pergunta que possas ter e adaptar-nos-emos aos teus canais de comunica\u00e7\u00e3o preferidos.<\/p>\n<\/div>\n<\/li>\n\n\n\n<li class=\"service-feature\">\n<span class=\"gb-shape service-feature-icon\"><svg width=\"24\" height=\"24\" viewBox=\"0 0 24 24\" fill=\"none\" xmlns=\"http:\/\/www.w3.org\/2000\/svg\">\n  <path d=\"M12 22C17.5228 22 22 17.5228 22 12C22 6.47715 17.5228 2 12 2C6.47715 2 2 6.47715 2 12C2 17.5228 6.47715 22 12 22Z\" stroke=\"currentColor\" stroke-width=\"2\" stroke-linecap=\"round\" stroke-linejoin=\"round\" fill=\"transparent\"><\/path>\n  <path d=\"M8 14C8 14 9.5 16 12 16C14.5 16 16 14 16 14\" stroke=\"currentColor\" stroke-width=\"2\" stroke-linecap=\"round\" stroke-linejoin=\"round\" fill=\"transparent\"><\/path>\n  <path d=\"M9 9H9.01\" stroke=\"currentColor\" stroke-width=\"2\" stroke-linecap=\"round\" stroke-linejoin=\"round\" fill=\"transparent\"><\/path>\n  <path d=\"M15 9H15.01\" stroke=\"currentColor\" stroke-width=\"2\" stroke-linecap=\"round\" stroke-linejoin=\"round\" fill=\"transparent\"><\/path>\n<\/svg><\/span>\n\n\n\n<div>\n<h3 class=\"gb-text tp-h4\">Inova\u00e7\u00e3o e adaptabilidade<\/h3>\n\n\n\n<p class=\"gb-text\">N\u00e3o tenhas medo de nos lan\u00e7ar novos desafios: n\u00f3s adoramos! Quando confrontados com uma situa\u00e7\u00e3o desconhecida, pesquisamos e analisamos a melhor estrat\u00e9gia a seguir em cada caso, oferecendo solu\u00e7\u00f5es inovadoras.<\/p>\n<\/div>\n<\/li>\n\n\n\n<li class=\"service-feature\">\n<span class=\"gb-shape service-feature-icon\"><svg width=\"24\" height=\"24\" viewBox=\"0 0 24 24\" fill=\"none\" xmlns=\"http:\/\/www.w3.org\/2000\/svg\">\n<path d=\"M20.84 4.60987C20.3292 4.09888 19.7228 3.69352 19.0554 3.41696C18.3879 3.14039 17.6725 2.99805 16.95 2.99805C16.2275 2.99805 15.5121 3.14039 14.8446 3.41696C14.1772 3.69352 13.5708 4.09888 13.06 4.60987L12 5.66987L10.94 4.60987C9.9083 3.57818 8.50903 2.99858 7.05 2.99858C5.59096 2.99858 4.19169 3.57818 3.16 4.60987C2.1283 5.64156 1.54871 7.04084 1.54871 8.49987C1.54871 9.95891 2.1283 11.3582 3.16 12.3899L4.22 13.4499L12 21.2299L19.78 13.4499L20.84 12.3899C21.351 11.8791 21.7563 11.2727 22.0329 10.6052C22.3095 9.93777 22.4518 9.22236 22.4518 8.49987C22.4518 7.77738 22.3095 7.06198 22.0329 6.39452C21.7563 5.72706 21.351 5.12063 20.84 4.60987Z\" stroke=\"currentColor\" stroke-width=\"2\" stroke-linecap=\"round\" stroke-linejoin=\"round\" fill=\"transparent\"><\/path>\n<\/svg><\/span>\n\n\n\n<div>\n<h3 class=\"gb-text tp-h4\">Integridade<\/h3>\n\n\n\n<p class=\"gb-text\">N\u00e3o trabalhamos para determinados sectores: acompanhantes, casas de apostas ou jogos de azar online, sites pornogr\u00e1ficos, tabacarias\/vapers e tarot. Tamb\u00e9m n\u00e3o trabalhamos como marca branca para outras empresas, queremos que o cliente saiba sempre quem est\u00e1 a tratar do seu projeto.<\/p>\n<\/div>\n<\/li>\n<\/ul>\n<\/section>\n\n\n\n<section class=\"section-spacing\">\n<h2 class=\"gb-text\">As nossas publica\u00e7\u00f5es<\/h2>\n\n\n\n<p class=\"gb-text tp-subtitle\">A Human Level publicou o primeiro livro sobre SEO em espanhol em 2006. E n\u00e3o par\u00e1mos desde ent\u00e3o, com doze best-sellers do sector! Dispon\u00edvel em livrarias, Apple Books e Kindle.<\/p>\n\n\n\n<div class=\"books-query-sm\"><section class=\"books-looper-sm\">\n<article class=\"gb-loop-item books-loop-element-sm post-87387 libros type-libros status-publish has-post-thumbnail hentry\">\n<div class=\"books-col1\">\n<a href=\"https:\/\/www.humanlevel.com\/pt\/sobre-nos\/livros\/seo-tecnico-optimizacion-web-profesional\"><img loading=\"lazy\" data-media-id=\"87388\" class=\"books-img-sm\" alt=\"Capa do livro SEO T\u00e9cnico: Aprende a optimizar tu web como un profesional\" src=\"https:\/\/www.humanlevel.com\/wp-content\/uploads\/libro-seo-tecnico-2024.jpg\" width=\"190\" height=\"240\" style=\"view-transition-name: post-title-1708613220;\"\/><\/a>\n<\/div>\n\n\n\n<div class=\"books-col2\">\n<div>\n<h3 class=\"gb-text tp-h4\"><a href=\"https:\/\/www.humanlevel.com\/pt\/sobre-nos\/livros\/seo-tecnico-optimizacion-web-profesional\">SEO T\u00e9cnico \u2013 Aprende a optimizar tu web como un profesional<\/a><\/h3>\n<\/div>\n\n\n<\/div>\n<\/article>\n\n<article class=\"gb-loop-item books-loop-element-sm post-87548 libros type-libros status-publish has-post-thumbnail hentry\">\n<div class=\"books-col1\">\n<a href=\"https:\/\/www.humanlevel.com\/pt\/sobre-nos\/livros\/seo-avanzado-posicionamiento-web\"><img loading=\"lazy\" data-media-id=\"87549\" class=\"books-img-sm\" alt=\"Capa do livro SEO Avanzado: Todo lo que se sobre posicionamiento web\" src=\"https:\/\/www.humanlevel.com\/wp-content\/uploads\/libro-seo-avanzado-2020.jpg\" width=\"190\" height=\"240\" style=\"view-transition-name: post-title-1590682560;\"\/><\/a>\n<\/div>\n\n\n\n<div class=\"books-col2\">\n<div>\n<h3 class=\"gb-text tp-h4\"><a href=\"https:\/\/www.humanlevel.com\/pt\/sobre-nos\/livros\/seo-avanzado-posicionamiento-web\">SEO avanzado \u2013 Casi todo lo que s\u00e9 sobre posicionamiento Web<\/a><\/h3>\n<\/div>\n\n\n<\/div>\n<\/article>\n<\/section><\/div>\n\n\n\n<div class=\"gb-element-bc713076\">\n<a class=\"btn-arrow\" href=\"https:\/\/www.humanlevel.com\/pt\/sobre-nos\/livros\">\n<span class=\"gb-text\">Ver tudo<\/span>\n\n\n\n<span class=\"gb-shape gb-shape-a09040ff\" aria-hidden=\"true\"><svg fill=\"none\" viewBox=\"0 0 20 20\" height=\"20\" width=\"20\" xmlns=\"http:\/\/www.w3.org\/2000\/svg\">\n  <g transform=\"translate(0, 4)\">\n    <path fill=\"transparent\" stroke-linejoin=\"round\" stroke-linecap=\"round\" d=\"M16.758 5.62H4.475\" stroke-miterlimit=\"10\" stroke-width=\"1.4\" stroke=\"currentColor\"><\/path>\n    <path fill=\"transparent\" stroke-linejoin=\"round\" stroke-linecap=\"round\" d=\"m12.337.683 5.311 4.937-5.311 4.936\" stroke-width=\"1.4\" stroke=\"currentColor\"><\/path>\n  <\/g>\n<\/svg><\/span>\n<\/a>\n<\/div>\n<\/section>\n","protected":false},"excerpt":{"rendered":"<p>Porqu\u00ea \u201cHuman Level\u201d? Com mais de duas d\u00e9cadas de experi\u00eancia, a Human Level tem liderado projetos de SEO&#8230;<\/p>\n","protected":false},"author":41,"featured_media":89510,"parent":0,"menu_order":0,"comment_status":"closed","ping_status":"closed","template":"","meta":{"_acf_changed":false,"footnotes":""},"class_list":["post-78311","page","type-page","status-publish","has-post-thumbnail"],"acf":[],"yoast_head":"<!-- This site is optimized with the Yoast SEO plugin v27.5 - https:\/\/yoast.com\/product\/yoast-seo-wordpress\/ -->\n<title>Sobre n\u00f3s | Human Level<\/title>\n<meta name=\"description\" content=\"Somos uma ag\u00eancia de marketing digital com mais de 20 anos de experi\u00eancia a ajudar as empresas a aumentar a sua presen\u00e7a online. Conhece-nos!\" \/>\n<meta name=\"robots\" content=\"index, follow, max-snippet:-1, max-image-preview:large, max-video-preview:-1\" \/>\n<link rel=\"canonical\" href=\"https:\/\/www.humanlevel.com\/pt\/sobre-nos\" \/>\n<meta property=\"og:locale\" content=\"pt_PT\" \/>\n<meta property=\"og:type\" content=\"article\" \/>\n<meta property=\"og:title\" content=\"Sobre n\u00f3s | Human Level\" \/>\n<meta property=\"og:description\" content=\"Somos uma ag\u00eancia de marketing digital com mais de 20 anos de experi\u00eancia a ajudar as empresas a aumentar a sua presen\u00e7a online. Conhece-nos!\" \/>\n<meta property=\"og:url\" content=\"https:\/\/www.humanlevel.com\/pt\/sobre-nos\" \/>\n<meta property=\"og:site_name\" content=\"Human Level\" \/>\n<meta property=\"og:image\" content=\"https:\/\/www.humanlevel.com\/wp-content\/uploads\/hl-og-sobre-nosotros.jpg\" \/>\n\t<meta property=\"og:image:width\" content=\"1200\" \/>\n\t<meta property=\"og:image:height\" content=\"630\" \/>\n\t<meta property=\"og:image:type\" content=\"image\/jpeg\" \/>\n<meta name=\"twitter:card\" content=\"summary_large_image\" \/>\n<meta name=\"twitter:label1\" content=\"Tempo estimado de leitura\" \/>\n\t<meta name=\"twitter:data1\" content=\"4 minutos\" \/>\n<script type=\"application\/ld+json\" class=\"yoast-schema-graph\">{\"@context\":\"https:\\\/\\\/schema.org\",\"@graph\":[{\"@type\":\"WebPage\",\"@id\":\"https:\\\/\\\/www.humanlevel.com\\\/pt\\\/sobre-nos\",\"url\":\"https:\\\/\\\/www.humanlevel.com\\\/pt\\\/sobre-nos\",\"name\":\"Sobre n\u00f3s | Human Level\",\"isPartOf\":{\"@id\":\"https:\\\/\\\/www.humanlevel.com\\\/pt#website\"},\"primaryImageOfPage\":{\"@id\":\"https:\\\/\\\/www.humanlevel.com\\\/pt\\\/sobre-nos#primaryimage\"},\"image\":{\"@id\":\"https:\\\/\\\/www.humanlevel.com\\\/pt\\\/sobre-nos#primaryimage\"},\"thumbnailUrl\":\"https:\\\/\\\/www.humanlevel.com\\\/wp-content\\\/uploads\\\/hl-og-sobre-nosotros.jpg\",\"datePublished\":\"2021-11-30T11:07:59+00:00\",\"dateModified\":\"2026-05-06T14:54:59+00:00\",\"description\":\"Somos uma ag\u00eancia de marketing digital com mais de 20 anos de experi\u00eancia a ajudar as empresas a aumentar a sua presen\u00e7a online. Conhece-nos!\",\"breadcrumb\":{\"@id\":\"https:\\\/\\\/www.humanlevel.com\\\/pt\\\/sobre-nos#breadcrumb\"},\"inLanguage\":\"pt-PT\",\"potentialAction\":[{\"@type\":\"ReadAction\",\"target\":[\"https:\\\/\\\/www.humanlevel.com\\\/pt\\\/sobre-nos\"]}]},{\"@type\":\"ImageObject\",\"inLanguage\":\"pt-PT\",\"@id\":\"https:\\\/\\\/www.humanlevel.com\\\/pt\\\/sobre-nos#primaryimage\",\"url\":\"https:\\\/\\\/www.humanlevel.com\\\/wp-content\\\/uploads\\\/hl-og-sobre-nosotros.jpg\",\"contentUrl\":\"https:\\\/\\\/www.humanlevel.com\\\/wp-content\\\/uploads\\\/hl-og-sobre-nosotros.jpg\",\"width\":1200,\"height\":630},{\"@type\":\"BreadcrumbList\",\"@id\":\"https:\\\/\\\/www.humanlevel.com\\\/pt\\\/sobre-nos#breadcrumb\",\"itemListElement\":[{\"@type\":\"ListItem\",\"position\":1,\"name\":\"Inicio\",\"item\":\"https:\\\/\\\/www.humanlevel.com\\\/pt\"},{\"@type\":\"ListItem\",\"position\":2,\"name\":\"Sobre n\u00f3s\"}]},{\"@type\":\"WebSite\",\"@id\":\"https:\\\/\\\/www.humanlevel.com\\\/pt#website\",\"url\":\"https:\\\/\\\/www.humanlevel.com\\\/pt\",\"name\":\"Human Level\",\"description\":\"Agencia SEO para grandes marcas nacionales e internacionales.\",\"publisher\":{\"@id\":\"https:\\\/\\\/www.humanlevel.com\\\/pt#organization\"},\"potentialAction\":[{\"@type\":\"SearchAction\",\"target\":{\"@type\":\"EntryPoint\",\"urlTemplate\":\"https:\\\/\\\/www.humanlevel.com\\\/pt?s={search_term_string}\"},\"query-input\":{\"@type\":\"PropertyValueSpecification\",\"valueRequired\":true,\"valueName\":\"search_term_string\"}}],\"inLanguage\":\"pt-PT\"},{\"@type\":\"Organization\",\"@id\":\"https:\\\/\\\/www.humanlevel.com\\\/pt#organization\",\"name\":\"Human Level\",\"url\":\"https:\\\/\\\/www.humanlevel.com\\\/pt\",\"logo\":{\"@type\":\"ImageObject\",\"inLanguage\":\"pt-PT\",\"@id\":\"https:\\\/\\\/www.humanlevel.com\\\/pt#\\\/schema\\\/logo\\\/image\\\/\",\"url\":\"https:\\\/\\\/www.humanlevel.com\\\/wp-content\\\/uploads\\\/logohl25x3.png\",\"contentUrl\":\"https:\\\/\\\/www.humanlevel.com\\\/wp-content\\\/uploads\\\/logohl25x3.png\",\"width\":600,\"height\":93,\"caption\":\"Human Level\"},\"image\":{\"@id\":\"https:\\\/\\\/www.humanlevel.com\\\/pt#\\\/schema\\\/logo\\\/image\\\/\"},\"sameAs\":[\"https:\\\/\\\/www.linkedin.com\\\/company\\\/human-level-communications\",\"https:\\\/\\\/www.youtube.com\\\/user\\\/humanlevelcommunica\",\"https:\\\/\\\/bsky.app\\\/profile\\\/humanlevel.bsky.social\",\"https:\\\/\\\/instagram.com\\\/humanlevel\"]}]}<\/script>\n<!-- \/ Yoast SEO plugin. -->","yoast_head_json":{"title":"Sobre n\u00f3s | Human Level","description":"Somos uma ag\u00eancia de marketing digital com mais de 20 anos de experi\u00eancia a ajudar as empresas a aumentar a sua presen\u00e7a online. Conhece-nos!","robots":{"index":"index","follow":"follow","max-snippet":"max-snippet:-1","max-image-preview":"max-image-preview:large","max-video-preview":"max-video-preview:-1"},"canonical":"https:\/\/www.humanlevel.com\/pt\/sobre-nos","og_locale":"pt_PT","og_type":"article","og_title":"Sobre n\u00f3s | Human Level","og_description":"Somos uma ag\u00eancia de marketing digital com mais de 20 anos de experi\u00eancia a ajudar as empresas a aumentar a sua presen\u00e7a online. Conhece-nos!","og_url":"https:\/\/www.humanlevel.com\/pt\/sobre-nos","og_site_name":"Human Level","og_image":[{"width":1200,"height":630,"url":"https:\/\/www.humanlevel.com\/wp-content\/uploads\/hl-og-sobre-nosotros.jpg","type":"image\/jpeg"}],"twitter_card":"summary_large_image","twitter_misc":{"Tempo estimado de leitura":"4 minutos"},"schema":{"@context":"https:\/\/schema.org","@graph":[{"@type":"WebPage","@id":"https:\/\/www.humanlevel.com\/pt\/sobre-nos","url":"https:\/\/www.humanlevel.com\/pt\/sobre-nos","name":"Sobre n\u00f3s | Human Level","isPartOf":{"@id":"https:\/\/www.humanlevel.com\/pt#website"},"primaryImageOfPage":{"@id":"https:\/\/www.humanlevel.com\/pt\/sobre-nos#primaryimage"},"image":{"@id":"https:\/\/www.humanlevel.com\/pt\/sobre-nos#primaryimage"},"thumbnailUrl":"https:\/\/www.humanlevel.com\/wp-content\/uploads\/hl-og-sobre-nosotros.jpg","datePublished":"2021-11-30T11:07:59+00:00","dateModified":"2026-05-06T14:54:59+00:00","description":"Somos uma ag\u00eancia de marketing digital com mais de 20 anos de experi\u00eancia a ajudar as empresas a aumentar a sua presen\u00e7a online. Conhece-nos!","breadcrumb":{"@id":"https:\/\/www.humanlevel.com\/pt\/sobre-nos#breadcrumb"},"inLanguage":"pt-PT","potentialAction":[{"@type":"ReadAction","target":["https:\/\/www.humanlevel.com\/pt\/sobre-nos"]}]},{"@type":"ImageObject","inLanguage":"pt-PT","@id":"https:\/\/www.humanlevel.com\/pt\/sobre-nos#primaryimage","url":"https:\/\/www.humanlevel.com\/wp-content\/uploads\/hl-og-sobre-nosotros.jpg","contentUrl":"https:\/\/www.humanlevel.com\/wp-content\/uploads\/hl-og-sobre-nosotros.jpg","width":1200,"height":630},{"@type":"BreadcrumbList","@id":"https:\/\/www.humanlevel.com\/pt\/sobre-nos#breadcrumb","itemListElement":[{"@type":"ListItem","position":1,"name":"Inicio","item":"https:\/\/www.humanlevel.com\/pt"},{"@type":"ListItem","position":2,"name":"Sobre n\u00f3s"}]},{"@type":"WebSite","@id":"https:\/\/www.humanlevel.com\/pt#website","url":"https:\/\/www.humanlevel.com\/pt","name":"Human Level","description":"Agencia SEO para grandes marcas nacionales e internacionales.","publisher":{"@id":"https:\/\/www.humanlevel.com\/pt#organization"},"potentialAction":[{"@type":"SearchAction","target":{"@type":"EntryPoint","urlTemplate":"https:\/\/www.humanlevel.com\/pt?s={search_term_string}"},"query-input":{"@type":"PropertyValueSpecification","valueRequired":true,"valueName":"search_term_string"}}],"inLanguage":"pt-PT"},{"@type":"Organization","@id":"https:\/\/www.humanlevel.com\/pt#organization","name":"Human Level","url":"https:\/\/www.humanlevel.com\/pt","logo":{"@type":"ImageObject","inLanguage":"pt-PT","@id":"https:\/\/www.humanlevel.com\/pt#\/schema\/logo\/image\/","url":"https:\/\/www.humanlevel.com\/wp-content\/uploads\/logohl25x3.png","contentUrl":"https:\/\/www.humanlevel.com\/wp-content\/uploads\/logohl25x3.png","width":600,"height":93,"caption":"Human Level"},"image":{"@id":"https:\/\/www.humanlevel.com\/pt#\/schema\/logo\/image\/"},"sameAs":["https:\/\/www.linkedin.com\/company\/human-level-communications","https:\/\/www.youtube.com\/user\/humanlevelcommunica","https:\/\/bsky.app\/profile\/humanlevel.bsky.social","https:\/\/instagram.com\/humanlevel"]}]}},"_links":{"self":[{"href":"https:\/\/www.humanlevel.com\/pt\/wp-json\/wp\/v2\/pages\/78311","targetHints":{"allow":["GET"]}}],"collection":[{"href":"https:\/\/www.humanlevel.com\/pt\/wp-json\/wp\/v2\/pages"}],"about":[{"href":"https:\/\/www.humanlevel.com\/pt\/wp-json\/wp\/v2\/types\/page"}],"author":[{"embeddable":true,"href":"https:\/\/www.humanlevel.com\/pt\/wp-json\/wp\/v2\/users\/41"}],"replies":[{"embeddable":true,"href":"https:\/\/www.humanlevel.com\/pt\/wp-json\/wp\/v2\/comments?post=78311"}],"version-history":[{"count":9,"href":"https:\/\/www.humanlevel.com\/pt\/wp-json\/wp\/v2\/pages\/78311\/revisions"}],"predecessor-version":[{"id":89890,"href":"https:\/\/www.humanlevel.com\/pt\/wp-json\/wp\/v2\/pages\/78311\/revisions\/89890"}],"wp:featuredmedia":[{"embeddable":true,"href":"https:\/\/www.humanlevel.com\/pt\/wp-json\/wp\/v2\/media\/89510"}],"wp:attachment":[{"href":"https:\/\/www.humanlevel.com\/pt\/wp-json\/wp\/v2\/media?parent=78311"}],"curies":[{"name":"wp","href":"https:\/\/api.w.org\/{rel}","templated":true}]}}