{"id":78308,"date":"2023-05-29T12:03:35","date_gmt":"2023-05-29T10:03:35","guid":{"rendered":"https:\/\/www.humanlevel.com\/seo\/analitica-reporting"},"modified":"2026-04-11T15:14:25","modified_gmt":"2026-04-11T13:14:25","slug":"analitica-reporting","status":"publish","type":"page","link":"https:\/\/www.humanlevel.com\/pt\/seo\/analitica-reporting","title":{"rendered":"An\u00e1lise da Web"},"content":{"rendered":"\n<section class=\"section-spacing\">\n<h2 class=\"gb-text\">An\u00e1lise e tomada de decis\u00f5es baseadas em dados<\/h2>\n\n\n\n<p class=\"gb-text tp-subtitle\">A an\u00e1lise web \u00e9 a chave que precisas para medir a efic\u00e1cia da tua estrat\u00e9gia digital e detetar melhorias. Na Human Level ajudamos-te a medir e analisar a visibilidade do teu site, recolhendo e relacionando os dados necess\u00e1rios para obter informa\u00e7\u00e3o valiosa para o teu neg\u00f3cio. A an\u00e1lise digital \u00e9 essencial para conhecer o teu tr\u00e1fego org\u00e2nico e apoiar as ac\u00e7\u00f5es de posicionamento realizadas.<\/p>\n<\/section>\n\n\n\n<section class=\"section-spacing rounded-xlg cta\">\n<div class=\"col40\">\n<p class=\"gb-text tp-abovetitle\">Porqu\u00ea investir na an\u00e1lise da web?<\/p>\n\n\n\n<h2 class=\"gb-text\">O pilar fundamental para obter informa\u00e7\u00f5es valiosas sobre o teu site<\/h2>\n<\/div>\n\n\n\n<div class=\"col60\">\n<ul class=\"tp-body-bold cta-list\">\n<li class=\"gb-text\">Mede a efic\u00e1cia dos teus canais de tr\u00e1fego<\/li>\n\n\n\n<li class=\"gb-text\">Verifica o impacto da visibilidade da tua empresa<\/li>\n\n\n\n<li class=\"gb-text\">Monitoriza os teus principais KPIs<\/li>\n\n\n\n<li class=\"gb-text\">Identificar os canais mais eficazes para a convers\u00e3o<\/li>\n<\/ul>\n\n\n\n<a class=\"gb-text btn\" href=\"#anchor-formulario\">Come\u00e7a agora<\/a>\n<\/div>\n<\/section>\n\n\n\n<section class=\"section-spacing\">\n<p class=\"gb-text tp-abovetitle\">Como \u00e9 que o fazemos?<\/p>\n\n\n\n<h2 class=\"gb-text\">Implementa\u00e7\u00f5es \u00e0 medida do teu neg\u00f3cio<\/h2>\n\n\n\n<ul class=\"service-features-3col\">\n<li class=\"service-feature\">\n<span class=\"gb-shape service-feature-icon\"><svg xmlns=\"http:\/\/www.w3.org\/2000\/svg\" fill=\"none\" viewBox=\"0 0 24 24\" height=\"24\" width=\"24\">\n  <path fill=\"transparent\" stroke-linejoin=\"round\" stroke-linecap=\"round\" stroke-width=\"2\" stroke=\"currentColor\" d=\"M4 21V14\"><\/path>\n  <path fill=\"transparent\" stroke-linejoin=\"round\" stroke-linecap=\"round\" stroke-width=\"2\" stroke=\"currentColor\" d=\"M4 10V3\"><\/path>\n  <path fill=\"transparent\" stroke-linejoin=\"round\" stroke-linecap=\"round\" stroke-width=\"2\" stroke=\"currentColor\" d=\"M12 21V12\"><\/path>\n  <path fill=\"transparent\" stroke-linejoin=\"round\" stroke-linecap=\"round\" stroke-width=\"2\" stroke=\"currentColor\" d=\"M12 8V3\"><\/path>\n  <path fill=\"transparent\" stroke-linejoin=\"round\" stroke-linecap=\"round\" stroke-width=\"2\" stroke=\"currentColor\" d=\"M20 21V16\"><\/path>\n  <path fill=\"transparent\" stroke-linejoin=\"round\" stroke-linecap=\"round\" stroke-width=\"2\" stroke=\"currentColor\" d=\"M20 12V3\"><\/path>\n  <path fill=\"transparent\" stroke-linejoin=\"round\" stroke-linecap=\"round\" stroke-width=\"2\" stroke=\"currentColor\" d=\"M1 14H7\"><\/path>\n  <path fill=\"transparent\" stroke-linejoin=\"round\" stroke-linecap=\"round\" stroke-width=\"2\" stroke=\"currentColor\" d=\"M9 8H15\"><\/path>\n  <path fill=\"transparent\" stroke-linejoin=\"round\" stroke-linecap=\"round\" stroke-width=\"2\" stroke=\"currentColor\" d=\"M17 16H23\"><\/path>\n<\/svg><\/span>\n\n\n\n<div>\n<h3 class=\"gb-text tp-h4\">Configurar o Google Analytics<\/h3>\n\n\n\n<p class=\"gb-text\">Efectuamos a configura\u00e7\u00e3o de indicadores-chave de desempenho para acompanhar a tua visibilidade e a efic\u00e1cia do teu posicionamento.<\/p>\n<\/div>\n<\/li>\n\n\n\n<li class=\"service-feature\">\n<span class=\"gb-shape service-feature-icon\"><svg xmlns=\"http:\/\/www.w3.org\/2000\/svg\" fill=\"none\" viewBox=\"0 0 24 24\" height=\"24\" width=\"24\">\n  <path fill=\"transparent\" stroke-linejoin=\"round\" stroke-linecap=\"round\" stroke-width=\"2\" stroke=\"currentColor\" d=\"M11 19C15.4183 19 19 15.4183 19 11C19 6.58172 15.4183 3 11 3C6.58172 3 3 6.58172 3 11C3 15.4183 6.58172 19 11 19Z\"><\/path>\n  <path fill=\"transparent\" stroke-linejoin=\"round\" stroke-linecap=\"round\" stroke-width=\"2\" stroke=\"currentColor\" d=\"M21 21.0004L16.65 16.6504\"><\/path>\n<\/svg><\/span>\n\n\n\n<div>\n<h3 class=\"gb-text tp-h4\">Analisar o tr\u00e1fego org\u00e2nico para al\u00e9m dos motores de pesquisa<\/h3>\n\n\n\n<p class=\"gb-text\">Cri\u00e1mos agrupamentos de fontes de tr\u00e1fego para identificar os principais canais org\u00e2nicos, tanto nos motores de pesquisa como nas plataformas de IA.<\/p>\n<\/div>\n<\/li>\n\n\n\n<li class=\"service-feature\">\n<span class=\"gb-shape service-feature-icon\"><svg xmlns=\"http:\/\/www.w3.org\/2000\/svg\" fill=\"none\" viewBox=\"0 0 24 24\" height=\"24\" width=\"24\">\n<path fill=\"transparent\" stroke-linejoin=\"round\" stroke-linecap=\"round\" stroke-width=\"2\" stroke=\"currentColor\" d=\"M23 6L13.5 15.5L8.5 10.5L1 18\"><\/path>\n<path fill=\"transparent\" stroke-linejoin=\"round\" stroke-linecap=\"round\" stroke-width=\"2\" stroke=\"currentColor\" d=\"M17 6H23V12\"><\/path>\n<\/svg><\/span>\n\n\n\n<div>\n<h3 class=\"gb-text tp-h4\">Relat\u00f3rios e visualiza\u00e7\u00e3o de dados<\/h3>\n\n\n\n<p class=\"gb-text\">Criamos pain\u00e9is de controlo adaptados aos teus principais KPI\u2019s para facilitar a monitoriza\u00e7\u00e3o do local e a tomada de decis\u00f5es com base em dados.<\/p>\n<\/div>\n<\/li>\n<\/ul>\n<\/section>\n\n\n\n<section class=\"section-spacing featured-logos\">\n<p class=\"gb-text tp-body-small\">Principais ferramentas de an\u00e1lise digital com que trabalhamos<\/p>\n\n\n\n<div class=\"featured-logos-flex\">\n<img loading=\"lazy\" width=\"540\" height=\"270\" class=\"featured-logos-img\" alt=\"\" title=\"logo-analytics-herramienta\" src=\"https:\/\/www.humanlevel.com\/wp-content\/uploads\/logo-analytics-herramienta.png\" srcset=\"https:\/\/www.humanlevel.com\/wp-content\/uploads\/logo-analytics-herramienta.png 540w, https:\/\/www.humanlevel.com\/wp-content\/uploads\/logo-analytics-herramienta-400x200.png 400w\" sizes=\"auto, (max-width: 540px) 100vw, 540px\" \/>\n\n\n\n<img loading=\"lazy\" width=\"540\" height=\"270\" class=\"featured-logos-img\" alt=\"Looker\" title=\"logo-looker-herramienta\" src=\"https:\/\/www.humanlevel.com\/wp-content\/uploads\/logo-looker-herramienta.png\" srcset=\"https:\/\/www.humanlevel.com\/wp-content\/uploads\/logo-looker-herramienta.png 540w, https:\/\/www.humanlevel.com\/wp-content\/uploads\/logo-looker-herramienta-400x200.png 400w\" sizes=\"auto, (max-width: 540px) 100vw, 540px\" \/>\n<\/div>\n<\/section>\n\n\n\n<section class=\"section-spacing faq-section\">\n<div>\n<h2 class=\"gb-text\">Perguntas mais frequentes<\/h2>\n\n\n\n<p class=\"gb-text tp-subtitle gb-text-68673e82\">Tens uma pergunta que n\u00e3o respondemos? N\u00e3o hesites em contactar-nos.<\/p>\n\n\n\n<a class=\"gb-text btn\" href=\"#anchor-formulario\">Contacto<\/a>\n<\/div>\n\n\n\n<div class=\"gb-accordion faq-accordion\" data-transition=\"slide\">\n<div class=\"gb-accordion__item faq-accordion-item gb-accordion__item-open\">\n<div role=\"button\" tabindex=\"0\" class=\"gb-accordion__toggle faq-accordion-toggle tp-body-bold gb-block-is-current\" id=\"gb-accordion-toggle-e3406046\">\n<h3 class=\"gb-text\">Com que ferramenta \u00e9 que trabalhamos?<\/h3>\n\n\n\n<span class=\"gb-accordion__toggle-icon gb-accordion__toggle-icon-641d67e9\"><span class=\"gb-accordion__toggle-icon-open\"><svg aria-hidden=\"true\" viewBox=\"0 0 256 256\"><rect width=\"256\" height=\"256\" fill=\"none\"><\/rect><polyline points=\"208 96 128 176 48 96\" fill=\"none\" stroke=\"currentColor\" stroke-linecap=\"round\" stroke-linejoin=\"round\" stroke-width=\"16\"><\/polyline><\/svg><\/span><span class=\"gb-accordion__toggle-icon-close\"><svg aria-hidden=\"true\" viewBox=\"0 0 256 256\"><rect width=\"256\" height=\"256\" fill=\"none\"><\/rect><polyline points=\"48 160 128 80 208 160\" fill=\"none\" stroke=\"currentColor\" stroke-linecap=\"round\" stroke-linejoin=\"round\" stroke-width=\"16\"><\/polyline><\/svg><\/span><\/span>\n<\/div>\n\n\n\n<div class=\"gb-accordion__content\" id=\"gb-accordion-content-a35844c5\">\n<div class=\"faq-accordion-answer\">\n<p>Utilizamos a ferramenta de visualiza\u00e7\u00e3o de dados do Google, Looker Studio, para apresentar os dados sob a forma de um painel de controlo.<\/p>\n<\/div>\n<\/div>\n<\/div>\n\n\n\n<div class=\"gb-accordion__item faq-accordion-item\">\n<div role=\"button\" tabindex=\"0\" class=\"gb-accordion__toggle tp-body-bold faq-accordion-toggle\" id=\"gb-accordion-toggle-432626be\">\n<h3 class=\"gb-text\">Com que fontes de dados trabalhamos?<\/h3>\n\n\n\n<span class=\"gb-accordion__toggle-icon gb-accordion__toggle-icon-06807bd1\"><span class=\"gb-accordion__toggle-icon-open\"><svg aria-hidden=\"true\" viewBox=\"0 0 256 256\"><rect width=\"256\" height=\"256\" fill=\"none\"><\/rect><polyline points=\"208 96 128 176 48 96\" fill=\"none\" stroke=\"currentColor\" stroke-linecap=\"round\" stroke-linejoin=\"round\" stroke-width=\"16\"><\/polyline><\/svg><\/span><span class=\"gb-accordion__toggle-icon-close\"><svg aria-hidden=\"true\" viewBox=\"0 0 256 256\"><rect width=\"256\" height=\"256\" fill=\"none\"><\/rect><polyline points=\"48 160 128 80 208 160\" fill=\"none\" stroke=\"currentColor\" stroke-linecap=\"round\" stroke-linejoin=\"round\" stroke-width=\"16\"><\/polyline><\/svg><\/span><\/span>\n<\/div>\n\n\n\n<div class=\"gb-accordion__content\" id=\"gb-accordion-content-c4b0b980\">\n<div class=\"faq-accordion-answer\">\n<p>Conectamos os relat\u00f3rios com as ferramentas do ambiente Google: Google Sheets, Google Analytics, Google Search Console, Google Ads, bem como outras ferramentas externas, como Semrush ou Ahrefs, para mais informa\u00e7\u00f5es.<\/p>\n<\/div>\n<\/div>\n<\/div>\n<\/div>\n<\/section>\n","protected":false},"excerpt":{"rendered":"<p>An\u00e1lise e tomada de decis\u00f5es baseadas em dados A an\u00e1lise web \u00e9 a chave que precisas para medir a efic\u00e1cia da&#8230;<\/p>\n","protected":false},"author":50,"featured_media":89516,"parent":78265,"menu_order":0,"comment_status":"closed","ping_status":"closed","template":"","meta":{"_acf_changed":false,"footnotes":""},"class_list":["post-78308","page","type-page","status-publish","has-post-thumbnail"],"acf":[],"yoast_head":"<!-- This site is optimized with the Yoast SEO plugin v27.5 - https:\/\/yoast.com\/product\/yoast-seo-wordpress\/ -->\n<title>Anal\u00edtica web e reporting SEO | Human Level<\/title>\n<meta name=\"description\" content=\"Servi\u00e7o de an\u00e1lise da Web para otimizar as estrat\u00e9gias de visibilidade. Identifica os teus canais de convers\u00e3o mais eficazes.\" \/>\n<meta name=\"robots\" content=\"index, follow, max-snippet:-1, max-image-preview:large, max-video-preview:-1\" \/>\n<link rel=\"canonical\" href=\"https:\/\/www.humanlevel.com\/pt\/seo\/analitica-reporting\" \/>\n<meta property=\"og:locale\" content=\"pt_PT\" \/>\n<meta property=\"og:type\" content=\"article\" \/>\n<meta property=\"og:title\" content=\"Anal\u00edtica web e reporting SEO | Human Level\" \/>\n<meta property=\"og:description\" content=\"Servi\u00e7o de an\u00e1lise da Web para otimizar as estrat\u00e9gias de visibilidade. Identifica os teus canais de convers\u00e3o mais eficazes.\" \/>\n<meta property=\"og:url\" content=\"https:\/\/www.humanlevel.com\/pt\/seo\/analitica-reporting\" \/>\n<meta property=\"og:site_name\" content=\"Human Level\" \/>\n<meta property=\"og:image\" content=\"https:\/\/www.humanlevel.com\/wp-content\/uploads\/analitica-web-1-scaled.jpg\" \/>\n\t<meta property=\"og:image:width\" content=\"2560\" \/>\n\t<meta property=\"og:image:height\" content=\"869\" \/>\n\t<meta property=\"og:image:type\" content=\"image\/jpeg\" \/>\n<meta name=\"twitter:card\" content=\"summary_large_image\" \/>\n<meta name=\"twitter:label1\" content=\"Tempo estimado de leitura\" \/>\n\t<meta name=\"twitter:data1\" content=\"6 minutos\" \/>\n<script type=\"application\/ld+json\" class=\"yoast-schema-graph\">{\"@context\":\"https:\\\/\\\/schema.org\",\"@graph\":[{\"@type\":\"WebPage\",\"@id\":\"https:\\\/\\\/www.humanlevel.com\\\/pt\\\/seo\\\/analitica-reporting\",\"url\":\"https:\\\/\\\/www.humanlevel.com\\\/pt\\\/seo\\\/analitica-reporting\",\"name\":\"Anal\u00edtica web e reporting SEO | Human Level\",\"isPartOf\":{\"@id\":\"https:\\\/\\\/www.humanlevel.com\\\/pt#website\"},\"primaryImageOfPage\":{\"@id\":\"https:\\\/\\\/www.humanlevel.com\\\/pt\\\/seo\\\/analitica-reporting#primaryimage\"},\"image\":{\"@id\":\"https:\\\/\\\/www.humanlevel.com\\\/pt\\\/seo\\\/analitica-reporting#primaryimage\"},\"thumbnailUrl\":\"https:\\\/\\\/www.humanlevel.com\\\/wp-content\\\/uploads\\\/hl-og-servicios.jpg\",\"datePublished\":\"2023-05-29T10:03:35+00:00\",\"dateModified\":\"2026-04-11T13:14:25+00:00\",\"description\":\"Servi\u00e7o de an\u00e1lise da Web para otimizar as estrat\u00e9gias de visibilidade. Identifica os teus canais de convers\u00e3o mais eficazes.\",\"breadcrumb\":{\"@id\":\"https:\\\/\\\/www.humanlevel.com\\\/pt\\\/seo\\\/analitica-reporting#breadcrumb\"},\"inLanguage\":\"pt-PT\",\"potentialAction\":[{\"@type\":\"ReadAction\",\"target\":[\"https:\\\/\\\/www.humanlevel.com\\\/pt\\\/seo\\\/analitica-reporting\"]}]},{\"@type\":\"ImageObject\",\"inLanguage\":\"pt-PT\",\"@id\":\"https:\\\/\\\/www.humanlevel.com\\\/pt\\\/seo\\\/analitica-reporting#primaryimage\",\"url\":\"https:\\\/\\\/www.humanlevel.com\\\/wp-content\\\/uploads\\\/hl-og-servicios.jpg\",\"contentUrl\":\"https:\\\/\\\/www.humanlevel.com\\\/wp-content\\\/uploads\\\/hl-og-servicios.jpg\",\"width\":1200,\"height\":630},{\"@type\":\"BreadcrumbList\",\"@id\":\"https:\\\/\\\/www.humanlevel.com\\\/pt\\\/seo\\\/analitica-reporting#breadcrumb\",\"itemListElement\":[{\"@type\":\"ListItem\",\"position\":1,\"name\":\"Inicio\",\"item\":\"https:\\\/\\\/www.humanlevel.com\\\/pt\"},{\"@type\":\"ListItem\",\"position\":2,\"name\":\"SEO\",\"item\":\"https:\\\/\\\/www.humanlevel.com\\\/pt\\\/seo\"},{\"@type\":\"ListItem\",\"position\":3,\"name\":\"An\u00e1lise da Web\"}]},{\"@type\":\"WebSite\",\"@id\":\"https:\\\/\\\/www.humanlevel.com\\\/pt#website\",\"url\":\"https:\\\/\\\/www.humanlevel.com\\\/pt\",\"name\":\"Human Level\",\"description\":\"Agencia SEO para grandes marcas nacionales e internacionales.\",\"publisher\":{\"@id\":\"https:\\\/\\\/www.humanlevel.com\\\/pt#organization\"},\"potentialAction\":[{\"@type\":\"SearchAction\",\"target\":{\"@type\":\"EntryPoint\",\"urlTemplate\":\"https:\\\/\\\/www.humanlevel.com\\\/pt?s={search_term_string}\"},\"query-input\":{\"@type\":\"PropertyValueSpecification\",\"valueRequired\":true,\"valueName\":\"search_term_string\"}}],\"inLanguage\":\"pt-PT\"},{\"@type\":\"Organization\",\"@id\":\"https:\\\/\\\/www.humanlevel.com\\\/pt#organization\",\"name\":\"Human Level\",\"url\":\"https:\\\/\\\/www.humanlevel.com\\\/pt\",\"logo\":{\"@type\":\"ImageObject\",\"inLanguage\":\"pt-PT\",\"@id\":\"https:\\\/\\\/www.humanlevel.com\\\/pt#\\\/schema\\\/logo\\\/image\\\/\",\"url\":\"https:\\\/\\\/www.humanlevel.com\\\/wp-content\\\/uploads\\\/logohl25x3.png\",\"contentUrl\":\"https:\\\/\\\/www.humanlevel.com\\\/wp-content\\\/uploads\\\/logohl25x3.png\",\"width\":600,\"height\":93,\"caption\":\"Human Level\"},\"image\":{\"@id\":\"https:\\\/\\\/www.humanlevel.com\\\/pt#\\\/schema\\\/logo\\\/image\\\/\"},\"sameAs\":[\"https:\\\/\\\/www.linkedin.com\\\/company\\\/human-level-communications\",\"https:\\\/\\\/www.youtube.com\\\/user\\\/humanlevelcommunica\",\"https:\\\/\\\/bsky.app\\\/profile\\\/humanlevel.bsky.social\",\"https:\\\/\\\/instagram.com\\\/humanlevel\"]}]}<\/script>\n<!-- \/ Yoast SEO plugin. -->","yoast_head_json":{"title":"Anal\u00edtica web e reporting SEO | Human Level","description":"Servi\u00e7o de an\u00e1lise da Web para otimizar as estrat\u00e9gias de visibilidade. Identifica os teus canais de convers\u00e3o mais eficazes.","robots":{"index":"index","follow":"follow","max-snippet":"max-snippet:-1","max-image-preview":"max-image-preview:large","max-video-preview":"max-video-preview:-1"},"canonical":"https:\/\/www.humanlevel.com\/pt\/seo\/analitica-reporting","og_locale":"pt_PT","og_type":"article","og_title":"Anal\u00edtica web e reporting SEO | Human Level","og_description":"Servi\u00e7o de an\u00e1lise da Web para otimizar as estrat\u00e9gias de visibilidade. Identifica os teus canais de convers\u00e3o mais eficazes.","og_url":"https:\/\/www.humanlevel.com\/pt\/seo\/analitica-reporting","og_site_name":"Human Level","og_image":[{"width":2560,"height":869,"url":"https:\/\/www.humanlevel.com\/wp-content\/uploads\/analitica-web-1-scaled.jpg","type":"image\/jpeg"}],"twitter_card":"summary_large_image","twitter_misc":{"Tempo estimado de leitura":"6 minutos"},"schema":{"@context":"https:\/\/schema.org","@graph":[{"@type":"WebPage","@id":"https:\/\/www.humanlevel.com\/pt\/seo\/analitica-reporting","url":"https:\/\/www.humanlevel.com\/pt\/seo\/analitica-reporting","name":"Anal\u00edtica web e reporting SEO | Human Level","isPartOf":{"@id":"https:\/\/www.humanlevel.com\/pt#website"},"primaryImageOfPage":{"@id":"https:\/\/www.humanlevel.com\/pt\/seo\/analitica-reporting#primaryimage"},"image":{"@id":"https:\/\/www.humanlevel.com\/pt\/seo\/analitica-reporting#primaryimage"},"thumbnailUrl":"https:\/\/www.humanlevel.com\/wp-content\/uploads\/hl-og-servicios.jpg","datePublished":"2023-05-29T10:03:35+00:00","dateModified":"2026-04-11T13:14:25+00:00","description":"Servi\u00e7o de an\u00e1lise da Web para otimizar as estrat\u00e9gias de visibilidade. Identifica os teus canais de convers\u00e3o mais eficazes.","breadcrumb":{"@id":"https:\/\/www.humanlevel.com\/pt\/seo\/analitica-reporting#breadcrumb"},"inLanguage":"pt-PT","potentialAction":[{"@type":"ReadAction","target":["https:\/\/www.humanlevel.com\/pt\/seo\/analitica-reporting"]}]},{"@type":"ImageObject","inLanguage":"pt-PT","@id":"https:\/\/www.humanlevel.com\/pt\/seo\/analitica-reporting#primaryimage","url":"https:\/\/www.humanlevel.com\/wp-content\/uploads\/hl-og-servicios.jpg","contentUrl":"https:\/\/www.humanlevel.com\/wp-content\/uploads\/hl-og-servicios.jpg","width":1200,"height":630},{"@type":"BreadcrumbList","@id":"https:\/\/www.humanlevel.com\/pt\/seo\/analitica-reporting#breadcrumb","itemListElement":[{"@type":"ListItem","position":1,"name":"Inicio","item":"https:\/\/www.humanlevel.com\/pt"},{"@type":"ListItem","position":2,"name":"SEO","item":"https:\/\/www.humanlevel.com\/pt\/seo"},{"@type":"ListItem","position":3,"name":"An\u00e1lise da Web"}]},{"@type":"WebSite","@id":"https:\/\/www.humanlevel.com\/pt#website","url":"https:\/\/www.humanlevel.com\/pt","name":"Human Level","description":"Agencia SEO para grandes marcas nacionales e internacionales.","publisher":{"@id":"https:\/\/www.humanlevel.com\/pt#organization"},"potentialAction":[{"@type":"SearchAction","target":{"@type":"EntryPoint","urlTemplate":"https:\/\/www.humanlevel.com\/pt?s={search_term_string}"},"query-input":{"@type":"PropertyValueSpecification","valueRequired":true,"valueName":"search_term_string"}}],"inLanguage":"pt-PT"},{"@type":"Organization","@id":"https:\/\/www.humanlevel.com\/pt#organization","name":"Human Level","url":"https:\/\/www.humanlevel.com\/pt","logo":{"@type":"ImageObject","inLanguage":"pt-PT","@id":"https:\/\/www.humanlevel.com\/pt#\/schema\/logo\/image\/","url":"https:\/\/www.humanlevel.com\/wp-content\/uploads\/logohl25x3.png","contentUrl":"https:\/\/www.humanlevel.com\/wp-content\/uploads\/logohl25x3.png","width":600,"height":93,"caption":"Human Level"},"image":{"@id":"https:\/\/www.humanlevel.com\/pt#\/schema\/logo\/image\/"},"sameAs":["https:\/\/www.linkedin.com\/company\/human-level-communications","https:\/\/www.youtube.com\/user\/humanlevelcommunica","https:\/\/bsky.app\/profile\/humanlevel.bsky.social","https:\/\/instagram.com\/humanlevel"]}]}},"_links":{"self":[{"href":"https:\/\/www.humanlevel.com\/pt\/wp-json\/wp\/v2\/pages\/78308","targetHints":{"allow":["GET"]}}],"collection":[{"href":"https:\/\/www.humanlevel.com\/pt\/wp-json\/wp\/v2\/pages"}],"about":[{"href":"https:\/\/www.humanlevel.com\/pt\/wp-json\/wp\/v2\/types\/page"}],"author":[{"embeddable":true,"href":"https:\/\/www.humanlevel.com\/pt\/wp-json\/wp\/v2\/users\/50"}],"replies":[{"embeddable":true,"href":"https:\/\/www.humanlevel.com\/pt\/wp-json\/wp\/v2\/comments?post=78308"}],"version-history":[{"count":3,"href":"https:\/\/www.humanlevel.com\/pt\/wp-json\/wp\/v2\/pages\/78308\/revisions"}],"predecessor-version":[{"id":87980,"href":"https:\/\/www.humanlevel.com\/pt\/wp-json\/wp\/v2\/pages\/78308\/revisions\/87980"}],"up":[{"embeddable":true,"href":"https:\/\/www.humanlevel.com\/pt\/wp-json\/wp\/v2\/pages\/78265"}],"wp:featuredmedia":[{"embeddable":true,"href":"https:\/\/www.humanlevel.com\/pt\/wp-json\/wp\/v2\/media\/89516"}],"wp:attachment":[{"href":"https:\/\/www.humanlevel.com\/pt\/wp-json\/wp\/v2\/media?parent=78308"}],"curies":[{"name":"wp","href":"https:\/\/api.w.org\/{rel}","templated":true}]}}