{"id":78307,"date":"2023-07-05T14:26:48","date_gmt":"2023-07-05T12:26:48","guid":{"rendered":"https:\/\/www.humanlevel.com\/politica-de-qualidade"},"modified":"2025-03-06T11:13:38","modified_gmt":"2025-03-06T10:13:38","slug":"politica-de-qualidade","status":"publish","type":"page","link":"https:\/\/www.humanlevel.com\/pt\/politica-de-qualidade","title":{"rendered":"Pol\u00edtica de qualidade"},"content":{"rendered":"<div class=\"row\"><div class=\"col \"><div class=\"mb-4\"><\/p>\n<div class=\"estilo_contador\">Pol\u00edtica de qualidade<\/div>\n<p>A Dire\u00e7\u00e3o define e participa na Pol\u00edtica de Qualidade da empresa <strong>HUMAN LEVEL COMMUNICATIONS SL, uma empresa dedicada ao <\/strong><strong>marketing digital e servi\u00e7os de melhoria de desempenho on-line<\/strong><strong>, e tendo como objetivo b\u00e1sico a plena satisfa\u00e7\u00e3o dos nossos clientes como o \u00fanico meio de garantir a rentabilidade e continuidade da empresa, persegue a realiza\u00e7\u00e3o dos seguintes objectivos gerais:<\/strong><\/p>\n<ul>\n<li>Fazer da Qualidade na presta\u00e7\u00e3o de servi\u00e7os uma marca da nossa empresa para com os nossos clientes.<\/li>\n<li>Cumprir a legisla\u00e7\u00e3o e os requisitos aplic\u00e1veis.<\/li>\n<li>Envolver todos os n\u00edveis e pessoal no Sistema de Qualidade, atrav\u00e9s da motiva\u00e7\u00e3o, comunica\u00e7\u00e3o e forma\u00e7\u00e3o.<\/li>\n<li>Realizar uma melhoria cont\u00ednua do Sistema de Qualidade, utilizando todos os meios ao nosso alcance.<\/li>\n<\/ul>\n<p>Todo o pessoal desta empresa est\u00e1 consciente da import\u00e2ncia do seu trabalho para alcan\u00e7ar estes objectivos, que est\u00e3o inclu\u00eddos no nosso Sistema de Qualidade, que \u00e9 declarado obrigat\u00f3rio.<\/p>\n<h2>Certifica\u00e7\u00e3o ISO 9001:2015<\/h2>\n<p>A ISO 9001 \u00e9 uma norma internacional que estabelece os requisitos para a implementa\u00e7\u00e3o e manuten\u00e7\u00e3o de um sistema de gest\u00e3o da qualidade (SGQ) numa organiza\u00e7\u00e3o. Um SGQ \u00e9 um conjunto de processos, pol\u00edticas, objectivos e recursos destinados a satisfazer as necessidades e expectativas dos clientes e de outras partes interessadas, bem como a melhorar o desempenho e a efic\u00e1cia da organiza\u00e7\u00e3o. A ISO 9001 \u00e9 a norma mais utilizada e reconhecida no dom\u00ednio da gest\u00e3o da qualidade, com mais de um milh\u00e3o de certificados emitidos em todo o mundo.<\/p>\n<p><a href=\"https:\/\/www.icdq.es\/\" target=\"_blank\" rel=\"noopener\">O ICDQ<\/a>, organismo certificador de sistemas de gest\u00e3o de empresas, certifica que o nosso Sistema de Gest\u00e3o da Qualidade cumpre a norma UNE-EN ISO 9001:2015, aplic\u00e1vel \u00e0s actividades de marketing digital e aos servi\u00e7os de melhoria do desempenho online que oferecemos aos nossos clientes. Abaixo podes ver o nosso certificado:<\/p>\n<p><img loading=\"lazy\" decoding=\"async\" class=\"aligncenter size-full wp-image-56520\" src=\"https:\/\/www.humanlevel.com\/wp-content\/uploads\/iso-9001-2015-humanlevel.png\" alt=\"ISO 9001:2015\" width=\"1310\" height=\"1813\" srcset=\"https:\/\/www.humanlevel.com\/wp-content\/uploads\/iso-9001-2015-humanlevel.png 1310w, https:\/\/www.humanlevel.com\/wp-content\/uploads\/iso-9001-2015-humanlevel-720x996.png 720w, https:\/\/www.humanlevel.com\/wp-content\/uploads\/iso-9001-2015-humanlevel-1200x1661.png 1200w, https:\/\/www.humanlevel.com\/wp-content\/uploads\/iso-9001-2015-humanlevel-768x1063.png 768w, https:\/\/www.humanlevel.com\/wp-content\/uploads\/iso-9001-2015-humanlevel-1110x1536.png 1110w\" sizes=\"auto, (max-width: 1310px) 100vw, 1310px\" \/><\/p>\n<p><\/div><\/div><\/div>\n","protected":false},"excerpt":{"rendered":"","protected":false},"author":36,"featured_media":0,"parent":0,"menu_order":0,"comment_status":"closed","ping_status":"closed","template":"HL_libro.php","meta":{"footnotes":""},"class_list":["post-78307","page","type-page","status-publish","hentry","entry"],"yoast_head":"\n<title>Pol\u00edtica de qualidade | Human Level<\/title>\n<meta name=\"description\" content=\"Acede aqui \u00e0 Pol\u00edtica de Qualidade da HUMAN LEVEL COMMUNICATIONS SL.\" \/>\n<meta name=\"robots\" content=\"index, follow, max-snippet:-1, max-image-preview:large, max-video-preview:-1\" \/>\n<link rel=\"canonical\" href=\"https:\/\/www.humanlevel.com\/pt\/politica-de-qualidade\" \/>\n<meta property=\"og:locale\" content=\"pt_PT\" \/>\n<meta property=\"og:type\" content=\"article\" \/>\n<meta property=\"og:title\" content=\"Pol\u00edtica de qualidade e certificado ISO 9001 da Human Level\" \/>\n<meta property=\"og:description\" content=\"O ICDQ certifica que o nosso Sistema de Gest\u00e3o da Qualidade cumpre a norma UNE-EN ISO 9001:2015, aplic\u00e1vel \u00e0s actividades de marketing digital e aos servi\u00e7os de melhoria do desempenho online que oferecemos aos nossos clientes.\" \/>\n<meta property=\"og:url\" content=\"https:\/\/www.humanlevel.com\/pt\/politica-de-qualidade\" \/>\n<meta property=\"og:site_name\" content=\"Human Level\" \/>\n<meta property=\"og:image\" content=\"https:\/\/www.humanlevel.com\/wp-content\/uploads\/certificado-9001-scaled.jpg\" \/>\n\t<meta property=\"og:image:width\" content=\"2560\" \/>\n\t<meta property=\"og:image:height\" content=\"1383\" \/>\n\t<meta property=\"og:image:type\" content=\"image\/jpeg\" \/>\n<meta name=\"twitter:card\" content=\"summary_large_image\" \/>\n<meta name=\"twitter:title\" content=\"Pol\u00edtica de qualidade e certificado ISO 9001 da Human Level\" \/>\n<meta name=\"twitter:description\" content=\"O ICDQ certifica que o nosso Sistema de Gest\u00e3o da Qualidade cumpre a norma UNE-EN ISO 9001:2015, aplic\u00e1vel \u00e0s actividades de marketing digital e aos servi\u00e7os de melhoria do desempenho online que oferecemos aos nossos clientes.\" \/>\n<meta name=\"twitter:image\" content=\"https:\/\/www.humanlevel.com\/wp-content\/uploads\/certificado-9001-scaled.jpg\" \/>\n<meta name=\"twitter:site\" content=\"@humanlevel\" \/>\n<meta name=\"twitter:label1\" content=\"Tempo estimado de leitura\" \/>\n\t<meta name=\"twitter:data1\" content=\"2 minutos\" \/>\n<script type=\"application\/ld+json\" class=\"yoast-schema-graph\">{\"@context\":\"https:\/\/schema.org\",\"@graph\":[{\"@type\":\"WebPage\",\"@id\":\"https:\/\/www.humanlevel.com\/pt\/politica-de-qualidade\",\"url\":\"https:\/\/www.humanlevel.com\/pt\/politica-de-qualidade\",\"name\":\"Pol\u00edtica de qualidade | Human Level\",\"isPartOf\":{\"@id\":\"https:\/\/www.humanlevel.com\/pt#website\"},\"primaryImageOfPage\":{\"@id\":\"https:\/\/www.humanlevel.com\/pt\/politica-de-qualidade#primaryimage\"},\"image\":{\"@id\":\"https:\/\/www.humanlevel.com\/pt\/politica-de-qualidade#primaryimage\"},\"thumbnailUrl\":\"https:\/\/www.humanlevel.com\/wp-content\/uploads\/iso-9001-2015-humanlevel.png\",\"datePublished\":\"2023-07-05T12:26:48+00:00\",\"dateModified\":\"2025-03-06T10:13:38+00:00\",\"description\":\"Acede aqui \u00e0 Pol\u00edtica de Qualidade da HUMAN LEVEL COMMUNICATIONS SL.\",\"breadcrumb\":{\"@id\":\"https:\/\/www.humanlevel.com\/pt\/politica-de-qualidade#breadcrumb\"},\"inLanguage\":\"pt-PT\",\"potentialAction\":[{\"@type\":\"ReadAction\",\"target\":[\"https:\/\/www.humanlevel.com\/pt\/politica-de-qualidade\"]}]},{\"@type\":\"ImageObject\",\"inLanguage\":\"pt-PT\",\"@id\":\"https:\/\/www.humanlevel.com\/pt\/politica-de-qualidade#primaryimage\",\"url\":\"https:\/\/www.humanlevel.com\/wp-content\/uploads\/iso-9001-2015-humanlevel.png\",\"contentUrl\":\"https:\/\/www.humanlevel.com\/wp-content\/uploads\/iso-9001-2015-humanlevel.png\"},{\"@type\":\"BreadcrumbList\",\"@id\":\"https:\/\/www.humanlevel.com\/pt\/politica-de-qualidade#breadcrumb\",\"itemListElement\":[{\"@type\":\"ListItem\",\"position\":1,\"name\":\"Portada\",\"item\":\"https:\/\/www.humanlevel.com\/pt\"},{\"@type\":\"ListItem\",\"position\":2,\"name\":\"Pol\u00edtica de qualidade\"}]},{\"@type\":\"WebSite\",\"@id\":\"https:\/\/www.humanlevel.com\/pt#website\",\"url\":\"https:\/\/www.humanlevel.com\/pt\",\"name\":\"Human Level\",\"description\":\"Agencia SEO para grandes marcas nacionales e internacionales.\",\"publisher\":{\"@id\":\"https:\/\/www.humanlevel.com\/pt#organization\"},\"potentialAction\":[{\"@type\":\"SearchAction\",\"target\":{\"@type\":\"EntryPoint\",\"urlTemplate\":\"https:\/\/www.humanlevel.com\/pt?s={search_term_string}\"},\"query-input\":{\"@type\":\"PropertyValueSpecification\",\"valueRequired\":true,\"valueName\":\"search_term_string\"}}],\"inLanguage\":\"pt-PT\"},{\"@type\":\"Organization\",\"@id\":\"https:\/\/www.humanlevel.com\/pt#organization\",\"name\":\"Human Level\",\"url\":\"https:\/\/www.humanlevel.com\/pt\",\"logo\":{\"@type\":\"ImageObject\",\"inLanguage\":\"pt-PT\",\"@id\":\"https:\/\/www.humanlevel.com\/pt#\/schema\/logo\/image\/\",\"url\":\"https:\/\/www.humanlevel.com\/wp-content\/uploads\/logo-human-negro-1.jpg\",\"contentUrl\":\"https:\/\/www.humanlevel.com\/wp-content\/uploads\/logo-human-negro-1.jpg\",\"width\":268,\"height\":51,\"caption\":\"Human Level\"},\"image\":{\"@id\":\"https:\/\/www.humanlevel.com\/pt#\/schema\/logo\/image\/\"},\"sameAs\":[\"https:\/\/x.com\/humanlevel\"]}]}<\/script>\n","yoast_head_json":{"title":"Pol\u00edtica de qualidade | Human Level","description":"Acede aqui \u00e0 Pol\u00edtica de Qualidade da HUMAN LEVEL COMMUNICATIONS SL.","robots":{"index":"index","follow":"follow","max-snippet":"max-snippet:-1","max-image-preview":"max-image-preview:large","max-video-preview":"max-video-preview:-1"},"canonical":"https:\/\/www.humanlevel.com\/pt\/politica-de-qualidade","og_locale":"pt_PT","og_type":"article","og_title":"Pol\u00edtica de qualidade e certificado ISO 9001 da Human Level","og_description":"O ICDQ certifica que o nosso Sistema de Gest\u00e3o da Qualidade cumpre a norma UNE-EN ISO 9001:2015, aplic\u00e1vel \u00e0s actividades de marketing digital e aos servi\u00e7os de melhoria do desempenho online que oferecemos aos nossos clientes.","og_url":"https:\/\/www.humanlevel.com\/pt\/politica-de-qualidade","og_site_name":"Human Level","og_image":[{"width":2560,"height":1383,"url":"https:\/\/www.humanlevel.com\/wp-content\/uploads\/certificado-9001-scaled.jpg","type":"image\/jpeg"}],"twitter_card":"summary_large_image","twitter_title":"Pol\u00edtica de qualidade e certificado ISO 9001 da Human Level","twitter_description":"O ICDQ certifica que o nosso Sistema de Gest\u00e3o da Qualidade cumpre a norma UNE-EN ISO 9001:2015, aplic\u00e1vel \u00e0s actividades de marketing digital e aos servi\u00e7os de melhoria do desempenho online que oferecemos aos nossos clientes.","twitter_image":"https:\/\/www.humanlevel.com\/wp-content\/uploads\/certificado-9001-scaled.jpg","twitter_site":"@humanlevel","twitter_misc":{"Tempo estimado de leitura":"2 minutos"},"schema":{"@context":"https:\/\/schema.org","@graph":[{"@type":"WebPage","@id":"https:\/\/www.humanlevel.com\/pt\/politica-de-qualidade","url":"https:\/\/www.humanlevel.com\/pt\/politica-de-qualidade","name":"Pol\u00edtica de qualidade | Human Level","isPartOf":{"@id":"https:\/\/www.humanlevel.com\/pt#website"},"primaryImageOfPage":{"@id":"https:\/\/www.humanlevel.com\/pt\/politica-de-qualidade#primaryimage"},"image":{"@id":"https:\/\/www.humanlevel.com\/pt\/politica-de-qualidade#primaryimage"},"thumbnailUrl":"https:\/\/www.humanlevel.com\/wp-content\/uploads\/iso-9001-2015-humanlevel.png","datePublished":"2023-07-05T12:26:48+00:00","dateModified":"2025-03-06T10:13:38+00:00","description":"Acede aqui \u00e0 Pol\u00edtica de Qualidade da HUMAN LEVEL COMMUNICATIONS SL.","breadcrumb":{"@id":"https:\/\/www.humanlevel.com\/pt\/politica-de-qualidade#breadcrumb"},"inLanguage":"pt-PT","potentialAction":[{"@type":"ReadAction","target":["https:\/\/www.humanlevel.com\/pt\/politica-de-qualidade"]}]},{"@type":"ImageObject","inLanguage":"pt-PT","@id":"https:\/\/www.humanlevel.com\/pt\/politica-de-qualidade#primaryimage","url":"https:\/\/www.humanlevel.com\/wp-content\/uploads\/iso-9001-2015-humanlevel.png","contentUrl":"https:\/\/www.humanlevel.com\/wp-content\/uploads\/iso-9001-2015-humanlevel.png"},{"@type":"BreadcrumbList","@id":"https:\/\/www.humanlevel.com\/pt\/politica-de-qualidade#breadcrumb","itemListElement":[{"@type":"ListItem","position":1,"name":"Portada","item":"https:\/\/www.humanlevel.com\/pt"},{"@type":"ListItem","position":2,"name":"Pol\u00edtica de qualidade"}]},{"@type":"WebSite","@id":"https:\/\/www.humanlevel.com\/pt#website","url":"https:\/\/www.humanlevel.com\/pt","name":"Human Level","description":"Agencia SEO para grandes marcas nacionales e internacionales.","publisher":{"@id":"https:\/\/www.humanlevel.com\/pt#organization"},"potentialAction":[{"@type":"SearchAction","target":{"@type":"EntryPoint","urlTemplate":"https:\/\/www.humanlevel.com\/pt?s={search_term_string}"},"query-input":{"@type":"PropertyValueSpecification","valueRequired":true,"valueName":"search_term_string"}}],"inLanguage":"pt-PT"},{"@type":"Organization","@id":"https:\/\/www.humanlevel.com\/pt#organization","name":"Human Level","url":"https:\/\/www.humanlevel.com\/pt","logo":{"@type":"ImageObject","inLanguage":"pt-PT","@id":"https:\/\/www.humanlevel.com\/pt#\/schema\/logo\/image\/","url":"https:\/\/www.humanlevel.com\/wp-content\/uploads\/logo-human-negro-1.jpg","contentUrl":"https:\/\/www.humanlevel.com\/wp-content\/uploads\/logo-human-negro-1.jpg","width":268,"height":51,"caption":"Human Level"},"image":{"@id":"https:\/\/www.humanlevel.com\/pt#\/schema\/logo\/image\/"},"sameAs":["https:\/\/x.com\/humanlevel"]}]}},"_links":{"self":[{"href":"https:\/\/www.humanlevel.com\/pt\/wp-json\/wp\/v2\/pages\/78307","targetHints":{"allow":["GET"]}}],"collection":[{"href":"https:\/\/www.humanlevel.com\/pt\/wp-json\/wp\/v2\/pages"}],"about":[{"href":"https:\/\/www.humanlevel.com\/pt\/wp-json\/wp\/v2\/types\/page"}],"author":[{"embeddable":true,"href":"https:\/\/www.humanlevel.com\/pt\/wp-json\/wp\/v2\/users\/36"}],"replies":[{"embeddable":true,"href":"https:\/\/www.humanlevel.com\/pt\/wp-json\/wp\/v2\/comments?post=78307"}],"version-history":[{"count":2,"href":"https:\/\/www.humanlevel.com\/pt\/wp-json\/wp\/v2\/pages\/78307\/revisions"}],"predecessor-version":[{"id":78330,"href":"https:\/\/www.humanlevel.com\/pt\/wp-json\/wp\/v2\/pages\/78307\/revisions\/78330"}],"wp:attachment":[{"href":"https:\/\/www.humanlevel.com\/pt\/wp-json\/wp\/v2\/media?parent=78307"}],"curies":[{"name":"wp","href":"https:\/\/api.w.org\/{rel}","templated":true}]}}