{"id":78305,"date":"2024-12-16T13:47:17","date_gmt":"2024-12-16T12:47:17","guid":{"rendered":"https:\/\/www.humanlevel.com\/seo\/aso"},"modified":"2026-04-14T10:14:57","modified_gmt":"2026-04-14T08:14:57","slug":"aso","status":"publish","type":"page","link":"https:\/\/www.humanlevel.com\/pt\/seo\/aso","title":{"rendered":"ASO"},"content":{"rendered":"\n<section class=\"section-spacing\">\n<h2 class=\"gb-text\">Posiciona a tua aplica\u00e7\u00e3o onde \u00e9 realmente importante<\/h2>\n\n\n\n<p class=\"gb-text tp-subtitle\">Num mercado com milh\u00f5es de aplica\u00e7\u00f5es, destacar-se nas lojas de aplica\u00e7\u00f5es n\u00e3o \u00e9 opcional \u2013 \u00e9 crucial para o sucesso. O nosso servi\u00e7o de otimiza\u00e7\u00e3o da App Store (ASO) utiliza estrat\u00e9gias baseadas em dados e as melhores pr\u00e1ticas actualizadas para aumentar a visibilidade da sua aplica\u00e7\u00e3o, aumentar os downloads org\u00e2nicos e reduzir o custo de aquisi\u00e7\u00e3o de utilizadores.<\/p>\n<\/section>\n\n\n\n<section class=\"section-spacing rounded-xlg cta\">\n<div class=\"col40\">\n<p class=\"gb-text tp-abovetitle\">Porqu\u00ea investir na ASO?<\/p>\n\n\n\n<h2 class=\"gb-text\">Impulsiona o crescimento da tua aplica\u00e7\u00e3o<\/h2>\n<\/div>\n\n\n\n<div class=\"col60\">\n<ul class=\"tp-body-bold cta-list\">\n<li class=\"gb-text\">Aumenta a tua visibilidade org\u00e2nica<\/li>\n\n\n\n<li class=\"gb-text\">Reduz os custos de aquisi\u00e7\u00e3o<\/li>\n\n\n\n<li class=\"gb-text\">Melhora as convers\u00f5es na loja<\/li>\n\n\n\n<li class=\"gb-text\">Resultados mensur\u00e1veis desde o primeiro m\u00eas<\/li>\n<\/ul>\n\n\n\n<a class=\"gb-text btn\" href=\"#anchor-formulario\">Come\u00e7a agora<\/a>\n<\/div>\n<\/section>\n\n\n\n<section class=\"section-spacing\">\n<p class=\"gb-text tp-abovetitle\">O que \u00e9 o servi\u00e7o ASO?<\/p>\n\n\n\n<h2 class=\"gb-text\">O que inclui o nosso servi\u00e7o<\/h2>\n\n\n\n<ul class=\"service-features-3col\">\n<li class=\"service-feature\">\n<span class=\"gb-shape service-feature-icon\"><svg xmlns=\"http:\/\/www.w3.org\/2000\/svg\" fill=\"none\" viewBox=\"0 0 24 24\" height=\"24\" width=\"24\">\n  <path fill=\"transparent\" stroke-linejoin=\"round\" stroke-linecap=\"round\" stroke-width=\"2\" stroke=\"currentColor\" d=\"M12 15C15.866 15 19 11.866 19 8C19 4.13401 15.866 1 12 1C8.13401 1 5 4.13401 5 8C5 11.866 8.13401 15 12 15Z\"><\/path>\n  <path fill=\"transparent\" stroke-linejoin=\"round\" stroke-linecap=\"round\" stroke-width=\"2\" stroke=\"currentColor\" d=\"M8.21 13.8909L7 23.0009L12 20.0009L17 23.0009L15.79 13.8809\"><\/path>\n<\/svg><\/span>\n\n\n\n<div>\n<h3 class=\"gb-text tp-h4\">An\u00e1lise da concorr\u00eancia<\/h3>\n\n\n\n<p class=\"gb-text\">Estudo exaustivo das palavras-chave, metadados e estrat\u00e9gias de promo\u00e7\u00e3o das refer\u00eancias na tua categoria para identificar oportunidades de diferencia\u00e7\u00e3o.<\/p>\n<\/div>\n<\/li>\n\n\n\n<li class=\"service-feature\">\n<span class=\"gb-shape service-feature-icon\"><svg xmlns=\"http:\/\/www.w3.org\/2000\/svg\" fill=\"none\" viewBox=\"0 0 24 24\" height=\"24\" width=\"24\">\n  <path fill=\"transparent\" stroke-linejoin=\"round\" stroke-linecap=\"round\" stroke-width=\"2\" stroke=\"currentColor\" d=\"M14 2H6C5.46957 2 4.96086 2.21071 4.58579 2.58579C4.21071 2.96086 4 3.46957 4 4V20C4 20.5304 4.21071 21.0391 4.58579 21.4142C4.96086 21.7893 5.46957 22 6 22H18C18.5304 22 19.0391 21.7893 19.4142 21.4142C19.7893 21.0391 20 20.5304 20 20V8L14 2Z\"><\/path>\n  <path fill=\"transparent\" stroke-linejoin=\"round\" stroke-linecap=\"round\" stroke-width=\"2\" stroke=\"currentColor\" d=\"M14 2V8H20\"><\/path>\n  <path fill=\"transparent\" stroke-linejoin=\"round\" stroke-linecap=\"round\" stroke-width=\"2\" stroke=\"currentColor\" d=\"M16 13H8\"><\/path>\n  <path fill=\"transparent\" stroke-linejoin=\"round\" stroke-linecap=\"round\" stroke-width=\"2\" stroke=\"currentColor\" d=\"M16 17H8\"><\/path>\n  <path fill=\"transparent\" stroke-linejoin=\"round\" stroke-linecap=\"round\" stroke-width=\"2\" stroke=\"currentColor\" d=\"M10 9H9H8\"><\/path>\n<\/svg><\/span>\n\n\n\n<div>\n<h3 class=\"gb-text tp-h4\">Otimiza\u00e7\u00e3o dos metadados<\/h3>\n\n\n\n<p class=\"gb-text\">Refinamento do t\u00edtulo, subt\u00edtulo, descri\u00e7\u00e3o e palavras-chave para maximizar o impacto nos algoritmos de pesquisa.<\/p>\n<\/div>\n<\/li>\n\n\n\n<li class=\"service-feature\">\n<span class=\"gb-shape service-feature-icon\"><svg xmlns=\"http:\/\/www.w3.org\/2000\/svg\" fill=\"none\" viewBox=\"0 0 24 24\" height=\"24\" width=\"24\">\n<path fill=\"transparent\" stroke-linejoin=\"round\" stroke-linecap=\"round\" stroke-width=\"2\" stroke=\"currentColor\" d=\"M21 10C21 17 12 23 12 23C12 23 3 17 3 10C3 7.61305 3.94821 5.32387 5.63604 3.63604C7.32387 1.94821 9.61305 1 12 1C14.3869 1 16.6761 1.94821 18.364 3.63604C20.0518 5.32387 21 7.61305 21 10Z\"><\/path>\n<path fill=\"transparent\" stroke-linejoin=\"round\" stroke-linecap=\"round\" stroke-width=\"2\" stroke=\"currentColor\" d=\"M12 13C13.6569 13 15 11.6569 15 10C15 8.34315 13.6569 7 12 7C10.3431 7 9 8.34315 9 10C9 11.6569 10.3431 13 12 13Z\"><\/path>\n<\/svg><\/span>\n\n\n\n<div>\n<h3 class=\"gb-text tp-h4\">Localiza\u00e7\u00e3o da ASO<\/h3>\n\n\n\n<p class=\"gb-text\">Adapta\u00e7\u00e3o lingu\u00edstica e cultural de todos os elementos para cada mercado-alvo, garantindo a relev\u00e2ncia local.<\/p>\n<\/div>\n<\/li>\n\n\n\n<li class=\"service-feature\">\n<span class=\"gb-shape service-feature-icon\"><svg xmlns=\"http:\/\/www.w3.org\/2000\/svg\" fill=\"none\" viewBox=\"0 0 24 24\" height=\"24\" width=\"24\">\n  <path fill=\"transparent\" stroke-linejoin=\"round\" stroke-linecap=\"round\" stroke-width=\"2\" stroke=\"currentColor\" d=\"M19.82 2H4.18C2.97602 2 2 2.97602 2 4.18V19.82C2 21.024 2.97602 22 4.18 22H19.82C21.024 22 22 21.024 22 19.82V4.18C22 2.97602 21.024 2 19.82 2Z\"><\/path>\n  <path fill=\"transparent\" stroke-linejoin=\"round\" stroke-linecap=\"round\" stroke-width=\"2\" stroke=\"currentColor\" d=\"M7 2V22\"><\/path>\n  <path fill=\"transparent\" stroke-linejoin=\"round\" stroke-linecap=\"round\" stroke-width=\"2\" stroke=\"currentColor\" d=\"M17 2V22\"><\/path>\n  <path fill=\"transparent\" stroke-linejoin=\"round\" stroke-linecap=\"round\" stroke-width=\"2\" stroke=\"currentColor\" d=\"M2 12H22\"><\/path>\n  <path fill=\"transparent\" stroke-linejoin=\"round\" stroke-linecap=\"round\" stroke-width=\"2\" stroke=\"currentColor\" d=\"M2 7H7\"><\/path>\n  <path fill=\"transparent\" stroke-linejoin=\"round\" stroke-linecap=\"round\" stroke-width=\"2\" stroke=\"currentColor\" d=\"M2 17H7\"><\/path>\n  <path fill=\"transparent\" stroke-linejoin=\"round\" stroke-linecap=\"round\" stroke-width=\"2\" stroke=\"currentColor\" d=\"M17 17H22\"><\/path>\n  <path fill=\"transparent\" stroke-linejoin=\"round\" stroke-linecap=\"round\" stroke-width=\"2\" stroke=\"currentColor\" d=\"M17 7H22\"><\/path>\n<\/svg><\/span>\n\n\n\n<div>\n<h3 class=\"gb-text tp-h4\">Otimiza\u00e7\u00e3o visual<\/h3>\n\n\n\n<p class=\"gb-text\">An\u00e1lise e recomenda\u00e7\u00f5es para \u00edcones, capturas de ecr\u00e3 e v\u00eddeos promocionais com base em testes A\/B.<\/p>\n<\/div>\n<\/li>\n\n\n\n<li class=\"service-feature\">\n<span class=\"gb-shape service-feature-icon\"><svg xmlns=\"http:\/\/www.w3.org\/2000\/svg\" fill=\"none\" viewBox=\"0 0 24 24\" height=\"24\" width=\"24\">\n<path fill=\"transparent\" stroke-linejoin=\"round\" stroke-linecap=\"round\" stroke-width=\"2\" stroke=\"currentColor\" d=\"M23 6L13.5 15.5L8.5 10.5L1 18\"><\/path>\n<path fill=\"transparent\" stroke-linejoin=\"round\" stroke-linecap=\"round\" stroke-width=\"2\" stroke=\"currentColor\" d=\"M17 6H23V12\"><\/path>\n<\/svg><\/span>\n\n\n\n<div>\n<h3 class=\"gb-text tp-h4\">Aumenta a visibilidade<\/h3>\n\n\n\n<p class=\"gb-text\">Gera\u00e7\u00e3o de conte\u00fados em suportes pr\u00f3prios e de terceiros com o objetivo de atrair visitantes que se tornem utilizadores da aplica\u00e7\u00e3o.<\/p>\n<\/div>\n<\/li>\n\n\n\n<li class=\"service-feature\">\n<span class=\"gb-shape service-feature-icon\"><svg xmlns=\"http:\/\/www.w3.org\/2000\/svg\" fill=\"none\" viewBox=\"0 0 24 24\" height=\"24\" width=\"24\">\n  <path fill=\"transparent\" stroke-linejoin=\"round\" stroke-linecap=\"round\" stroke-width=\"2\" stroke=\"currentColor\" d=\"M22 12H18L15 21L9 3L6 12H2\"><\/path>\n<\/svg><\/span>\n\n\n\n<div>\n<h3 class=\"gb-text tp-h4\">Acompanhamento das classifica\u00e7\u00f5es<\/h3>\n\n\n\n<p class=\"gb-text\">Monitoriza\u00e7\u00e3o cont\u00ednua das posi\u00e7\u00f5es por palavra-chave e categoria, com relat\u00f3rios peri\u00f3dicos de progresso.<\/p>\n<\/div>\n<\/li>\n<\/ul>\n<\/section>\n\n\n\n<section class=\"section-spacing roadmap-section\">\n<div>\n<p class=\"gb-text tp-abovetitle\">O nosso processo<\/p>\n\n\n\n<h2 class=\"gb-text\">\u00c9 assim que \u00e9 trabalhar connosco<\/h2>\n\n\n\n<p class=\"gb-text tp-subtitle\">Trabalharemos em conjunto com uma comunica\u00e7\u00e3o fluida, transparente e pr\u00f3xima.<\/p>\n<\/div>\n\n\n\n<ol class=\"roadmap-list\">\n<li>\n<span class=\"gb-text roadmap-number\">1<\/span>\n\n\n\n<h3 class=\"gb-text tp-h4\">Auditoria inicial<\/h3>\n\n\n\n<p class=\"gb-text\">Avaliamos o estado atual da tua aplica\u00e7\u00e3o, analisamos as principais m\u00e9tricas e definimos objectivos de posicionamento espec\u00edficos.<\/p>\n<\/li>\n\n\n\n<li>\n<span class=\"gb-text roadmap-number\">2<\/span>\n\n\n\n<h3 class=\"gb-text tp-h4\">Desenvolvimento estrat\u00e9gico<\/h3>\n\n\n\n<p class=\"gb-text\">Criamos uma estrat\u00e9gia personalizada com base na pesquisa de palavras-chave, an\u00e1lise da concorr\u00eancia e oportunidades de mercado.<\/p>\n<\/li>\n\n\n\n<li>\n<span class=\"gb-text roadmap-number\">3<\/span>\n\n\n\n<h3 class=\"gb-text tp-h4\">Acompanhamento na implementa\u00e7\u00e3o<\/h3>\n\n\n\n<p class=\"gb-text\">Oferecemos optimiza\u00e7\u00f5es priorit\u00e1rias, acompanhamos a implementa\u00e7\u00e3o e monitorizamos o impacto em tempo real, ajustando-o conforme necess\u00e1rio.<\/p>\n<\/li>\n\n\n\n<li>\n<span class=\"gb-text roadmap-number\">4<\/span>\n\n\n\n<h3 class=\"gb-text tp-h4\">Melhoria cont\u00ednua<\/h3>\n\n\n\n<p class=\"gb-text\">Aperfei\u00e7oamos a estrat\u00e9gia mensalmente com base nos dados de desempenho e nos desenvolvimentos do mercado. Criamos um calend\u00e1rio estrat\u00e9gico de actualiza\u00e7\u00f5es de conte\u00fados para manter a din\u00e2mica de crescimento.<\/p>\n<\/li>\n<\/ol>\n<\/section>\n\n\n\n<section class=\"section-spacing faq-section\">\n<div>\n<h2 class=\"gb-text\">Perguntas mais frequentes<\/h2>\n\n\n\n<p class=\"gb-text tp-subtitle gb-text-68673e82\">Tens uma pergunta que n\u00e3o respondemos? N\u00e3o hesites em contactar-nos.<\/p>\n\n\n\n<a class=\"gb-text btn\" href=\"#anchor-formulario\">Contacto<\/a>\n<\/div>\n\n\n\n<div class=\"gb-accordion faq-accordion\" data-transition=\"slide\">\n<div class=\"gb-accordion__item faq-accordion-item gb-accordion__item-open\">\n<div role=\"button\" tabindex=\"0\" class=\"gb-accordion__toggle faq-accordion-toggle tp-body-bold gb-block-is-current\" id=\"gb-accordion-toggle-e3406046\">\n<h3 class=\"gb-text\">O servi\u00e7o inclui a implementa\u00e7\u00e3o das altera\u00e7\u00f5es?<\/h3>\n\n\n\n<span class=\"gb-accordion__toggle-icon gb-accordion__toggle-icon-641d67e9\"><span class=\"gb-accordion__toggle-icon-open\"><svg aria-hidden=\"true\" viewBox=\"0 0 256 256\"><rect width=\"256\" height=\"256\" fill=\"none\"><\/rect><polyline points=\"208 96 128 176 48 96\" fill=\"none\" stroke=\"currentColor\" stroke-linecap=\"round\" stroke-linejoin=\"round\" stroke-width=\"16\"><\/polyline><\/svg><\/span><span class=\"gb-accordion__toggle-icon-close\"><svg aria-hidden=\"true\" viewBox=\"0 0 256 256\"><rect width=\"256\" height=\"256\" fill=\"none\"><\/rect><polyline points=\"48 160 128 80 208 160\" fill=\"none\" stroke=\"currentColor\" stroke-linecap=\"round\" stroke-linejoin=\"round\" stroke-width=\"16\"><\/polyline><\/svg><\/span><\/span>\n<\/div>\n\n\n\n<div class=\"gb-accordion__content\" id=\"gb-accordion-content-a35844c5\">\n<div class=\"faq-accordion-answer\">\n<p>Fornecemos todos os elementos optimizados prontos a implementar, juntamente com guias de implementa\u00e7\u00e3o detalhados. A implementa\u00e7\u00e3o t\u00e9cnica pode ser feita pela tua equipa ou podemos coordenar com eles.<\/p>\n<\/div>\n<\/div>\n<\/div>\n\n\n\n<div class=\"gb-accordion__item faq-accordion-item\">\n<div role=\"button\" tabindex=\"0\" class=\"gb-accordion__toggle tp-body-bold faq-accordion-toggle\" id=\"gb-accordion-toggle-432626be\">\n<h3 class=\"gb-text\">O que acontece se eu j\u00e1 tiver palavras-chave posicionadas?<\/h3>\n\n\n\n<span class=\"gb-accordion__toggle-icon gb-accordion__toggle-icon-06807bd1\"><span class=\"gb-accordion__toggle-icon-open\"><svg aria-hidden=\"true\" viewBox=\"0 0 256 256\"><rect width=\"256\" height=\"256\" fill=\"none\"><\/rect><polyline points=\"208 96 128 176 48 96\" fill=\"none\" stroke=\"currentColor\" stroke-linecap=\"round\" stroke-linejoin=\"round\" stroke-width=\"16\"><\/polyline><\/svg><\/span><span class=\"gb-accordion__toggle-icon-close\"><svg aria-hidden=\"true\" viewBox=\"0 0 256 256\"><rect width=\"256\" height=\"256\" fill=\"none\"><\/rect><polyline points=\"48 160 128 80 208 160\" fill=\"none\" stroke=\"currentColor\" stroke-linecap=\"round\" stroke-linejoin=\"round\" stroke-width=\"16\"><\/polyline><\/svg><\/span><\/span>\n<\/div>\n\n\n\n<div class=\"gb-accordion__content\" id=\"gb-accordion-content-c4b0b980\">\n<div class=\"faq-accordion-answer\">\n<p>A nossa estrat\u00e9gia preserva e baseia-se nas tuas classifica\u00e7\u00f5es existentes. Fazemos uma transi\u00e7\u00e3o cuidadosa para manter as classifica\u00e7\u00f5es em palavras-chave valiosas enquanto expandimos a tua visibilidade.<\/p>\n<\/div>\n<\/div>\n<\/div>\n\n\n\n<div class=\"gb-accordion__item faq-accordion-item\">\n<div role=\"button\" tabindex=\"0\" class=\"gb-accordion__toggle tp-body-bold faq-accordion-toggle\" id=\"gb-accordion-toggle-396bbaf8\">\n<h3 class=\"gb-text\">Com que frequ\u00eancia s\u00e3o actualizadas as optimiza\u00e7\u00f5es?<\/h3>\n\n\n\n<span class=\"gb-accordion__toggle-icon gb-accordion__toggle-icon-a6a29b98\"><span class=\"gb-accordion__toggle-icon-open\"><svg aria-hidden=\"true\" viewBox=\"0 0 256 256\"><rect width=\"256\" height=\"256\" fill=\"none\"><\/rect><polyline points=\"208 96 128 176 48 96\" fill=\"none\" stroke=\"currentColor\" stroke-linecap=\"round\" stroke-linejoin=\"round\" stroke-width=\"16\"><\/polyline><\/svg><\/span><span class=\"gb-accordion__toggle-icon-close\"><svg aria-hidden=\"true\" viewBox=\"0 0 256 256\"><rect width=\"256\" height=\"256\" fill=\"none\"><\/rect><polyline points=\"48 160 128 80 208 160\" fill=\"none\" stroke=\"currentColor\" stroke-linecap=\"round\" stroke-linejoin=\"round\" stroke-width=\"16\"><\/polyline><\/svg><\/span><\/span>\n<\/div>\n\n\n\n<div class=\"gb-accordion__content\" id=\"gb-accordion-content-b31d8e0d\">\n<div class=\"faq-accordion-answer\">\n<p>Fazemos pequenos ajustes semanais com base nos dados de desempenho. As principais actualiza\u00e7\u00f5es de conte\u00fados s\u00e3o agendadas mensalmente, de acordo com o teu calend\u00e1rio de lan\u00e7amentos.<\/p>\n<\/div>\n<\/div>\n<\/div>\n\n\n\n<div class=\"gb-accordion__item faq-accordion-item\">\n<div role=\"button\" tabindex=\"0\" class=\"gb-accordion__toggle tp-body-bold faq-accordion-toggle\" id=\"gb-accordion-toggle-c0955093\">\n<h3 class=\"gb-text\">Para que lojas de aplica\u00e7\u00f5es oferecem o servi\u00e7o?<\/h3>\n\n\n\n<span class=\"gb-accordion__toggle-icon gb-accordion__toggle-icon-89f13316\"><span class=\"gb-accordion__toggle-icon-open\"><svg aria-hidden=\"true\" viewBox=\"0 0 256 256\"><rect width=\"256\" height=\"256\" fill=\"none\"><\/rect><polyline points=\"208 96 128 176 48 96\" fill=\"none\" stroke=\"currentColor\" stroke-linecap=\"round\" stroke-linejoin=\"round\" stroke-width=\"16\"><\/polyline><\/svg><\/span><span class=\"gb-accordion__toggle-icon-close\"><svg aria-hidden=\"true\" viewBox=\"0 0 256 256\"><rect width=\"256\" height=\"256\" fill=\"none\"><\/rect><polyline points=\"48 160 128 80 208 160\" fill=\"none\" stroke=\"currentColor\" stroke-linecap=\"round\" stroke-linejoin=\"round\" stroke-width=\"16\"><\/polyline><\/svg><\/span><\/span>\n<\/div>\n\n\n\n<div class=\"gb-accordion__content\" id=\"gb-accordion-content-dd126810\">\n<div class=\"faq-accordion-answer\">\n<p>Analisamos e damos recomenda\u00e7\u00f5es para a loja de aplica\u00e7\u00f5es Android no Google Play e na App Store da Apple. Dispomos de ferramentas que nos permitem conhecer o posicionamento da tua aplica\u00e7\u00e3o em ambas as plataformas.<\/p>\n<\/div>\n<\/div>\n<\/div>\n<\/div>\n<\/section>\n","protected":false},"excerpt":{"rendered":"<p>Posiciona a tua aplica\u00e7\u00e3o onde \u00e9 realmente importante Num mercado com milh\u00f5es de aplica\u00e7\u00f5es, destacar-se nas&#8230;<\/p>\n","protected":false},"author":50,"featured_media":89516,"parent":78265,"menu_order":0,"comment_status":"closed","ping_status":"closed","template":"","meta":{"_acf_changed":false,"footnotes":""},"class_list":["post-78305","page","type-page","status-publish","has-post-thumbnail"],"acf":[],"yoast_head":"<!-- This site is optimized with the Yoast SEO plugin v27.5 - https:\/\/yoast.com\/product\/yoast-seo-wordpress\/ -->\n<title>Ag\u00eancia ASO | Human Level<\/title>\n<meta name=\"description\" content=\"Posicionamos a tua aplica\u00e7\u00e3o nas principais lojas de aplica\u00e7\u00f5es: Google Play para Android e App Store da Apple. Contacta-nos e aumenta os teus downloads!\" \/>\n<meta name=\"robots\" content=\"index, follow, max-snippet:-1, max-image-preview:large, max-video-preview:-1\" \/>\n<link rel=\"canonical\" href=\"https:\/\/www.humanlevel.com\/pt\/seo\/aso\" \/>\n<meta property=\"og:locale\" content=\"pt_PT\" \/>\n<meta property=\"og:type\" content=\"article\" \/>\n<meta property=\"og:title\" content=\"Ag\u00eancia ASO | Human Level\" \/>\n<meta property=\"og:description\" content=\"Posicionamos a tua aplica\u00e7\u00e3o nas principais lojas de aplica\u00e7\u00f5es: Google Play para Android e App Store da Apple. Contacta-nos e aumenta os teus downloads!\" \/>\n<meta property=\"og:url\" content=\"https:\/\/www.humanlevel.com\/pt\/seo\/aso\" \/>\n<meta property=\"og:site_name\" content=\"Human Level\" \/>\n<meta property=\"og:image\" content=\"https:\/\/www.humanlevel.com\/wp-content\/uploads\/aso-desktop.jpg\" \/>\n\t<meta property=\"og:image:width\" content=\"1440\" \/>\n\t<meta property=\"og:image:height\" content=\"489\" \/>\n\t<meta property=\"og:image:type\" content=\"image\/jpeg\" \/>\n<meta name=\"twitter:card\" content=\"summary_large_image\" \/>\n<meta name=\"twitter:label1\" content=\"Tempo estimado de leitura\" \/>\n\t<meta name=\"twitter:data1\" content=\"7 minutos\" \/>\n<script type=\"application\/ld+json\" class=\"yoast-schema-graph\">{\"@context\":\"https:\\\/\\\/schema.org\",\"@graph\":[{\"@type\":\"WebPage\",\"@id\":\"https:\\\/\\\/www.humanlevel.com\\\/pt\\\/seo\\\/aso\",\"url\":\"https:\\\/\\\/www.humanlevel.com\\\/pt\\\/seo\\\/aso\",\"name\":\"Ag\u00eancia ASO | Human Level\",\"isPartOf\":{\"@id\":\"https:\\\/\\\/www.humanlevel.com\\\/pt#website\"},\"primaryImageOfPage\":{\"@id\":\"https:\\\/\\\/www.humanlevel.com\\\/pt\\\/seo\\\/aso#primaryimage\"},\"image\":{\"@id\":\"https:\\\/\\\/www.humanlevel.com\\\/pt\\\/seo\\\/aso#primaryimage\"},\"thumbnailUrl\":\"https:\\\/\\\/www.humanlevel.com\\\/wp-content\\\/uploads\\\/hl-og-servicios.jpg\",\"datePublished\":\"2024-12-16T12:47:17+00:00\",\"dateModified\":\"2026-04-14T08:14:57+00:00\",\"description\":\"Posicionamos a tua aplica\u00e7\u00e3o nas principais lojas de aplica\u00e7\u00f5es: Google Play para Android e App Store da Apple. Contacta-nos e aumenta os teus downloads!\",\"breadcrumb\":{\"@id\":\"https:\\\/\\\/www.humanlevel.com\\\/pt\\\/seo\\\/aso#breadcrumb\"},\"inLanguage\":\"pt-PT\",\"potentialAction\":[{\"@type\":\"ReadAction\",\"target\":[\"https:\\\/\\\/www.humanlevel.com\\\/pt\\\/seo\\\/aso\"]}]},{\"@type\":\"ImageObject\",\"inLanguage\":\"pt-PT\",\"@id\":\"https:\\\/\\\/www.humanlevel.com\\\/pt\\\/seo\\\/aso#primaryimage\",\"url\":\"https:\\\/\\\/www.humanlevel.com\\\/wp-content\\\/uploads\\\/hl-og-servicios.jpg\",\"contentUrl\":\"https:\\\/\\\/www.humanlevel.com\\\/wp-content\\\/uploads\\\/hl-og-servicios.jpg\",\"width\":1200,\"height\":630},{\"@type\":\"BreadcrumbList\",\"@id\":\"https:\\\/\\\/www.humanlevel.com\\\/pt\\\/seo\\\/aso#breadcrumb\",\"itemListElement\":[{\"@type\":\"ListItem\",\"position\":1,\"name\":\"Inicio\",\"item\":\"https:\\\/\\\/www.humanlevel.com\\\/pt\"},{\"@type\":\"ListItem\",\"position\":2,\"name\":\"SEO\",\"item\":\"https:\\\/\\\/www.humanlevel.com\\\/pt\\\/seo\"},{\"@type\":\"ListItem\",\"position\":3,\"name\":\"ASO\"}]},{\"@type\":\"WebSite\",\"@id\":\"https:\\\/\\\/www.humanlevel.com\\\/pt#website\",\"url\":\"https:\\\/\\\/www.humanlevel.com\\\/pt\",\"name\":\"Human Level\",\"description\":\"Agencia SEO para grandes marcas nacionales e internacionales.\",\"publisher\":{\"@id\":\"https:\\\/\\\/www.humanlevel.com\\\/pt#organization\"},\"potentialAction\":[{\"@type\":\"SearchAction\",\"target\":{\"@type\":\"EntryPoint\",\"urlTemplate\":\"https:\\\/\\\/www.humanlevel.com\\\/pt?s={search_term_string}\"},\"query-input\":{\"@type\":\"PropertyValueSpecification\",\"valueRequired\":true,\"valueName\":\"search_term_string\"}}],\"inLanguage\":\"pt-PT\"},{\"@type\":\"Organization\",\"@id\":\"https:\\\/\\\/www.humanlevel.com\\\/pt#organization\",\"name\":\"Human Level\",\"url\":\"https:\\\/\\\/www.humanlevel.com\\\/pt\",\"logo\":{\"@type\":\"ImageObject\",\"inLanguage\":\"pt-PT\",\"@id\":\"https:\\\/\\\/www.humanlevel.com\\\/pt#\\\/schema\\\/logo\\\/image\\\/\",\"url\":\"https:\\\/\\\/www.humanlevel.com\\\/wp-content\\\/uploads\\\/logohl25x3.png\",\"contentUrl\":\"https:\\\/\\\/www.humanlevel.com\\\/wp-content\\\/uploads\\\/logohl25x3.png\",\"width\":600,\"height\":93,\"caption\":\"Human Level\"},\"image\":{\"@id\":\"https:\\\/\\\/www.humanlevel.com\\\/pt#\\\/schema\\\/logo\\\/image\\\/\"},\"sameAs\":[\"https:\\\/\\\/www.linkedin.com\\\/company\\\/human-level-communications\",\"https:\\\/\\\/www.youtube.com\\\/user\\\/humanlevelcommunica\",\"https:\\\/\\\/bsky.app\\\/profile\\\/humanlevel.bsky.social\",\"https:\\\/\\\/instagram.com\\\/humanlevel\"]}]}<\/script>\n<!-- \/ Yoast SEO plugin. -->","yoast_head_json":{"title":"Ag\u00eancia ASO | Human Level","description":"Posicionamos a tua aplica\u00e7\u00e3o nas principais lojas de aplica\u00e7\u00f5es: Google Play para Android e App Store da Apple. Contacta-nos e aumenta os teus downloads!","robots":{"index":"index","follow":"follow","max-snippet":"max-snippet:-1","max-image-preview":"max-image-preview:large","max-video-preview":"max-video-preview:-1"},"canonical":"https:\/\/www.humanlevel.com\/pt\/seo\/aso","og_locale":"pt_PT","og_type":"article","og_title":"Ag\u00eancia ASO | Human Level","og_description":"Posicionamos a tua aplica\u00e7\u00e3o nas principais lojas de aplica\u00e7\u00f5es: Google Play para Android e App Store da Apple. Contacta-nos e aumenta os teus downloads!","og_url":"https:\/\/www.humanlevel.com\/pt\/seo\/aso","og_site_name":"Human Level","og_image":[{"width":1440,"height":489,"url":"https:\/\/www.humanlevel.com\/wp-content\/uploads\/aso-desktop.jpg","type":"image\/jpeg"}],"twitter_card":"summary_large_image","twitter_misc":{"Tempo estimado de leitura":"7 minutos"},"schema":{"@context":"https:\/\/schema.org","@graph":[{"@type":"WebPage","@id":"https:\/\/www.humanlevel.com\/pt\/seo\/aso","url":"https:\/\/www.humanlevel.com\/pt\/seo\/aso","name":"Ag\u00eancia ASO | Human Level","isPartOf":{"@id":"https:\/\/www.humanlevel.com\/pt#website"},"primaryImageOfPage":{"@id":"https:\/\/www.humanlevel.com\/pt\/seo\/aso#primaryimage"},"image":{"@id":"https:\/\/www.humanlevel.com\/pt\/seo\/aso#primaryimage"},"thumbnailUrl":"https:\/\/www.humanlevel.com\/wp-content\/uploads\/hl-og-servicios.jpg","datePublished":"2024-12-16T12:47:17+00:00","dateModified":"2026-04-14T08:14:57+00:00","description":"Posicionamos a tua aplica\u00e7\u00e3o nas principais lojas de aplica\u00e7\u00f5es: Google Play para Android e App Store da Apple. Contacta-nos e aumenta os teus downloads!","breadcrumb":{"@id":"https:\/\/www.humanlevel.com\/pt\/seo\/aso#breadcrumb"},"inLanguage":"pt-PT","potentialAction":[{"@type":"ReadAction","target":["https:\/\/www.humanlevel.com\/pt\/seo\/aso"]}]},{"@type":"ImageObject","inLanguage":"pt-PT","@id":"https:\/\/www.humanlevel.com\/pt\/seo\/aso#primaryimage","url":"https:\/\/www.humanlevel.com\/wp-content\/uploads\/hl-og-servicios.jpg","contentUrl":"https:\/\/www.humanlevel.com\/wp-content\/uploads\/hl-og-servicios.jpg","width":1200,"height":630},{"@type":"BreadcrumbList","@id":"https:\/\/www.humanlevel.com\/pt\/seo\/aso#breadcrumb","itemListElement":[{"@type":"ListItem","position":1,"name":"Inicio","item":"https:\/\/www.humanlevel.com\/pt"},{"@type":"ListItem","position":2,"name":"SEO","item":"https:\/\/www.humanlevel.com\/pt\/seo"},{"@type":"ListItem","position":3,"name":"ASO"}]},{"@type":"WebSite","@id":"https:\/\/www.humanlevel.com\/pt#website","url":"https:\/\/www.humanlevel.com\/pt","name":"Human Level","description":"Agencia SEO para grandes marcas nacionales e internacionales.","publisher":{"@id":"https:\/\/www.humanlevel.com\/pt#organization"},"potentialAction":[{"@type":"SearchAction","target":{"@type":"EntryPoint","urlTemplate":"https:\/\/www.humanlevel.com\/pt?s={search_term_string}"},"query-input":{"@type":"PropertyValueSpecification","valueRequired":true,"valueName":"search_term_string"}}],"inLanguage":"pt-PT"},{"@type":"Organization","@id":"https:\/\/www.humanlevel.com\/pt#organization","name":"Human Level","url":"https:\/\/www.humanlevel.com\/pt","logo":{"@type":"ImageObject","inLanguage":"pt-PT","@id":"https:\/\/www.humanlevel.com\/pt#\/schema\/logo\/image\/","url":"https:\/\/www.humanlevel.com\/wp-content\/uploads\/logohl25x3.png","contentUrl":"https:\/\/www.humanlevel.com\/wp-content\/uploads\/logohl25x3.png","width":600,"height":93,"caption":"Human Level"},"image":{"@id":"https:\/\/www.humanlevel.com\/pt#\/schema\/logo\/image\/"},"sameAs":["https:\/\/www.linkedin.com\/company\/human-level-communications","https:\/\/www.youtube.com\/user\/humanlevelcommunica","https:\/\/bsky.app\/profile\/humanlevel.bsky.social","https:\/\/instagram.com\/humanlevel"]}]}},"_links":{"self":[{"href":"https:\/\/www.humanlevel.com\/pt\/wp-json\/wp\/v2\/pages\/78305","targetHints":{"allow":["GET"]}}],"collection":[{"href":"https:\/\/www.humanlevel.com\/pt\/wp-json\/wp\/v2\/pages"}],"about":[{"href":"https:\/\/www.humanlevel.com\/pt\/wp-json\/wp\/v2\/types\/page"}],"author":[{"embeddable":true,"href":"https:\/\/www.humanlevel.com\/pt\/wp-json\/wp\/v2\/users\/50"}],"replies":[{"embeddable":true,"href":"https:\/\/www.humanlevel.com\/pt\/wp-json\/wp\/v2\/comments?post=78305"}],"version-history":[{"count":4,"href":"https:\/\/www.humanlevel.com\/pt\/wp-json\/wp\/v2\/pages\/78305\/revisions"}],"predecessor-version":[{"id":88009,"href":"https:\/\/www.humanlevel.com\/pt\/wp-json\/wp\/v2\/pages\/78305\/revisions\/88009"}],"up":[{"embeddable":true,"href":"https:\/\/www.humanlevel.com\/pt\/wp-json\/wp\/v2\/pages\/78265"}],"wp:featuredmedia":[{"embeddable":true,"href":"https:\/\/www.humanlevel.com\/pt\/wp-json\/wp\/v2\/media\/89516"}],"wp:attachment":[{"href":"https:\/\/www.humanlevel.com\/pt\/wp-json\/wp\/v2\/media?parent=78305"}],"curies":[{"name":"wp","href":"https:\/\/api.w.org\/{rel}","templated":true}]}}