{"id":78304,"date":"2024-12-16T13:47:26","date_gmt":"2024-12-16T12:47:26","guid":{"rendered":"https:\/\/www.humanlevel.com\/seo\/ia"},"modified":"2026-01-26T09:39:27","modified_gmt":"2026-01-26T08:39:27","slug":"ia","status":"publish","type":"page","link":"https:\/\/www.humanlevel.com\/pt\/seo\/ia","title":{"rendered":"IA"},"content":{"rendered":"<p><div class=\"row\"><div class=\"col section1\"><div class=\"container\"><div class=\"row mb-4\"><div class=\"col section1_col1 col-12\"><div class=\"mb-4\"><\/p>\n<div class=\"section1_p1 estilo_titulo_seccion\">\n<h2>A precis\u00e3o encontra-se com a escala<\/h2>\n<\/div>\n<div class=\"section1_p2 estilo_contenido_5\">\n<p>A intelig\u00eancia artificial est\u00e1 a transformar o SEO, permitindo an\u00e1lises mais profundas, melhorando a efici\u00eancia de processos repetitivos e aplicando optimiza\u00e7\u00f5es mais precisas do que nunca. Na Human Level, combinamos a utiliza\u00e7\u00e3o de modelos avan\u00e7ados de IA com a experi\u00eancia dos nossos consultores para identificar oportunidades ocultas, automatizar tarefas e gerar conte\u00fados alinhados com as pesquisas dos utilizadores. O resultado: estrat\u00e9gias de SEO mais eficazes, implementadas mais rapidamente e com resultados mais previs\u00edveis.<\/p>\n<\/div>\n<p><\/div><\/div><\/div><\/div><\/div><\/div><div class=\"row vc_custom_1675958803271\" style=\"background-color: #f9f9fb !important;\" ><div class=\"col section2\"><div class=\"container\"><div class=\"row mb-4\"><div class=\"col-md-6 section2_col1 col-12 col-md-12 col-lg-6\"><div class=\"mb-4\"><\/p>\n<div class=\"section2_col1_p1 estilo_contenido_4\"><span class=\"notion-enable-hover\" data-token-index=\"0\">Porqu\u00ea investir em SEO potencializado pela IA?<\/span><\/div>\n<div class=\"section2_col1_p2 estilo_titulo_seccion\">\n<h2>Descobre o futuro da SEO<\/h2>\n<\/div>\n<p><\/div><\/div><div class=\"col-md-6 section2_col2 col-12 col-md-12 col-lg-6 estilo_contenido_2\"><div class=\"mb-4\"><\/p>\n<div class=\"section2_lista\">\n<ul>\n<li>An\u00e1lise mais precisa da concorr\u00eancia<\/li>\n<li>Aumenta a identifica\u00e7\u00e3o de oportunidades<\/li>\n<li>Cria\u00e7\u00e3o supervisionada de conte\u00fados de IA<\/li>\n<li>An\u00e1lise de dados para previs\u00e3o de tend\u00eancias<\/li>\n<\/ul>\n<\/div>\n<p><\/div><div class=\"mb-4\"><\/p>\n<div id=\"empezar\"><a class=\"btn btn-hlc\" href=\"#anchor-formulario\">COME\u00c7A AGORA<\/a><\/div>\n<p><\/div><\/div><\/div><\/div><\/div><\/div><div class=\"row\"><div class=\"col section3\"><div class=\"container\"><div class=\"row mb-4\"><div class=\"col section3_f1\"><div class=\"mb-4\"><\/p>\n<div class=\"section3_f1_p1 estilo_contenido_4\">O que \u00e9 o SEO baseada em IA?<\/div>\n<div class=\"section3_f1_p2 estilo_titulo_seccion\">\n<h2>O que inclui o nosso servi\u00e7o<\/h2>\n<\/div>\n<p><\/div><\/div><\/div><div class=\"row mb-4\"><div class=\"col-md-2 col-sm-4 section3_f2_col1 col-12 col-sm-12 col-md-6 col-lg-6 col-xl-4\"><div class=\"mb-4\"><\/p>\n<div class=\"icon_proceso\"><img loading=\"lazy\" decoding=\"async\" src=\"\/wp-content\/themes\/humanlevel\/img\/icon-1.svg\" width=\"24\" height=\"24\" \/><\/div>\n<div class=\"p1 estilo_contenido_2\">\n<h3><span class=\"notion-enable-hover\" data-token-index=\"0\">An\u00e1lise preditiva de keywords<\/span><\/h3>\n<\/div>\n<div class=\"p2 estilo_contenido_1\">Identifica\u00e7\u00e3o de oportunidades de keywords atrav\u00e9s de IA que analisa padr\u00f5es hist\u00f3ricos, tend\u00eancias emergentes e comportamento do utilizador durante a sua decis\u00e3o de compra.<\/div>\n<p><\/div><\/div><div class=\"col-md-2 col-sm-4 section3_f2_col2 col-12 col-sm-12 col-md-6 col-lg-6 col-xl-4\"><div class=\"mb-4\"><\/p>\n<div class=\"icon_proceso\"><img loading=\"lazy\" decoding=\"async\" src=\"\/wp-content\/themes\/humanlevel\/img\/icon-5.svg\" width=\"24\" height=\"24\" \/><\/div>\n<div class=\"p1 estilo_contenido_2\">\n<h3><span class=\"notion-enable-hover\" data-token-index=\"0\">Otimiza\u00e7\u00e3o sem\u00e2ntica avan\u00e7ada<\/span><\/h3>\n<\/div>\n<div class=\"p2 estilo_contenido_1\">Enriquecimento de conte\u00fados utilizando modelos lingu\u00edsticos que podemos alimentar com informa\u00e7\u00f5es de contexto, objectivos e processos de teste.<\/div>\n<p><\/div><\/div><div class=\"col-md-2 col-sm-4 section3_f2_col3 col-12 col-sm-12 col-md-6 col-lg-6 col-xl-4\"><div class=\"mb-4\"><\/p>\n<div class=\"icon_proceso\"><img loading=\"lazy\" decoding=\"async\" src=\"\/wp-content\/themes\/humanlevel\/img\/icons\/edit-3-red.svg\" width=\"24\" height=\"24\" \/><\/div>\n<div class=\"p1 estilo_contenido_2\">\n<h3><span class=\"notion-enable-hover\" data-token-index=\"0\">Gera\u00e7\u00e3o inteligente de conte\u00fados<\/span><\/h3>\n<\/div>\n<div class=\"p2 estilo_contenido_1\">Cria\u00e7\u00e3o de conte\u00fados assistida por IA e refinada por editores especializados para manter a qualidade e a relev\u00e2ncia, alinhando-a com os objectivos de visibilidade do s\u00edtio Web.<\/div>\n<p><\/div><\/div><div class=\"col-md-2 col-sm-4 section3_f3_col1 col-12 col-sm-12 col-md-6 col-lg-6 col-xl-4\"><div class=\"mb-4\"><\/p>\n<div class=\"icon_proceso\"><img loading=\"lazy\" decoding=\"async\" src=\"\/wp-content\/themes\/humanlevel\/img\/icons\/award-red.svg\" width=\"24\" height=\"24\" \/><\/div>\n<div class=\"p1 estilo_contenido_2\">\n<h3><span class=\"notion-enable-hover\" data-token-index=\"0\">An\u00e1lise competitiva automatizada<\/span><\/h3>\n<\/div>\n<div class=\"p2 estilo_contenido_1\">Monitoriza\u00e7\u00e3o cont\u00ednua dos nossos concorrentes utilizando a IA para identificar mudan\u00e7as estrat\u00e9gicas e novas oportunidades de visibilidade.<\/div>\n<p><\/div><\/div><div class=\"col-md-2 col-sm-4 section3_f3_col2 col-12 col-sm-12 col-md-6 col-lg-6 col-xl-4\"><div class=\"mb-4\"><\/p>\n<div class=\"icon_proceso\"><img loading=\"lazy\" decoding=\"async\" src=\"\/wp-content\/themes\/humanlevel\/img\/icons\/tool-red.svg\" width=\"24\" height=\"24\" \/><\/div>\n<div class=\"p1 estilo_contenido_2\">\n<h3><span class=\"notion-enable-hover\" data-token-index=\"0\">Otimiza\u00e7\u00e3o t\u00e9cnica preditiva<\/span><\/h3>\n<\/div>\n<div class=\"p2 estilo_contenido_1\">Identifica\u00e7\u00e3o proactiva de problemas t\u00e9cnicos atrav\u00e9s da an\u00e1lise de padr\u00f5es e da aprendizagem autom\u00e1tica e avalia\u00e7\u00e3o do impacto potencial das v\u00e1rias melhorias recomendadas.<\/div>\n<p><\/div><\/div><div class=\"col-md-2 col-sm-4 section3_f3_col3 col-12 col-sm-12 col-md-6 col-lg-6 col-xl-4\"><div class=\"mb-4\"><\/p>\n<div class=\"icon_proceso\"><img loading=\"lazy\" decoding=\"async\" src=\"\/wp-content\/themes\/humanlevel\/img\/icon-6.svg\" width=\"24\" height=\"24\" \/><\/div>\n<div class=\"p1 estilo_contenido_2\">\n<h3><span class=\"notion-enable-hover\" data-token-index=\"0\">Relat\u00f3rios avan\u00e7ados de insights<\/span><\/h3>\n<\/div>\n<div class=\"p2 estilo_contenido_1\">Relat\u00f3rios automatizados que combinam dados de v\u00e1rias fontes para fornecer informa\u00e7\u00f5es acion\u00e1veis e previs\u00f5es de desempenho e impacto comercial.<\/div>\n<p><\/div><\/div><\/div><\/div><\/div><\/div><div class=\"row\"><div class=\"col section5\"><div class=\"container\"><div class=\"row mb-4\"><div class=\"col-md-6 section5_col1 col-12 col-sm-12 col-md-12 col-lg-6\"><div class=\"mb-4\"><\/p>\n<div class=\"p1 estilo_contenido_4\">O nosso processo<\/div>\n<div class=\"p2 estilo_titulo_seccion\">\n<h2>\u00c9 assim que \u00e9 trabalhar connosco<\/h2>\n<\/div>\n<div class=\"p3 estilo_contenido_5\"><span class=\"notion-enable-hover\" data-token-index=\"0\">Trabalharemos em conjunto com uma comunica\u00e7\u00e3o fluida, transparente e pr\u00f3xima.<\/span><\/div>\n<p><\/div><\/div><div class=\"col-md-6 section5_col2 col-12 col-sm-12 col-md-12 col-lg-6\"><div class=\"mb-4\"><\/p>\n<div class=\"section5_lista\">\n<ol id=\"lista_proceso\">\n<li>\n<div class=\"p1 estilo_contenido_2\">\n<h3><span class=\"notion-enable-hover\" data-token-index=\"0\">An\u00e1lise inicial assistida por IA<\/span><\/h3>\n<\/div>\n<div class=\"p2 estilo_contenido_1\">Avalia\u00e7\u00e3o completa do teu site e do mercado utilizando algoritmos de IA para identificar oportunidades de grande impacto.<\/div>\n<\/li>\n<li>\n<div class=\"p1 estilo_contenido_2\">\n<h3><span class=\"notion-enable-hover\" data-token-index=\"0\">Estrat\u00e9gia orientada para os dados<\/span><\/h3>\n<\/div>\n<div class=\"p2 estilo_contenido_1\">Desenvolvimento de uma estrat\u00e9gia baseada em dados, validada por especialistas em SEO para garantir a viabilidade e os resultados.<\/div>\n<\/li>\n<li>\n<div class=\"p1 estilo_contenido_2\">\n<h3><span class=\"notion-enable-hover\" data-token-index=\"0\">Implementa\u00e7\u00e3o assistida<\/span><\/h3>\n<\/div>\n<div class=\"p2 estilo_contenido_1\">Execu\u00e7\u00e3o de optimiza\u00e7\u00f5es utilizando ferramentas de IA para escalar o processo, mantendo a qualidade humana.<\/div>\n<\/li>\n<li>\n<div class=\"p1 estilo_contenido_2\">\n<h3><span class=\"notion-enable-hover\" data-token-index=\"0\">Otimiza\u00e7\u00e3o cont\u00ednua<\/span><\/h3>\n<\/div>\n<div class=\"p2 estilo_contenido_1\">Ajuste constante da estrat\u00e9gia atrav\u00e9s de modelos preditivos e feedback em tempo real.<\/div>\n<div class=\"p1 estilo_contenido_2\"><\/div>\n<\/li>\n<\/ol>\n<\/div>\n<p><\/div><\/div><\/div><\/div><\/div><\/div><div class=\"row\"><div class=\"col section_faqs\"><div class=\"container\"><div class=\"row mb-4\"><div class=\"col section_faqs_col1 col-12 col-lg-6\"><div class=\"mb-4\"><\/p>\n<div class=\"estilo_titulo_seccion p1\">\n<h2>Perguntas mais frequentes<\/h2>\n<\/div>\n<div class=\"estilo_contenido_5 p2\">Tens uma pergunta que n\u00e3o respondemos? N\u00e3o hesites em contactar-nos.<\/div>\n<div id=\"contactar\"><a class=\"btn btn-hlc\" href=\"#anchor-formulario\">CONTACTO<\/a><\/div>\n<p><\/div><\/div><\/div><div class=\"accordion mb-4\" id=\"accordion1\"> <div class=\"card mt-3\">\r\n <h3 class=\"card-header\" data-toggle=\"collapse\" data-target=\"#t1677151007435-c195419e-b77660fe-35399666-7cf6\">\r\n Como \u00e9 que garantimos a qualidade dos conte\u00fados gerados pela IA? <button class=\"arrow\"><\/button>\r\n <\/h3>\r\n <div id=\"t1677151007435-c195419e-b77660fe-35399666-7cf6\" class=\"collapse show\" data-parent=\"#accordion1\">\r\n <div class=\"card-body\"><p><\/p>\r\n <div class=\"mb-4\"><\/p>\n<div class=\"estilo_contenido_1\">Todo o conte\u00fado passa por um processo de tr\u00eas fases: cria\u00e7\u00e3o de informa\u00e7\u00f5es contextuais, objectivos, perfis de p\u00fablico-alvo, estilos de comunica\u00e7\u00e3o para a gera\u00e7\u00e3o inicial assistida por IA, revis\u00e3o por editores especializados no assunto e valida\u00e7\u00e3o final da qualidade de SEO. Isto assegura um conte\u00fado \u00fanico, preciso e valioso para o teu p\u00fablico.<\/div>\n<p><\/div>\r\n <\/div>\r\n <\/div> \r\n <\/div> <div class=\"card\">\r\n <h3 class=\"card-header collapsed\" data-toggle=\"collapse\" data-target=\"#t1677151007493-c90f1a18-d2f060fe-35399666-7cf6\">\r\n O que diferencia a nossa IA de outras ferramentas de SEO dispon\u00edveis? <button class=\"arrow\"><\/button>\r\n <\/h3>\r\n <div id=\"t1677151007493-c90f1a18-d2f060fe-35399666-7cf6\" class=\"collapse\" data-parent=\"#accordion1\">\r\n <div class=\"card-body\"><p><\/p>\r\n <div class=\"mb-4\"><\/p>\n<div class=\"estilo_contenido_1\">Aproveitamos a experi\u00eancia de longa data da Human Level em SEO para treinar os nossos modelos e actualiz\u00e1-los constantemente com dados reais de desempenho. Al\u00e9m disso, combinamos v\u00e1rios modelos especializados em vez de nos basearmos numa \u00fanica solu\u00e7\u00e3o geral.<\/div>\n<p><\/div>\r\n <\/div>\r\n <\/div> \r\n <\/div> <div class=\"card\">\r\n <h3 class=\"card-header collapsed\" data-toggle=\"collapse\" data-target=\"#t1677601713656-114beb83-e81a60fe-35399666-7cf6\">\r\n A IA consegue realmente compreender o meu nicho de mercado? <button class=\"arrow\"><\/button>\r\n <\/h3>\r\n <div id=\"t1677601713656-114beb83-e81a60fe-35399666-7cf6\" class=\"collapse\" data-parent=\"#accordion1\">\r\n <div class=\"card-body\"><p><\/p>\r\n <div class=\"mb-4\"><\/p>\n<div class=\"estilo_contenido_1\">Sim, os nossos modelos s\u00e3o adaptados a cada ind\u00fastria, treinando-os com dados espec\u00edficos do sector. Al\u00e9m disso, a monitoriza\u00e7\u00e3o humana garante que todas as recomenda\u00e7\u00f5es s\u00e3o relevantes para o teu contexto espec\u00edfico e para o teu cen\u00e1rio competitivo.<\/div>\n<p><\/div>\r\n <\/div>\r\n <\/div> \r\n <\/div> <div class=\"card\">\r\n <h3 class=\"card-header collapsed\" data-toggle=\"collapse\" data-target=\"#t1677601728022-00e22fae-d48a60fe-35399666-7cf6\">\r\n Como \u00e9 que evitam que os motores de pesquisa penalizem os conte\u00fados gerados por IA? <button class=\"arrow\"><\/button>\r\n <\/h3>\r\n <div id=\"t1677601728022-00e22fae-d48a60fe-35399666-7cf6\" class=\"collapse\" data-parent=\"#accordion1\">\r\n <div class=\"card-body\"><p><\/p>\r\n <div class=\"mb-4\"><\/p>\n<div class=\"estilo_contenido_1\">Utilizamos a IA quando nos permite uma maior efici\u00eancia do processo ou para tarefas repetitivas. Para a gera\u00e7\u00e3o de conte\u00fados, adoptamos diferentes n\u00edveis de assist\u00eancia de IA: desde a gera\u00e7\u00e3o quase autom\u00e1tica de textos puramente descritivos (por exemplo, textos alternativos a imagens) at\u00e9 \u00e0 simples identifica\u00e7\u00e3o de t\u00f3picos, sugest\u00e3o de estruturas de conte\u00fados ou identifica\u00e7\u00e3o de textos redundantes em textos que requerem um n\u00edvel de autoridade humana (EEAT).<\/div>\n<p><\/div>\r\n <\/div>\r\n <\/div> \r\n <\/div><script type=\"application\/ld+json\">\r\n            {\r\n            \"@context\": \"https:\/\/schema.org\",\r\n            \"@type\": \"FAQPage\",\r\n            \"mainEntity\": [{\"@type\": \"Question\", \"name\": \"Como \u00e9 que garantimos a qualidade dos conte\u00fados gerados pela IA?\", \"acceptedAnswer\": {\"@type\": \"Answer\", \"text\": \"\nTodo o conte\u00fado passa por um processo de tr\u00eas fases: cria\u00e7\u00e3o de informa\u00e7\u00f5es contextuais, objectivos, perfis de p\u00fablico-alvo, estilos de comunica\u00e7\u00e3o para a gera\u00e7\u00e3o inicial assistida por IA, revis\u00e3o por editores especializados no assunto e valida\u00e7\u00e3o final da qualidade de SEO. Isto assegura um conte\u00fado \u00fanico, preciso e valioso para o teu p\u00fablico.\n\"}},{\"@type\": \"Question\", \"name\": \"O que diferencia a nossa IA de outras ferramentas de SEO dispon\u00edveis?\", \"acceptedAnswer\": {\"@type\": \"Answer\", \"text\": \"\nAproveitamos a experi\u00eancia de longa data da Human Level em SEO para treinar os nossos modelos e actualiz\u00e1-los constantemente com dados reais de desempenho. Al\u00e9m disso, combinamos v\u00e1rios modelos especializados em vez de nos basearmos numa \u00fanica solu\u00e7\u00e3o geral.\n\"}},{\"@type\": \"Question\", \"name\": \"A IA consegue realmente compreender o meu nicho de mercado?\", \"acceptedAnswer\": {\"@type\": \"Answer\", \"text\": \"\nSim, os nossos modelos s\u00e3o adaptados a cada ind\u00fastria, treinando-os com dados espec\u00edficos do sector. Al\u00e9m disso, a monitoriza\u00e7\u00e3o humana garante que todas as recomenda\u00e7\u00f5es s\u00e3o relevantes para o teu contexto espec\u00edfico e para o teu cen\u00e1rio competitivo.\n\"}},{\"@type\": \"Question\", \"name\": \"Como \u00e9 que evitam que os motores de pesquisa penalizem os conte\u00fados gerados por IA?\", \"acceptedAnswer\": {\"@type\": \"Answer\", \"text\": \"\nUtilizamos a IA quando nos permite uma maior efici\u00eancia do processo ou para tarefas repetitivas. Para a gera\u00e7\u00e3o de conte\u00fados, adoptamos diferentes n\u00edveis de assist\u00eancia de IA: desde a gera\u00e7\u00e3o quase autom\u00e1tica de textos puramente descritivos (por exemplo, textos alternativos a imagens) at\u00e9 \u00e0 simples identifica\u00e7\u00e3o de t\u00f3picos, sugest\u00e3o de estruturas de conte\u00fados ou identifica\u00e7\u00e3o de textos redundantes em textos que requerem um n\u00edvel de autoridade humana (EEAT).\n\"}}]}<\/script><\/div><\/div><\/div><\/div><div class=\"row\"><div class=\"col \"><script type=\"application\/ld+json\">\n{\n  \"@context\": \"https:\/\/schema.org\/\",\n  \"@type\": \"Service\",\n  \"serviceType\": \"SEO e IA\",\n  \"provider\": {\n    \"@type\": \"Organization\",\n    \"@id\":\"https:\\\/\\\/www.humanlevel.com\\\/#organization\"\n  },\n  \"areaServed\": {\n    \"@type\": \"Continent\",\n    \"name\": \"Europe\"\n  }\n}\n<\/script>\n<script type=\"application\/ld+json\">\n{\n\t\"@context\":\"http:\\\/\\\/schema.org\",\n\t\"@type\":\"Organization\",\n    \"@id\":\"https:\\\/\\\/www.humanlevel.com\\\/#organization\",\n    \"name\":\"Human Level\",\n    \"address\": {\n  \t\"@type\": \"PostalAddress\",\n  \t\"streetAddress\": \"Calle Arcadi Blasco, 20\",\n  \t\"addressLocality\": \"Sant Joan d'Alacant\",\n  \t\"addressRegion\": \"Alicante\",\n  \t\"postalCode\": \"03550\",\n  \t\"addressCountry\": \"ES\"\n    },\n  \t\"email\": \"info@humanlevel.com\",\n    \"telephone\": \"+34966141907\",\n    \"url\":\"https:\\\/\\\/www.humanlevel.com\\\/\",\n    \"logo\":\n    {\n    \t\"@type\":\"ImageObject\",\n    \t\"url\":\"https:\\\/\\\/www.humanlevel.com\\\/wp-content\\\/uploads\\\/logo-humanlevel-web.png\",\n        \"width\":305,\n        \"height\":74,\n        \"@id\":\"https:\\\/\\\/www.humanlevel.com\\\/#logo\"\n    },\n  \"image\":\n  {\n    \"@type\":\"ImageObject\",\n  \t\"@id\":\"https:\\\/\\\/www.humanlevel.com\\\/#logo\"\n  }\n}\n<\/script><\/div><\/div><\/p>\n","protected":false},"excerpt":{"rendered":"","protected":false},"author":50,"featured_media":78222,"parent":78265,"menu_order":0,"comment_status":"closed","ping_status":"closed","template":"HL_servicios_secciones.php","meta":{"footnotes":""},"class_list":["post-78304","page","type-page","status-publish","has-post-thumbnail","hentry","entry"],"yoast_head":"\n<title>IA | SEO com tecnologia Human Level<\/title>\n<meta name=\"description\" content=\"Utilizamos a agilidade e a personaliza\u00e7\u00e3o da intelig\u00eancia artificial para impulsionar as nossas estrat\u00e9gias de visibilidade online.\" \/>\n<meta name=\"robots\" content=\"index, follow, max-snippet:-1, max-image-preview:large, max-video-preview:-1\" \/>\n<link rel=\"canonical\" href=\"https:\/\/www.humanlevel.com\/pt\/seo\/ia\" \/>\n<meta property=\"og:locale\" content=\"pt_PT\" \/>\n<meta property=\"og:type\" content=\"article\" \/>\n<meta property=\"og:title\" content=\"IA | SEO com tecnologia Human Level\" \/>\n<meta property=\"og:description\" content=\"Utilizamos a agilidade e a personaliza\u00e7\u00e3o da intelig\u00eancia artificial para impulsionar as nossas estrat\u00e9gias de visibilidade online.\" \/>\n<meta property=\"og:url\" content=\"https:\/\/www.humanlevel.com\/pt\/seo\/ia\" \/>\n<meta property=\"og:site_name\" content=\"Human Level\" \/>\n<meta property=\"og:image\" content=\"https:\/\/www.humanlevel.com\/wp-content\/uploads\/ia-desktop.jpg\" \/>\n\t<meta property=\"og:image:width\" content=\"1440\" \/>\n\t<meta property=\"og:image:height\" content=\"489\" \/>\n\t<meta property=\"og:image:type\" content=\"image\/jpeg\" \/>\n<meta name=\"twitter:card\" content=\"summary_large_image\" \/>\n<meta name=\"twitter:site\" content=\"@humanlevel\" \/>\n<meta name=\"twitter:label1\" content=\"Tempo estimado de leitura\" \/>\n\t<meta name=\"twitter:data1\" content=\"5 minutos\" \/>\n<script type=\"application\/ld+json\" class=\"yoast-schema-graph\">{\"@context\":\"https:\/\/schema.org\",\"@graph\":[{\"@type\":\"WebPage\",\"@id\":\"https:\/\/www.humanlevel.com\/pt\/seo\/ia\",\"url\":\"https:\/\/www.humanlevel.com\/pt\/seo\/ia\",\"name\":\"IA | SEO com tecnologia Human Level\",\"isPartOf\":{\"@id\":\"https:\/\/www.humanlevel.com\/pt#website\"},\"primaryImageOfPage\":{\"@id\":\"https:\/\/www.humanlevel.com\/pt\/seo\/ia#primaryimage\"},\"image\":{\"@id\":\"https:\/\/www.humanlevel.com\/pt\/seo\/ia#primaryimage\"},\"thumbnailUrl\":\"https:\/\/www.humanlevel.com\/wp-content\/uploads\/ia-desktop.jpg\",\"datePublished\":\"2024-12-16T12:47:26+00:00\",\"dateModified\":\"2026-01-26T08:39:27+00:00\",\"description\":\"Utilizamos a agilidade e a personaliza\u00e7\u00e3o da intelig\u00eancia artificial para impulsionar as nossas estrat\u00e9gias de visibilidade online.\",\"breadcrumb\":{\"@id\":\"https:\/\/www.humanlevel.com\/pt\/seo\/ia#breadcrumb\"},\"inLanguage\":\"pt-PT\",\"potentialAction\":[{\"@type\":\"ReadAction\",\"target\":[\"https:\/\/www.humanlevel.com\/pt\/seo\/ia\"]}]},{\"@type\":\"ImageObject\",\"inLanguage\":\"pt-PT\",\"@id\":\"https:\/\/www.humanlevel.com\/pt\/seo\/ia#primaryimage\",\"url\":\"https:\/\/www.humanlevel.com\/wp-content\/uploads\/ia-desktop.jpg\",\"contentUrl\":\"https:\/\/www.humanlevel.com\/wp-content\/uploads\/ia-desktop.jpg\",\"width\":1440,\"height\":489,\"caption\":\"SEO optimis\u00e9 par intelligence artificielle\"},{\"@type\":\"BreadcrumbList\",\"@id\":\"https:\/\/www.humanlevel.com\/pt\/seo\/ia#breadcrumb\",\"itemListElement\":[{\"@type\":\"ListItem\",\"position\":1,\"name\":\"Portada\",\"item\":\"https:\/\/www.humanlevel.com\/pt\"},{\"@type\":\"ListItem\",\"position\":2,\"name\":\"SEO\",\"item\":\"https:\/\/www.humanlevel.com\/pt\/seo\"},{\"@type\":\"ListItem\",\"position\":3,\"name\":\"IA\"}]},{\"@type\":\"WebSite\",\"@id\":\"https:\/\/www.humanlevel.com\/pt#website\",\"url\":\"https:\/\/www.humanlevel.com\/pt\",\"name\":\"Human Level\",\"description\":\"Agencia SEO para grandes marcas nacionales e internacionales.\",\"publisher\":{\"@id\":\"https:\/\/www.humanlevel.com\/pt#organization\"},\"potentialAction\":[{\"@type\":\"SearchAction\",\"target\":{\"@type\":\"EntryPoint\",\"urlTemplate\":\"https:\/\/www.humanlevel.com\/pt?s={search_term_string}\"},\"query-input\":{\"@type\":\"PropertyValueSpecification\",\"valueRequired\":true,\"valueName\":\"search_term_string\"}}],\"inLanguage\":\"pt-PT\"},{\"@type\":\"Organization\",\"@id\":\"https:\/\/www.humanlevel.com\/pt#organization\",\"name\":\"Human Level\",\"url\":\"https:\/\/www.humanlevel.com\/pt\",\"logo\":{\"@type\":\"ImageObject\",\"inLanguage\":\"pt-PT\",\"@id\":\"https:\/\/www.humanlevel.com\/pt#\/schema\/logo\/image\/\",\"url\":\"https:\/\/www.humanlevel.com\/wp-content\/uploads\/logo-human-negro-1.jpg\",\"contentUrl\":\"https:\/\/www.humanlevel.com\/wp-content\/uploads\/logo-human-negro-1.jpg\",\"width\":268,\"height\":51,\"caption\":\"Human Level\"},\"image\":{\"@id\":\"https:\/\/www.humanlevel.com\/pt#\/schema\/logo\/image\/\"},\"sameAs\":[\"https:\/\/x.com\/humanlevel\"]}]}<\/script>\n","yoast_head_json":{"title":"IA | SEO com tecnologia Human Level","description":"Utilizamos a agilidade e a personaliza\u00e7\u00e3o da intelig\u00eancia artificial para impulsionar as nossas estrat\u00e9gias de visibilidade online.","robots":{"index":"index","follow":"follow","max-snippet":"max-snippet:-1","max-image-preview":"max-image-preview:large","max-video-preview":"max-video-preview:-1"},"canonical":"https:\/\/www.humanlevel.com\/pt\/seo\/ia","og_locale":"pt_PT","og_type":"article","og_title":"IA | SEO com tecnologia Human Level","og_description":"Utilizamos a agilidade e a personaliza\u00e7\u00e3o da intelig\u00eancia artificial para impulsionar as nossas estrat\u00e9gias de visibilidade online.","og_url":"https:\/\/www.humanlevel.com\/pt\/seo\/ia","og_site_name":"Human Level","og_image":[{"width":1440,"height":489,"url":"https:\/\/www.humanlevel.com\/wp-content\/uploads\/ia-desktop.jpg","type":"image\/jpeg"}],"twitter_card":"summary_large_image","twitter_site":"@humanlevel","twitter_misc":{"Tempo estimado de leitura":"5 minutos"},"schema":{"@context":"https:\/\/schema.org","@graph":[{"@type":"WebPage","@id":"https:\/\/www.humanlevel.com\/pt\/seo\/ia","url":"https:\/\/www.humanlevel.com\/pt\/seo\/ia","name":"IA | SEO com tecnologia Human Level","isPartOf":{"@id":"https:\/\/www.humanlevel.com\/pt#website"},"primaryImageOfPage":{"@id":"https:\/\/www.humanlevel.com\/pt\/seo\/ia#primaryimage"},"image":{"@id":"https:\/\/www.humanlevel.com\/pt\/seo\/ia#primaryimage"},"thumbnailUrl":"https:\/\/www.humanlevel.com\/wp-content\/uploads\/ia-desktop.jpg","datePublished":"2024-12-16T12:47:26+00:00","dateModified":"2026-01-26T08:39:27+00:00","description":"Utilizamos a agilidade e a personaliza\u00e7\u00e3o da intelig\u00eancia artificial para impulsionar as nossas estrat\u00e9gias de visibilidade online.","breadcrumb":{"@id":"https:\/\/www.humanlevel.com\/pt\/seo\/ia#breadcrumb"},"inLanguage":"pt-PT","potentialAction":[{"@type":"ReadAction","target":["https:\/\/www.humanlevel.com\/pt\/seo\/ia"]}]},{"@type":"ImageObject","inLanguage":"pt-PT","@id":"https:\/\/www.humanlevel.com\/pt\/seo\/ia#primaryimage","url":"https:\/\/www.humanlevel.com\/wp-content\/uploads\/ia-desktop.jpg","contentUrl":"https:\/\/www.humanlevel.com\/wp-content\/uploads\/ia-desktop.jpg","width":1440,"height":489,"caption":"SEO optimis\u00e9 par intelligence artificielle"},{"@type":"BreadcrumbList","@id":"https:\/\/www.humanlevel.com\/pt\/seo\/ia#breadcrumb","itemListElement":[{"@type":"ListItem","position":1,"name":"Portada","item":"https:\/\/www.humanlevel.com\/pt"},{"@type":"ListItem","position":2,"name":"SEO","item":"https:\/\/www.humanlevel.com\/pt\/seo"},{"@type":"ListItem","position":3,"name":"IA"}]},{"@type":"WebSite","@id":"https:\/\/www.humanlevel.com\/pt#website","url":"https:\/\/www.humanlevel.com\/pt","name":"Human Level","description":"Agencia SEO para grandes marcas nacionales e internacionales.","publisher":{"@id":"https:\/\/www.humanlevel.com\/pt#organization"},"potentialAction":[{"@type":"SearchAction","target":{"@type":"EntryPoint","urlTemplate":"https:\/\/www.humanlevel.com\/pt?s={search_term_string}"},"query-input":{"@type":"PropertyValueSpecification","valueRequired":true,"valueName":"search_term_string"}}],"inLanguage":"pt-PT"},{"@type":"Organization","@id":"https:\/\/www.humanlevel.com\/pt#organization","name":"Human Level","url":"https:\/\/www.humanlevel.com\/pt","logo":{"@type":"ImageObject","inLanguage":"pt-PT","@id":"https:\/\/www.humanlevel.com\/pt#\/schema\/logo\/image\/","url":"https:\/\/www.humanlevel.com\/wp-content\/uploads\/logo-human-negro-1.jpg","contentUrl":"https:\/\/www.humanlevel.com\/wp-content\/uploads\/logo-human-negro-1.jpg","width":268,"height":51,"caption":"Human Level"},"image":{"@id":"https:\/\/www.humanlevel.com\/pt#\/schema\/logo\/image\/"},"sameAs":["https:\/\/x.com\/humanlevel"]}]}},"_links":{"self":[{"href":"https:\/\/www.humanlevel.com\/pt\/wp-json\/wp\/v2\/pages\/78304","targetHints":{"allow":["GET"]}}],"collection":[{"href":"https:\/\/www.humanlevel.com\/pt\/wp-json\/wp\/v2\/pages"}],"about":[{"href":"https:\/\/www.humanlevel.com\/pt\/wp-json\/wp\/v2\/types\/page"}],"author":[{"embeddable":true,"href":"https:\/\/www.humanlevel.com\/pt\/wp-json\/wp\/v2\/users\/50"}],"replies":[{"embeddable":true,"href":"https:\/\/www.humanlevel.com\/pt\/wp-json\/wp\/v2\/comments?post=78304"}],"version-history":[{"count":6,"href":"https:\/\/www.humanlevel.com\/pt\/wp-json\/wp\/v2\/pages\/78304\/revisions"}],"predecessor-version":[{"id":80987,"href":"https:\/\/www.humanlevel.com\/pt\/wp-json\/wp\/v2\/pages\/78304\/revisions\/80987"}],"up":[{"embeddable":true,"href":"https:\/\/www.humanlevel.com\/pt\/wp-json\/wp\/v2\/pages\/78265"}],"wp:featuredmedia":[{"embeddable":true,"href":"https:\/\/www.humanlevel.com\/pt\/wp-json\/wp\/v2\/media\/78222"}],"wp:attachment":[{"href":"https:\/\/www.humanlevel.com\/pt\/wp-json\/wp\/v2\/media?parent=78304"}],"curies":[{"name":"wp","href":"https:\/\/api.w.org\/{rel}","templated":true}]}}