{"id":78302,"date":"2024-12-16T13:48:23","date_gmt":"2024-12-16T12:48:23","guid":{"rendered":"https:\/\/www.humanlevel.com\/seo\/local"},"modified":"2026-04-16T09:17:12","modified_gmt":"2026-04-16T07:17:12","slug":"local","status":"publish","type":"page","link":"https:\/\/www.humanlevel.com\/pt\/seo\/local","title":{"rendered":"SEO local"},"content":{"rendered":"\n<section class=\"section-spacing\">\n<h2 class=\"gb-text\">Domina o teu mercado local: SEO que conecta \u00e0 tua comunidade<\/h2>\n\n\n\n<p class=\"gb-text tp-subtitle\">Num mundo em que <a href=\"https:\/\/www.seroundtable.com\/google-46-of-searches-have-local-intent-26529.html\" type=\"link\" id=\"https:\/\/www.seroundtable.com\/google-46-of-searches-have-local-intent-26529.html\">46% das pesquisas no Google t\u00eam<\/a><a href=\"https:\/\/www.seroundtable.com\/google-46-of-searches-have-local-intent-26529.html\" type=\"link\" id=\"https:\/\/www.seroundtable.com\/google-46-of-searches-have-local-intent-26529.html\" target=\"_blank\" rel=\"noreferrer noopener\"> <\/a><a href=\"https:\/\/www.seroundtable.com\/google-46-of-searches-have-local-intent-26529.html\" type=\"link\" id=\"https:\/\/www.seroundtable.com\/google-46-of-searches-have-local-intent-26529.html\">inten\u00e7\u00e3o local<\/a>, destacares-te na tua \u00e1rea \u00e9 fundamental para o sucesso do teu neg\u00f3cio. O nosso servi\u00e7o de SEO local vai al\u00e9m das optimiza\u00e7\u00f5es b\u00e1sicas: constru\u00edmos uma presen\u00e7a digital que reflecte a tua autoridade na comunidade e te conecta aos clientes locais quando estes procuram os seus servi\u00e7os.<\/p>\n<\/section>\n\n\n\n<section class=\"section-spacing rounded-xlg cta\">\n<div class=\"col40\">\n<p class=\"gb-text tp-abovetitle\">Porqu\u00ea investir em SEO local?<\/p>\n\n\n\n<h2 class=\"gb-text\">Atrai os clientes mais valiosos: os que est\u00e3o perto<\/h2>\n<\/div>\n\n\n\n<div class=\"col60\">\n<ul class=\"tp-body-bold cta-list\">\n<li class=\"gb-text\">Domina as pesquisas localizadas e deslocalizadas<\/li>\n\n\n\n<li class=\"gb-text\">Multiplica as tuas cr\u00edticas positivas verificadas<\/li>\n\n\n\n<li class=\"gb-text\">Destaca-te no Google Maps e no pacote local<\/li>\n\n\n\n<li class=\"gb-text\">Aumenta a tua visibilidade em eventos locais<\/li>\n<\/ul>\n\n\n\n<a class=\"gb-text btn\" href=\"#anchor-formulario\">Come\u00e7a agora<\/a>\n<\/div>\n<\/section>\n\n\n\n<section class=\"section-spacing\">\n<p class=\"gb-text tp-abovetitle\">Em que consiste o servi\u00e7o de SEO local?<\/p>\n\n\n\n<h2 class=\"gb-text\">O que inclui o nosso servi\u00e7o<\/h2>\n\n\n\n<ul class=\"service-features-3col\">\n<li class=\"service-feature\">\n<span class=\"gb-shape service-feature-icon\"><svg xmlns=\"http:\/\/www.w3.org\/2000\/svg\" fill=\"none\" viewBox=\"0 0 24 24\" height=\"24\" width=\"24\">\n  <path fill=\"transparent\" stroke-linejoin=\"round\" stroke-linecap=\"round\" stroke-width=\"2\" stroke=\"currentColor\" d=\"M1 6V22L8 18L16 22L23 18V2L16 6L8 2L1 6Z\"><\/path>\n  <path fill=\"transparent\" stroke-linejoin=\"round\" stroke-linecap=\"round\" stroke-width=\"2\" stroke=\"currentColor\" d=\"M8 2V18\"><\/path>\n  <path fill=\"transparent\" stroke-linejoin=\"round\" stroke-linecap=\"round\" stroke-width=\"2\" stroke=\"currentColor\" d=\"M16 6V22\"><\/path>\n<\/svg><\/span>\n\n\n\n<div>\n<h3 class=\"gb-text tp-h4\">Otimiza\u00e7\u00e3o da listagem da empresa no Google Business Profile<\/h3>\n\n\n\n<p class=\"gb-text\">Configura\u00e7\u00e3o especializada e otimiza\u00e7\u00e3o cont\u00ednua do teu perfil para maximizar a visibilidade na pesquisa local do Google e no Google Maps.<\/p>\n<\/div>\n<\/li>\n\n\n\n<li class=\"service-feature\">\n<span class=\"gb-shape service-feature-icon\"><svg xmlns=\"http:\/\/www.w3.org\/2000\/svg\" fill=\"none\" viewBox=\"0 0 24 24\" height=\"24\" width=\"24\">\n  <path fill=\"transparent\" stroke-linejoin=\"round\" stroke-linecap=\"round\" stroke-width=\"2\" stroke=\"currentColor\" d=\"M12 15C15.866 15 19 11.866 19 8C19 4.13401 15.866 1 12 1C8.13401 1 5 4.13401 5 8C5 11.866 8.13401 15 12 15Z\"><\/path>\n  <path fill=\"transparent\" stroke-linejoin=\"round\" stroke-linecap=\"round\" stroke-width=\"2\" stroke=\"currentColor\" d=\"M8.21 13.8909L7 23.0009L12 20.0009L17 23.0009L15.79 13.8809\"><\/path>\n<\/svg><\/span>\n\n\n\n<div>\n<h3 class=\"gb-text tp-h4\">Gest\u00e3o da reputa\u00e7\u00e3o local<\/h3>\n\n\n\n<p class=\"gb-text\">Sistema proactivo para gerar um fluxo constante de avalia\u00e7\u00f5es e geri-las, respondendo ao feedback dos clientes e construindo uma reputa\u00e7\u00e3o s\u00f3lida para a tua empresa.<\/p>\n<\/div>\n<\/li>\n\n\n\n<li class=\"service-feature\">\n<span class=\"gb-shape service-feature-icon\"><svg xmlns=\"http:\/\/www.w3.org\/2000\/svg\" fill=\"none\" viewBox=\"0 0 24 24\" height=\"24\" width=\"24\">\n<path fill=\"transparent\" stroke-linejoin=\"round\" stroke-linecap=\"round\" stroke-width=\"2\" stroke=\"currentColor\" d=\"M12 20H21\"><\/path>\n<path fill=\"transparent\" stroke-linejoin=\"round\" stroke-linecap=\"round\" stroke-width=\"2\" stroke=\"currentColor\" d=\"M16.5 3.50023C16.8978 3.1024 17.4374 2.87891 18 2.87891C18.2786 2.87891 18.5544 2.93378 18.8118 3.04038C19.0692 3.14699 19.303 3.30324 19.5 3.50023C19.697 3.69721 19.8532 3.93106 19.9598 4.18843C20.0665 4.4458 20.1213 4.72165 20.1213 5.00023C20.1213 5.2788 20.0665 5.55465 19.9598 5.81202C19.8532 6.06939 19.697 6.30324 19.5 6.50023L7 19.0002L3 20.0002L4 16.0002L16.5 3.50023Z\"><\/path>\n<\/svg><\/span>\n\n\n\n<div>\n<h3 class=\"gb-text tp-h4\">Conte\u00fado localizado<\/h3>\n\n\n\n<p class=\"gb-text\">Cria\u00e7\u00e3o de conte\u00fados optimizados para pesquisa local, incluindo p\u00e1ginas de servi\u00e7os de \u00e1rea e artigos de blog relevantes para a tua comunidade.<\/p>\n<\/div>\n<\/li>\n\n\n\n<li class=\"service-feature\">\n<span class=\"gb-shape service-feature-icon\"><svg xmlns=\"http:\/\/www.w3.org\/2000\/svg\" fill=\"none\" viewBox=\"0 0 24 24\" height=\"24\" width=\"24\">\n<path fill=\"transparent\" stroke-linejoin=\"round\" stroke-linecap=\"round\" stroke-width=\"2\" stroke=\"currentColor\" d=\"M23 6L13.5 15.5L8.5 10.5L1 18\"><\/path>\n<path fill=\"transparent\" stroke-linejoin=\"round\" stroke-linecap=\"round\" stroke-width=\"2\" stroke=\"currentColor\" d=\"M17 6H23V12\"><\/path>\n<\/svg><\/span>\n\n\n\n<div>\n<h3 class=\"gb-text tp-h4\">Constru\u00e7\u00e3o de compromissos locais<\/h3>\n\n\n\n<p class=\"gb-text\">Desenvolver e manter rela\u00e7\u00f5es consistentes em diret\u00f3rios locais relevantes e plataformas espec\u00edficas do teu sector.<\/p>\n<\/div>\n<\/li>\n\n\n\n<li class=\"service-feature\">\n<span class=\"gb-shape service-feature-icon\"><svg xmlns=\"http:\/\/www.w3.org\/2000\/svg\" fill=\"none\" viewBox=\"0 0 24 24\" height=\"24\" width=\"24\">\n<path fill=\"transparent\" stroke-linejoin=\"round\" stroke-linecap=\"round\" stroke-width=\"2\" stroke=\"currentColor\" d=\"M21 10C21 17 12 23 12 23C12 23 3 17 3 10C3 7.61305 3.94821 5.32387 5.63604 3.63604C7.32387 1.94821 9.61305 1 12 1C14.3869 1 16.6761 1.94821 18.364 3.63604C20.0518 5.32387 21 7.61305 21 10Z\"><\/path>\n<path fill=\"transparent\" stroke-linejoin=\"round\" stroke-linecap=\"round\" stroke-width=\"2\" stroke=\"currentColor\" d=\"M12 13C13.6569 13 15 11.6569 15 10C15 8.34315 13.6569 7 12 7C10.3431 7 9 8.34315 9 10C9 11.6569 10.3431 13 12 13Z\"><\/path>\n<\/svg><\/span>\n\n\n\n<div>\n<h3 class=\"gb-text tp-h4\">Otimiza\u00e7\u00e3o local on-page<\/h3>\n\n\n\n<p class=\"gb-text\">Avalia\u00e7\u00e3o e melhoria do conte\u00fado local na p\u00e1gina, implementa\u00e7\u00e3o de dados estruturados orientados para o local, otimiza\u00e7\u00e3o dos metadados geogr\u00e1ficos e da estrutura do URL para dar sinais locais aos crawlers.<\/p>\n<\/div>\n<\/li>\n\n\n\n<li class=\"service-feature\">\n<span class=\"gb-shape service-feature-icon\"><svg xmlns=\"http:\/\/www.w3.org\/2000\/svg\" fill=\"none\" viewBox=\"0 0 24 24\" height=\"24\" width=\"24\">\n  <path fill=\"transparent\" stroke-linejoin=\"round\" stroke-linecap=\"round\" stroke-width=\"2\" stroke=\"currentColor\" d=\"M22 12H18L15 21L9 3L6 12H2\"><\/path>\n<\/svg><\/span>\n\n\n\n<div>\n<h3 class=\"gb-text tp-h4\">Monitoriza\u00e7\u00e3o da concorr\u00eancia local<\/h3>\n\n\n\n<p class=\"gb-text\">Monitoriza\u00e7\u00e3o cont\u00ednua dos concorrentes locais, identificando oportunidades e adaptando a estrat\u00e9gia de acordo com o mercado local. Poder\u00e1s ver o desempenho da listagem da tua empresa para as suas principais palavras-chave nos mapas locais \u201cGeogrid\u201d.<\/p>\n<\/div>\n<\/li>\n<\/ul>\n<\/section>\n\n\n\n<section class=\"section-spacing roadmap-section\">\n<div>\n<p class=\"gb-text tp-abovetitle\">O nosso processo<\/p>\n\n\n\n<h2 class=\"gb-text\">\u00c9 assim que \u00e9 trabalhar connosco<\/h2>\n\n\n\n<p class=\"gb-text tp-subtitle\">Trabalhamos em projectos de posicionamento local em v\u00e1rias regi\u00f5es. As nossas recomenda\u00e7\u00f5es s\u00e3o sempre apoiadas pela experi\u00eancia.<\/p>\n<\/div>\n\n\n\n<ol class=\"roadmap-list\">\n<li>\n<span class=\"gb-text roadmap-number\">1<\/span>\n\n\n\n<h3 class=\"gb-text tp-h4\">An\u00e1lise do mercado local<\/h3>\n\n\n\n<p class=\"gb-text\">Avaliamos a tua presen\u00e7a local atual, analisando os teus activos digitais locais e os dos concorrentes mais pr\u00f3ximos para identificar oportunidades espec\u00edficas na tua \u00e1rea.<\/p>\n<\/li>\n\n\n\n<li>\n<span class=\"gb-text roadmap-number\">2<\/span>\n\n\n\n<h3 class=\"gb-text tp-h4\">Desenvolvimento de estrat\u00e9gias personalizadas<\/h3>\n\n\n\n<p class=\"gb-text\">Desenvolvemos um plano adaptado ao teu mercado local, dando prioridade \u00e0s ac\u00e7\u00f5es de acordo com o impacto e os recursos dispon\u00edveis.<\/p>\n<\/li>\n\n\n\n<li>\n<span class=\"gb-text roadmap-number\">3<\/span>\n\n\n\n<h3 class=\"gb-text tp-h4\">Implementa\u00e7\u00e3o de melhorias de SEO geo-localizadas<\/h3>\n\n\n\n<p class=\"gb-text\">Executamos optimiza\u00e7\u00f5es que d\u00e3o prioridade \u00e0 relev\u00e2ncia local e \u00e0 constru\u00e7\u00e3o de autoridade na tua \u00e1rea de servi\u00e7o.<\/p>\n<\/li>\n\n\n\n<li>\n<span class=\"gb-text roadmap-number\">4<\/span>\n\n\n\n<h3 class=\"gb-text tp-h4\">Acompanhamento e adapta\u00e7\u00e3o<\/h3>\n\n\n\n<p class=\"gb-text\">Monitorizamos os rankings locais, a visibilidade no Maps e as m\u00e9tricas de convers\u00e3o, ajustando a estrat\u00e9gia de acordo com os resultados.<\/p>\n<\/li>\n<\/ol>\n<\/section>\n\n\n\n<section class=\"section-spacing faq-section\">\n<div>\n<h2 class=\"gb-text\">Perguntas mais frequentes<\/h2>\n\n\n\n<p class=\"gb-text tp-subtitle gb-text-68673e82\">Tens uma pergunta que n\u00e3o respondemos? N\u00e3o hesites em contactar-nos.<\/p>\n\n\n\n<a class=\"gb-text btn\" href=\"#anchor-formulario\">Contacto<\/a>\n<\/div>\n\n\n\n<div class=\"gb-accordion faq-accordion\" data-transition=\"slide\">\n<div class=\"gb-accordion__item faq-accordion-item gb-accordion__item-open\">\n<div role=\"button\" tabindex=\"0\" class=\"gb-accordion__toggle faq-accordion-toggle tp-body-bold gb-block-is-current\" id=\"gb-accordion-toggle-e3406046\">\n<h3 class=\"gb-text\">O SEO local funciona para v\u00e1rias localiza\u00e7\u00f5es?<\/h3>\n\n\n\n<span class=\"gb-accordion__toggle-icon gb-accordion__toggle-icon-641d67e9\"><span class=\"gb-accordion__toggle-icon-open\"><svg aria-hidden=\"true\" viewBox=\"0 0 256 256\"><rect width=\"256\" height=\"256\" fill=\"none\"><\/rect><polyline points=\"208 96 128 176 48 96\" fill=\"none\" stroke=\"currentColor\" stroke-linecap=\"round\" stroke-linejoin=\"round\" stroke-width=\"16\"><\/polyline><\/svg><\/span><span class=\"gb-accordion__toggle-icon-close\"><svg aria-hidden=\"true\" viewBox=\"0 0 256 256\"><rect width=\"256\" height=\"256\" fill=\"none\"><\/rect><polyline points=\"48 160 128 80 208 160\" fill=\"none\" stroke=\"currentColor\" stroke-linecap=\"round\" stroke-linejoin=\"round\" stroke-width=\"16\"><\/polyline><\/svg><\/span><\/span>\n<\/div>\n\n\n\n<div class=\"gb-accordion__content\" id=\"gb-accordion-content-a35844c5\">\n<div class=\"faq-accordion-answer\">\n<p>Sim, desenvolvemos estrat\u00e9gias espec\u00edficas para cada local, evitando a duplica\u00e7\u00e3o de conte\u00fados e assegurando que cada local tem a sua pr\u00f3pria identidade digital optimizada. Gerimos desde empresas com 2-3 localiza\u00e7\u00f5es at\u00e9 franchisings com dezenas de localiza\u00e7\u00f5es.<\/p>\n<\/div>\n<\/div>\n<\/div>\n\n\n\n<div class=\"gb-accordion__item faq-accordion-item\">\n<div role=\"button\" tabindex=\"0\" class=\"gb-accordion__toggle tp-body-bold faq-accordion-toggle\" id=\"gb-accordion-toggle-432626be\">\n<h3 class=\"gb-text\">O que devo fazer se j\u00e1 tiver cr\u00edticas negativas?<\/h3>\n\n\n\n<span class=\"gb-accordion__toggle-icon gb-accordion__toggle-icon-06807bd1\"><span class=\"gb-accordion__toggle-icon-open\"><svg aria-hidden=\"true\" viewBox=\"0 0 256 256\"><rect width=\"256\" height=\"256\" fill=\"none\"><\/rect><polyline points=\"208 96 128 176 48 96\" fill=\"none\" stroke=\"currentColor\" stroke-linecap=\"round\" stroke-linejoin=\"round\" stroke-width=\"16\"><\/polyline><\/svg><\/span><span class=\"gb-accordion__toggle-icon-close\"><svg aria-hidden=\"true\" viewBox=\"0 0 256 256\"><rect width=\"256\" height=\"256\" fill=\"none\"><\/rect><polyline points=\"48 160 128 80 208 160\" fill=\"none\" stroke=\"currentColor\" stroke-linecap=\"round\" stroke-linejoin=\"round\" stroke-width=\"16\"><\/polyline><\/svg><\/span><\/span>\n<\/div>\n\n\n\n<div class=\"gb-accordion__content\" id=\"gb-accordion-content-c4b0b980\">\n<div class=\"faq-accordion-answer\">\n<p>Implementamos uma estrat\u00e9gia dupla: trabalhamos para obter novas avalia\u00e7\u00f5es positivas genu\u00ednas, enquanto gerimos profissionalmente as respostas \u00e0s avalia\u00e7\u00f5es negativas. Isto ajuda a mostrar o teu empenho no servi\u00e7o ao cliente e melhora a tua reputa\u00e7\u00e3o geral.<\/p>\n<\/div>\n<\/div>\n<\/div>\n\n\n\n<div class=\"gb-accordion__item faq-accordion-item\">\n<div role=\"button\" tabindex=\"0\" class=\"gb-accordion__toggle tp-body-bold faq-accordion-toggle\" id=\"gb-accordion-toggle-396bbaf8\">\n<h3 class=\"gb-text\">Quanto tempo demora o SEO local a produzir resultados?<\/h3>\n\n\n\n<span class=\"gb-accordion__toggle-icon gb-accordion__toggle-icon-a6a29b98\"><span class=\"gb-accordion__toggle-icon-open\"><svg aria-hidden=\"true\" viewBox=\"0 0 256 256\"><rect width=\"256\" height=\"256\" fill=\"none\"><\/rect><polyline points=\"208 96 128 176 48 96\" fill=\"none\" stroke=\"currentColor\" stroke-linecap=\"round\" stroke-linejoin=\"round\" stroke-width=\"16\"><\/polyline><\/svg><\/span><span class=\"gb-accordion__toggle-icon-close\"><svg aria-hidden=\"true\" viewBox=\"0 0 256 256\"><rect width=\"256\" height=\"256\" fill=\"none\"><\/rect><polyline points=\"48 160 128 80 208 160\" fill=\"none\" stroke=\"currentColor\" stroke-linecap=\"round\" stroke-linejoin=\"round\" stroke-width=\"16\"><\/polyline><\/svg><\/span><\/span>\n<\/div>\n\n\n\n<div class=\"gb-accordion__content\" id=\"gb-accordion-content-b31d8e0d\">\n<div class=\"faq-accordion-answer\">\n<p>As melhorias no perfil empresarial do Google s\u00e3o normalmente observadas em 2 a 4 semanas. Os resultados significativos da pesquisa local demoram geralmente 3 a 4 meses a consolidar, embora isto possa variar consoante a competitividade do teu mercado local e a maturidade dos activos digitais dos concorrentes.<\/p>\n<\/div>\n<\/div>\n<\/div>\n\n\n\n<div class=\"gb-accordion__item faq-accordion-item\">\n<div role=\"button\" tabindex=\"0\" class=\"gb-accordion__toggle tp-body-bold faq-accordion-toggle\" id=\"gb-accordion-toggle-c0955093\">\n<h3 class=\"gb-text\">Preciso de ter uma localiza\u00e7\u00e3o f\u00edsica para fazer SEO local?<\/h3>\n\n\n\n<span class=\"gb-accordion__toggle-icon gb-accordion__toggle-icon-89f13316\"><span class=\"gb-accordion__toggle-icon-open\"><svg aria-hidden=\"true\" viewBox=\"0 0 256 256\"><rect width=\"256\" height=\"256\" fill=\"none\"><\/rect><polyline points=\"208 96 128 176 48 96\" fill=\"none\" stroke=\"currentColor\" stroke-linecap=\"round\" stroke-linejoin=\"round\" stroke-width=\"16\"><\/polyline><\/svg><\/span><span class=\"gb-accordion__toggle-icon-close\"><svg aria-hidden=\"true\" viewBox=\"0 0 256 256\"><rect width=\"256\" height=\"256\" fill=\"none\"><\/rect><polyline points=\"48 160 128 80 208 160\" fill=\"none\" stroke=\"currentColor\" stroke-linecap=\"round\" stroke-linejoin=\"round\" stroke-width=\"16\"><\/polyline><\/svg><\/span><\/span>\n<\/div>\n\n\n\n<div class=\"gb-accordion__content\" id=\"gb-accordion-content-dd126810\">\n<div class=\"faq-accordion-answer\">\n<p>N\u00e3o \u00e9 estritamente necess\u00e1rio. Se ofereceres servi\u00e7os numa zona espec\u00edfica, podemos otimizar a tua presen\u00e7a nas pesquisas locais mesmo sem um endere\u00e7o f\u00edsico. No entanto, a estrat\u00e9gia ser\u00e1 adaptada para cumprir as diretrizes do Google para empresas baseadas em \u00e1reas de servi\u00e7o.<\/p>\n<\/div>\n<\/div>\n<\/div>\n<\/div>\n<\/section>\n","protected":false},"excerpt":{"rendered":"<p>Domina o teu mercado local: SEO que conecta \u00e0 tua comunidade Num mundo em que 46% das pesquisas no Google t\u00eam&#8230;<\/p>\n","protected":false},"author":50,"featured_media":89516,"parent":78265,"menu_order":0,"comment_status":"closed","ping_status":"closed","template":"","meta":{"_acf_changed":false,"footnotes":""},"class_list":["post-78302","page","type-page","status-publish","has-post-thumbnail"],"acf":[],"yoast_head":"<!-- This site is optimized with the Yoast SEO plugin v27.5 - https:\/\/yoast.com\/product\/yoast-seo-wordpress\/ -->\n<title>Ag\u00eancia SEO local | Human Level<\/title>\n<meta name=\"description\" content=\"Ag\u00eancia local especializada em SEO com mais de 20 anos de experi\u00eancia. Ligamos-te a clientes locais que procuram os teus servi\u00e7os.\" \/>\n<meta name=\"robots\" content=\"index, follow, max-snippet:-1, max-image-preview:large, max-video-preview:-1\" \/>\n<link rel=\"canonical\" href=\"https:\/\/www.humanlevel.com\/pt\/seo\/local\" \/>\n<meta property=\"og:locale\" content=\"pt_PT\" \/>\n<meta property=\"og:type\" content=\"article\" \/>\n<meta property=\"og:title\" content=\"Ag\u00eancia SEO local | Human Level\" \/>\n<meta property=\"og:description\" content=\"Ag\u00eancia local especializada em SEO com mais de 20 anos de experi\u00eancia. Ligamos-te a clientes locais que procuram os teus servi\u00e7os.\" \/>\n<meta property=\"og:url\" content=\"https:\/\/www.humanlevel.com\/pt\/seo\/local\" \/>\n<meta property=\"og:site_name\" content=\"Human Level\" \/>\n<meta property=\"og:image\" content=\"https:\/\/www.humanlevel.com\/wp-content\/uploads\/seo-local-1.jpg\" \/>\n\t<meta property=\"og:image:width\" content=\"1440\" \/>\n\t<meta property=\"og:image:height\" content=\"489\" \/>\n\t<meta property=\"og:image:type\" content=\"image\/jpeg\" \/>\n<meta name=\"twitter:card\" content=\"summary_large_image\" \/>\n<meta name=\"twitter:label1\" content=\"Tempo estimado de leitura\" \/>\n\t<meta name=\"twitter:data1\" content=\"9 minutos\" \/>\n<script type=\"application\/ld+json\" class=\"yoast-schema-graph\">{\"@context\":\"https:\\\/\\\/schema.org\",\"@graph\":[{\"@type\":\"WebPage\",\"@id\":\"https:\\\/\\\/www.humanlevel.com\\\/pt\\\/seo\\\/local\",\"url\":\"https:\\\/\\\/www.humanlevel.com\\\/pt\\\/seo\\\/local\",\"name\":\"Ag\u00eancia SEO local | Human Level\",\"isPartOf\":{\"@id\":\"https:\\\/\\\/www.humanlevel.com\\\/pt#website\"},\"primaryImageOfPage\":{\"@id\":\"https:\\\/\\\/www.humanlevel.com\\\/pt\\\/seo\\\/local#primaryimage\"},\"image\":{\"@id\":\"https:\\\/\\\/www.humanlevel.com\\\/pt\\\/seo\\\/local#primaryimage\"},\"thumbnailUrl\":\"https:\\\/\\\/www.humanlevel.com\\\/wp-content\\\/uploads\\\/hl-og-servicios.jpg\",\"datePublished\":\"2024-12-16T12:48:23+00:00\",\"dateModified\":\"2026-04-16T07:17:12+00:00\",\"description\":\"Ag\u00eancia local especializada em SEO com mais de 20 anos de experi\u00eancia. Ligamos-te a clientes locais que procuram os teus servi\u00e7os.\",\"breadcrumb\":{\"@id\":\"https:\\\/\\\/www.humanlevel.com\\\/pt\\\/seo\\\/local#breadcrumb\"},\"inLanguage\":\"pt-PT\",\"potentialAction\":[{\"@type\":\"ReadAction\",\"target\":[\"https:\\\/\\\/www.humanlevel.com\\\/pt\\\/seo\\\/local\"]}]},{\"@type\":\"ImageObject\",\"inLanguage\":\"pt-PT\",\"@id\":\"https:\\\/\\\/www.humanlevel.com\\\/pt\\\/seo\\\/local#primaryimage\",\"url\":\"https:\\\/\\\/www.humanlevel.com\\\/wp-content\\\/uploads\\\/hl-og-servicios.jpg\",\"contentUrl\":\"https:\\\/\\\/www.humanlevel.com\\\/wp-content\\\/uploads\\\/hl-og-servicios.jpg\",\"width\":1200,\"height\":630},{\"@type\":\"BreadcrumbList\",\"@id\":\"https:\\\/\\\/www.humanlevel.com\\\/pt\\\/seo\\\/local#breadcrumb\",\"itemListElement\":[{\"@type\":\"ListItem\",\"position\":1,\"name\":\"Inicio\",\"item\":\"https:\\\/\\\/www.humanlevel.com\\\/pt\"},{\"@type\":\"ListItem\",\"position\":2,\"name\":\"SEO\",\"item\":\"https:\\\/\\\/www.humanlevel.com\\\/pt\\\/seo\"},{\"@type\":\"ListItem\",\"position\":3,\"name\":\"SEO local\"}]},{\"@type\":\"WebSite\",\"@id\":\"https:\\\/\\\/www.humanlevel.com\\\/pt#website\",\"url\":\"https:\\\/\\\/www.humanlevel.com\\\/pt\",\"name\":\"Human Level\",\"description\":\"Agencia SEO para grandes marcas nacionales e internacionales.\",\"publisher\":{\"@id\":\"https:\\\/\\\/www.humanlevel.com\\\/pt#organization\"},\"potentialAction\":[{\"@type\":\"SearchAction\",\"target\":{\"@type\":\"EntryPoint\",\"urlTemplate\":\"https:\\\/\\\/www.humanlevel.com\\\/pt?s={search_term_string}\"},\"query-input\":{\"@type\":\"PropertyValueSpecification\",\"valueRequired\":true,\"valueName\":\"search_term_string\"}}],\"inLanguage\":\"pt-PT\"},{\"@type\":\"Organization\",\"@id\":\"https:\\\/\\\/www.humanlevel.com\\\/pt#organization\",\"name\":\"Human Level\",\"url\":\"https:\\\/\\\/www.humanlevel.com\\\/pt\",\"logo\":{\"@type\":\"ImageObject\",\"inLanguage\":\"pt-PT\",\"@id\":\"https:\\\/\\\/www.humanlevel.com\\\/pt#\\\/schema\\\/logo\\\/image\\\/\",\"url\":\"https:\\\/\\\/www.humanlevel.com\\\/wp-content\\\/uploads\\\/logohl25x3.png\",\"contentUrl\":\"https:\\\/\\\/www.humanlevel.com\\\/wp-content\\\/uploads\\\/logohl25x3.png\",\"width\":600,\"height\":93,\"caption\":\"Human Level\"},\"image\":{\"@id\":\"https:\\\/\\\/www.humanlevel.com\\\/pt#\\\/schema\\\/logo\\\/image\\\/\"},\"sameAs\":[\"https:\\\/\\\/www.linkedin.com\\\/company\\\/human-level-communications\",\"https:\\\/\\\/www.youtube.com\\\/user\\\/humanlevelcommunica\",\"https:\\\/\\\/bsky.app\\\/profile\\\/humanlevel.bsky.social\",\"https:\\\/\\\/instagram.com\\\/humanlevel\"]}]}<\/script>\n<!-- \/ Yoast SEO plugin. -->","yoast_head_json":{"title":"Ag\u00eancia SEO local | Human Level","description":"Ag\u00eancia local especializada em SEO com mais de 20 anos de experi\u00eancia. Ligamos-te a clientes locais que procuram os teus servi\u00e7os.","robots":{"index":"index","follow":"follow","max-snippet":"max-snippet:-1","max-image-preview":"max-image-preview:large","max-video-preview":"max-video-preview:-1"},"canonical":"https:\/\/www.humanlevel.com\/pt\/seo\/local","og_locale":"pt_PT","og_type":"article","og_title":"Ag\u00eancia SEO local | Human Level","og_description":"Ag\u00eancia local especializada em SEO com mais de 20 anos de experi\u00eancia. Ligamos-te a clientes locais que procuram os teus servi\u00e7os.","og_url":"https:\/\/www.humanlevel.com\/pt\/seo\/local","og_site_name":"Human Level","og_image":[{"width":1440,"height":489,"url":"https:\/\/www.humanlevel.com\/wp-content\/uploads\/seo-local-1.jpg","type":"image\/jpeg"}],"twitter_card":"summary_large_image","twitter_misc":{"Tempo estimado de leitura":"9 minutos"},"schema":{"@context":"https:\/\/schema.org","@graph":[{"@type":"WebPage","@id":"https:\/\/www.humanlevel.com\/pt\/seo\/local","url":"https:\/\/www.humanlevel.com\/pt\/seo\/local","name":"Ag\u00eancia SEO local | Human Level","isPartOf":{"@id":"https:\/\/www.humanlevel.com\/pt#website"},"primaryImageOfPage":{"@id":"https:\/\/www.humanlevel.com\/pt\/seo\/local#primaryimage"},"image":{"@id":"https:\/\/www.humanlevel.com\/pt\/seo\/local#primaryimage"},"thumbnailUrl":"https:\/\/www.humanlevel.com\/wp-content\/uploads\/hl-og-servicios.jpg","datePublished":"2024-12-16T12:48:23+00:00","dateModified":"2026-04-16T07:17:12+00:00","description":"Ag\u00eancia local especializada em SEO com mais de 20 anos de experi\u00eancia. Ligamos-te a clientes locais que procuram os teus servi\u00e7os.","breadcrumb":{"@id":"https:\/\/www.humanlevel.com\/pt\/seo\/local#breadcrumb"},"inLanguage":"pt-PT","potentialAction":[{"@type":"ReadAction","target":["https:\/\/www.humanlevel.com\/pt\/seo\/local"]}]},{"@type":"ImageObject","inLanguage":"pt-PT","@id":"https:\/\/www.humanlevel.com\/pt\/seo\/local#primaryimage","url":"https:\/\/www.humanlevel.com\/wp-content\/uploads\/hl-og-servicios.jpg","contentUrl":"https:\/\/www.humanlevel.com\/wp-content\/uploads\/hl-og-servicios.jpg","width":1200,"height":630},{"@type":"BreadcrumbList","@id":"https:\/\/www.humanlevel.com\/pt\/seo\/local#breadcrumb","itemListElement":[{"@type":"ListItem","position":1,"name":"Inicio","item":"https:\/\/www.humanlevel.com\/pt"},{"@type":"ListItem","position":2,"name":"SEO","item":"https:\/\/www.humanlevel.com\/pt\/seo"},{"@type":"ListItem","position":3,"name":"SEO local"}]},{"@type":"WebSite","@id":"https:\/\/www.humanlevel.com\/pt#website","url":"https:\/\/www.humanlevel.com\/pt","name":"Human Level","description":"Agencia SEO para grandes marcas nacionales e internacionales.","publisher":{"@id":"https:\/\/www.humanlevel.com\/pt#organization"},"potentialAction":[{"@type":"SearchAction","target":{"@type":"EntryPoint","urlTemplate":"https:\/\/www.humanlevel.com\/pt?s={search_term_string}"},"query-input":{"@type":"PropertyValueSpecification","valueRequired":true,"valueName":"search_term_string"}}],"inLanguage":"pt-PT"},{"@type":"Organization","@id":"https:\/\/www.humanlevel.com\/pt#organization","name":"Human Level","url":"https:\/\/www.humanlevel.com\/pt","logo":{"@type":"ImageObject","inLanguage":"pt-PT","@id":"https:\/\/www.humanlevel.com\/pt#\/schema\/logo\/image\/","url":"https:\/\/www.humanlevel.com\/wp-content\/uploads\/logohl25x3.png","contentUrl":"https:\/\/www.humanlevel.com\/wp-content\/uploads\/logohl25x3.png","width":600,"height":93,"caption":"Human Level"},"image":{"@id":"https:\/\/www.humanlevel.com\/pt#\/schema\/logo\/image\/"},"sameAs":["https:\/\/www.linkedin.com\/company\/human-level-communications","https:\/\/www.youtube.com\/user\/humanlevelcommunica","https:\/\/bsky.app\/profile\/humanlevel.bsky.social","https:\/\/instagram.com\/humanlevel"]}]}},"_links":{"self":[{"href":"https:\/\/www.humanlevel.com\/pt\/wp-json\/wp\/v2\/pages\/78302","targetHints":{"allow":["GET"]}}],"collection":[{"href":"https:\/\/www.humanlevel.com\/pt\/wp-json\/wp\/v2\/pages"}],"about":[{"href":"https:\/\/www.humanlevel.com\/pt\/wp-json\/wp\/v2\/types\/page"}],"author":[{"embeddable":true,"href":"https:\/\/www.humanlevel.com\/pt\/wp-json\/wp\/v2\/users\/50"}],"replies":[{"embeddable":true,"href":"https:\/\/www.humanlevel.com\/pt\/wp-json\/wp\/v2\/comments?post=78302"}],"version-history":[{"count":4,"href":"https:\/\/www.humanlevel.com\/pt\/wp-json\/wp\/v2\/pages\/78302\/revisions"}],"predecessor-version":[{"id":88246,"href":"https:\/\/www.humanlevel.com\/pt\/wp-json\/wp\/v2\/pages\/78302\/revisions\/88246"}],"up":[{"embeddable":true,"href":"https:\/\/www.humanlevel.com\/pt\/wp-json\/wp\/v2\/pages\/78265"}],"wp:featuredmedia":[{"embeddable":true,"href":"https:\/\/www.humanlevel.com\/pt\/wp-json\/wp\/v2\/media\/89516"}],"wp:attachment":[{"href":"https:\/\/www.humanlevel.com\/pt\/wp-json\/wp\/v2\/media?parent=78302"}],"curies":[{"name":"wp","href":"https:\/\/api.w.org\/{rel}","templated":true}]}}