{"id":78299,"date":"2025-02-18T10:26:06","date_gmt":"2025-02-18T09:26:06","guid":{"rendered":"https:\/\/www.humanlevel.com\/politica-de-seguranca"},"modified":"2026-04-02T12:07:16","modified_gmt":"2026-04-02T10:07:16","slug":"seguranca","status":"publish","type":"page","link":"https:\/\/www.humanlevel.com\/pt\/politicas\/seguranca","title":{"rendered":"Pol\u00edtica de seguran\u00e7a da informa\u00e7\u00e3o"},"content":{"rendered":"\n<div class=\"reduced-content-width\">\n<p><strong>A Human Level Communications, S.L.U<\/strong>. tem como um dos seus objectivos tentar salvaguardar a seguran\u00e7a da informa\u00e7\u00e3o, quer seja de natureza pessoal ou n\u00e3o, e para isso estabelece um sistema de seguran\u00e7a da informa\u00e7\u00e3o com o objetivo de assegurar a redu\u00e7\u00e3o dos riscos associados \u00e0 mesma e \u00e0 ciberseguran\u00e7a, que a informa\u00e7\u00e3o \u00e9 acess\u00edvel apenas pelos utilizadores que t\u00eam uma necessidade leg\u00edtima de executar as suas fun\u00e7\u00f5es, que est\u00e1 protegida, dispon\u00edvel e \u00e9 utilizada para os fins para os quais foi obtida. Para tal, <strong>a Human Level Communications, S.L.U. <\/strong>define os seguintes objectivos estrat\u00e9gicos:<\/p>\n\n\n\n<ul class=\"wp-block-list\">\n<li>Minimiza os riscos de perda de confidencialidade, integridade e disponibilidade das informa\u00e7\u00f5es recebidas, geradas, processadas e armazenadas pela <strong>Human Level Communications, S.L.U.<\/strong><\/li>\n\n\n\n<li>Apoia as \u00e1reas da empresa na seguran\u00e7a dos activos de informa\u00e7\u00e3o que suportam as opera\u00e7\u00f5es comerciais e as informa\u00e7\u00f5es com dados pessoais.<\/li>\n\n\n\n<li>Sensibiliza os trabalhadores para a seguran\u00e7a da informa\u00e7\u00e3o no exerc\u00edcio das suas fun\u00e7\u00f5es.<\/li>\n\n\n\n<li>Mant\u00e9m um programa de seguran\u00e7a da informa\u00e7\u00e3o e ciberseguran\u00e7a que apoia os objectivos estrat\u00e9gicos da organiza\u00e7\u00e3o e os novos projectos empresariais.<\/li>\n\n\n\n<li>Cumprir os requisitos legais, os compromissos assumidos com clientes e fornecedores e todos os outros regulamentos, normas internas ou orienta\u00e7\u00f5es a que a empresa esteja sujeita.<\/li>\n\n\n\n<li>Melhorar continuamente o sistema de seguran\u00e7a da informa\u00e7\u00e3o.<\/li>\n\n\n\n<li>Promove a sensibiliza\u00e7\u00e3o e a forma\u00e7\u00e3o em mat\u00e9ria de seguran\u00e7a da informa\u00e7\u00e3o.<\/li>\n\n\n\n<li>Assegurar a capacidade de resposta a situa\u00e7\u00f5es de emerg\u00eancia, restabelecendo o funcionamento de servi\u00e7os cr\u00edticos no mais curto espa\u00e7o de tempo poss\u00edvel.<\/li>\n<\/ul>\n\n\n\n<p>A Pol\u00edtica de Seguran\u00e7a da Informa\u00e7\u00e3o diz respeito a todos os utilizadores e aplica-se a toda a informa\u00e7\u00e3o criada, processada ou utilizada pela <strong>Human Level Communications, S.L.U.<\/strong>, independentemente do meio, formato, apresenta\u00e7\u00e3o ou local onde se encontre. Todas as medidas de seguran\u00e7a adoptadas visam proteger a informa\u00e7\u00e3o e os sistemas de informa\u00e7\u00e3o que a suportam, incluindo aplica\u00e7\u00f5es, recursos do sistema operativo, redes e meios de telecomunica\u00e7\u00f5es e equipamentos inform\u00e1ticos, quer sejam geridos pela <strong>Human Level Communications, S.L.U.<\/strong> ou pelas empresas ou pessoal expressamente autorizado para o efeito, tais como aqueles que assinaram um contrato de presta\u00e7\u00e3o de servi\u00e7os ou de processamento de dados com a <strong>Human Level Communications, S.L.U.<\/strong> ou cession\u00e1rios legalmente autorizados. A Pol\u00edtica de Seguran\u00e7a da Informa\u00e7\u00e3o e Ciberseguran\u00e7a est\u00e1 focada em tentar garantir os seguintes tr\u00eas cen\u00e1rios principais:<\/p>\n\n\n\n<ul class=\"wp-block-list\">\n<li>Conformidade com a confidencialidade, o que implica que as informa\u00e7\u00f5es cr\u00edticas, sens\u00edveis, privadas ou pessoais geridas pela organiza\u00e7\u00e3o n\u00e3o sejam roubadas ou acedidas por pessoas n\u00e3o autorizadas.<\/li>\n\n\n\n<li>Minimiza o impacto na disponibilidade, quando os servi\u00e7os prestados pela organiza\u00e7\u00e3o s\u00e3o inacess\u00edveis ou inutiliz\u00e1veis.<\/li>\n\n\n\n<li>Assegurar a integridade dos sistemas de informa\u00e7\u00e3o, evitando a corrup\u00e7\u00e3o de dados ou de sistemas organizacionais que possam afetar a exatid\u00e3o ou a integridade da informa\u00e7\u00e3o e do processamento e que possam tamb\u00e9m afetar a disponibilidade dos servi\u00e7os.<\/li>\n<\/ul>\n\n\n\n<p>A Pol\u00edtica de Seguran\u00e7a da Informa\u00e7\u00e3o ser\u00e1 desenvolvida atrav\u00e9s de regulamentos de seguran\u00e7a que abordam aspectos espec\u00edficos e ser\u00e1 revista pelo menos uma vez por ano e sempre que haja altera\u00e7\u00f5es relevantes na organiza\u00e7\u00e3o, a fim de garantir a sua adapta\u00e7\u00e3o \u00e0 estrat\u00e9gia e \u00e0s necessidades da pr\u00f3pria organiza\u00e7\u00e3o. Esta pol\u00edtica \u00e9 aplicada em todos os centros de trabalho <strong>da Human Level Communications, S.L.U.<\/strong>, e \u00e9 implementada num quadro de Seguran\u00e7a da Informa\u00e7\u00e3o de acordo com a norma ISO 27001:2022.<\/p>\n<\/div>\n","protected":false},"excerpt":{"rendered":"<p>A Human Level Communications, S.L.U. tem como um dos seus objectivos tentar salvaguardar a seguran\u00e7a da&#8230;<\/p>\n","protected":false},"author":50,"featured_media":89503,"parent":86354,"menu_order":0,"comment_status":"closed","ping_status":"closed","template":"","meta":{"_acf_changed":false,"footnotes":""},"class_list":["post-78299","page","type-page","status-publish","has-post-thumbnail"],"acf":[],"yoast_head":"<!-- This site is optimized with the Yoast SEO plugin v27.4 - https:\/\/yoast.com\/product\/yoast-seo-wordpress\/ -->\n<title>Pol\u00edtica de seguran\u00e7a da informa\u00e7\u00e3o | Human Level<\/title>\n<meta name=\"description\" content=\"Aceda aqui \u00e0 Pol\u00edtica de Seguran\u00e7a da Informa\u00e7\u00e3o da empresa HUMAN LEVEL COMMUNICATIONS S.L.U.\" \/>\n<meta name=\"robots\" content=\"index, follow, max-snippet:-1, max-image-preview:large, max-video-preview:-1\" \/>\n<link rel=\"canonical\" href=\"https:\/\/www.humanlevel.com\/pt\/politicas\/seguranca\" \/>\n<meta property=\"og:locale\" content=\"pt_PT\" \/>\n<meta property=\"og:type\" content=\"article\" \/>\n<meta property=\"og:title\" content=\"Pol\u00edtica de seguran\u00e7a da informa\u00e7\u00e3o | Human Level\" \/>\n<meta property=\"og:description\" content=\"Aceda aqui \u00e0 Pol\u00edtica de Seguran\u00e7a da Informa\u00e7\u00e3o da empresa HUMAN LEVEL COMMUNICATIONS S.L.U.\" \/>\n<meta property=\"og:url\" content=\"https:\/\/www.humanlevel.com\/pt\/politicas\/seguranca\" \/>\n<meta property=\"og:site_name\" content=\"Human Level\" \/>\n<meta name=\"twitter:card\" content=\"summary_large_image\" \/>\n<meta name=\"twitter:label1\" content=\"Tempo estimado de leitura\" \/>\n\t<meta name=\"twitter:data1\" content=\"3 minutos\" \/>\n<script type=\"application\/ld+json\" class=\"yoast-schema-graph\">{\"@context\":\"https:\\\/\\\/schema.org\",\"@graph\":[{\"@type\":\"WebPage\",\"@id\":\"https:\\\/\\\/www.humanlevel.com\\\/pt\\\/politicas\\\/seguranca\",\"url\":\"https:\\\/\\\/www.humanlevel.com\\\/pt\\\/politicas\\\/seguranca\",\"name\":\"Pol\u00edtica de seguran\u00e7a da informa\u00e7\u00e3o | Human Level\",\"isPartOf\":{\"@id\":\"https:\\\/\\\/www.humanlevel.com\\\/pt#website\"},\"primaryImageOfPage\":{\"@id\":\"https:\\\/\\\/www.humanlevel.com\\\/pt\\\/politicas\\\/seguranca#primaryimage\"},\"image\":{\"@id\":\"https:\\\/\\\/www.humanlevel.com\\\/pt\\\/politicas\\\/seguranca#primaryimage\"},\"thumbnailUrl\":\"https:\\\/\\\/www.humanlevel.com\\\/wp-content\\\/uploads\\\/hl-og-politicas.jpg\",\"datePublished\":\"2025-02-18T09:26:06+00:00\",\"dateModified\":\"2026-04-02T10:07:16+00:00\",\"description\":\"Aceda aqui \u00e0 Pol\u00edtica de Seguran\u00e7a da Informa\u00e7\u00e3o da empresa HUMAN LEVEL COMMUNICATIONS S.L.U.\",\"breadcrumb\":{\"@id\":\"https:\\\/\\\/www.humanlevel.com\\\/pt\\\/politicas\\\/seguranca#breadcrumb\"},\"inLanguage\":\"pt-PT\",\"potentialAction\":[{\"@type\":\"ReadAction\",\"target\":[\"https:\\\/\\\/www.humanlevel.com\\\/pt\\\/politicas\\\/seguranca\"]}]},{\"@type\":\"ImageObject\",\"inLanguage\":\"pt-PT\",\"@id\":\"https:\\\/\\\/www.humanlevel.com\\\/pt\\\/politicas\\\/seguranca#primaryimage\",\"url\":\"https:\\\/\\\/www.humanlevel.com\\\/wp-content\\\/uploads\\\/hl-og-politicas.jpg\",\"contentUrl\":\"https:\\\/\\\/www.humanlevel.com\\\/wp-content\\\/uploads\\\/hl-og-politicas.jpg\",\"width\":1200,\"height\":630},{\"@type\":\"BreadcrumbList\",\"@id\":\"https:\\\/\\\/www.humanlevel.com\\\/pt\\\/politicas\\\/seguranca#breadcrumb\",\"itemListElement\":[{\"@type\":\"ListItem\",\"position\":1,\"name\":\"Inicio\",\"item\":\"https:\\\/\\\/www.humanlevel.com\\\/pt\"},{\"@type\":\"ListItem\",\"position\":2,\"name\":\"Informa\u00e7\u00e3o legal e corporativa\",\"item\":\"https:\\\/\\\/www.humanlevel.com\\\/pt\\\/politicas\"},{\"@type\":\"ListItem\",\"position\":3,\"name\":\"Pol\u00edtica de seguran\u00e7a da informa\u00e7\u00e3o\"}]},{\"@type\":\"WebSite\",\"@id\":\"https:\\\/\\\/www.humanlevel.com\\\/pt#website\",\"url\":\"https:\\\/\\\/www.humanlevel.com\\\/pt\",\"name\":\"Human Level\",\"description\":\"Agencia SEO para grandes marcas nacionales e internacionales.\",\"publisher\":{\"@id\":\"https:\\\/\\\/www.humanlevel.com\\\/pt#organization\"},\"potentialAction\":[{\"@type\":\"SearchAction\",\"target\":{\"@type\":\"EntryPoint\",\"urlTemplate\":\"https:\\\/\\\/www.humanlevel.com\\\/pt?s={search_term_string}\"},\"query-input\":{\"@type\":\"PropertyValueSpecification\",\"valueRequired\":true,\"valueName\":\"search_term_string\"}}],\"inLanguage\":\"pt-PT\"},{\"@type\":\"Organization\",\"@id\":\"https:\\\/\\\/www.humanlevel.com\\\/pt#organization\",\"name\":\"Human Level\",\"url\":\"https:\\\/\\\/www.humanlevel.com\\\/pt\",\"logo\":{\"@type\":\"ImageObject\",\"inLanguage\":\"pt-PT\",\"@id\":\"https:\\\/\\\/www.humanlevel.com\\\/pt#\\\/schema\\\/logo\\\/image\\\/\",\"url\":\"https:\\\/\\\/www.humanlevel.com\\\/wp-content\\\/uploads\\\/logohl25x3.png\",\"contentUrl\":\"https:\\\/\\\/www.humanlevel.com\\\/wp-content\\\/uploads\\\/logohl25x3.png\",\"width\":600,\"height\":93,\"caption\":\"Human Level\"},\"image\":{\"@id\":\"https:\\\/\\\/www.humanlevel.com\\\/pt#\\\/schema\\\/logo\\\/image\\\/\"},\"sameAs\":[\"https:\\\/\\\/www.linkedin.com\\\/company\\\/human-level-communications\",\"https:\\\/\\\/www.youtube.com\\\/user\\\/humanlevelcommunica\",\"https:\\\/\\\/bsky.app\\\/profile\\\/humanlevel.bsky.social\",\"https:\\\/\\\/instagram.com\\\/humanlevel\"]}]}<\/script>\n<!-- \/ Yoast SEO plugin. -->","yoast_head_json":{"title":"Pol\u00edtica de seguran\u00e7a da informa\u00e7\u00e3o | Human Level","description":"Aceda aqui \u00e0 Pol\u00edtica de Seguran\u00e7a da Informa\u00e7\u00e3o da empresa HUMAN LEVEL COMMUNICATIONS S.L.U.","robots":{"index":"index","follow":"follow","max-snippet":"max-snippet:-1","max-image-preview":"max-image-preview:large","max-video-preview":"max-video-preview:-1"},"canonical":"https:\/\/www.humanlevel.com\/pt\/politicas\/seguranca","og_locale":"pt_PT","og_type":"article","og_title":"Pol\u00edtica de seguran\u00e7a da informa\u00e7\u00e3o | Human Level","og_description":"Aceda aqui \u00e0 Pol\u00edtica de Seguran\u00e7a da Informa\u00e7\u00e3o da empresa HUMAN LEVEL COMMUNICATIONS S.L.U.","og_url":"https:\/\/www.humanlevel.com\/pt\/politicas\/seguranca","og_site_name":"Human Level","twitter_card":"summary_large_image","twitter_misc":{"Tempo estimado de leitura":"3 minutos"},"schema":{"@context":"https:\/\/schema.org","@graph":[{"@type":"WebPage","@id":"https:\/\/www.humanlevel.com\/pt\/politicas\/seguranca","url":"https:\/\/www.humanlevel.com\/pt\/politicas\/seguranca","name":"Pol\u00edtica de seguran\u00e7a da informa\u00e7\u00e3o | Human Level","isPartOf":{"@id":"https:\/\/www.humanlevel.com\/pt#website"},"primaryImageOfPage":{"@id":"https:\/\/www.humanlevel.com\/pt\/politicas\/seguranca#primaryimage"},"image":{"@id":"https:\/\/www.humanlevel.com\/pt\/politicas\/seguranca#primaryimage"},"thumbnailUrl":"https:\/\/www.humanlevel.com\/wp-content\/uploads\/hl-og-politicas.jpg","datePublished":"2025-02-18T09:26:06+00:00","dateModified":"2026-04-02T10:07:16+00:00","description":"Aceda aqui \u00e0 Pol\u00edtica de Seguran\u00e7a da Informa\u00e7\u00e3o da empresa HUMAN LEVEL COMMUNICATIONS S.L.U.","breadcrumb":{"@id":"https:\/\/www.humanlevel.com\/pt\/politicas\/seguranca#breadcrumb"},"inLanguage":"pt-PT","potentialAction":[{"@type":"ReadAction","target":["https:\/\/www.humanlevel.com\/pt\/politicas\/seguranca"]}]},{"@type":"ImageObject","inLanguage":"pt-PT","@id":"https:\/\/www.humanlevel.com\/pt\/politicas\/seguranca#primaryimage","url":"https:\/\/www.humanlevel.com\/wp-content\/uploads\/hl-og-politicas.jpg","contentUrl":"https:\/\/www.humanlevel.com\/wp-content\/uploads\/hl-og-politicas.jpg","width":1200,"height":630},{"@type":"BreadcrumbList","@id":"https:\/\/www.humanlevel.com\/pt\/politicas\/seguranca#breadcrumb","itemListElement":[{"@type":"ListItem","position":1,"name":"Inicio","item":"https:\/\/www.humanlevel.com\/pt"},{"@type":"ListItem","position":2,"name":"Informa\u00e7\u00e3o legal e corporativa","item":"https:\/\/www.humanlevel.com\/pt\/politicas"},{"@type":"ListItem","position":3,"name":"Pol\u00edtica de seguran\u00e7a da informa\u00e7\u00e3o"}]},{"@type":"WebSite","@id":"https:\/\/www.humanlevel.com\/pt#website","url":"https:\/\/www.humanlevel.com\/pt","name":"Human Level","description":"Agencia SEO para grandes marcas nacionales e internacionales.","publisher":{"@id":"https:\/\/www.humanlevel.com\/pt#organization"},"potentialAction":[{"@type":"SearchAction","target":{"@type":"EntryPoint","urlTemplate":"https:\/\/www.humanlevel.com\/pt?s={search_term_string}"},"query-input":{"@type":"PropertyValueSpecification","valueRequired":true,"valueName":"search_term_string"}}],"inLanguage":"pt-PT"},{"@type":"Organization","@id":"https:\/\/www.humanlevel.com\/pt#organization","name":"Human Level","url":"https:\/\/www.humanlevel.com\/pt","logo":{"@type":"ImageObject","inLanguage":"pt-PT","@id":"https:\/\/www.humanlevel.com\/pt#\/schema\/logo\/image\/","url":"https:\/\/www.humanlevel.com\/wp-content\/uploads\/logohl25x3.png","contentUrl":"https:\/\/www.humanlevel.com\/wp-content\/uploads\/logohl25x3.png","width":600,"height":93,"caption":"Human Level"},"image":{"@id":"https:\/\/www.humanlevel.com\/pt#\/schema\/logo\/image\/"},"sameAs":["https:\/\/www.linkedin.com\/company\/human-level-communications","https:\/\/www.youtube.com\/user\/humanlevelcommunica","https:\/\/bsky.app\/profile\/humanlevel.bsky.social","https:\/\/instagram.com\/humanlevel"]}]}},"_links":{"self":[{"href":"https:\/\/www.humanlevel.com\/pt\/wp-json\/wp\/v2\/pages\/78299","targetHints":{"allow":["GET"]}}],"collection":[{"href":"https:\/\/www.humanlevel.com\/pt\/wp-json\/wp\/v2\/pages"}],"about":[{"href":"https:\/\/www.humanlevel.com\/pt\/wp-json\/wp\/v2\/types\/page"}],"author":[{"embeddable":true,"href":"https:\/\/www.humanlevel.com\/pt\/wp-json\/wp\/v2\/users\/50"}],"replies":[{"embeddable":true,"href":"https:\/\/www.humanlevel.com\/pt\/wp-json\/wp\/v2\/comments?post=78299"}],"version-history":[{"count":2,"href":"https:\/\/www.humanlevel.com\/pt\/wp-json\/wp\/v2\/pages\/78299\/revisions"}],"predecessor-version":[{"id":87066,"href":"https:\/\/www.humanlevel.com\/pt\/wp-json\/wp\/v2\/pages\/78299\/revisions\/87066"}],"up":[{"embeddable":true,"href":"https:\/\/www.humanlevel.com\/pt\/wp-json\/wp\/v2\/pages\/86354"}],"wp:featuredmedia":[{"embeddable":true,"href":"https:\/\/www.humanlevel.com\/pt\/wp-json\/wp\/v2\/media\/89503"}],"wp:attachment":[{"href":"https:\/\/www.humanlevel.com\/pt\/wp-json\/wp\/v2\/media?parent=78299"}],"curies":[{"name":"wp","href":"https:\/\/api.w.org\/{rel}","templated":true}]}}