{"id":78269,"date":"2009-12-17T18:13:13","date_gmt":"2009-12-17T17:13:13","guid":{"rendered":"https:\/\/www.humanlevel.com\/contacto"},"modified":"2026-04-27T14:40:18","modified_gmt":"2026-04-27T12:40:18","slug":"contacto","status":"publish","type":"page","link":"https:\/\/www.humanlevel.com\/pt\/contacto","title":{"rendered":"Contato"},"content":{"rendered":"\n<section class=\"gb-element-e42345a7\" id=\"anchor-formulario\">\n<div class=\"gb-element-fda19ae5\">\n<div>\n<h2 class=\"gb-text tp-h2\">Vamos conversar?<\/h2>\n\n\n\n<p class=\"gb-text tp-subtitle\">Conte-nos mais sobre o seu projeto e como pensa que o podemos ajudar. Melhorar a sua visibilidade e convers\u00e3o online est\u00e1 apenas a um clique de dist\u00e2ncia.<\/p>\n<\/div>\n\n\n\n<div>\n<p class=\"gb-text tp-body-bold gb-text-a2fd1488\">Contacto<\/p>\n\n\n\n<p class=\"gb-text gb-text-fc13b9ca\"><a href=\"tel:+34966141907\">+34 966 141 907<\/a><br><a href=\"mailto:info@humanlevel.com\">info@humanlevel.com<\/a><\/p>\n\n\n\n<p class=\"gb-text tp-body-bold gb-text-8c736cb8\">O nosso hor\u00e1rio de abertura<\/p>\n\n\n\n<p class=\"gb-text\">Segunda-feira a quinta-feira das 8:00 \u00e0s 18:30h<br>Sexta-feira das 8:00 \u00e0s 15:00h<\/p>\n<\/div>\n<\/div>\n\n\n\n<div class=\"gb-element-f2b45657\">\n<div class=\"wp-block-contact-form-7-contact-form-selector\">\n<div class=\"wpcf7 no-js\" id=\"wpcf7-f78437-o1\" lang=\"pt-PT\" dir=\"ltr\" data-wpcf7-id=\"78437\">\n<div class=\"screen-reader-response\"><p role=\"status\" aria-live=\"polite\" aria-atomic=\"true\"><\/p> <ul><\/ul><\/div>\n<form action=\"\/pt\/wp-json\/wp\/v2\/pages\/78269#wpcf7-f78437-o1\" method=\"post\" class=\"wpcf7-form init hablamos\" id=\"form-hablamos\" name=\"Formulariodecontacto\" aria-label=\"Formulario de contacto\" enctype=\"multipart\/form-data\" novalidate=\"novalidate\" data-status=\"init\">\n<fieldset class=\"hidden-fields-container\"><input type=\"hidden\" name=\"_wpcf7\" value=\"78437\" \/><input type=\"hidden\" name=\"_wpcf7_version\" value=\"6.1.5\" \/><input type=\"hidden\" name=\"_wpcf7_locale\" value=\"pt_PT\" \/><input type=\"hidden\" name=\"_wpcf7_unit_tag\" value=\"wpcf7-f78437-o1\" \/><input type=\"hidden\" name=\"_wpcf7_container_post\" value=\"0\" \/><input type=\"hidden\" name=\"_wpcf7_posted_data_hash\" value=\"\" \/>\n<\/fieldset>\n<p><span id=\"wpcf7-6a09f47298329-wrapper\" class=\"wpcf7-form-control-wrap phone-673-wrap\" style=\"display: block;\n\t\t    width: 0px;\n\t\t    height: 0px;\n\t\t    padding: 0px;\n\t\t    border: 1px solid transparent;\n\t\t    display: block;\n\t\t    overflow: hidden;\n\t\t    \"><input type=\"hidden\" name=\"phone-673-random-hash\" value=\"97674913\"><label\n\t\t    for=\"wpcf7-6a09f47298329-field\"\n\t\t    class=\"hp-message\"\n        >Please leave this field empty.<\/label><input\n\t    id=\"wpcf7-6a09f47298329-field\"\n\t    \n\t    class=\"wpcf7-form-control wpcf7-text\"\n\t    type=\"text\"\n\t    name=\"ch4hmxzivobg\"\n\t    value=\"\"\n\t    size=\"40\"\n\t    autocomplete=\"new-password\"\n\t    tabindex=\"1000\"\n    \/><\/span>\n<\/p>\n<p class=\"leyenda\">Os campos com * s\u00e3o obrigat\u00f3rios\n<\/p>\n<div class=\"form-fields\">\n\t<p><label for=\"motivo-contacto\">Em que est\u00e1 interessado? *<\/label><span class=\"wpcf7-form-control-wrap\" data-name=\"motivo-contacto\"><select class=\"wpcf7-form-control wpcf7-select wpcf7-validates-as-required\" id=\"motivo-contacto\" aria-required=\"true\" aria-invalid=\"false\" name=\"motivo-contacto\"><option value=\"\">\u2014Por favor escolha uma op\u00e7\u00e3o\u2014<\/option><option value=\"Informa\u00e7\u00e3o comercial\">Informa\u00e7\u00e3o comercial<\/option><option value=\"Emprego\">Emprego<\/option><\/select><\/span><br \/>\n<label for=\"your-name\">Nome<span class=\"required\" aria-hidden=\"true\">*<\/span><\/label><span class=\"wpcf7-form-control-wrap\" data-name=\"your-name\"><input size=\"40\" maxlength=\"400\" class=\"wpcf7-form-control wpcf7-text wpcf7-validates-as-required\" id=\"your-name\" aria-required=\"true\" aria-invalid=\"false\" value=\"\" type=\"text\" name=\"your-name\" \/><\/span><br \/>\n<label for=\"your-email\">E-mail<span class=\"required\" aria-hidden=\"true\">*<\/span><\/label><span class=\"wpcf7-form-control-wrap\" data-name=\"your-email\"><input size=\"40\" maxlength=\"400\" class=\"wpcf7-form-control wpcf7-email wpcf7-validates-as-required wpcf7-text wpcf7-validates-as-email\" id=\"your-email\" aria-required=\"true\" aria-invalid=\"false\" value=\"\" type=\"email\" name=\"your-email\" \/><\/span><br \/>\n<label for=\"your-tel\">Telefone<span class=\"required\" aria-hidden=\"true\">*<\/span><\/label><span class=\"wpcf7-form-control-wrap\" data-name=\"your-tel\"><input size=\"40\" maxlength=\"400\" class=\"wpcf7-form-control wpcf7-tel wpcf7-validates-as-required wpcf7-text wpcf7-validates-as-tel\" id=\"your-tel\" aria-required=\"true\" aria-invalid=\"false\" value=\"\" type=\"tel\" name=\"your-tel\" \/><\/span><br \/>\n<label for=\"your-web\">Web<\/label><span class=\"wpcf7-form-control-wrap\" data-name=\"your-web\"><input size=\"40\" maxlength=\"400\" class=\"wpcf7-form-control wpcf7-text\" id=\"your-web\" aria-invalid=\"false\" value=\"\" type=\"text\" name=\"your-web\" \/><\/span><br \/>\n<label for=\"your-message\">Mensagem<span class=\"required\" aria-hidden=\"true\">*<\/span><\/label><span class=\"wpcf7-form-control-wrap\" data-name=\"your-message\"><textarea cols=\"40\" rows=\"10\" maxlength=\"2000\" class=\"wpcf7-form-control wpcf7-textarea wpcf7-validates-as-required\" id=\"your-message\" aria-required=\"true\" aria-invalid=\"false\" name=\"your-message\"><\/textarea><\/span>\n\t<\/p>\n<\/div>\n<div id=\"cv\" style=\"display:none\">\n\t<p><label for=\"your-file\">Anexe o seu CV<\/label><span class=\"wpcf7-form-control-wrap\" data-name=\"your-file\"><input size=\"40\" class=\"wpcf7-form-control wpcf7-file\" accept=\"image\/*,.txt,application\/pdf\" aria-invalid=\"false\" type=\"file\" name=\"your-file\" \/><\/span>\n\t<\/p>\n<\/div>\n<p>Neste formul\u00e1rio, recolhemos dados pessoais para podermos contact\u00e1-lo e processar o seu pedido de acordo com os nossos servi\u00e7os. O respons\u00e1vel pelo tratamento dos dados \u00e9 a HUMAN LEVEL COMMUNICATIONS S.L.U. Para mais informa\u00e7\u00f5es sobre como tratamos os seus dados e para exercer os seus direitos, pode consultar a nossa <u><a href=\"\/pt\/politicas\/privacidade\" target=\"_blank\" title=\"Ver a pol\u00edtica de privacidade num novo separador\/janela\">Pol\u00edtica de Privacidade<\/a><\/u>.\n<\/p>\n<fieldset class=\"form-checkboxes\">\n\t<legend class=\"sr-only\">Aceita\u00e7\u00e3o de termos e subscri\u00e7\u00e3o da newsletter\n\t<\/legend>\n\t<p><span class=\"wpcf7-form-control-wrap\" data-name=\"acepta-newsletter\"><span class=\"wpcf7-form-control wpcf7-checkbox\" id=\"acepta-newsletter\"><span class=\"wpcf7-list-item first last\"><label><input type=\"checkbox\" name=\"acepta-newsletter[]\" value=\"Subscrever a newsletter.\" \/><span class=\"wpcf7-list-item-label\">Subscrever a newsletter.<\/span><\/label><\/span><\/span><\/span><br \/>\n<span class=\"wpcf7-form-control-wrap\" data-name=\"accept-this-1\"><span class=\"wpcf7-form-control wpcf7-checkbox wpcf7-validates-as-required\" id=\"accept-this-1\"><span class=\"wpcf7-list-item first last\"><label><input type=\"checkbox\" name=\"accept-this-1[]\" value=\"Li e concordo com o tratamento dos meus dados pessoais em conformidade com a pol\u00edtica de privacidade.*\" \/><span class=\"wpcf7-list-item-label\">Li e concordo com o tratamento dos meus dados pessoais em conformidade com a pol\u00edtica de privacidade.*<\/span><\/label><\/span><\/span><\/span>\n\t<\/p>\n<\/fieldset>\n<div style=\"display:none\">\n\t<p><span class=\"wpcf7-form-control-wrap\" data-name=\"post_url\"><input size=\"40\" maxlength=\"400\" class=\"wpcf7-form-control wpcf7-text wpcf7-validates-as-required\" aria-required=\"true\" aria-invalid=\"false\" value=\"\" type=\"text\" name=\"post_url\" \/><\/span>\n\t<\/p>\n<\/div>\n<div style=\"display:none\">\n\t<p><span class=\"wpcf7-form-control-wrap\" data-name=\"motivo-contacto-valor\"><input size=\"40\" maxlength=\"400\" class=\"wpcf7-form-control wpcf7-text\" aria-invalid=\"false\" value=\"\" type=\"text\" name=\"motivo-contacto-valor\" \/><\/span>\n\t<\/p>\n<\/div>\n<input class=\"wpcf7-form-control wpcf7-hidden\" value=\"\" type=\"hidden\" name=\"post_title\" \/>\n<div id=\"ventanaModal\" class=\"modal\" role=\"alertdialog\" aria-modal=\"true\" aria-labelledby=\"modalTitle\">\n\t<div class=\"modal-content\">\n\t\t<p><svg width=\"24\" height=\"24\" viewBox=\"0 0 24 24\" xmlns=\"http:\/\/www.w3.org\/2000\/svg\" fill=\"#e31e24\">\n            <path d=\"M12,1L12,1c5.5,0,10,4.5,10,10s-4.5,10-10,10s-10-4.5-10-10S6.5,1,12,1z\" stroke=\"#e31e24\" stroke-width=\"3\" fill=\"none\" opacity=\".2\"\/>\n            <path d=\"M12,1L12,1c5.5,0,10,4.5,10,10\" stroke=\"#e31e24\" stroke-width=\"3\" fill=\"none\">\n                <animateTransform attributeName=\"transform\" type=\"rotate\" from=\"0 12 12\" to=\"360 12 12\" dur=\"0.8s\" repeatCount=\"indefinite\"\/>\n            <\/path>\n        <\/svg><br \/>\n<span id=\"modalTitle\" class=\"tp-bold\" style=\"font-size: 1.1em\">A carregar...<\/span>\n\t\t<\/p>\n\t\t<p>Estamos a enviar a sua mensagem\n\t\t<\/p>\n\t<\/div>\n<\/div>\n<p><button type=\"submit\" id=\"btn-enviar-form\" class=\"btn\">Enviar<svg aria-hidden=\"true\" focusable=\"false\" xmlns=\"http:\/\/www.w3.org\/2000\/svg\" width=\"20\" height=\"12\" fill=\"none\"><g stroke=\"currentColor\" stroke-width=\"1.404\" clip-path=\"url(#a)\"><path stroke-miterlimit=\"10\" d=\"M16.758 5.62H4.475\"\/><path d=\"m12.337.683 5.311 4.937-5.311 4.936\"\/><\/g><defs><clipPath id=\"a\"><path fill=\"#fff\" d=\"M19.766 12H0V0h19.765z\"\/><\/clipPath><\/defs><\/svg><br \/>\n<\/button>\n<\/p><p style=\"display: none !important;\" class=\"akismet-fields-container\" data-prefix=\"_wpcf7_ak_\"><label>&#916;<textarea name=\"_wpcf7_ak_hp_textarea\" cols=\"45\" rows=\"8\" maxlength=\"100\"><\/textarea><\/label><input type=\"hidden\" id=\"ak_js_1\" name=\"_wpcf7_ak_js\" value=\"134\"\/><script>\ndocument.getElementById( \"ak_js_1\" ).setAttribute( \"value\", ( new Date() ).getTime() );\n<\/script>\n<\/p><div class=\"wpcf7-response-output\" aria-hidden=\"true\"><\/div>\n<\/form>\n<\/div>\n<\/div>\n<\/div>\n<\/section>\n\n\n\n<section class=\"section-spacing\">\n<p class=\"gb-text tp-abovetitle\">Onde estamos?<\/p>\n\n\n\n<h2 class=\"gb-text\">Visite-nos no nosso escrit\u00f3rio<\/h2>\n\n\n\n<iframe loading=\"lazy\" style=\"border: 0; border-radius: 24px;\" title=\"Mapa da Human Level. Gta. Poeta Vicente M\u00f3jica, 5, 03005 Alicante\" src=\"https:\/\/www.google.com\/maps\/embed?pb=!1m18!1m12!1m3!1d3221.877826286409!2d-0.4387049043753291!3d38.40582251288601!2m3!1f0!2f0!3f0!3m2!1i1024!2i768!4f13.1!3m3!1m2!1s0xd623a1957beae63%3A0xbb24cb30dfc74a9c!2sCarrer%20Arcadi%20Blasco%2C%2020%2C%2003550%20Sant%20Joan%20d&#39;Alacant%2C%20Alacant!5e0!3m2!1ses!2ses!4v1777293377110!5m2!1ses!2ses\" width=\"100%\" height=\"450\" frameborder=\"0\"><\/iframe>\n<\/section>\n\n\n\n<section class=\"section-spacing\">\n<p class=\"gb-text tp-abovetitle\">Candidatura espont\u00e2nea<\/p>\n\n\n\n<h2 class=\"gb-text\">Queres juntar-te \u00e0 equipa?<\/h2>\n\n\n\n<p class=\"gb-text tp-subtitle gb-text-35fd15a4\">Acreditas que o teu perfil se enquadra na Human Level? Envia-nos o teu CV atrav\u00e9s do formul\u00e1rio de contacto e ter-te-emos em conta para futuras oportunidades.<\/p>\n\n\n\n<a class=\"gb-text btn smooth-scroll\" href=\"#anchor-formulario\">Deixa-nos o teu CV<\/a>\n<\/section>\n","protected":false},"excerpt":{"rendered":"<p>Onde estamos? Visite-nos no nosso escrit\u00f3rio<\/p>\n","protected":false},"author":12,"featured_media":89507,"parent":0,"menu_order":9,"comment_status":"closed","ping_status":"closed","template":"","meta":{"_acf_changed":false,"footnotes":""},"class_list":["post-78269","page","type-page","status-publish","has-post-thumbnail"],"acf":[],"yoast_head":"<!-- This site is optimized with the Yoast SEO plugin v27.6 - https:\/\/yoast.com\/product\/yoast-seo-wordpress\/ -->\n<title>Informa\u00e7\u00f5es de contacto | Human Level<\/title>\n<meta name=\"description\" content=\"A Human Level encontra-se em C\/ Arcadi Blasco, 20 - 03550 Sant Joan d&#039;Alacant, ALICANTE (Espanha) - Tel. +34 966 141 907\" \/>\n<meta name=\"robots\" content=\"index, follow, max-snippet:-1, max-image-preview:large, max-video-preview:-1\" \/>\n<link rel=\"canonical\" href=\"https:\/\/www.humanlevel.com\/pt\/contacto\" \/>\n<meta property=\"og:locale\" content=\"pt_PT\" \/>\n<meta property=\"og:type\" content=\"article\" \/>\n<meta property=\"og:title\" content=\"Informa\u00e7\u00f5es de contacto | Human Level\" \/>\n<meta property=\"og:description\" content=\"A Human Level encontra-se em C\/ Arcadi Blasco, 20 - 03550 Sant Joan d&#039;Alacant, ALICANTE (Espanha) - Tel. +34 966 141 907\" \/>\n<meta property=\"og:url\" content=\"https:\/\/www.humanlevel.com\/pt\/contacto\" \/>\n<meta property=\"og:site_name\" content=\"Human Level\" \/>\n<meta property=\"og:image\" content=\"https:\/\/www.humanlevel.com\/wp-content\/uploads\/hl-og-contacto.jpg\" \/>\n\t<meta property=\"og:image:width\" content=\"1200\" \/>\n\t<meta property=\"og:image:height\" content=\"630\" \/>\n\t<meta property=\"og:image:type\" content=\"image\/jpeg\" \/>\n<meta name=\"twitter:card\" content=\"summary_large_image\" \/>\n<meta name=\"twitter:label1\" content=\"Tempo estimado de leitura\" \/>\n\t<meta name=\"twitter:data1\" content=\"1 minuto\" \/>\n<script type=\"application\/ld+json\" class=\"yoast-schema-graph\">{\"@context\":\"https:\\\/\\\/schema.org\",\"@graph\":[{\"@type\":[\"WebPage\",\"ContactPage\"],\"@id\":\"https:\\\/\\\/www.humanlevel.com\\\/pt\\\/contacto\",\"url\":\"https:\\\/\\\/www.humanlevel.com\\\/pt\\\/contacto\",\"name\":\"Informa\u00e7\u00f5es de contacto | Human Level\",\"isPartOf\":{\"@id\":\"https:\\\/\\\/www.humanlevel.com\\\/pt#website\"},\"primaryImageOfPage\":{\"@id\":\"https:\\\/\\\/www.humanlevel.com\\\/pt\\\/contacto#primaryimage\"},\"image\":{\"@id\":\"https:\\\/\\\/www.humanlevel.com\\\/pt\\\/contacto#primaryimage\"},\"thumbnailUrl\":\"https:\\\/\\\/www.humanlevel.com\\\/wp-content\\\/uploads\\\/hl-og-contacto.jpg\",\"datePublished\":\"2009-12-17T17:13:13+00:00\",\"dateModified\":\"2026-04-27T12:40:18+00:00\",\"description\":\"A Human Level encontra-se em C\\\/ Arcadi Blasco, 20 - 03550 Sant Joan d'Alacant, ALICANTE (Espanha) - Tel. +34 966 141 907\",\"breadcrumb\":{\"@id\":\"https:\\\/\\\/www.humanlevel.com\\\/pt\\\/contacto#breadcrumb\"},\"inLanguage\":\"pt-PT\",\"potentialAction\":[{\"@type\":\"ReadAction\",\"target\":[\"https:\\\/\\\/www.humanlevel.com\\\/pt\\\/contacto\"]}]},{\"@type\":\"ImageObject\",\"inLanguage\":\"pt-PT\",\"@id\":\"https:\\\/\\\/www.humanlevel.com\\\/pt\\\/contacto#primaryimage\",\"url\":\"https:\\\/\\\/www.humanlevel.com\\\/wp-content\\\/uploads\\\/hl-og-contacto.jpg\",\"contentUrl\":\"https:\\\/\\\/www.humanlevel.com\\\/wp-content\\\/uploads\\\/hl-og-contacto.jpg\",\"width\":1200,\"height\":630},{\"@type\":\"BreadcrumbList\",\"@id\":\"https:\\\/\\\/www.humanlevel.com\\\/pt\\\/contacto#breadcrumb\",\"itemListElement\":[{\"@type\":\"ListItem\",\"position\":1,\"name\":\"Inicio\",\"item\":\"https:\\\/\\\/www.humanlevel.com\\\/pt\"},{\"@type\":\"ListItem\",\"position\":2,\"name\":\"Contato\"}]},{\"@type\":\"WebSite\",\"@id\":\"https:\\\/\\\/www.humanlevel.com\\\/pt#website\",\"url\":\"https:\\\/\\\/www.humanlevel.com\\\/pt\",\"name\":\"Human Level\",\"description\":\"Agencia SEO para grandes marcas nacionales e internacionales.\",\"publisher\":{\"@id\":\"https:\\\/\\\/www.humanlevel.com\\\/pt#organization\"},\"potentialAction\":[{\"@type\":\"SearchAction\",\"target\":{\"@type\":\"EntryPoint\",\"urlTemplate\":\"https:\\\/\\\/www.humanlevel.com\\\/pt?s={search_term_string}\"},\"query-input\":{\"@type\":\"PropertyValueSpecification\",\"valueRequired\":true,\"valueName\":\"search_term_string\"}}],\"inLanguage\":\"pt-PT\"},{\"@type\":\"Organization\",\"@id\":\"https:\\\/\\\/www.humanlevel.com\\\/pt#organization\",\"name\":\"Human Level\",\"url\":\"https:\\\/\\\/www.humanlevel.com\\\/pt\",\"logo\":{\"@type\":\"ImageObject\",\"inLanguage\":\"pt-PT\",\"@id\":\"https:\\\/\\\/www.humanlevel.com\\\/pt#\\\/schema\\\/logo\\\/image\\\/\",\"url\":\"https:\\\/\\\/www.humanlevel.com\\\/wp-content\\\/uploads\\\/logohl25x3.png\",\"contentUrl\":\"https:\\\/\\\/www.humanlevel.com\\\/wp-content\\\/uploads\\\/logohl25x3.png\",\"width\":600,\"height\":93,\"caption\":\"Human Level\"},\"image\":{\"@id\":\"https:\\\/\\\/www.humanlevel.com\\\/pt#\\\/schema\\\/logo\\\/image\\\/\"},\"sameAs\":[\"https:\\\/\\\/www.linkedin.com\\\/company\\\/human-level-communications\",\"https:\\\/\\\/www.youtube.com\\\/user\\\/humanlevelcommunica\",\"https:\\\/\\\/bsky.app\\\/profile\\\/humanlevel.bsky.social\",\"https:\\\/\\\/instagram.com\\\/humanlevel\"]}]}<\/script>\n<!-- \/ Yoast SEO plugin. -->","yoast_head_json":{"title":"Informa\u00e7\u00f5es de contacto | Human Level","description":"A Human Level encontra-se em C\/ Arcadi Blasco, 20 - 03550 Sant Joan d'Alacant, ALICANTE (Espanha) - Tel. +34 966 141 907","robots":{"index":"index","follow":"follow","max-snippet":"max-snippet:-1","max-image-preview":"max-image-preview:large","max-video-preview":"max-video-preview:-1"},"canonical":"https:\/\/www.humanlevel.com\/pt\/contacto","og_locale":"pt_PT","og_type":"article","og_title":"Informa\u00e7\u00f5es de contacto | Human Level","og_description":"A Human Level encontra-se em C\/ Arcadi Blasco, 20 - 03550 Sant Joan d'Alacant, ALICANTE (Espanha) - Tel. +34 966 141 907","og_url":"https:\/\/www.humanlevel.com\/pt\/contacto","og_site_name":"Human Level","og_image":[{"width":1200,"height":630,"url":"https:\/\/www.humanlevel.com\/wp-content\/uploads\/hl-og-contacto.jpg","type":"image\/jpeg"}],"twitter_card":"summary_large_image","twitter_misc":{"Tempo estimado de leitura":"1 minuto"},"schema":{"@context":"https:\/\/schema.org","@graph":[{"@type":["WebPage","ContactPage"],"@id":"https:\/\/www.humanlevel.com\/pt\/contacto","url":"https:\/\/www.humanlevel.com\/pt\/contacto","name":"Informa\u00e7\u00f5es de contacto | Human Level","isPartOf":{"@id":"https:\/\/www.humanlevel.com\/pt#website"},"primaryImageOfPage":{"@id":"https:\/\/www.humanlevel.com\/pt\/contacto#primaryimage"},"image":{"@id":"https:\/\/www.humanlevel.com\/pt\/contacto#primaryimage"},"thumbnailUrl":"https:\/\/www.humanlevel.com\/wp-content\/uploads\/hl-og-contacto.jpg","datePublished":"2009-12-17T17:13:13+00:00","dateModified":"2026-04-27T12:40:18+00:00","description":"A Human Level encontra-se em C\/ Arcadi Blasco, 20 - 03550 Sant Joan d'Alacant, ALICANTE (Espanha) - Tel. +34 966 141 907","breadcrumb":{"@id":"https:\/\/www.humanlevel.com\/pt\/contacto#breadcrumb"},"inLanguage":"pt-PT","potentialAction":[{"@type":"ReadAction","target":["https:\/\/www.humanlevel.com\/pt\/contacto"]}]},{"@type":"ImageObject","inLanguage":"pt-PT","@id":"https:\/\/www.humanlevel.com\/pt\/contacto#primaryimage","url":"https:\/\/www.humanlevel.com\/wp-content\/uploads\/hl-og-contacto.jpg","contentUrl":"https:\/\/www.humanlevel.com\/wp-content\/uploads\/hl-og-contacto.jpg","width":1200,"height":630},{"@type":"BreadcrumbList","@id":"https:\/\/www.humanlevel.com\/pt\/contacto#breadcrumb","itemListElement":[{"@type":"ListItem","position":1,"name":"Inicio","item":"https:\/\/www.humanlevel.com\/pt"},{"@type":"ListItem","position":2,"name":"Contato"}]},{"@type":"WebSite","@id":"https:\/\/www.humanlevel.com\/pt#website","url":"https:\/\/www.humanlevel.com\/pt","name":"Human Level","description":"Agencia SEO para grandes marcas nacionales e internacionales.","publisher":{"@id":"https:\/\/www.humanlevel.com\/pt#organization"},"potentialAction":[{"@type":"SearchAction","target":{"@type":"EntryPoint","urlTemplate":"https:\/\/www.humanlevel.com\/pt?s={search_term_string}"},"query-input":{"@type":"PropertyValueSpecification","valueRequired":true,"valueName":"search_term_string"}}],"inLanguage":"pt-PT"},{"@type":"Organization","@id":"https:\/\/www.humanlevel.com\/pt#organization","name":"Human Level","url":"https:\/\/www.humanlevel.com\/pt","logo":{"@type":"ImageObject","inLanguage":"pt-PT","@id":"https:\/\/www.humanlevel.com\/pt#\/schema\/logo\/image\/","url":"https:\/\/www.humanlevel.com\/wp-content\/uploads\/logohl25x3.png","contentUrl":"https:\/\/www.humanlevel.com\/wp-content\/uploads\/logohl25x3.png","width":600,"height":93,"caption":"Human Level"},"image":{"@id":"https:\/\/www.humanlevel.com\/pt#\/schema\/logo\/image\/"},"sameAs":["https:\/\/www.linkedin.com\/company\/human-level-communications","https:\/\/www.youtube.com\/user\/humanlevelcommunica","https:\/\/bsky.app\/profile\/humanlevel.bsky.social","https:\/\/instagram.com\/humanlevel"]}]}},"_links":{"self":[{"href":"https:\/\/www.humanlevel.com\/pt\/wp-json\/wp\/v2\/pages\/78269","targetHints":{"allow":["GET"]}}],"collection":[{"href":"https:\/\/www.humanlevel.com\/pt\/wp-json\/wp\/v2\/pages"}],"about":[{"href":"https:\/\/www.humanlevel.com\/pt\/wp-json\/wp\/v2\/types\/page"}],"author":[{"embeddable":true,"href":"https:\/\/www.humanlevel.com\/pt\/wp-json\/wp\/v2\/users\/12"}],"replies":[{"embeddable":true,"href":"https:\/\/www.humanlevel.com\/pt\/wp-json\/wp\/v2\/comments?post=78269"}],"version-history":[{"count":4,"href":"https:\/\/www.humanlevel.com\/pt\/wp-json\/wp\/v2\/pages\/78269\/revisions"}],"predecessor-version":[{"id":89520,"href":"https:\/\/www.humanlevel.com\/pt\/wp-json\/wp\/v2\/pages\/78269\/revisions\/89520"}],"wp:featuredmedia":[{"embeddable":true,"href":"https:\/\/www.humanlevel.com\/pt\/wp-json\/wp\/v2\/media\/89507"}],"wp:attachment":[{"href":"https:\/\/www.humanlevel.com\/pt\/wp-json\/wp\/v2\/media?parent=78269"}],"curies":[{"name":"wp","href":"https:\/\/api.w.org\/{rel}","templated":true}]}}