{"id":78268,"date":"2009-12-18T20:50:02","date_gmt":"2009-12-18T19:50:02","guid":{"rendered":"https:\/\/www.humanlevel.com\/nota-legal"},"modified":"2026-01-26T10:16:43","modified_gmt":"2026-01-26T09:16:43","slug":"nota-legal","status":"publish","type":"page","link":"https:\/\/www.humanlevel.com\/pt\/nota-legal","title":{"rendered":"Aviso legal"},"content":{"rendered":"<div class=\"row\"><div class=\"col \"><div class=\"mb-4\"><\/p>\n<div class=\"estilo_contador\">Nota legal<\/div>\n<p>Obrigado por ter escolhido visitar-nos. Queremos que a sua experi\u00eancia no site seja a melhor poss\u00edvel.<\/p>\n<p>Para aceder aos nossos servi\u00e7os, declare que \u00e9 <strong>maior de idade<\/strong> e que tem capacidade jur\u00eddica para agir de acordo com a tua legisla\u00e7\u00e3o nacional.<\/p>\n<p>Ao aceder e navegar no site, ou ao utilizar os seus servi\u00e7os, aceita expressa e plenamente todas e cada uma das presentes Condi\u00e7\u00f5es Gerais, incluindo as Condi\u00e7\u00f5es Particulares estabelecidas para determinadas promo\u00e7\u00f5es e a Pol\u00edtica de Privacidade e de Cookies, relativamente \u00e0s finalidades do tratamento dos dados que nos faculta. Recomendamos-lhe que as leia com aten\u00e7\u00e3o.<\/p>\n<h2>1) Informa\u00e7\u00f5es jur\u00eddicas<\/h2>\n<p>Em conformidade com a Lei 34\/2002, de 11 de julho, de Servi\u00e7os da Sociedade da Informa\u00e7\u00e3o e Com\u00e9rcio Eletr\u00f3nico, os dados de identifica\u00e7\u00e3o do propriet\u00e1rio do Portal Web s\u00e3o:<\/p>\n<p><strong>HUMAN LEVEL COMMUNICATIONS S.L.U<\/strong><br \/>\nCalle Arcadi Blasco, 20<br \/>\nES03550 Sant Joan d&#8217;Alacant (ALICANTE), Espanha<br \/>\nB54072756<\/p>\n<p>Inscrita no Registo Comercial de Alicante: Tomo 2.998, Livro 0, F\u00f3lio 33, Folha A-95942, Inscri\u00e7\u00e3o 3.<\/p>\n<p>Se tiver alguma d\u00favida ou quest\u00e3o, pode contactar-nos atrav\u00e9s do telefone <a href=\"tel:+34966141907\">966 141 907<\/a> ou enviando um e-mail para <a href=\"mailto:administracion@humanlevel.com\">administracion@humanlevel.com.<\/a><\/p>\n<p>O acesso \u00e0 p\u00e1gina implica a aceita\u00e7\u00e3o expressa pelo utilizador das presentes Condi\u00e7\u00f5es Gerais de Utiliza\u00e7\u00e3o, que podem ser modificadas ou substitu\u00eddas pelo propriet\u00e1rio em qualquer momento e sem aviso pr\u00e9vio.<\/p>\n<h2>2. Condi\u00e7\u00f5es gerais de utiliza\u00e7\u00e3o<\/h2>\n<p>As seguintes Condi\u00e7\u00f5es Gerais regulam o uso e acesso ao site, cujo objetivo \u00e9 ser uma porta de entrada para a HUMAN LEVEL COMMUNICATIONS S.L.U., oferecendo aos utilizadores informa\u00e7\u00f5es, servi\u00e7os e conte\u00fados atrav\u00e9s da web. Atrav\u00e9s do site, o utilizador tem acesso a informa\u00e7\u00f5es sobre produtos e servi\u00e7os espec\u00edficos, ferramentas e aplica\u00e7\u00f5es.<\/p>\n<p>Os dados e informa\u00e7\u00f5es sobre produtos ou servi\u00e7os, pre\u00e7os e carater\u00edsticas ou outros dados relevantes oferecidos atrav\u00e9s do site s\u00e3o criados, fornecidos e atualizados por fornecedores e empresas terceirizadas. HUMAN LEVEL COMMUNICATIONS S.L.U. n\u00e3o \u00e9, em qualquer caso, respons\u00e1vel por esses dados e informa\u00e7\u00f5es e n\u00e3o assume qualquer obriga\u00e7\u00e3o em rela\u00e7\u00e3o a eles.<\/p>\n<p>O Utilizador compromete-se a fazer uma utiliza\u00e7\u00e3o adequada dos conte\u00fados, servi\u00e7os, aplica\u00e7\u00f5es e ferramentas acess\u00edveis, de acordo com a Lei e com as presentes Condi\u00e7\u00f5es Gerais de Utiliza\u00e7\u00e3o e, se for caso disso, com as Condi\u00e7\u00f5es Particulares que possam ser estabelecidas para o acesso a determinados servi\u00e7os e aplica\u00e7\u00f5es, respeitando sempre os restantes Utilizadores dos mesmos.<\/p>\n<p>Em caso de incumprimento total ou parcial por parte do utilizador das presentes Condi\u00e7\u00f5es Gerais de Utiliza\u00e7\u00e3o, a HUMAN LEVEL COMMUNICATIONS S.L.U. reserva-se o direito de negar o acesso ao site sem aviso pr\u00e9vio ao utilizador.<\/p>\n<h2>3. Obriga\u00e7\u00f5es gerais do utilizador<\/h2>\n<p>Ao aceitar as presentes Condi\u00e7\u00f5es Gerais de Utiliza\u00e7\u00e3o, o Utilizador concorda expressamente em:<\/p>\n<ul>\n<li>N\u00e3o realizar qualquer a\u00e7\u00e3o destinada a danificar, bloquear, deteriorar, inutilizar, sobrecarregar, tempor\u00e1ria ou permanentemente, as funcionalidades, ferramentas, conte\u00fados e\/ou infra-estruturas do site, de forma a impedir a sua utiliza\u00e7\u00e3o normal.<\/li>\n<li>Salvaguardar e manter a confidencialidade dos c\u00f3digos de acesso associados ao seu nome de Utilizador, sendo respons\u00e1vel pela utiliza\u00e7\u00e3o dos referidos c\u00f3digos de acesso pessoais e intransmiss\u00edveis por terceiros.<\/li>\n<li>N\u00e3o introduzir ou fazer conte\u00fados caluniosos ou difamat\u00f3rios, tanto de outros utilizadores como de empresas terceiras alheias \u00e0 HUMAN LEVEL COMMUNICATIONS S.L.U.<\/li>\n<li>N\u00e3o utilizar qualquer dos materiais e informa\u00e7\u00f5es contidas neste site para fins il\u00edcitos expressamente proibidos nestas Condi\u00e7\u00f5es Gerais de Utiliza\u00e7\u00e3o, bem como as condi\u00e7\u00f5es particulares que, se for caso disso, s\u00e3o estabelecidas para determinadas aplica\u00e7\u00f5es e \/ ou utilidades e que s\u00e3o contr\u00e1rias aos direitos e interesses da HUMAN LEVEL COMMUNICATIONS S.L.U., os seus utilizadores e \/ ou terceiros.<\/li>\n<li>N\u00e3o oferecer ou distribuir produtos e servi\u00e7os, nem realizar publicidade ou comunica\u00e7\u00f5es comerciais n\u00e3o solicitadas a outros utilizadores e visitantes da HUMAN LEVEL COMMUNICATIONS S.L.U.<\/li>\n<\/ul>\n<p>O utilizador ser\u00e1 respons\u00e1vel por todos os danos e preju\u00edzos de qualquer tipo que a HUMAN LEVEL COMMUNICATIONS S.L.U ou qualquer terceiro possa sofrer como consequ\u00eancia do incumprimento de qualquer uma das obriga\u00e7\u00f5es a que est\u00e1 sujeito em virtude destas &#8220;Condi\u00e7\u00f5es Gerais de Utiliza\u00e7\u00e3o&#8221; ou da lei em rela\u00e7\u00e3o ao acesso e\/ou utiliza\u00e7\u00e3o do site.<\/p>\n<h2>4. Propriedade intelectual e industrial<\/h2>\n<p>O site, as p\u00e1ginas que o comp\u00f5em e as informa\u00e7\u00f5es ou elementos nele contidos (incluindo textos, documentos, fotografias, desenhos, representa\u00e7\u00f5es gr\u00e1ficas, entre outros), bem como log\u00f3tipos, marcas, nomes comerciais ou outros sinais distintivos, est\u00e3o protegidos por direitos de propriedade intelectual ou industrial, dos quais a HUMAN LEVEL COMMUNICATIONS S.L.U. \u00e9 propriet\u00e1ria ou tem autoriza\u00e7\u00e3o para a sua utiliza\u00e7\u00e3o e comunica\u00e7\u00e3o p\u00fablica dos leg\u00edtimos propriet\u00e1rios.<\/p>\n<p>O utilizador \u00e9 obrigado a utilizar os conte\u00fados de forma diligente e correta, em conformidade com a lei, a moral e a ordem p\u00fablica. A HUMAN LEVEL COMMUNICATIONS S.L.U autoriza o utilizador a visualizar as informa\u00e7\u00f5es contidas neste site, bem como a fazer reprodu\u00e7\u00f5es privadas (simples atividade de download e armazenamento nos seus sistemas inform\u00e1ticos), desde que os elementos sejam destinados exclusivamente para uso pessoal. Em nenhum caso, isso significar\u00e1 uma autoriza\u00e7\u00e3o ou licen\u00e7a sobre os direitos de propriedade da HUMAN LEVEL COMMUNICATIONS S.L.U ou dos leg\u00edtimos propriet\u00e1rios dos mesmos.<\/p>\n<p>O Utilizador n\u00e3o est\u00e1 autorizado a proceder \u00e0 distribui\u00e7\u00e3o, modifica\u00e7\u00e3o, transfer\u00eancia ou comunica\u00e7\u00e3o p\u00fablica das informa\u00e7\u00f5es contidas nesta p\u00e1gina Web, sob qualquer forma e para qualquer fim.<\/p>\n<h2>5. Liga\u00e7\u00f5es<\/h2>\n<p>As liga\u00e7\u00f5es e links para sites ou p\u00e1ginas web de terceiros foram estabelecidos apenas como uma utilidade para o utilizador. HUMAN LEVEL COMMUNICATIONS S.L.U. n\u00e3o \u00e9 respons\u00e1vel por eles ou pelo seu conte\u00fado.<\/p>\n<p>A HUMAN LEVEL COMMUNICATIONS S.L.U n\u00e3o assume qualquer responsabilidade derivada da exist\u00eancia de links entre os conte\u00fados deste site e conte\u00fados localizados fora dele ou qualquer outra men\u00e7\u00e3o de conte\u00fados externos a este site. Tais links ou men\u00e7\u00f5es s\u00e3o apenas para fins informativos e em nenhum caso implicam apoio, aprova\u00e7\u00e3o, marketing ou qualquer rela\u00e7\u00e3o entre a HUMAN LEVEL COMMUNICATIONS S.L.U e as pessoas ou entidades que s\u00e3o os autores e \/ ou gestores de tais conte\u00fados ou propriet\u00e1rios dos sites onde eles est\u00e3o localizados.<\/p>\n<p>As liga\u00e7\u00f5es \u00e0 p\u00e1gina Web requerem a autoriza\u00e7\u00e3o expressa por escrito dos propriet\u00e1rios do portal.<\/p>\n<h2>6. Responsabilidade<\/h2>\n<p>A HUMAN LEVEL COMMUNICATIONS S.L.U n\u00e3o garante o acesso cont\u00ednuo, nem a correta visualiza\u00e7\u00e3o, descarga ou utiliza\u00e7\u00e3o dos elementos e informa\u00e7\u00f5es contidos nas p\u00e1ginas do portal, que podem ser impedidos, dificultados ou interrompidos por fatores ou circunst\u00e2ncias fora do seu controlo ou fora do seu controlo, nem os causados pela exist\u00eancia de v\u00edrus inform\u00e1ticos na Internet.<\/p>\n<p>A HUMAN LEVEL COMMUNICATIONS S.L.U n\u00e3o assume qualquer responsabilidade por danos, perdas, reclama\u00e7\u00f5es ou despesas causadas por:<\/p>\n<ul>\n<li>(i) Interfer\u00eancias, interrup\u00e7\u00f5es, falhas, omiss\u00f5es, atrasos, bloqueios ou desconex\u00f5es causadas por erros nas linhas e redes de telecomunica\u00e7\u00f5es ou por qualquer outra causa fora do controle da HUMAN LEVEL COMMUNICATIONS S.L.U.<\/li>\n<li>(ii) Interfer\u00eancia ilegal atrav\u00e9s da utiliza\u00e7\u00e3o de software malicioso de qualquer tipo e por qualquer meio de comunica\u00e7\u00e3o, como v\u00edrus inform\u00e1ticos ou quaisquer outros meios;<\/li>\n<li>(iii) Uso impr\u00f3prio ou inadequado do site da HUMAN LEVEL COMMUNICATIONS S.L.U.<\/li>\n<li>(iv) Erros de seguran\u00e7a ou de navega\u00e7\u00e3o causados por um mau funcionamento do browser ou pela utiliza\u00e7\u00e3o de vers\u00f5es n\u00e3o actualizadas.<\/li>\n<\/ul>\n<p>HUMAN LEVEL COMMUNICATIONS S.L.U n\u00e3o \u00e9 respons\u00e1vel e em nenhum caso ser\u00e1 respons\u00e1vel perante os utilizadores e terceiros pelas a\u00e7\u00f5es de qualquer terceiro fora da HUMAN LEVEL COMMUNICATIONS S.L.U que impliquem ou possam implicar a realiza\u00e7\u00e3o de atos de concorr\u00eancia desleal e publicidade ilegal ou a viola\u00e7\u00e3o de direitos de propriedade intelectual e industrial, segredos comerciais, compromissos contratuais de qualquer tipo, direitos \u00e0 honra, privacidade e imagem pessoal e familiar, direitos de propriedade e quaisquer outros direitos pertencentes a terceiros devido \u00e0 transmiss\u00e3o, dissemina\u00e7\u00e3o, armazenamento, disponibilidade, rece\u00e7\u00e3o, obten\u00e7\u00e3o ou acesso aos conte\u00fados.<\/p>\n<h2>7. Prote\u00e7\u00e3o dos dados pessoais<\/h2>\n<p>Toda a pol\u00edtica de tratamento de dados pessoais pode ser consultada na Pol\u00edtica de Privacidade, que faz parte integrante das presentes Condi\u00e7\u00f5es Gerais, mas que, por uma quest\u00e3o de simplicidade, coloc\u00e1mos num documento separado: <a href=\"https:\/\/www.humanlevel.com\/pt\/politica-de-privacidade\">Pol\u00edtica de Privacidade<\/a>.<\/p>\n<h2>8. Legisla\u00e7\u00e3o<\/h2>\n<p>O presente Aviso Legal e os seus termos e condi\u00e7\u00f5es reger-se-\u00e3o e ser\u00e3o interpretados de acordo com a legisla\u00e7\u00e3o espanhola. O utilizador, pelo simples facto de aceder ao site ou de obter a condi\u00e7\u00e3o de utilizador registado, outorga de forma irrevog\u00e1vel o seu consentimento aos tribunais competentes para conhecer qualquer a\u00e7\u00e3o judicial derivada ou relacionada com as presentes condi\u00e7\u00f5es, ou com a sua utiliza\u00e7\u00e3o deste Site ou navega\u00e7\u00e3o no mesmo.<\/p>\n<p>Se qualquer cl\u00e1usula ou par\u00e1grafo das presentes Condi\u00e7\u00f5es Gerais, que n\u00e3o seja de natureza essencial para a exist\u00eancia das mesmas, for declarado nulo ou inaplic\u00e1vel, a validade das restantes cl\u00e1usulas n\u00e3o ser\u00e1 afetada.<\/div><\/div><\/div>\n","protected":false},"excerpt":{"rendered":"","protected":false},"author":12,"featured_media":0,"parent":0,"menu_order":9,"comment_status":"closed","ping_status":"open","template":"HL_libro.php","meta":{"footnotes":""},"class_list":["post-78268","page","type-page","status-publish","hentry","entry"],"yoast_head":"\n<title>Aviso legal | Human Level<\/title>\n<meta name=\"description\" content=\"Encontra aqui o Aviso Legal de Human Level, que cont\u00e9m as Condi\u00e7\u00f5es Gerais que regulam a utiliza\u00e7\u00e3o e o acesso ao portal Web.\" \/>\n<meta name=\"robots\" content=\"index, follow, max-snippet:-1, max-image-preview:large, max-video-preview:-1\" \/>\n<link rel=\"canonical\" href=\"https:\/\/www.humanlevel.com\/pt\/nota-legal\" \/>\n<meta property=\"og:locale\" content=\"pt_PT\" \/>\n<meta property=\"og:type\" content=\"article\" \/>\n<meta property=\"og:title\" content=\"Aviso legal | Human Level\" \/>\n<meta property=\"og:description\" content=\"Encontra aqui o Aviso Legal de Human Level, que cont\u00e9m as Condi\u00e7\u00f5es Gerais que regulam a utiliza\u00e7\u00e3o e o acesso ao portal Web.\" \/>\n<meta property=\"og:url\" content=\"https:\/\/www.humanlevel.com\/pt\/nota-legal\" \/>\n<meta property=\"og:site_name\" content=\"Human Level\" \/>\n<meta name=\"twitter:card\" content=\"summary_large_image\" \/>\n<meta name=\"twitter:site\" content=\"@humanlevel\" \/>\n<meta name=\"twitter:label1\" content=\"Tempo estimado de leitura\" \/>\n\t<meta name=\"twitter:data1\" content=\"7 minutos\" \/>\n<script type=\"application\/ld+json\" class=\"yoast-schema-graph\">{\"@context\":\"https:\/\/schema.org\",\"@graph\":[{\"@type\":\"WebPage\",\"@id\":\"https:\/\/www.humanlevel.com\/pt\/nota-legal\",\"url\":\"https:\/\/www.humanlevel.com\/pt\/nota-legal\",\"name\":\"Aviso legal | Human Level\",\"isPartOf\":{\"@id\":\"https:\/\/www.humanlevel.com\/pt#website\"},\"datePublished\":\"2009-12-18T19:50:02+00:00\",\"dateModified\":\"2026-01-26T09:16:43+00:00\",\"description\":\"Encontra aqui o Aviso Legal de Human Level, que cont\u00e9m as Condi\u00e7\u00f5es Gerais que regulam a utiliza\u00e7\u00e3o e o acesso ao portal Web.\",\"breadcrumb\":{\"@id\":\"https:\/\/www.humanlevel.com\/pt\/nota-legal#breadcrumb\"},\"inLanguage\":\"pt-PT\",\"potentialAction\":[{\"@type\":\"ReadAction\",\"target\":[\"https:\/\/www.humanlevel.com\/pt\/nota-legal\"]}]},{\"@type\":\"BreadcrumbList\",\"@id\":\"https:\/\/www.humanlevel.com\/pt\/nota-legal#breadcrumb\",\"itemListElement\":[{\"@type\":\"ListItem\",\"position\":1,\"name\":\"Portada\",\"item\":\"https:\/\/www.humanlevel.com\/pt\"},{\"@type\":\"ListItem\",\"position\":2,\"name\":\"Aviso legal\"}]},{\"@type\":\"WebSite\",\"@id\":\"https:\/\/www.humanlevel.com\/pt#website\",\"url\":\"https:\/\/www.humanlevel.com\/pt\",\"name\":\"Human Level\",\"description\":\"Agencia SEO para grandes marcas nacionales e internacionales.\",\"publisher\":{\"@id\":\"https:\/\/www.humanlevel.com\/pt#organization\"},\"potentialAction\":[{\"@type\":\"SearchAction\",\"target\":{\"@type\":\"EntryPoint\",\"urlTemplate\":\"https:\/\/www.humanlevel.com\/pt?s={search_term_string}\"},\"query-input\":{\"@type\":\"PropertyValueSpecification\",\"valueRequired\":true,\"valueName\":\"search_term_string\"}}],\"inLanguage\":\"pt-PT\"},{\"@type\":\"Organization\",\"@id\":\"https:\/\/www.humanlevel.com\/pt#organization\",\"name\":\"Human Level\",\"url\":\"https:\/\/www.humanlevel.com\/pt\",\"logo\":{\"@type\":\"ImageObject\",\"inLanguage\":\"pt-PT\",\"@id\":\"https:\/\/www.humanlevel.com\/pt#\/schema\/logo\/image\/\",\"url\":\"https:\/\/www.humanlevel.com\/wp-content\/uploads\/logo-human-negro-1.jpg\",\"contentUrl\":\"https:\/\/www.humanlevel.com\/wp-content\/uploads\/logo-human-negro-1.jpg\",\"width\":268,\"height\":51,\"caption\":\"Human Level\"},\"image\":{\"@id\":\"https:\/\/www.humanlevel.com\/pt#\/schema\/logo\/image\/\"},\"sameAs\":[\"https:\/\/x.com\/humanlevel\"]}]}<\/script>\n","yoast_head_json":{"title":"Aviso legal | Human Level","description":"Encontra aqui o Aviso Legal de Human Level, que cont\u00e9m as Condi\u00e7\u00f5es Gerais que regulam a utiliza\u00e7\u00e3o e o acesso ao portal Web.","robots":{"index":"index","follow":"follow","max-snippet":"max-snippet:-1","max-image-preview":"max-image-preview:large","max-video-preview":"max-video-preview:-1"},"canonical":"https:\/\/www.humanlevel.com\/pt\/nota-legal","og_locale":"pt_PT","og_type":"article","og_title":"Aviso legal | Human Level","og_description":"Encontra aqui o Aviso Legal de Human Level, que cont\u00e9m as Condi\u00e7\u00f5es Gerais que regulam a utiliza\u00e7\u00e3o e o acesso ao portal Web.","og_url":"https:\/\/www.humanlevel.com\/pt\/nota-legal","og_site_name":"Human Level","twitter_card":"summary_large_image","twitter_site":"@humanlevel","twitter_misc":{"Tempo estimado de leitura":"7 minutos"},"schema":{"@context":"https:\/\/schema.org","@graph":[{"@type":"WebPage","@id":"https:\/\/www.humanlevel.com\/pt\/nota-legal","url":"https:\/\/www.humanlevel.com\/pt\/nota-legal","name":"Aviso legal | Human Level","isPartOf":{"@id":"https:\/\/www.humanlevel.com\/pt#website"},"datePublished":"2009-12-18T19:50:02+00:00","dateModified":"2026-01-26T09:16:43+00:00","description":"Encontra aqui o Aviso Legal de Human Level, que cont\u00e9m as Condi\u00e7\u00f5es Gerais que regulam a utiliza\u00e7\u00e3o e o acesso ao portal Web.","breadcrumb":{"@id":"https:\/\/www.humanlevel.com\/pt\/nota-legal#breadcrumb"},"inLanguage":"pt-PT","potentialAction":[{"@type":"ReadAction","target":["https:\/\/www.humanlevel.com\/pt\/nota-legal"]}]},{"@type":"BreadcrumbList","@id":"https:\/\/www.humanlevel.com\/pt\/nota-legal#breadcrumb","itemListElement":[{"@type":"ListItem","position":1,"name":"Portada","item":"https:\/\/www.humanlevel.com\/pt"},{"@type":"ListItem","position":2,"name":"Aviso legal"}]},{"@type":"WebSite","@id":"https:\/\/www.humanlevel.com\/pt#website","url":"https:\/\/www.humanlevel.com\/pt","name":"Human Level","description":"Agencia SEO para grandes marcas nacionales e internacionales.","publisher":{"@id":"https:\/\/www.humanlevel.com\/pt#organization"},"potentialAction":[{"@type":"SearchAction","target":{"@type":"EntryPoint","urlTemplate":"https:\/\/www.humanlevel.com\/pt?s={search_term_string}"},"query-input":{"@type":"PropertyValueSpecification","valueRequired":true,"valueName":"search_term_string"}}],"inLanguage":"pt-PT"},{"@type":"Organization","@id":"https:\/\/www.humanlevel.com\/pt#organization","name":"Human Level","url":"https:\/\/www.humanlevel.com\/pt","logo":{"@type":"ImageObject","inLanguage":"pt-PT","@id":"https:\/\/www.humanlevel.com\/pt#\/schema\/logo\/image\/","url":"https:\/\/www.humanlevel.com\/wp-content\/uploads\/logo-human-negro-1.jpg","contentUrl":"https:\/\/www.humanlevel.com\/wp-content\/uploads\/logo-human-negro-1.jpg","width":268,"height":51,"caption":"Human Level"},"image":{"@id":"https:\/\/www.humanlevel.com\/pt#\/schema\/logo\/image\/"},"sameAs":["https:\/\/x.com\/humanlevel"]}]}},"_links":{"self":[{"href":"https:\/\/www.humanlevel.com\/pt\/wp-json\/wp\/v2\/pages\/78268","targetHints":{"allow":["GET"]}}],"collection":[{"href":"https:\/\/www.humanlevel.com\/pt\/wp-json\/wp\/v2\/pages"}],"about":[{"href":"https:\/\/www.humanlevel.com\/pt\/wp-json\/wp\/v2\/types\/page"}],"author":[{"embeddable":true,"href":"https:\/\/www.humanlevel.com\/pt\/wp-json\/wp\/v2\/users\/12"}],"replies":[{"embeddable":true,"href":"https:\/\/www.humanlevel.com\/pt\/wp-json\/wp\/v2\/comments?post=78268"}],"version-history":[{"count":2,"href":"https:\/\/www.humanlevel.com\/pt\/wp-json\/wp\/v2\/pages\/78268\/revisions"}],"predecessor-version":[{"id":81022,"href":"https:\/\/www.humanlevel.com\/pt\/wp-json\/wp\/v2\/pages\/78268\/revisions\/81022"}],"wp:attachment":[{"href":"https:\/\/www.humanlevel.com\/pt\/wp-json\/wp\/v2\/media?parent=78268"}],"curies":[{"name":"wp","href":"https:\/\/api.w.org\/{rel}","templated":true}]}}