{"id":78264,"date":"2021-11-10T12:39:28","date_gmt":"2021-11-10T11:39:28","guid":{"rendered":"https:\/\/www.humanlevel.com\/equipa"},"modified":"2026-03-04T09:17:27","modified_gmt":"2026-03-04T08:17:27","slug":"equipa","status":"publish","type":"page","link":"https:\/\/www.humanlevel.com\/pt\/sobre-nos\/equipa","title":{"rendered":"A nossa equipa"},"content":{"rendered":"<p><div class=\"row\"><div class=\"col fila1_equipo\"><div style=\"height:34px;\" ><\/div><div class=\"mb-4\">Na Human Level somos especialistas em marketing para motores de pesquisa. A nossa equipa \u00e9 composta por profissionais de marketing digital que combinam um grande profissionalismo com uma atitude amig\u00e1vel, pr\u00f3xima e sempre empenhada em proporcionar o m\u00e1ximo valor aos nossos clientes. Apostamos numa equipa est\u00e1vel e em constante forma\u00e7\u00e3o e atualiza\u00e7\u00e3o. Desde mar\u00e7o de 2020, a maior parte da nossa equipa trabalha remotamente a partir dos seus locais de resid\u00eancia em diferentes partes de Espanha. Apenas a Administra\u00e7\u00e3o e a Dire\u00e7\u00e3o permanecem no nosso escrit\u00f3rio em Alicante.<\/p>\n<p>Esta equipa \u00e9 liderada por uma refer\u00eancia em marketing para motores de pesquisa em Espanha: Fernando Maci\u00e1, autor dos livros mais vendidos sobre SEO em espanhol, orador nos eventos mais importantes do sector e com uma vasta experi\u00eancia docente.<\/p>\n<p>Pessoalmente, somos um mosaico de hobbies, gostos e personalidades t\u00e3o diferentes como compat\u00edveis. A harmonia, a colabora\u00e7\u00e3o e o bom humor s\u00e3o uma constante no nosso ambiente de trabalho.<\/p>\n<p>&nbsp;<\/p>\n<h2>Conhece-nos<\/h2>\n<p><\/div><div style=\"height:34px;\" ><\/div><\/div><\/div><div class=\"row\"><div class=\"col \"><div class=\"container fila_equipo\"><div class=\"row mb-4\"><div class=\"col-md-6 col-md-12 equipo_col1\"><div class=\"mb-4\"><a id=\"alicante\"><\/a><div class=\"row\"><div class=\"col1\"><img decoding=\"async\" src=\"https:\/\/www.humanlevel.com\/wp-content\/uploads\/Fernando-Macia.jpg\" alt=\"Fotograf\u00eda de Fernando Maci\u00e1\" class=\"img-fluid\" style=\"width:100%;\" \/><\/div><div class=\"col2 staff_team\"><h3>Fernando Maci\u00e1<\/h3><p class=\"pos_in_org estilo_staff\">Director e especialista em Marketing Online<\/p><\/div><\/div><\/div><\/div><div class=\"col-md-6 col-md-12 equipo_col2\"><div class=\"mb-4\"><div class=\"row\"><div class=\"col1\"><img decoding=\"async\" src=\"https:\/\/www.humanlevel.com\/wp-content\/uploads\/Jose-Emeterio-Vicente.jpg\" alt=\"Fotograf\u00eda de Jose Emeterio Vicente\" class=\"img-fluid\" style=\"width:100%;\" \/><\/div><div class=\"col2 staff_team\"><h3>Jose Emeterio Vicente<\/h3><p class=\"pos_in_org estilo_staff\">Respons\u00e1vel de i+D<\/p><\/div><\/div><\/div><\/div><\/div><\/div><\/div><\/div><div class=\"row\"><div class=\"col \"><div class=\"container fila_equipo\"><div class=\"row mb-4\"><div class=\"col-md-6 col-md-12 equipo_col1\"><div class=\"mb-4\"><div class=\"row\"><div class=\"col1\"><img decoding=\"async\" src=\"https:\/\/www.humanlevel.com\/wp-content\/uploads\/Maria-Navarro.jpg\" alt=\"Fotograf\u00eda de Mar\u00eda Navarro\" class=\"img-fluid\" style=\"width:100%;\" \/><\/div><div class=\"col2 staff_team\"><h3>Mar\u00eda Navarro<\/h3><p class=\"pos_in_org estilo_staff\">Respons\u00e1vel de SEO<\/p><\/div><\/div><\/div><\/div><div class=\"col-md-6 col-md-12 equipo_col2\"><div class=\"mb-4\"><div class=\"row\"><div class=\"col1\"><img decoding=\"async\" src=\"https:\/\/www.humanlevel.com\/wp-content\/uploads\/Rocio-Rodriguez.jpg\" alt=\"Fotograf\u00eda de Roc\u00edo Rodr\u00edguez\" class=\"img-fluid\" style=\"width:100%;\" \/><\/div><div class=\"col2 staff_team\"><h3>Roc\u00edo Rodr\u00edguez<\/h3><p class=\"pos_in_org estilo_staff\">Consultora SEO<\/p><\/div><\/div><\/div><\/div><\/div><\/div><\/div><\/div><div class=\"row\"><div class=\"col \"><div class=\"container fila_equipo\"><div class=\"row mb-4\"><div class=\"col-md-6 col-md-12 equipo_col1\"><div class=\"mb-4\"><div class=\"row\"><div class=\"col1\"><img decoding=\"async\" src=\"https:\/\/www.humanlevel.com\/wp-content\/uploads\/Ramon-Saquete.jpg\" alt=\"Fotograf\u00eda de Ram\u00f3n Saquete\" class=\"img-fluid\" style=\"width:100%;\" \/><\/div><div class=\"col2 staff_team\"><h3>Ram\u00f3n Saquete<\/h3><p class=\"pos_in_org estilo_staff\">Consultor SEO t\u00e9cnico<\/p><\/div><\/div><\/div><\/div><div class=\"col-md-6 col-md-12 equipo_col2\"><div class=\"mb-4\"><div class=\"row\"><div class=\"col1\"><img decoding=\"async\" src=\"https:\/\/www.humanlevel.com\/wp-content\/uploads\/juan-antonio-consultor-cuadrada.jpg\" alt=\"Fotograf\u00eda de Juan Antonio Castillejos\" class=\"img-fluid\" style=\"width:100%;\" \/><\/div><div class=\"col2 staff_team\"><h3>Juan Antonio Castillejos<\/h3><p class=\"pos_in_org estilo_staff\">Consultor SEO<\/p><\/div><\/div><\/div><\/div><\/div><\/div><\/div><\/div><div class=\"row\"><div class=\"col \"><div class=\"container fila_equipo\"><div class=\"row mb-4\"><div class=\"col-md-6 col-md-12 equipo_col1\"><div class=\"mb-4\"><div class=\"row\"><div class=\"col1\"><img decoding=\"async\" src=\"https:\/\/www.humanlevel.com\/wp-content\/uploads\/paolo-gorgazzi-680.jpg\" alt=\"Fotograf\u00eda de Paolo Gorgazzi\" class=\"img-fluid\" style=\"width:100%;\" \/><\/div><div class=\"col2 staff_team\"><h3>Paolo Gorgazzi<\/h3><p class=\"pos_in_org estilo_staff\">Consultor SEO<\/p><\/div><\/div><\/p>\n<p><\/div><\/div><div class=\"col-md-6 col-md-12 equipo_col2\"><div class=\"mb-4\"><div class=\"row\"><div class=\"col1\"><img decoding=\"async\" src=\"https:\/\/www.humanlevel.com\/wp-content\/uploads\/Aurora-Macia.jpg\" alt=\"Fotograf\u00eda de Aurora Maci\u00e1\" class=\"img-fluid\" style=\"width:100%;\" \/><\/div><div class=\"col2 staff_team\"><h3>Aurora Maci\u00e1<\/h3><p class=\"pos_in_org estilo_staff\">Respons\u00e1vel de marca y desenhadora UX\/UI<\/p><\/div><\/div><\/div><\/div><\/div><\/div><\/div><\/div><div class=\"row\"><div class=\"col \"><div class=\"container fila_equipo\"><div class=\"row mb-4\"><div class=\"col-md-6 col-md-12 equipo_col1\"><div class=\"mb-4\"><div class=\"row\"><div class=\"col1\"><img decoding=\"async\" src=\"https:\/\/www.humanlevel.com\/wp-content\/uploads\/laura-ruiz-fernandez-cuadrada-2.jpg\" alt=\"Fotograf\u00eda de Laura Ruiz\" class=\"img-fluid\" style=\"width:100%;\" \/><\/div><div class=\"col2 staff_team\"><h3>Laura Ruiz<\/h3><p class=\"pos_in_org estilo_staff\">Consultora SEO<\/p><\/div><\/div><\/div><\/div><div class=\"col-md-6 col-md-12 equipo_col2\"><div class=\"mb-4\"><div class=\"row\"><div class=\"col1\"><img decoding=\"async\" src=\"https:\/\/www.humanlevel.com\/wp-content\/uploads\/maria-villacampa-cuadrada.jpg\" alt=\"Fotograf\u00eda de Mar\u00eda Villacampa\" class=\"img-fluid\" style=\"width:100%;\" \/><\/div><div class=\"col2 staff_team\"><h3>Mar\u00eda Villacampa<\/h3><p class=\"pos_in_org estilo_staff\">Desenvolvimento de neg\u00f3cio<\/p><\/div><\/div><\/div><\/div><\/div><\/div><\/div><\/div><div class=\"row\"><div class=\"col \"><div class=\"container fila_equipo\"><div class=\"row mb-4\"><div class=\"col-md-6 col-md-12 equipo_col1\"><div class=\"mb-4\"><div class=\"row\"><div class=\"col1\"><img decoding=\"async\" src=\"https:\/\/www.humanlevel.com\/wp-content\/uploads\/Sandra-Vilchez-1.jpg\" alt=\"Fotograf\u00eda de Sandra V\u00edlchez\" class=\"img-fluid\" style=\"width:100%;\" \/><\/div><div class=\"col2 staff_team\"><h3>Sandra V\u00edlchez<\/h3><p class=\"pos_in_org estilo_staff\">Administra\u00e7\u00e3o<\/p><\/div><\/div><\/div><\/div><div class=\"col-md-6 col-md-12 equipo_col2\"><div class=\"mb-4\"><div class=\"row\"><div class=\"col1\"><img decoding=\"async\" src=\"https:\/\/www.humanlevel.com\/wp-content\/uploads\/carlos-diazoliver.jpg\" alt=\"Fotograf\u00eda de Carlos D\u00edaz-Oliver\" class=\"img-fluid\" style=\"width:100%;\" \/><\/div><div class=\"col2 staff_team\"><h3>Carlos D\u00edaz-Oliver<\/h3><p class=\"pos_in_org estilo_staff\">Desenvolvedor de web<\/p><\/div><\/div><\/div><\/div><\/div><\/div><\/div><\/div><div class=\"row\"><div class=\"col \"><div class=\"container fila_equipo\"><div class=\"row mb-4\"><div class=\"col-md-6 col-md-12 equipo_col1\"><div class=\"mb-4\"><div class=\"row\"><div class=\"col1\"><img decoding=\"async\" src=\"https:\/\/www.humanlevel.com\/wp-content\/uploads\/octavio-masia.jpg\" alt=\"Fotograf\u00eda de Octavio Masi\u00e1\" class=\"img-fluid\" style=\"width:100%;\" \/><\/div><div class=\"col2 staff_team\"><h3>Octavio Masi\u00e1<\/h3><p class=\"pos_in_org estilo_staff\">Video Marketing<\/p><\/div><\/div><\/div><\/div><div class=\"col-md-6 col-md-12 equipo_col2\"><div class=\"mb-4\"><div class=\"row\"><div class=\"col1\"><img decoding=\"async\" src=\"https:\/\/www.humanlevel.com\/wp-content\/uploads\/mariajose-camacho-4.jpg\" alt=\"Fotograf\u00eda de Mar\u00eda Jos\u00e9 Camacho\" class=\"img-fluid\" style=\"width:100%;\" \/><\/div><div class=\"col2 staff_team\"><h3>Mar\u00eda Jos\u00e9 Camacho<\/h3><p class=\"pos_in_org estilo_staff\">Administra\u00e7\u00e3o e RH<\/p><\/div><\/div><\/div><\/div><\/div><\/div><\/div><\/div><div class=\"row\"><div class=\"col \"><div class=\"container fila_equipo\"><div class=\"row mb-4\"><div class=\"col-md-6 col-md-12 equipo_col1\"><div class=\"mb-4\"><div class=\"row\"><div class=\"col1\"><img decoding=\"async\" src=\"https:\/\/www.humanlevel.com\/wp-content\/uploads\/veronica-roche.jpg\" alt=\"Fotograf\u00eda de Ver\u00f3nica Roche\" class=\"img-fluid\" style=\"width:100%;\" \/><\/div><div class=\"col2 staff_team\"><h3>Ver\u00f3nica Roche<\/h3><p class=\"pos_in_org estilo_staff\">Consultora SEO<\/p><\/div><\/div><\/div><\/div><div class=\"col-md-6 col-md-12 equipo_col2\"><div class=\"mb-4\"><div class=\"row\"><div class=\"col1\"><img decoding=\"async\" src=\"https:\/\/www.humanlevel.com\/wp-content\/uploads\/alberto-fernandez-2.jpg\" alt=\"Fotograf\u00eda de Alberto Fern\u00e1ndez\" class=\"img-fluid\" style=\"width:100%;\" \/><\/div><div class=\"col2 staff_team\"><h3>Alberto Fern\u00e1ndez<\/h3><p class=\"pos_in_org estilo_staff\">Consultor SEO T\u00e9cnico<\/p><\/div><\/div><\/div><\/div><\/div><\/div><\/div><\/div><div class=\"row\"><div class=\"col \"><div class=\"container fila_equipo\"><div class=\"row mb-4\"><div class=\"col-md-6 col-md-12 equipo_col1\"><div class=\"mb-4\"><div class=\"row\"><div class=\"col1\"><img decoding=\"async\" src=\"https:\/\/www.humanlevel.com\/wp-content\/uploads\/katarzyna-stolowska.jpg\" alt=\"Fotograf\u00eda de Katarzyna Stolowska\" class=\"img-fluid\" style=\"width:100%;\" \/><\/div><div class=\"col2 staff_team\"><h3>Katarzyna Stolowska<\/h3><p class=\"pos_in_org estilo_staff\">Consultora SEO<\/p><\/div><\/div><\/div><\/div><div class=\"col-md-6 col-md-12 equipo_col2\"><div class=\"mb-4\"><div class=\"row\"><div class=\"col1\"><img decoding=\"async\" src=\"https:\/\/www.humanlevel.com\/wp-content\/uploads\/diogo-quiterio-correia.jpg\" alt=\"Fotograf\u00eda de Diogo Quit\u00e9rio\" class=\"img-fluid\" style=\"width:100%;\" \/><\/div><div class=\"col2 staff_team\"><h3>Diogo Quit\u00e9rio<\/h3><p class=\"pos_in_org estilo_staff\">Consultor SEO<\/p><\/div><\/div><\/div><\/div><\/div><\/div><\/div><\/div><div class=\"row\"><div class=\"col \"><div class=\"container fila_equipo\"><div class=\"row mb-4\"><div class=\"col-md-6 col-md-12 equipo_col1\"><div class=\"mb-4\"><div class=\"row\"><div class=\"col1\"><img decoding=\"async\" src=\"https:\/\/www.humanlevel.com\/wp-content\/uploads\/ian-canet.jpg\" alt=\"Fotograf\u00eda de Ian Canet\" class=\"img-fluid\" style=\"width:100%;\" \/><\/div><div class=\"col2 staff_team\"><h3>Ian Canet<\/h3><p class=\"pos_in_org estilo_staff\">Consultor SEO<\/p><\/div><\/div><\/div><\/div><div class=\"col-md-6 col-md-12 equipo_col2\"><div class=\"mb-4\"><div class=\"row\"><div class=\"col1\"><img decoding=\"async\" src=\"https:\/\/www.humanlevel.com\/wp-content\/uploads\/beatriz-planells.jpg\" alt=\"Fotograf\u00eda de Beatriz Planells\" class=\"img-fluid\" style=\"width:100%;\" \/><\/div><div class=\"col2 staff_team\"><h3>Beatriz Planells<\/h3><p class=\"pos_in_org estilo_staff\">Consultora SEO<\/p><\/div><\/div><\/div><\/div><\/div><\/div><\/div><\/div><div class=\"row\"><div class=\"col \"><div class=\"container fila_equipo\"><div class=\"row mb-4\"><div class=\"col-md-6 col-md-12 equipo_col1\"><div class=\"mb-4\"><div class=\"row\"><div class=\"col1\"><img decoding=\"async\" src=\"https:\/\/www.humanlevel.com\/wp-content\/uploads\/david-rubio.jpg\" alt=\"Fotograf\u00eda de David Rubio\" class=\"img-fluid\" style=\"width:100%;\" \/><\/div><div class=\"col2 staff_team\"><h3>David Rubio<\/h3><p class=\"pos_in_org estilo_staff\">Consultor SEO<\/p><\/div><\/div><\/div><\/div><div class=\"col-md-6 col-md-12 equipo_col2\"><div class=\"mb-4\"><div class=\"row\"><div class=\"col1\"><img decoding=\"async\" src=\"https:\/\/www.humanlevel.com\/wp-content\/uploads\/guillermo-fernandez.jpg\" alt=\"Fotograf\u00eda de Guillermo Fern\u00e1ndez\" class=\"img-fluid\" style=\"width:100%;\" \/><\/div><div class=\"col2 staff_team\"><h3>Guillermo Fern\u00e1ndez<\/h3><p class=\"pos_in_org estilo_staff\">Consultor SEO T\u00e9cnico<\/p><\/div><\/div><\/div><\/div><\/div><\/div><\/div><\/div><div class=\"row\"><div class=\"col \"><div class=\"container fila_equipo\"><div class=\"row mb-4\"><div class=\"col-md-6 col-md-12 equipo_col1\"><div class=\"mb-4\"><div class=\"row\"><div class=\"col1\"><img decoding=\"async\" src=\"https:\/\/www.humanlevel.com\/wp-content\/uploads\/gerardo-perez.jpg\" alt=\"Fotograf\u00eda de Gerardo P\u00e9rez\" class=\"img-fluid\" style=\"width:100%;\" \/><\/div><div class=\"col2 staff_team\"><h3>Gerardo P\u00e9rez<\/h3><p class=\"pos_in_org estilo_staff\">Consultor SEO<\/p><\/div><\/div><\/div><\/div><div class=\"col-md-6 col-md-12 equipo_col2\"><div class=\"mb-4\"><div class=\"row\"><div class=\"col1\"><img decoding=\"async\" src=\"https:\/\/www.humanlevel.com\/wp-content\/uploads\/mariangeles-estepa.jpg\" alt=\"Fotograf\u00eda de M\u00aa \u00c1ngeles Estepa\" class=\"img-fluid\" style=\"width:100%;\" \/><\/div><div class=\"col2 staff_team\"><h3>M\u00aa \u00c1ngeles Estepa<\/h3><p class=\"pos_in_org estilo_staff\">Consultora SEO<\/p><\/div><\/div><\/div><\/div><\/div><\/div><\/div><\/div><div class=\"row\"><div class=\"col \"><div class=\"container fila_equipo\"><div class=\"row mb-4\"><div class=\"col-md-6 col-md-12 equipo_col1\"><div class=\"mb-4\"><div class=\"row\"><div class=\"col1\"><img decoding=\"async\" src=\"https:\/\/www.humanlevel.com\/wp-content\/uploads\/maria-caravantes.jpg\" alt=\"Fotograf\u00eda de Mar\u00eda Caravantes\" class=\"img-fluid\" style=\"width:100%;\" \/><\/div><div class=\"col2 staff_team\"><h3>Mar\u00eda Caravantes<\/h3><p class=\"pos_in_org estilo_staff\">Consultora SEO<\/p><\/div><\/div><\/div><\/div><div class=\"col-md-6 col-md-12 equipo_col2\"><div class=\"mb-4\"><div class=\"row\"><div class=\"col1\"><img decoding=\"async\" src=\"https:\/\/www.humanlevel.com\/wp-content\/uploads\/angela-cordoba.jpg\" alt=\"Fotograf\u00eda de \u00c1ngela C\u00f3rdoba\" class=\"img-fluid\" style=\"width:100%;\" \/><\/div><div class=\"col2 staff_team\"><h3>\u00c1ngela C\u00f3rdoba<\/h3><p class=\"pos_in_org estilo_staff\">Consultora SEO<\/p><\/div><\/div><\/div><\/div><\/div><\/div><\/div><\/div><div class=\"row\"><div class=\"col \"><div class=\"container fila_equipo\"><div class=\"row mb-4\"><div class=\"col-md-6 col-md-12 equipo_col1\"><div class=\"mb-4\"><div class=\"row\"><div class=\"col1\"><img decoding=\"async\" src=\"https:\/\/www.humanlevel.com\/wp-content\/uploads\/belen-amaro-5.jpg\" alt=\"Fotograf\u00eda de Bel\u00e9n Amaro\" class=\"img-fluid\" style=\"width:100%;\" \/><\/div><div class=\"col2 staff_team\"><h3>Bel\u00e9n Amaro<\/h3><p class=\"pos_in_org estilo_staff\">Especialista em RP Digital e Branding<\/p><\/div><\/div><\/div><\/div><\/div><\/div><\/div><\/div><\/p>\n","protected":false},"excerpt":{"rendered":"","protected":false},"author":41,"featured_media":77878,"parent":78311,"menu_order":1,"comment_status":"closed","ping_status":"closed","template":"HL_nosotros.php","meta":{"footnotes":""},"class_list":["post-78264","page","type-page","status-publish","has-post-thumbnail","hentry","entry"],"yoast_head":"\n<title>A nossa equipa | Human Level<\/title>\n<meta name=\"description\" content=\"Conhece a nossa equipa de consultores especializados em SEO, publicidade online, an\u00e1lise, conte\u00fados e marketing digital, contacta-nos!\" \/>\n<meta name=\"robots\" content=\"index, follow, max-snippet:-1, max-image-preview:large, max-video-preview:-1\" \/>\n<link rel=\"canonical\" href=\"https:\/\/www.humanlevel.com\/pt\/sobre-nos\/equipa\" \/>\n<meta property=\"og:locale\" content=\"pt_PT\" \/>\n<meta property=\"og:type\" content=\"article\" \/>\n<meta property=\"og:title\" content=\"A nossa equipa | Human Level\" \/>\n<meta property=\"og:description\" content=\"Conhece a nossa equipa de consultores especializados em SEO, publicidade online, an\u00e1lise, conte\u00fados e marketing digital, contacta-nos!\" \/>\n<meta property=\"og:url\" content=\"https:\/\/www.humanlevel.com\/pt\/sobre-nos\/equipa\" \/>\n<meta property=\"og:site_name\" content=\"Human Level\" \/>\n<meta property=\"og:image\" content=\"https:\/\/www.humanlevel.com\/wp-content\/uploads\/nuestro-equipo-1-scaled.jpg\" \/>\n\t<meta property=\"og:image:width\" content=\"2560\" \/>\n\t<meta property=\"og:image:height\" content=\"869\" \/>\n\t<meta property=\"og:image:type\" content=\"image\/jpeg\" \/>\n<meta name=\"twitter:card\" content=\"summary_large_image\" \/>\n<meta name=\"twitter:site\" content=\"@humanlevel\" \/>\n<meta name=\"twitter:label1\" content=\"Tempo estimado de leitura\" \/>\n\t<meta name=\"twitter:data1\" content=\"4 minutos\" \/>\n<script type=\"application\/ld+json\" class=\"yoast-schema-graph\">{\"@context\":\"https:\/\/schema.org\",\"@graph\":[{\"@type\":\"WebPage\",\"@id\":\"https:\/\/www.humanlevel.com\/pt\/sobre-nos\/equipa\",\"url\":\"https:\/\/www.humanlevel.com\/pt\/sobre-nos\/equipa\",\"name\":\"A nossa equipa | Human Level\",\"isPartOf\":{\"@id\":\"https:\/\/www.humanlevel.com\/pt#website\"},\"primaryImageOfPage\":{\"@id\":\"https:\/\/www.humanlevel.com\/pt\/sobre-nos\/equipa#primaryimage\"},\"image\":{\"@id\":\"https:\/\/www.humanlevel.com\/pt\/sobre-nos\/equipa#primaryimage\"},\"thumbnailUrl\":\"https:\/\/www.humanlevel.com\/wp-content\/uploads\/nuestro-equipo-1-scaled.jpg\",\"datePublished\":\"2021-11-10T11:39:28+00:00\",\"dateModified\":\"2026-03-04T08:17:27+00:00\",\"description\":\"Conhece a nossa equipa de consultores especializados em SEO, publicidade online, an\u00e1lise, conte\u00fados e marketing digital, contacta-nos!\",\"breadcrumb\":{\"@id\":\"https:\/\/www.humanlevel.com\/pt\/sobre-nos\/equipa#breadcrumb\"},\"inLanguage\":\"pt-PT\",\"potentialAction\":[{\"@type\":\"ReadAction\",\"target\":[\"https:\/\/www.humanlevel.com\/pt\/sobre-nos\/equipa\"]}]},{\"@type\":\"ImageObject\",\"inLanguage\":\"pt-PT\",\"@id\":\"https:\/\/www.humanlevel.com\/pt\/sobre-nos\/equipa#primaryimage\",\"url\":\"https:\/\/www.humanlevel.com\/wp-content\/uploads\/nuestro-equipo-1-scaled.jpg\",\"contentUrl\":\"https:\/\/www.humanlevel.com\/wp-content\/uploads\/nuestro-equipo-1-scaled.jpg\",\"width\":2560,\"height\":869},{\"@type\":\"BreadcrumbList\",\"@id\":\"https:\/\/www.humanlevel.com\/pt\/sobre-nos\/equipa#breadcrumb\",\"itemListElement\":[{\"@type\":\"ListItem\",\"position\":1,\"name\":\"Portada\",\"item\":\"https:\/\/www.humanlevel.com\/pt\"},{\"@type\":\"ListItem\",\"position\":2,\"name\":\"Sobre n\u00f3s\",\"item\":\"https:\/\/www.humanlevel.com\/pt\/sobre-nos\"},{\"@type\":\"ListItem\",\"position\":3,\"name\":\"A nossa equipa\"}]},{\"@type\":\"WebSite\",\"@id\":\"https:\/\/www.humanlevel.com\/pt#website\",\"url\":\"https:\/\/www.humanlevel.com\/pt\",\"name\":\"Human Level\",\"description\":\"Agencia SEO para grandes marcas nacionales e internacionales.\",\"publisher\":{\"@id\":\"https:\/\/www.humanlevel.com\/pt#organization\"},\"potentialAction\":[{\"@type\":\"SearchAction\",\"target\":{\"@type\":\"EntryPoint\",\"urlTemplate\":\"https:\/\/www.humanlevel.com\/pt?s={search_term_string}\"},\"query-input\":{\"@type\":\"PropertyValueSpecification\",\"valueRequired\":true,\"valueName\":\"search_term_string\"}}],\"inLanguage\":\"pt-PT\"},{\"@type\":\"Organization\",\"@id\":\"https:\/\/www.humanlevel.com\/pt#organization\",\"name\":\"Human Level\",\"url\":\"https:\/\/www.humanlevel.com\/pt\",\"logo\":{\"@type\":\"ImageObject\",\"inLanguage\":\"pt-PT\",\"@id\":\"https:\/\/www.humanlevel.com\/pt#\/schema\/logo\/image\/\",\"url\":\"https:\/\/www.humanlevel.com\/wp-content\/uploads\/logo-human-negro-1.jpg\",\"contentUrl\":\"https:\/\/www.humanlevel.com\/wp-content\/uploads\/logo-human-negro-1.jpg\",\"width\":268,\"height\":51,\"caption\":\"Human Level\"},\"image\":{\"@id\":\"https:\/\/www.humanlevel.com\/pt#\/schema\/logo\/image\/\"},\"sameAs\":[\"https:\/\/x.com\/humanlevel\"]}]}<\/script>\n","yoast_head_json":{"title":"A nossa equipa | Human Level","description":"Conhece a nossa equipa de consultores especializados em SEO, publicidade online, an\u00e1lise, conte\u00fados e marketing digital, contacta-nos!","robots":{"index":"index","follow":"follow","max-snippet":"max-snippet:-1","max-image-preview":"max-image-preview:large","max-video-preview":"max-video-preview:-1"},"canonical":"https:\/\/www.humanlevel.com\/pt\/sobre-nos\/equipa","og_locale":"pt_PT","og_type":"article","og_title":"A nossa equipa | Human Level","og_description":"Conhece a nossa equipa de consultores especializados em SEO, publicidade online, an\u00e1lise, conte\u00fados e marketing digital, contacta-nos!","og_url":"https:\/\/www.humanlevel.com\/pt\/sobre-nos\/equipa","og_site_name":"Human Level","og_image":[{"width":2560,"height":869,"url":"https:\/\/www.humanlevel.com\/wp-content\/uploads\/nuestro-equipo-1-scaled.jpg","type":"image\/jpeg"}],"twitter_card":"summary_large_image","twitter_site":"@humanlevel","twitter_misc":{"Tempo estimado de leitura":"4 minutos"},"schema":{"@context":"https:\/\/schema.org","@graph":[{"@type":"WebPage","@id":"https:\/\/www.humanlevel.com\/pt\/sobre-nos\/equipa","url":"https:\/\/www.humanlevel.com\/pt\/sobre-nos\/equipa","name":"A nossa equipa | Human Level","isPartOf":{"@id":"https:\/\/www.humanlevel.com\/pt#website"},"primaryImageOfPage":{"@id":"https:\/\/www.humanlevel.com\/pt\/sobre-nos\/equipa#primaryimage"},"image":{"@id":"https:\/\/www.humanlevel.com\/pt\/sobre-nos\/equipa#primaryimage"},"thumbnailUrl":"https:\/\/www.humanlevel.com\/wp-content\/uploads\/nuestro-equipo-1-scaled.jpg","datePublished":"2021-11-10T11:39:28+00:00","dateModified":"2026-03-04T08:17:27+00:00","description":"Conhece a nossa equipa de consultores especializados em SEO, publicidade online, an\u00e1lise, conte\u00fados e marketing digital, contacta-nos!","breadcrumb":{"@id":"https:\/\/www.humanlevel.com\/pt\/sobre-nos\/equipa#breadcrumb"},"inLanguage":"pt-PT","potentialAction":[{"@type":"ReadAction","target":["https:\/\/www.humanlevel.com\/pt\/sobre-nos\/equipa"]}]},{"@type":"ImageObject","inLanguage":"pt-PT","@id":"https:\/\/www.humanlevel.com\/pt\/sobre-nos\/equipa#primaryimage","url":"https:\/\/www.humanlevel.com\/wp-content\/uploads\/nuestro-equipo-1-scaled.jpg","contentUrl":"https:\/\/www.humanlevel.com\/wp-content\/uploads\/nuestro-equipo-1-scaled.jpg","width":2560,"height":869},{"@type":"BreadcrumbList","@id":"https:\/\/www.humanlevel.com\/pt\/sobre-nos\/equipa#breadcrumb","itemListElement":[{"@type":"ListItem","position":1,"name":"Portada","item":"https:\/\/www.humanlevel.com\/pt"},{"@type":"ListItem","position":2,"name":"Sobre n\u00f3s","item":"https:\/\/www.humanlevel.com\/pt\/sobre-nos"},{"@type":"ListItem","position":3,"name":"A nossa equipa"}]},{"@type":"WebSite","@id":"https:\/\/www.humanlevel.com\/pt#website","url":"https:\/\/www.humanlevel.com\/pt","name":"Human Level","description":"Agencia SEO para grandes marcas nacionales e internacionales.","publisher":{"@id":"https:\/\/www.humanlevel.com\/pt#organization"},"potentialAction":[{"@type":"SearchAction","target":{"@type":"EntryPoint","urlTemplate":"https:\/\/www.humanlevel.com\/pt?s={search_term_string}"},"query-input":{"@type":"PropertyValueSpecification","valueRequired":true,"valueName":"search_term_string"}}],"inLanguage":"pt-PT"},{"@type":"Organization","@id":"https:\/\/www.humanlevel.com\/pt#organization","name":"Human Level","url":"https:\/\/www.humanlevel.com\/pt","logo":{"@type":"ImageObject","inLanguage":"pt-PT","@id":"https:\/\/www.humanlevel.com\/pt#\/schema\/logo\/image\/","url":"https:\/\/www.humanlevel.com\/wp-content\/uploads\/logo-human-negro-1.jpg","contentUrl":"https:\/\/www.humanlevel.com\/wp-content\/uploads\/logo-human-negro-1.jpg","width":268,"height":51,"caption":"Human Level"},"image":{"@id":"https:\/\/www.humanlevel.com\/pt#\/schema\/logo\/image\/"},"sameAs":["https:\/\/x.com\/humanlevel"]}]}},"_links":{"self":[{"href":"https:\/\/www.humanlevel.com\/pt\/wp-json\/wp\/v2\/pages\/78264","targetHints":{"allow":["GET"]}}],"collection":[{"href":"https:\/\/www.humanlevel.com\/pt\/wp-json\/wp\/v2\/pages"}],"about":[{"href":"https:\/\/www.humanlevel.com\/pt\/wp-json\/wp\/v2\/types\/page"}],"author":[{"embeddable":true,"href":"https:\/\/www.humanlevel.com\/pt\/wp-json\/wp\/v2\/users\/41"}],"replies":[{"embeddable":true,"href":"https:\/\/www.humanlevel.com\/pt\/wp-json\/wp\/v2\/comments?post=78264"}],"version-history":[{"count":18,"href":"https:\/\/www.humanlevel.com\/pt\/wp-json\/wp\/v2\/pages\/78264\/revisions"}],"predecessor-version":[{"id":81319,"href":"https:\/\/www.humanlevel.com\/pt\/wp-json\/wp\/v2\/pages\/78264\/revisions\/81319"}],"up":[{"embeddable":true,"href":"https:\/\/www.humanlevel.com\/pt\/wp-json\/wp\/v2\/pages\/78311"}],"wp:featuredmedia":[{"embeddable":true,"href":"https:\/\/www.humanlevel.com\/pt\/wp-json\/wp\/v2\/media\/77878"}],"wp:attachment":[{"href":"https:\/\/www.humanlevel.com\/pt\/wp-json\/wp\/v2\/media?parent=78264"}],"curies":[{"name":"wp","href":"https:\/\/api.w.org\/{rel}","templated":true}]}}