{"id":78256,"date":"2021-11-19T12:47:59","date_gmt":"2021-11-19T11:47:59","guid":{"rendered":"https:\/\/www.humanlevel.com\/livros"},"modified":"2025-03-26T10:43:51","modified_gmt":"2025-03-26T09:43:51","slug":"livros","status":"publish","type":"page","link":"https:\/\/www.humanlevel.com\/pt\/sobre-nos\/livros","title":{"rendered":"As nossas publica\u00e7\u00f5es"},"content":{"rendered":"<div class=\"row\"><div class=\"col section_libros\"><div class=\"container\"><div class=\"row mb-4\"><div class=\"col section_libros_f1\"><div class=\"mb-4\"><\/p>\n<div class=\"filaBlogHome\">\n<h2>As nossas publica\u00e7\u00f5es<\/h2>\n<div class=\"p1 estilo_contenido_5\">A Human Level publicou o primeiro livro sobre SEO em espanhol em 2006. E n\u00e3o par\u00e1mos desde ent\u00e3o, com doze best-sellers do sector! Dispon\u00edvel em livrarias, Apple Books e Kindle.<\/div>\n<\/div>\n<p><\/div><\/div><\/div><div class=\"row mb-4\"><div class=\"col section_libros_f2_c1\"><div class=\"mb-4\"><\/p>\n<h3 class=\"titulo-blog\">SEO T\u00e9cnico \u2013 Aprende a optimizar tu web como un profesional<\/h3>\n<p><\/div><div class=\"mb-4\">SEO T\u00e9cnico \u2013 Aprende a optimizar tu web como un profesional \u00e9 um livro escrito por parte da equipa da Human Level e publicado pela Anaya Multimedia em janeiro de 2024. Os seus autores s\u00e3o Jos\u00e9 E. Vicente, Ram\u00f3n Saquete, Roc\u00edo Rodr\u00edguez e Fernando Maci\u00e1. Com ele perder\u00e1s o medo dos aspetos mais t\u00e9cnicos do SEO e descobrir\u00e1s como otimizar o teu site, aparecer nas primeiras posi\u00e7\u00f5es e conseguir mais vendas.<\/div><div class=\"mb-4\"><span class=\"p3\" style=\"color: #747483;\">Jos\u00e9 E. Vicente, Ram\u00f3n Saquete, Roc\u00edo Rodr\u00edguez e Fernando Maci\u00e1 | 2024<\/span><\/div><\/div><div class=\"col-md-4 section_libros_f2_c2 col-0 col-sm-0 col-md-0 col-lg-4 col-xl-3\"><img loading=\"lazy\" decoding=\"async\" width=\"300\" height=\"386\" src=\"https:\/\/www.humanlevel.com\/wp-content\/uploads\/seo-tecnico-aprende-a-optimizar-tu-web-como-un-profesional.jpg\" class=\"img-fluid\" alt=\"SEO T\u00e9cnico: aprende a optimizar tu web como un profesional\" sizes=\"auto, (max-width: 34.9rem) calc(100vw - 2rem), (max-width: 53rem) calc(8 * (100vw \/ 12)), (min-width: 53rem) calc(6 * (100vw \/ 12)), 100vw\" \/><\/div><\/div><div class=\"row mb-4\"><div class=\"col section_libros_f2_c1\"><div class=\"mb-4\"><\/p>\n<h3 class=\"titulo-blog\">SEO avanzado \u2013 Casi todo lo que s\u00e9 sobre posicionamiento Web<\/h3>\n<p><\/div><div class=\"mb-4\"><span class=\"p2\">SEO avanzado \u2013 Casi todo lo que s\u00e9 sobre posicionamiento Web \u00e9 o \u00faltimo livro publicado por Fernando Maci\u00e1 sozinho. Publicado pela Anaya Multimedia em mar\u00e7o de 2020, re\u00fane vinte anos de experi\u00eancia de um dos pioneiros do SEO em Espanha. <\/span><\/div><div class=\"mb-4\"><span class=\"p3\" style=\"color: #747483;\">Fernando Maci\u00e1 | 2020<\/span><\/div><\/div><div class=\"col-md-4 section_libros_f2_c2 col-0 col-sm-0 col-md-0 col-lg-4 col-xl-3\"><img loading=\"lazy\" decoding=\"async\" width=\"500\" height=\"643\" src=\"https:\/\/www.humanlevel.com\/wp-content\/uploads\/seo-avanzado-4-e1636642269739.png\" class=\"img-fluid\" alt=\"Portada del libro SEO Avanzado\" sizes=\"auto, (max-width: 34.9rem) calc(100vw - 2rem), (max-width: 53rem) calc(8 * (100vw \/ 12)), (min-width: 53rem) calc(6 * (100vw \/ 12)), 100vw\" \/><\/div><\/div><div class=\"row mb-4\"><div class=\"col section_libros_f3_c1\"><div class=\"mb-4\"><\/p>\n<h3 class=\"titulo-blog\">Estrategias de Marketing Digital<\/h3>\n<p><\/div><div class=\"mb-4\"><span class=\"\">Em Estrategias de marketing digital (2018), Fernando Maci\u00e1<\/span><span class=\"\"> aborda o marketing digital de uma perspetiva eminentemente pr\u00e1tica, com uma multiplicidade de exemplos, casos de sucesso e propostas de aplica\u00e7\u00e3o. <\/span><\/div><div class=\"mb-4\"><span style=\"color: #747483;\">Fernando Maci\u00e1 | 2018<\/span><\/div><\/div><div class=\"col-md-4 section_libros_f3_c2 col-0 col-sm-0 col-md-0 col-lg-4 col-xl-3\"><img loading=\"lazy\" decoding=\"async\" width=\"1000\" height=\"1285\" src=\"https:\/\/www.humanlevel.com\/wp-content\/uploads\/portada_estrategias_de_marketing_digital.jpg\" class=\"img-fluid\" alt=\"Portada del libro Estrategias de marketing digital\" srcset=\"https:\/\/www.humanlevel.com\/wp-content\/uploads\/portada_estrategias_de_marketing_digital.jpg 1000w, https:\/\/www.humanlevel.com\/wp-content\/uploads\/portada_estrategias_de_marketing_digital-720x925.jpg 720w, https:\/\/www.humanlevel.com\/wp-content\/uploads\/portada_estrategias_de_marketing_digital-768x987.jpg 768w\" sizes=\"auto, (max-width: 34.9rem) calc(100vw - 2rem), (max-width: 53rem) calc(8 * (100vw \/ 12)), (min-width: 53rem) calc(6 * (100vw \/ 12)), 100vw\" \/><\/div><\/div><div class=\"row mb-4\"><div class=\"col section_libros_f2_c1\"><div class=\"mb-4\"><\/p>\n<h3 class=\"titulo-blog\">Marketing en Redes Sociales<\/h3>\n<p><\/div><div class=\"mb-4\"><span class=\"\">Este livro ensina-te a executar um plano de marketing bem sucedido para as redes sociais. Mostra em detalhe como funcionam as mais importantes, as suas carater\u00edsticas mais populares e como deve abordar a sua participa\u00e7\u00e3o nelas. Al\u00e9m disso, o livro recomenda algumas das principais ferramentas de publica\u00e7\u00e3o, monitoriza\u00e7\u00e3o e an\u00e1lise para um desenvolvimento ou avalia\u00e7\u00e3o otimizados de uma estrat\u00e9gia de redes sociais. <\/span><\/div><div class=\"mb-4\"><span style=\"color: #747483;\">Fernando Maci\u00e1 | 2011<\/span><\/div><\/div><div class=\"col-md-4 section_libros_f3_c2 col-0 col-sm-0 col-md-0 col-lg-4 col-xl-3\"><img loading=\"lazy\" decoding=\"async\" width=\"504\" height=\"645\" src=\"https:\/\/www.humanlevel.com\/wp-content\/uploads\/marketing-en-redes-sociales-big.jpg\" class=\"img-fluid\" alt=\"Portada de Marketing en redes sociales\" sizes=\"auto, (max-width: 34.9rem) calc(100vw - 2rem), (max-width: 53rem) calc(8 * (100vw \/ 12)), (min-width: 53rem) calc(6 * (100vw \/ 12)), 100vw\" \/><\/div><\/div><div class=\"row mb-4\"><div class=\"col section_libros_f3_c1\"><div class=\"mb-4\"><\/p>\n<h3 class=\"titulo-blog\">SEO &#8211; T\u00e9cnicas Avanzadas (2015)<\/h3>\n<p><\/div><div class=\"mb-4\"><span class=\"\">Fernando Maci\u00e1 atualiza este livro que j\u00e1 \u00e9 uma refer\u00eancia em SEO de l\u00edngua espanhola, indo um ou dois passos mais al\u00e9m. Desde o final de 2011 at\u00e9 agora, muita coisa aconteceu no mundo dos motores de pesquisa. E embora muitas das bases da primeira edi\u00e7\u00e3o continuem plenamente v\u00e1lidas, outras j\u00e1 acusavam o ritmo acelerado da obsolesc\u00eancia e exigiam uma atualiza\u00e7\u00e3o profunda. Publicada em setembro de 2015, j\u00e1 se tornou um bestseller. <\/span><\/div><div class=\"mb-4\"><span style=\"color: #747483;\">Fernando Maci\u00e1 | 2015<\/span><\/div><\/div><div class=\"col-md-4 section_libros_f3_c2 col-0 col-sm-0 col-md-0 col-lg-4 col-xl-3\"><img loading=\"lazy\" decoding=\"async\" width=\"490\" height=\"631\" src=\"https:\/\/www.humanlevel.com\/wp-content\/uploads\/seo-tecnicas-avanzadas-big.jpg\" class=\"img-fluid\" alt=\"Portada de SEO T\u00e9cnicas Avanzadas\" sizes=\"auto, (max-width: 34.9rem) calc(100vw - 2rem), (max-width: 53rem) calc(8 * (100vw \/ 12)), (min-width: 53rem) calc(6 * (100vw \/ 12)), 100vw\" \/><\/div><\/div><div class=\"row mb-4\"><div class=\"col section_libros_f3_c1\"><div class=\"mb-4\"><\/p>\n<h3 class=\"titulo-blog\">Marketing online 2.0<\/h3>\n<p><\/div><div class=\"mb-4\">Marketing online 2.0 foi concebido para ajudar profissionais e empres\u00e1rios a elaborar com \u00eaxito o seu pr\u00f3prio plano de marketing online. \u00c9 um excelente e agrad\u00e1vel ponto de partida para facilitar a transi\u00e7\u00e3o dos conceitos tradicionais de marketing para a Internet, de uma forma natural e did\u00e1tica, t\u00e3o fundamentada como intuitiva. Tornou-se o livro de refer\u00eancia em espanhol e foi selecionado como livro de texto em v\u00e1rias universidades. <\/div><div class=\"mb-4\"><span style=\"color: #747483;\">Fernando Maci\u00e1 | 2009<\/span><\/div><\/div><div class=\"col-md-4 section_libros_f3_c2 col-0 col-sm-0 col-md-0 col-lg-4 col-xl-3\"><img loading=\"lazy\" decoding=\"async\" width=\"490\" height=\"631\" src=\"https:\/\/www.humanlevel.com\/wp-content\/uploads\/marketingonline-2-0-big.jpg\" class=\"img-fluid\" alt=\"Portada de Marketing online 2.0\" sizes=\"auto, (max-width: 34.9rem) calc(100vw - 2rem), (max-width: 53rem) calc(8 * (100vw \/ 12)), (min-width: 53rem) calc(6 * (100vw \/ 12)), 100vw\" \/><\/div><\/div><div class=\"row mb-4\"><div class=\"col section_libros_f3_c1\"><div class=\"mb-4\"><\/p>\n<h3 class=\"titulo-blog\">T\u00e9cnicas avanzadas de posicionamiento en buscadores<\/h3>\n<p><\/div><div class=\"mb-4\">Neste livro, Fernando Maci\u00e1 traz dez anos de experi\u00eancia em indexabilidade e otimiza\u00e7\u00e3o da relev\u00e2ncia on-page para propor um m\u00e9todo de posicionamento nos motores de pesquisa de efic\u00e1cia comprovada: identificar o que os utilizadores procuram &#8211; potencial de tr\u00e1fego -, como o procuram &#8211; padr\u00f5es de pesquisa -, onde o procuram &#8211; sele\u00e7\u00e3o dos motores de pesquisa &#8211; e quando o procuram &#8211; sazonalidade e tend\u00eancias da procura &#8211; para gerar estruturas de p\u00e1ginas relevantes e arquiteturas de informa\u00e7\u00e3o flex\u00edveis orientadas tanto para a usabilidade como para a indexabilidade e visibilidade nos motores de pesquisa.<\/div><div class=\"mb-4\"><span style=\"color: #747483;\">Fernando Maci\u00e1 | 2011<\/span><\/div><\/div><div class=\"col-md-4 section_libros_f3_c2 col-0 col-sm-0 col-md-0 col-lg-4 col-xl-3\"><img loading=\"lazy\" decoding=\"async\" width=\"288\" height=\"371\" src=\"https:\/\/www.humanlevel.com\/wp-content\/uploads\/portada-tecnicas-avanzadas-posicionamientoen-buscadores-med-1.jpg\" class=\"img-fluid\" alt=\"\" sizes=\"auto, (max-width: 34.9rem) calc(100vw - 2rem), (max-width: 53rem) calc(8 * (100vw \/ 12)), (min-width: 53rem) calc(6 * (100vw \/ 12)), 100vw\" \/><\/div><\/div><div class=\"row mb-4\"><div class=\"col section_libros_f3_c1\"><div class=\"mb-4\"><\/p>\n<h3 class=\"titulo-blog\">Posicionamiento en buscadores Ed. 2012<\/h3>\n<p><\/div><div class=\"mb-4\">O livro Posicionamiento en Buscadores \u00e9 uma publica\u00e7\u00e3o de refer\u00eancia no sector, apresentando n\u00e3o tanto conhecimentos mais t\u00e9cnicos e avan\u00e7ados (para os quais temos o livro Advanced Search Engine Optimisation Techniques) como uma base s\u00f3lida e firme para se iniciar na pr\u00e1tica de SEO. Esta reedi\u00e7\u00e3o de 2012 foi revista e atualizada de acordo com a evolu\u00e7\u00e3o das t\u00e9cnicas e do contexto da Otimiza\u00e7\u00e3o para Motores de Pesquisa. A publica\u00e7\u00e3o re\u00fane os conhecimentos fundamentais para que qualquer gestor de marketing ou outro gestor possa compreender e praticar SEO a v\u00e1rios n\u00edveis. <\/div><div class=\"mb-4\"><span style=\"color: #747483;\">Fernando Maci\u00e1 | 2012<\/span><\/div><\/div><div class=\"col-md-4 section_libros_f3_c2 col-0 col-sm-0 col-md-0 col-lg-4 col-xl-3\"><img loading=\"lazy\" decoding=\"async\" width=\"490\" height=\"631\" src=\"https:\/\/www.humanlevel.com\/wp-content\/uploads\/posicionamiento-buscadores-big.jpg\" class=\"img-fluid\" alt=\"Portada de Posicionamiento en Buscadores\" sizes=\"auto, (max-width: 34.9rem) calc(100vw - 2rem), (max-width: 53rem) calc(8 * (100vw \/ 12)), (min-width: 53rem) calc(6 * (100vw \/ 12)), 100vw\" \/><\/div><\/div><div class=\"row mb-4\"><div class=\"col section_libros_f3_c1\"><div class=\"mb-4\"><\/p>\n<h3 class=\"titulo-blog\">Marketing con redes sociales<\/h3>\n<p><\/div><div class=\"mb-4\">Marketing com redes sociales \u00e9 o t\u00edtulo do guia pr\u00e1tico sobre redes sociais de Fernando Maci\u00e1, diretor da Human Level Communications. Este \u00e9 o quarto livro publicado pelo autor, depois das duas edi\u00e7\u00f5es de Posicionamiento en buscadores de pesquisa em 2006 e 2009 e Marketing online: c\u00f3mo ganar clientes en Internet, todos publicados pela Anaya Multimedia. <\/div><div class=\"mb-4\"><span style=\"color: #747483;\">Fernando Maci\u00e1 | 2006-2009<\/span><\/div><\/div><div class=\"col-md-4 section_libros_f3_c2 col-0 col-sm-0 col-md-0 col-lg-4 col-xl-3\"><img loading=\"lazy\" decoding=\"async\" width=\"288\" height=\"372\" src=\"https:\/\/www.humanlevel.com\/wp-content\/uploads\/guia-marketing-redes-sociales-small.jpg\" class=\"img-fluid\" alt=\"Portada marketing con redes sociales\" srcset=\"https:\/\/www.humanlevel.com\/wp-content\/uploads\/guia-marketing-redes-sociales-small.jpg 288w, https:\/\/www.humanlevel.com\/wp-content\/uploads\/guia-marketing-redes-sociales-small-232x300.jpg 232w\" sizes=\"auto, (max-width: 34.9rem) calc(100vw - 2rem), (max-width: 53rem) calc(8 * (100vw \/ 12)), (min-width: 53rem) calc(6 * (100vw \/ 12)), 100vw\" \/><\/div><\/div><div class=\"row mb-4\"><div class=\"col section_libros_f3_c1\"><div class=\"mb-4\"><\/p>\n<h3 class=\"titulo-blog\">Libro Posicionamiento en Buscadores Ed. 2009<\/h3>\n<p><\/div><div class=\"mb-4\">Posicionamento en buscadores explica o que \u00e9 a otimiza\u00e7\u00e3o para os mesmos, por que raz\u00e3o \u00e9 importante para qualquer iniciativa na Internet que necessite de um retorno do investimento, quais os sectores que mais podem beneficiar deste tipo de estrat\u00e9gia promocional e quais as suas vantagens e desvantagens em rela\u00e7\u00e3o a outros tipos de promo\u00e7\u00e3o em linha (banners, pay-per-click, leil\u00f5es de palavras, etc.).<\/div><div class=\"mb-4\"><span style=\"color: #747483;\">Fernando Maci\u00e1 | 2009<\/span><\/div><\/div><div class=\"col-md-4 section_libros_f3_c2 col-0 col-sm-0 col-md-0 col-lg-4 col-xl-3\"><img loading=\"lazy\" decoding=\"async\" width=\"490\" height=\"631\" src=\"https:\/\/www.humanlevel.com\/wp-content\/uploads\/posicionamiento-2009-small.jpg\" class=\"img-fluid\" alt=\"\" sizes=\"auto, (max-width: 34.9rem) calc(100vw - 2rem), (max-width: 53rem) calc(8 * (100vw \/ 12)), (min-width: 53rem) calc(6 * (100vw \/ 12)), 100vw\" \/><\/div><\/div><div class=\"row mb-4\"><div class=\"col section_libros_f3_c1\"><div class=\"mb-4\"><\/p>\n<h3 class=\"titulo-blog\">Marketing Online \u2013 Estrategias para ganar clientes en Internet<\/h3>\n<p><\/div><div class=\"mb-4\">O principal objetivo deste livro \u00e9 eliminar, ou pelo menos reduzir, esta lacuna e ajudar as empresas, os profissionais e os empres\u00e1rios a compreender as particularidades da Web como meio de comunica\u00e7\u00e3o, para que possam elaborar o seu pr\u00f3prio plano de marketing em linha e, assim, encontrar, identificar e tirar partido de todas as possibilidades da Internet para o seu neg\u00f3cio o mais rapidamente poss\u00edvel.<\/div><div class=\"mb-4\"><span style=\"color: #747483;\">Fernando Maci\u00e1<\/span><\/div><\/div><div class=\"col-md-4 section_libros_f3_c2 col-0 col-sm-0 col-md-0 col-lg-4 col-xl-3\"><img loading=\"lazy\" decoding=\"async\" width=\"490\" height=\"631\" src=\"https:\/\/www.humanlevel.com\/wp-content\/uploads\/marketing-online-estrategias-big.jpg\" class=\"img-fluid\" alt=\"Portada marketing online\" sizes=\"auto, (max-width: 34.9rem) calc(100vw - 2rem), (max-width: 53rem) calc(8 * (100vw \/ 12)), (min-width: 53rem) calc(6 * (100vw \/ 12)), 100vw\" \/><\/div><\/div><div class=\"row mb-4\"><div class=\"col section_libros_f3_c1\"><div class=\"mb-4\"><\/p>\n<h3 class=\"titulo-blog\">Posicionamiento en Buscadores Ed. 2006.<\/h3>\n<p><\/div><div class=\"mb-4\">Este livro aborda o que \u00e9 o posicionamento nos motores de pesquisa, porque \u00e9 importante para qualquer iniciativa na Internet que necessite de obter um retorno do investimento, quais s\u00e3o os sectores que mais podem beneficiar deste tipo de estrat\u00e9gia promocional e quais s\u00e3o as suas vantagens e desvantagens em rela\u00e7\u00e3o a outros tipos de promo\u00e7\u00e3o online (banners, pay per click, leil\u00f5es de palavras, etc.).<\/div><div class=\"mb-4\"><span style=\"color: #747483;\">Fernando Maci\u00e1 | 2006<\/span><\/div><\/div><div class=\"col-md-4 section_libros_f3_c2 col-0 col-sm-0 col-md-0 col-lg-4 col-xl-3\"><img loading=\"lazy\" decoding=\"async\" width=\"490\" height=\"631\" src=\"https:\/\/www.humanlevel.com\/wp-content\/uploads\/portada-posicionamiento-en-buscadores-2006-big.jpg\" class=\"img-fluid\" alt=\"\" sizes=\"auto, (max-width: 34.9rem) calc(100vw - 2rem), (max-width: 53rem) calc(8 * (100vw \/ 12)), (min-width: 53rem) calc(6 * (100vw \/ 12)), 100vw\" \/><\/div><\/div><\/div><\/div><\/div>\n","protected":false},"excerpt":{"rendered":"","protected":false},"author":41,"featured_media":77806,"parent":78311,"menu_order":2,"comment_status":"closed","ping_status":"closed","template":"HL_nosotros.php","meta":{"footnotes":""},"class_list":["post-78256","page","type-page","status-publish","has-post-thumbnail","hentry","entry"],"yoast_head":"\n<title>Livros de marketing digital | Human Level<\/title>\n<meta name=\"description\" content=\"Descobre todos os livros que public\u00e1mos desde 2006 sobre SEO, redes sociais e marketing digital - encomenda o teu exemplar!\" \/>\n<meta name=\"robots\" content=\"index, follow, max-snippet:-1, max-image-preview:large, max-video-preview:-1\" \/>\n<link rel=\"canonical\" href=\"https:\/\/www.humanlevel.com\/pt\/sobre-nos\/livros\" \/>\n<meta property=\"og:locale\" content=\"pt_PT\" \/>\n<meta property=\"og:type\" content=\"article\" \/>\n<meta property=\"og:title\" content=\"Livros de marketing digital | Human Level\" \/>\n<meta property=\"og:description\" content=\"Descobre todos os livros que public\u00e1mos desde 2006 sobre SEO, redes sociais e marketing digital - encomenda o teu exemplar!\" \/>\n<meta property=\"og:url\" content=\"https:\/\/www.humanlevel.com\/pt\/sobre-nos\/livros\" \/>\n<meta property=\"og:site_name\" content=\"Human Level\" \/>\n<meta property=\"og:image\" content=\"https:\/\/www.humanlevel.com\/wp-content\/uploads\/libros-3.jpg\" \/>\n\t<meta property=\"og:image:width\" content=\"1440\" \/>\n\t<meta property=\"og:image:height\" content=\"510\" \/>\n\t<meta property=\"og:image:type\" content=\"image\/jpeg\" \/>\n<meta name=\"twitter:card\" content=\"summary_large_image\" \/>\n<meta name=\"twitter:site\" content=\"@humanlevel\" \/>\n<meta name=\"twitter:label1\" content=\"Tempo estimado de leitura\" \/>\n\t<meta name=\"twitter:data1\" content=\"6 minutos\" \/>\n<script type=\"application\/ld+json\" class=\"yoast-schema-graph\">{\"@context\":\"https:\/\/schema.org\",\"@graph\":[{\"@type\":\"WebPage\",\"@id\":\"https:\/\/www.humanlevel.com\/pt\/sobre-nos\/livros\",\"url\":\"https:\/\/www.humanlevel.com\/pt\/sobre-nos\/livros\",\"name\":\"Livros de marketing digital | Human Level\",\"isPartOf\":{\"@id\":\"https:\/\/www.humanlevel.com\/pt#website\"},\"primaryImageOfPage\":{\"@id\":\"https:\/\/www.humanlevel.com\/pt\/sobre-nos\/livros#primaryimage\"},\"image\":{\"@id\":\"https:\/\/www.humanlevel.com\/pt\/sobre-nos\/livros#primaryimage\"},\"thumbnailUrl\":\"https:\/\/www.humanlevel.com\/wp-content\/uploads\/libros-3.jpg\",\"datePublished\":\"2021-11-19T11:47:59+00:00\",\"dateModified\":\"2025-03-26T09:43:51+00:00\",\"description\":\"Descobre todos os livros que public\u00e1mos desde 2006 sobre SEO, redes sociais e marketing digital - encomenda o teu exemplar!\",\"breadcrumb\":{\"@id\":\"https:\/\/www.humanlevel.com\/pt\/sobre-nos\/livros#breadcrumb\"},\"inLanguage\":\"pt-PT\",\"potentialAction\":[{\"@type\":\"ReadAction\",\"target\":[\"https:\/\/www.humanlevel.com\/pt\/sobre-nos\/livros\"]}]},{\"@type\":\"ImageObject\",\"inLanguage\":\"pt-PT\",\"@id\":\"https:\/\/www.humanlevel.com\/pt\/sobre-nos\/livros#primaryimage\",\"url\":\"https:\/\/www.humanlevel.com\/wp-content\/uploads\/libros-3.jpg\",\"contentUrl\":\"https:\/\/www.humanlevel.com\/wp-content\/uploads\/libros-3.jpg\",\"width\":1440,\"height\":510},{\"@type\":\"BreadcrumbList\",\"@id\":\"https:\/\/www.humanlevel.com\/pt\/sobre-nos\/livros#breadcrumb\",\"itemListElement\":[{\"@type\":\"ListItem\",\"position\":1,\"name\":\"Portada\",\"item\":\"https:\/\/www.humanlevel.com\/pt\"},{\"@type\":\"ListItem\",\"position\":2,\"name\":\"Sobre n\u00f3s\",\"item\":\"https:\/\/www.humanlevel.com\/pt\/sobre-nos\"},{\"@type\":\"ListItem\",\"position\":3,\"name\":\"As nossas publica\u00e7\u00f5es\"}]},{\"@type\":\"WebSite\",\"@id\":\"https:\/\/www.humanlevel.com\/pt#website\",\"url\":\"https:\/\/www.humanlevel.com\/pt\",\"name\":\"Human Level\",\"description\":\"Agencia SEO para grandes marcas nacionales e internacionales.\",\"publisher\":{\"@id\":\"https:\/\/www.humanlevel.com\/pt#organization\"},\"potentialAction\":[{\"@type\":\"SearchAction\",\"target\":{\"@type\":\"EntryPoint\",\"urlTemplate\":\"https:\/\/www.humanlevel.com\/pt?s={search_term_string}\"},\"query-input\":{\"@type\":\"PropertyValueSpecification\",\"valueRequired\":true,\"valueName\":\"search_term_string\"}}],\"inLanguage\":\"pt-PT\"},{\"@type\":\"Organization\",\"@id\":\"https:\/\/www.humanlevel.com\/pt#organization\",\"name\":\"Human Level\",\"url\":\"https:\/\/www.humanlevel.com\/pt\",\"logo\":{\"@type\":\"ImageObject\",\"inLanguage\":\"pt-PT\",\"@id\":\"https:\/\/www.humanlevel.com\/pt#\/schema\/logo\/image\/\",\"url\":\"https:\/\/www.humanlevel.com\/wp-content\/uploads\/logo-human-negro-1.jpg\",\"contentUrl\":\"https:\/\/www.humanlevel.com\/wp-content\/uploads\/logo-human-negro-1.jpg\",\"width\":268,\"height\":51,\"caption\":\"Human Level\"},\"image\":{\"@id\":\"https:\/\/www.humanlevel.com\/pt#\/schema\/logo\/image\/\"},\"sameAs\":[\"https:\/\/x.com\/humanlevel\"]}]}<\/script>\n","yoast_head_json":{"title":"Livros de marketing digital | Human Level","description":"Descobre todos os livros que public\u00e1mos desde 2006 sobre SEO, redes sociais e marketing digital - encomenda o teu exemplar!","robots":{"index":"index","follow":"follow","max-snippet":"max-snippet:-1","max-image-preview":"max-image-preview:large","max-video-preview":"max-video-preview:-1"},"canonical":"https:\/\/www.humanlevel.com\/pt\/sobre-nos\/livros","og_locale":"pt_PT","og_type":"article","og_title":"Livros de marketing digital | Human Level","og_description":"Descobre todos os livros que public\u00e1mos desde 2006 sobre SEO, redes sociais e marketing digital - encomenda o teu exemplar!","og_url":"https:\/\/www.humanlevel.com\/pt\/sobre-nos\/livros","og_site_name":"Human Level","og_image":[{"width":1440,"height":510,"url":"https:\/\/www.humanlevel.com\/wp-content\/uploads\/libros-3.jpg","type":"image\/jpeg"}],"twitter_card":"summary_large_image","twitter_site":"@humanlevel","twitter_misc":{"Tempo estimado de leitura":"6 minutos"},"schema":{"@context":"https:\/\/schema.org","@graph":[{"@type":"WebPage","@id":"https:\/\/www.humanlevel.com\/pt\/sobre-nos\/livros","url":"https:\/\/www.humanlevel.com\/pt\/sobre-nos\/livros","name":"Livros de marketing digital | Human Level","isPartOf":{"@id":"https:\/\/www.humanlevel.com\/pt#website"},"primaryImageOfPage":{"@id":"https:\/\/www.humanlevel.com\/pt\/sobre-nos\/livros#primaryimage"},"image":{"@id":"https:\/\/www.humanlevel.com\/pt\/sobre-nos\/livros#primaryimage"},"thumbnailUrl":"https:\/\/www.humanlevel.com\/wp-content\/uploads\/libros-3.jpg","datePublished":"2021-11-19T11:47:59+00:00","dateModified":"2025-03-26T09:43:51+00:00","description":"Descobre todos os livros que public\u00e1mos desde 2006 sobre SEO, redes sociais e marketing digital - encomenda o teu exemplar!","breadcrumb":{"@id":"https:\/\/www.humanlevel.com\/pt\/sobre-nos\/livros#breadcrumb"},"inLanguage":"pt-PT","potentialAction":[{"@type":"ReadAction","target":["https:\/\/www.humanlevel.com\/pt\/sobre-nos\/livros"]}]},{"@type":"ImageObject","inLanguage":"pt-PT","@id":"https:\/\/www.humanlevel.com\/pt\/sobre-nos\/livros#primaryimage","url":"https:\/\/www.humanlevel.com\/wp-content\/uploads\/libros-3.jpg","contentUrl":"https:\/\/www.humanlevel.com\/wp-content\/uploads\/libros-3.jpg","width":1440,"height":510},{"@type":"BreadcrumbList","@id":"https:\/\/www.humanlevel.com\/pt\/sobre-nos\/livros#breadcrumb","itemListElement":[{"@type":"ListItem","position":1,"name":"Portada","item":"https:\/\/www.humanlevel.com\/pt"},{"@type":"ListItem","position":2,"name":"Sobre n\u00f3s","item":"https:\/\/www.humanlevel.com\/pt\/sobre-nos"},{"@type":"ListItem","position":3,"name":"As nossas publica\u00e7\u00f5es"}]},{"@type":"WebSite","@id":"https:\/\/www.humanlevel.com\/pt#website","url":"https:\/\/www.humanlevel.com\/pt","name":"Human Level","description":"Agencia SEO para grandes marcas nacionales e internacionales.","publisher":{"@id":"https:\/\/www.humanlevel.com\/pt#organization"},"potentialAction":[{"@type":"SearchAction","target":{"@type":"EntryPoint","urlTemplate":"https:\/\/www.humanlevel.com\/pt?s={search_term_string}"},"query-input":{"@type":"PropertyValueSpecification","valueRequired":true,"valueName":"search_term_string"}}],"inLanguage":"pt-PT"},{"@type":"Organization","@id":"https:\/\/www.humanlevel.com\/pt#organization","name":"Human Level","url":"https:\/\/www.humanlevel.com\/pt","logo":{"@type":"ImageObject","inLanguage":"pt-PT","@id":"https:\/\/www.humanlevel.com\/pt#\/schema\/logo\/image\/","url":"https:\/\/www.humanlevel.com\/wp-content\/uploads\/logo-human-negro-1.jpg","contentUrl":"https:\/\/www.humanlevel.com\/wp-content\/uploads\/logo-human-negro-1.jpg","width":268,"height":51,"caption":"Human Level"},"image":{"@id":"https:\/\/www.humanlevel.com\/pt#\/schema\/logo\/image\/"},"sameAs":["https:\/\/x.com\/humanlevel"]}]}},"_links":{"self":[{"href":"https:\/\/www.humanlevel.com\/pt\/wp-json\/wp\/v2\/pages\/78256","targetHints":{"allow":["GET"]}}],"collection":[{"href":"https:\/\/www.humanlevel.com\/pt\/wp-json\/wp\/v2\/pages"}],"about":[{"href":"https:\/\/www.humanlevel.com\/pt\/wp-json\/wp\/v2\/types\/page"}],"author":[{"embeddable":true,"href":"https:\/\/www.humanlevel.com\/pt\/wp-json\/wp\/v2\/users\/41"}],"replies":[{"embeddable":true,"href":"https:\/\/www.humanlevel.com\/pt\/wp-json\/wp\/v2\/comments?post=78256"}],"version-history":[{"count":5,"href":"https:\/\/www.humanlevel.com\/pt\/wp-json\/wp\/v2\/pages\/78256\/revisions"}],"predecessor-version":[{"id":79013,"href":"https:\/\/www.humanlevel.com\/pt\/wp-json\/wp\/v2\/pages\/78256\/revisions\/79013"}],"up":[{"embeddable":true,"href":"https:\/\/www.humanlevel.com\/pt\/wp-json\/wp\/v2\/pages\/78311"}],"wp:featuredmedia":[{"embeddable":true,"href":"https:\/\/www.humanlevel.com\/pt\/wp-json\/wp\/v2\/media\/77806"}],"wp:attachment":[{"href":"https:\/\/www.humanlevel.com\/pt\/wp-json\/wp\/v2\/media?parent=78256"}],"curies":[{"name":"wp","href":"https:\/\/api.w.org\/{rel}","templated":true}]}}