{"id":71845,"date":"2021-11-18T12:15:43","date_gmt":"2021-11-18T11:15:43","guid":{"rendered":"https:\/\/www.humanlevel.com\/setores"},"modified":"2026-04-29T10:04:16","modified_gmt":"2026-04-29T08:04:16","slug":"setores","status":"publish","type":"page","link":"https:\/\/www.humanlevel.com\/pt\/setores","title":{"rendered":"Setores"},"content":{"rendered":"\n<section class=\"section-spacing featured-logos\">\n<p class=\"gb-text tp-body-small\">Eles j\u00e1 confiaram em n\u00f3s<\/p>\n\n\n\n<div class=\"featured-logos-flex\">\n<img loading=\"lazy\" width=\"540\" height=\"270\" class=\"featured-logos-img\" alt=\"Reale Seguros\" src=\"https:\/\/www.humanlevel.com\/wp-content\/uploads\/logo-reale-cliente.png\" srcset=\"https:\/\/www.humanlevel.com\/wp-content\/uploads\/logo-reale-cliente.png 540w, https:\/\/www.humanlevel.com\/wp-content\/uploads\/logo-reale-cliente-400x200.png 400w\" sizes=\"auto, (max-width: 540px) 100vw, 540px\" \/>\n\n\n\n<img loading=\"lazy\" width=\"540\" height=\"270\" class=\"featured-logos-img\" alt=\"Iberia\" src=\"https:\/\/www.humanlevel.com\/wp-content\/uploads\/logo-iberia-cliente.png\" srcset=\"https:\/\/www.humanlevel.com\/wp-content\/uploads\/logo-iberia-cliente.png 540w, https:\/\/www.humanlevel.com\/wp-content\/uploads\/logo-iberia-cliente-400x200.png 400w\" sizes=\"auto, (max-width: 540px) 100vw, 540px\" \/>\n\n\n\n<img loading=\"lazy\" width=\"540\" height=\"270\" class=\"featured-logos-img\" alt=\"Lefebvre\" src=\"https:\/\/www.humanlevel.com\/wp-content\/uploads\/logo-lefebvre-cliente.png\" srcset=\"https:\/\/www.humanlevel.com\/wp-content\/uploads\/logo-lefebvre-cliente.png 540w, https:\/\/www.humanlevel.com\/wp-content\/uploads\/logo-lefebvre-cliente-400x200.png 400w\" sizes=\"auto, (max-width: 540px) 100vw, 540px\" \/>\n\n\n\n<img loading=\"lazy\" width=\"540\" height=\"270\" class=\"featured-logos-img\" alt=\"El Pa\u00eds\" src=\"https:\/\/www.humanlevel.com\/wp-content\/uploads\/logo-elpais-cliente.png\" srcset=\"https:\/\/www.humanlevel.com\/wp-content\/uploads\/logo-elpais-cliente.png 540w, https:\/\/www.humanlevel.com\/wp-content\/uploads\/logo-elpais-cliente-400x200.png 400w\" sizes=\"auto, (max-width: 540px) 100vw, 540px\" \/>\n\n\n\n<img loading=\"lazy\" width=\"540\" height=\"270\" class=\"featured-logos-img\" alt=\"Santander\" src=\"https:\/\/www.humanlevel.com\/wp-content\/uploads\/logo-satander-cliente.png\" srcset=\"https:\/\/www.humanlevel.com\/wp-content\/uploads\/logo-satander-cliente.png 540w, https:\/\/www.humanlevel.com\/wp-content\/uploads\/logo-satander-cliente-400x200.png 400w\" sizes=\"auto, (max-width: 540px) 100vw, 540px\" \/>\n\n\n\n<img loading=\"lazy\" width=\"540\" height=\"270\" class=\"featured-logos-img\" alt=\"Atr\u00e1palo\" src=\"https:\/\/www.humanlevel.com\/wp-content\/uploads\/logo-atrapalo-cliente.png\" srcset=\"https:\/\/www.humanlevel.com\/wp-content\/uploads\/logo-atrapalo-cliente.png 540w, https:\/\/www.humanlevel.com\/wp-content\/uploads\/logo-atrapalo-cliente-400x200.png 400w\" sizes=\"auto, (max-width: 540px) 100vw, 540px\" \/>\n\n\n\n<img loading=\"lazy\" width=\"540\" height=\"270\" class=\"featured-logos-img\" alt=\"MiiN Korean Cosmetics\" src=\"https:\/\/www.humanlevel.com\/wp-content\/uploads\/logo-miin-cliente.png\" srcset=\"https:\/\/www.humanlevel.com\/wp-content\/uploads\/logo-miin-cliente.png 540w, https:\/\/www.humanlevel.com\/wp-content\/uploads\/logo-miin-cliente-400x200.png 400w\" sizes=\"auto, (max-width: 540px) 100vw, 540px\" \/>\n\n\n\n<img loading=\"lazy\" width=\"540\" height=\"270\" class=\"featured-logos-img\" alt=\"Diario As\" src=\"https:\/\/www.humanlevel.com\/wp-content\/uploads\/logo-as-cliente.png\" srcset=\"https:\/\/www.humanlevel.com\/wp-content\/uploads\/logo-as-cliente.png 540w, https:\/\/www.humanlevel.com\/wp-content\/uploads\/logo-as-cliente-400x200.png 400w\" sizes=\"auto, (max-width: 540px) 100vw, 540px\" \/>\n<\/div>\n<\/section>\n\n\n\n<section class=\"section-spacing\">\n<h2 class=\"gb-text\">Especialistas em SEO para setores estrat\u00e9gicos<\/h2>\n\n\n\n<p class=\"gb-text tp-subtitle\">Com mais de duas d\u00e9cadas de experi\u00eancia, a Human Level tem realizado projectos de SEO para grandes empresas e institui\u00e7\u00f5es de v\u00e1rios setores. Isto permitiu-nos adquirir um conhecimento profundo de diferentes ind\u00fastrias, modelos de neg\u00f3cio e plataformas tecnol\u00f3gicas que, juntamente com a nossa experi\u00eancia t\u00e9cnica, nos torna um parceiro flex\u00edvel e adapt\u00e1vel na conce\u00e7\u00e3o de estrat\u00e9gias que maximizam a visibilidade online e o ROI dos nossos clientes, independentemente do cen\u00e1rio competitivo.<\/p>\n<\/section>\n\n\n\n<section class=\"section-spacing rounded-xlg cta\">\n<div class=\"col40\">\n<p class=\"gb-text tp-abovetitle\">Porqu\u00ea escolher-nos?<\/p>\n\n\n\n<h2 class=\"gb-text\">O teu parceiro de posicionamento<\/h2>\n<\/div>\n\n\n\n<div class=\"col60\">\n<ul class=\"tp-body-bold cta-list\">\n<li class=\"gb-text\">Equipa multidisciplinar especializada por setor<\/li>\n\n\n\n<li class=\"gb-text\">Metodologia comprovada em projectos internacionais<\/li>\n\n\n\n<li class=\"gb-text\">Solu\u00e7\u00f5es t\u00e9cnicas personalizadas para cada cen\u00e1rio<\/li>\n\n\n\n<li class=\"gb-text\">Orienta-se para os resultados e para os objectivos da empresa<\/li>\n<\/ul>\n\n\n\n<a class=\"gb-text btn\" href=\"#anchor-formulario\">Come\u00e7a agora<\/a>\n<\/div>\n<\/section>\n\n\n\n<section class=\"section-spacing\">\n<p class=\"gb-text tp-abovetitle\">Como \u00e9 que o fazemos?<\/p>\n\n\n\n<h2 class=\"gb-text\">Solu\u00e7\u00f5es de posicionamento para cada p\u00e1gina web<\/h2>\n\n\n\n<p class=\"gb-text tp-subtitle\">Desta forma, ajudamos os v\u00e1rios setores a que pertencem as grandes empresas nacionais e internacionais.<\/p>\n\n\n\n<nav class=\"gb-query-8bd2bea9\"><ul class=\"gb-looper-47e66fe8\">\n<li class=\"gb-loop-item gb-loop-item-d758f5e9 post-87208 sectores type-sectores status-publish has-post-thumbnail hentry\">\n<a class=\"gb-element-5775a20c\" href=\"https:\/\/www.humanlevel.com\/pt\/setores\/e-commerce\">\n\n\n<div>\n\n<\/div>\n<\/a>\n<\/li>\n\n<li class=\"gb-loop-item gb-loop-item-d758f5e9 post-87215 sectores type-sectores status-publish has-post-thumbnail hentry\">\n<a class=\"gb-element-5775a20c\" href=\"https:\/\/www.humanlevel.com\/pt\/setores\/meios-online\">\n\n\n<div>\n\n<\/div>\n<\/a>\n<\/li>\n\n<li class=\"gb-loop-item gb-loop-item-d758f5e9 post-87220 sectores type-sectores status-publish has-post-thumbnail hentry\">\n<a class=\"gb-element-5775a20c\" href=\"https:\/\/www.humanlevel.com\/pt\/setores\/turismo\">\n\n\n<div>\n\n<\/div>\n<\/a>\n<\/li>\n\n<li class=\"gb-loop-item gb-loop-item-d758f5e9 post-87225 sectores type-sectores status-publish has-post-thumbnail hentry\">\n<a class=\"gb-element-5775a20c\" href=\"https:\/\/www.humanlevel.com\/pt\/setores\/banca-seguros\">\n\n\n<div>\n\n<\/div>\n<\/a>\n<\/li>\n\n<li class=\"gb-loop-item gb-loop-item-d758f5e9 post-87231 sectores type-sectores status-publish has-post-thumbnail hentry\">\n<a class=\"gb-element-5775a20c\" href=\"https:\/\/www.humanlevel.com\/pt\/setores\/saude\">\n\n\n<div>\n\n<\/div>\n<\/a>\n<\/li>\n\n<li class=\"gb-loop-item gb-loop-item-d758f5e9 post-87237 sectores type-sectores status-publish has-post-thumbnail hentry\">\n<a class=\"gb-element-5775a20c\" href=\"https:\/\/www.humanlevel.com\/pt\/setores\/educacao\">\n\n\n<div>\n\n<\/div>\n<\/a>\n<\/li>\n\n<li class=\"gb-loop-item gb-loop-item-d758f5e9 post-87401 sectores type-sectores status-publish has-post-thumbnail hentry\">\n<a class=\"gb-element-5775a20c\" href=\"https:\/\/www.humanlevel.com\/pt\/setores\/b2b\">\n\n\n<div>\n\n<\/div>\n<\/a>\n<\/li>\n\n<li class=\"gb-loop-item gb-loop-item-d758f5e9 post-87416 sectores type-sectores status-publish has-post-thumbnail hentry\">\n<a class=\"gb-element-5775a20c\" href=\"https:\/\/www.humanlevel.com\/pt\/setores\/energia\">\n\n\n<div>\n\n<\/div>\n<\/a>\n<\/li>\n<\/ul><\/nav>\n<\/section>\n\n\n\n<section class=\"rounded-xlg box-section section-spacing\">\n<figure>\n<img class=\"testimonial-margin-b testimonial-logo\" src=\"https:\/\/www.humanlevel.com\/wp-content\/uploads\/smowl-testimonio.png\" title=\"smowl-testimonio\" alt=\"\"\/>\n\n\n\n<div class=\"gb-text tp-quote testimonial-margin-b\" role=\"blockquote\">\u201cA minha experi\u00eancia com a Human Level tem sido positiva. O seu trabalho de consultoria e conte\u00fado transformou a nossa presen\u00e7a online. A sua proximidade e empenho impressionaram-me desde o in\u00edcio. Os resultados foram surpreendentes, com um enorme aumento do tr\u00e1fego gra\u00e7as \u00e0s estrat\u00e9gias eficazes e \u00e0 brilhante otimiza\u00e7\u00e3o da equipa liderada por Fernando Maci\u00e1.\u201d<\/div>\n\n\n\n<figcaption class=\"gb-text\"><strong><strong>Cosimo Lorenzo Guerriero<\/strong>,<\/strong><br>Diretor de Marketing na Smowltech<\/figcaption>\n<\/figure>\n<\/section>\n\n\n\n<section class=\"section-spacing faq-section\">\n<div>\n<h2 class=\"gb-text\">Perguntas mais frequentes<\/h2>\n\n\n\n<p class=\"gb-text tp-subtitle gb-text-68673e82\">Tens uma pergunta que n\u00e3o respondemos? N\u00e3o hesites em contactar-nos.<\/p>\n\n\n\n<a class=\"gb-text btn\" href=\"#anchor-formulario\">Contacto<\/a>\n<\/div>\n\n\n\n<div class=\"gb-accordion faq-accordion\" data-transition=\"slide\">\n<div class=\"gb-accordion__item faq-accordion-item gb-accordion__item-open\">\n<div role=\"button\" tabindex=\"0\" class=\"gb-accordion__toggle tp-body-bold faq-accordion-toggle gb-block-is-current\" id=\"gb-accordion-toggle-e3406046\">\n<h3 class=\"gb-text\">O que diferencia a Human Level de outras consultoras de SEO?<\/h3>\n\n\n\n<span class=\"gb-accordion__toggle-icon gb-accordion__toggle-icon-641d67e9\"><span class=\"gb-accordion__toggle-icon-open\"><svg aria-hidden=\"true\" viewBox=\"0 0 256 256\"><rect width=\"256\" height=\"256\" fill=\"none\"><\/rect><polyline points=\"208 96 128 176 48 96\" fill=\"none\" stroke=\"currentColor\" stroke-linecap=\"round\" stroke-linejoin=\"round\" stroke-width=\"16\"><\/polyline><\/svg><\/span><span class=\"gb-accordion__toggle-icon-close\"><svg aria-hidden=\"true\" viewBox=\"0 0 256 256\"><rect width=\"256\" height=\"256\" fill=\"none\"><\/rect><polyline points=\"48 160 128 80 208 160\" fill=\"none\" stroke=\"currentColor\" stroke-linecap=\"round\" stroke-linejoin=\"round\" stroke-width=\"16\"><\/polyline><\/svg><\/span><\/span>\n<\/div>\n\n\n\n<div class=\"gb-accordion__content\" id=\"gb-accordion-content-a35844c5\">\n<div class=\"faq-accordion-answer\">\n<p>Distinguimo-nos pela nossa compet\u00eancia t\u00e9cnica, experi\u00eancia internacional e equipa multidisciplinar est\u00e1vel. H\u00e1 20 anos que nos concentramos no posicionamento de grandes projectos que exigem solu\u00e7\u00f5es complexas e personalizadas.<\/p>\n<\/div>\n<\/div>\n<\/div>\n\n\n\n<div class=\"gb-accordion__item faq-accordion-item\">\n<div role=\"button\" tabindex=\"0\" class=\"gb-accordion__toggle tp-body-bold faq-accordion-toggle\" id=\"gb-accordion-toggle-432626be\">\n<h3 class=\"gb-text\">Quanto tempo demora a ver os resultados?<\/h3>\n\n\n\n<span class=\"gb-accordion__toggle-icon gb-accordion__toggle-icon-06807bd1\"><span class=\"gb-accordion__toggle-icon-open\"><svg aria-hidden=\"true\" viewBox=\"0 0 256 256\"><rect width=\"256\" height=\"256\" fill=\"none\"><\/rect><polyline points=\"208 96 128 176 48 96\" fill=\"none\" stroke=\"currentColor\" stroke-linecap=\"round\" stroke-linejoin=\"round\" stroke-width=\"16\"><\/polyline><\/svg><\/span><span class=\"gb-accordion__toggle-icon-close\"><svg aria-hidden=\"true\" viewBox=\"0 0 256 256\"><rect width=\"256\" height=\"256\" fill=\"none\"><\/rect><polyline points=\"48 160 128 80 208 160\" fill=\"none\" stroke=\"currentColor\" stroke-linecap=\"round\" stroke-linejoin=\"round\" stroke-width=\"16\"><\/polyline><\/svg><\/span><\/span>\n<\/div>\n\n\n\n<div class=\"gb-accordion__content\" id=\"gb-accordion-content-c4b0b980\">\n<div class=\"faq-accordion-answer\">\n<p>Os primeiros resultados s\u00e3o normalmente obtidos num prazo de 3 a 6 meses, embora o prazo exato dependa de factores como a competitividade do setor, o estado atual da p\u00e1gina Web, a rapidez de implementa\u00e7\u00e3o das melhorias e os objectivos espec\u00edficos do projeto.<\/p>\n<\/div>\n<\/div>\n<\/div>\n\n\n\n<div class=\"gb-accordion__item faq-accordion-item\">\n<div role=\"button\" tabindex=\"0\" class=\"gb-accordion__toggle tp-body-bold faq-accordion-toggle\" id=\"gb-accordion-toggle-396bbaf8\">\n<h3 class=\"gb-text\">Como \u00e9 que medem o sucesso das vossas estrat\u00e9gias?<\/h3>\n\n\n\n<span class=\"gb-accordion__toggle-icon gb-accordion__toggle-icon-a6a29b98\"><span class=\"gb-accordion__toggle-icon-open\"><svg aria-hidden=\"true\" viewBox=\"0 0 256 256\"><rect width=\"256\" height=\"256\" fill=\"none\"><\/rect><polyline points=\"208 96 128 176 48 96\" fill=\"none\" stroke=\"currentColor\" stroke-linecap=\"round\" stroke-linejoin=\"round\" stroke-width=\"16\"><\/polyline><\/svg><\/span><span class=\"gb-accordion__toggle-icon-close\"><svg aria-hidden=\"true\" viewBox=\"0 0 256 256\"><rect width=\"256\" height=\"256\" fill=\"none\"><\/rect><polyline points=\"48 160 128 80 208 160\" fill=\"none\" stroke=\"currentColor\" stroke-linecap=\"round\" stroke-linejoin=\"round\" stroke-width=\"16\"><\/polyline><\/svg><\/span><\/span>\n<\/div>\n\n\n\n<div class=\"gb-accordion__content\" id=\"gb-accordion-content-b31d8e0d\">\n<div class=\"faq-accordion-answer\">\n<p>Estabelecemos KPIs espec\u00edficos para cada projeto, monitorizando m\u00e9tricas chave como tr\u00e1fego org\u00e2nico qualificado, convers\u00f5es e impacto no neg\u00f3cio. Apresentamos relat\u00f3rios mensais detalhados para acompanhamento dos indicadores e proposi\u00e7\u00e3o de novas melhorias.<\/p>\n<\/div>\n<\/div>\n<\/div>\n\n\n\n<div class=\"gb-accordion__item faq-accordion-item\">\n<div role=\"button\" tabindex=\"0\" class=\"gb-accordion__toggle tp-body-bold faq-accordion-toggle\" id=\"gb-accordion-toggle-c0955093\">\n<h3 class=\"gb-text\">Trabalham com empresas internacionais?<\/h3>\n\n\n\n<span class=\"gb-accordion__toggle-icon gb-accordion__toggle-icon-89f13316\"><span class=\"gb-accordion__toggle-icon-open\"><svg aria-hidden=\"true\" viewBox=\"0 0 256 256\"><rect width=\"256\" height=\"256\" fill=\"none\"><\/rect><polyline points=\"208 96 128 176 48 96\" fill=\"none\" stroke=\"currentColor\" stroke-linecap=\"round\" stroke-linejoin=\"round\" stroke-width=\"16\"><\/polyline><\/svg><\/span><span class=\"gb-accordion__toggle-icon-close\"><svg aria-hidden=\"true\" viewBox=\"0 0 256 256\"><rect width=\"256\" height=\"256\" fill=\"none\"><\/rect><polyline points=\"48 160 128 80 208 160\" fill=\"none\" stroke=\"currentColor\" stroke-linecap=\"round\" stroke-linejoin=\"round\" stroke-width=\"16\"><\/polyline><\/svg><\/span><\/span>\n<\/div>\n\n\n\n<div class=\"gb-accordion__content\" id=\"gb-accordion-content-dd126810\">\n<div class=\"faq-accordion-answer\">\n<p>Sim, temos uma vasta experi\u00eancia em projectos multinacionais e uma equipa com perfis internacionais capaz de lidar com websites complexos e p\u00fablicos variados at\u00e9 oito l\u00ednguas.<\/p>\n<\/div>\n<\/div>\n<\/div>\n<\/div>\n<\/section>\n","protected":false},"excerpt":{"rendered":"<p>Especialistas em SEO para setores estrat\u00e9gicos Com mais de duas d\u00e9cadas de experi\u00eancia, a Human Level tem&#8230;<\/p>\n","protected":false},"author":36,"featured_media":89513,"parent":0,"menu_order":0,"comment_status":"closed","ping_status":"closed","template":"","meta":{"_acf_changed":false,"footnotes":""},"class_list":["post-71845","page","type-page","status-publish","has-post-thumbnail"],"acf":[],"yoast_head":"<!-- This site is optimized with the Yoast SEO plugin v27.5 - https:\/\/yoast.com\/product\/yoast-seo-wordpress\/ -->\n<title>| Ag\u00eancia SEO para todos os setores Human Level<\/title>\n<meta name=\"description\" content=\"Somos especialistas em SEO com 20 anos de experi\u00eancia posicionando setores estrat\u00e9gicos: media, com\u00e9rcio eletr\u00f3nico, banca, viagens, energia, sa\u00fade, etc.\" \/>\n<meta name=\"robots\" content=\"index, follow, max-snippet:-1, max-image-preview:large, max-video-preview:-1\" \/>\n<link rel=\"canonical\" href=\"https:\/\/www.humanlevel.com\/pt\/setores\" \/>\n<meta property=\"og:locale\" content=\"pt_PT\" \/>\n<meta property=\"og:type\" content=\"article\" \/>\n<meta property=\"og:title\" content=\"| Ag\u00eancia SEO para todos os setores Human Level\" \/>\n<meta property=\"og:description\" content=\"Somos especialistas em SEO com 20 anos de experi\u00eancia posicionando setores estrat\u00e9gicos: media, com\u00e9rcio eletr\u00f3nico, banca, viagens, energia, sa\u00fade, etc.\" \/>\n<meta property=\"og:url\" content=\"https:\/\/www.humanlevel.com\/pt\/setores\" \/>\n<meta property=\"og:site_name\" content=\"Human Level\" \/>\n<meta property=\"og:image\" content=\"https:\/\/www.humanlevel.com\/wp-content\/uploads\/hl-og-sectores-txt-pt.jpg\" \/>\n\t<meta property=\"og:image:width\" content=\"1200\" \/>\n\t<meta property=\"og:image:height\" content=\"630\" \/>\n\t<meta property=\"og:image:type\" content=\"image\/jpeg\" \/>\n<meta name=\"twitter:card\" content=\"summary_large_image\" \/>\n<meta name=\"twitter:label1\" content=\"Tempo estimado de leitura\" \/>\n\t<meta name=\"twitter:data1\" content=\"9 minutos\" \/>\n<script type=\"application\/ld+json\" class=\"yoast-schema-graph\">{\"@context\":\"https:\\\/\\\/schema.org\",\"@graph\":[{\"@type\":\"WebPage\",\"@id\":\"https:\\\/\\\/www.humanlevel.com\\\/pt\\\/setores\",\"url\":\"https:\\\/\\\/www.humanlevel.com\\\/pt\\\/setores\",\"name\":\"| Ag\u00eancia SEO para todos os setores Human Level\",\"isPartOf\":{\"@id\":\"https:\\\/\\\/www.humanlevel.com\\\/pt#website\"},\"primaryImageOfPage\":{\"@id\":\"https:\\\/\\\/www.humanlevel.com\\\/pt\\\/setores#primaryimage\"},\"image\":{\"@id\":\"https:\\\/\\\/www.humanlevel.com\\\/pt\\\/setores#primaryimage\"},\"thumbnailUrl\":\"https:\\\/\\\/www.humanlevel.com\\\/wp-content\\\/uploads\\\/hl-og-sectores.jpg\",\"datePublished\":\"2021-11-18T11:15:43+00:00\",\"dateModified\":\"2026-04-29T08:04:16+00:00\",\"description\":\"Somos especialistas em SEO com 20 anos de experi\u00eancia posicionando setores estrat\u00e9gicos: media, com\u00e9rcio eletr\u00f3nico, banca, viagens, energia, sa\u00fade, etc.\",\"breadcrumb\":{\"@id\":\"https:\\\/\\\/www.humanlevel.com\\\/pt\\\/setores#breadcrumb\"},\"inLanguage\":\"pt-PT\",\"potentialAction\":[{\"@type\":\"ReadAction\",\"target\":[\"https:\\\/\\\/www.humanlevel.com\\\/pt\\\/setores\"]}]},{\"@type\":\"ImageObject\",\"inLanguage\":\"pt-PT\",\"@id\":\"https:\\\/\\\/www.humanlevel.com\\\/pt\\\/setores#primaryimage\",\"url\":\"https:\\\/\\\/www.humanlevel.com\\\/wp-content\\\/uploads\\\/hl-og-sectores.jpg\",\"contentUrl\":\"https:\\\/\\\/www.humanlevel.com\\\/wp-content\\\/uploads\\\/hl-og-sectores.jpg\",\"width\":1200,\"height\":630},{\"@type\":\"BreadcrumbList\",\"@id\":\"https:\\\/\\\/www.humanlevel.com\\\/pt\\\/setores#breadcrumb\",\"itemListElement\":[{\"@type\":\"ListItem\",\"position\":1,\"name\":\"Inicio\",\"item\":\"https:\\\/\\\/www.humanlevel.com\\\/pt\"},{\"@type\":\"ListItem\",\"position\":2,\"name\":\"Setores\"}]},{\"@type\":\"WebSite\",\"@id\":\"https:\\\/\\\/www.humanlevel.com\\\/pt#website\",\"url\":\"https:\\\/\\\/www.humanlevel.com\\\/pt\",\"name\":\"Human Level\",\"description\":\"Agencia SEO para grandes marcas nacionales e internacionales.\",\"publisher\":{\"@id\":\"https:\\\/\\\/www.humanlevel.com\\\/pt#organization\"},\"potentialAction\":[{\"@type\":\"SearchAction\",\"target\":{\"@type\":\"EntryPoint\",\"urlTemplate\":\"https:\\\/\\\/www.humanlevel.com\\\/pt?s={search_term_string}\"},\"query-input\":{\"@type\":\"PropertyValueSpecification\",\"valueRequired\":true,\"valueName\":\"search_term_string\"}}],\"inLanguage\":\"pt-PT\"},{\"@type\":\"Organization\",\"@id\":\"https:\\\/\\\/www.humanlevel.com\\\/pt#organization\",\"name\":\"Human Level\",\"url\":\"https:\\\/\\\/www.humanlevel.com\\\/pt\",\"logo\":{\"@type\":\"ImageObject\",\"inLanguage\":\"pt-PT\",\"@id\":\"https:\\\/\\\/www.humanlevel.com\\\/pt#\\\/schema\\\/logo\\\/image\\\/\",\"url\":\"https:\\\/\\\/www.humanlevel.com\\\/wp-content\\\/uploads\\\/logohl25x3.png\",\"contentUrl\":\"https:\\\/\\\/www.humanlevel.com\\\/wp-content\\\/uploads\\\/logohl25x3.png\",\"width\":600,\"height\":93,\"caption\":\"Human Level\"},\"image\":{\"@id\":\"https:\\\/\\\/www.humanlevel.com\\\/pt#\\\/schema\\\/logo\\\/image\\\/\"},\"sameAs\":[\"https:\\\/\\\/www.linkedin.com\\\/company\\\/human-level-communications\",\"https:\\\/\\\/www.youtube.com\\\/user\\\/humanlevelcommunica\",\"https:\\\/\\\/bsky.app\\\/profile\\\/humanlevel.bsky.social\",\"https:\\\/\\\/instagram.com\\\/humanlevel\"]}]}<\/script>\n<!-- \/ Yoast SEO plugin. -->","yoast_head_json":{"title":"| Ag\u00eancia SEO para todos os setores Human Level","description":"Somos especialistas em SEO com 20 anos de experi\u00eancia posicionando setores estrat\u00e9gicos: media, com\u00e9rcio eletr\u00f3nico, banca, viagens, energia, sa\u00fade, etc.","robots":{"index":"index","follow":"follow","max-snippet":"max-snippet:-1","max-image-preview":"max-image-preview:large","max-video-preview":"max-video-preview:-1"},"canonical":"https:\/\/www.humanlevel.com\/pt\/setores","og_locale":"pt_PT","og_type":"article","og_title":"| Ag\u00eancia SEO para todos os setores Human Level","og_description":"Somos especialistas em SEO com 20 anos de experi\u00eancia posicionando setores estrat\u00e9gicos: media, com\u00e9rcio eletr\u00f3nico, banca, viagens, energia, sa\u00fade, etc.","og_url":"https:\/\/www.humanlevel.com\/pt\/setores","og_site_name":"Human Level","og_image":[{"width":1200,"height":630,"url":"https:\/\/www.humanlevel.com\/wp-content\/uploads\/hl-og-sectores-txt-pt.jpg","type":"image\/jpeg"}],"twitter_card":"summary_large_image","twitter_misc":{"Tempo estimado de leitura":"9 minutos"},"schema":{"@context":"https:\/\/schema.org","@graph":[{"@type":"WebPage","@id":"https:\/\/www.humanlevel.com\/pt\/setores","url":"https:\/\/www.humanlevel.com\/pt\/setores","name":"| Ag\u00eancia SEO para todos os setores Human Level","isPartOf":{"@id":"https:\/\/www.humanlevel.com\/pt#website"},"primaryImageOfPage":{"@id":"https:\/\/www.humanlevel.com\/pt\/setores#primaryimage"},"image":{"@id":"https:\/\/www.humanlevel.com\/pt\/setores#primaryimage"},"thumbnailUrl":"https:\/\/www.humanlevel.com\/wp-content\/uploads\/hl-og-sectores.jpg","datePublished":"2021-11-18T11:15:43+00:00","dateModified":"2026-04-29T08:04:16+00:00","description":"Somos especialistas em SEO com 20 anos de experi\u00eancia posicionando setores estrat\u00e9gicos: media, com\u00e9rcio eletr\u00f3nico, banca, viagens, energia, sa\u00fade, etc.","breadcrumb":{"@id":"https:\/\/www.humanlevel.com\/pt\/setores#breadcrumb"},"inLanguage":"pt-PT","potentialAction":[{"@type":"ReadAction","target":["https:\/\/www.humanlevel.com\/pt\/setores"]}]},{"@type":"ImageObject","inLanguage":"pt-PT","@id":"https:\/\/www.humanlevel.com\/pt\/setores#primaryimage","url":"https:\/\/www.humanlevel.com\/wp-content\/uploads\/hl-og-sectores.jpg","contentUrl":"https:\/\/www.humanlevel.com\/wp-content\/uploads\/hl-og-sectores.jpg","width":1200,"height":630},{"@type":"BreadcrumbList","@id":"https:\/\/www.humanlevel.com\/pt\/setores#breadcrumb","itemListElement":[{"@type":"ListItem","position":1,"name":"Inicio","item":"https:\/\/www.humanlevel.com\/pt"},{"@type":"ListItem","position":2,"name":"Setores"}]},{"@type":"WebSite","@id":"https:\/\/www.humanlevel.com\/pt#website","url":"https:\/\/www.humanlevel.com\/pt","name":"Human Level","description":"Agencia SEO para grandes marcas nacionales e internacionales.","publisher":{"@id":"https:\/\/www.humanlevel.com\/pt#organization"},"potentialAction":[{"@type":"SearchAction","target":{"@type":"EntryPoint","urlTemplate":"https:\/\/www.humanlevel.com\/pt?s={search_term_string}"},"query-input":{"@type":"PropertyValueSpecification","valueRequired":true,"valueName":"search_term_string"}}],"inLanguage":"pt-PT"},{"@type":"Organization","@id":"https:\/\/www.humanlevel.com\/pt#organization","name":"Human Level","url":"https:\/\/www.humanlevel.com\/pt","logo":{"@type":"ImageObject","inLanguage":"pt-PT","@id":"https:\/\/www.humanlevel.com\/pt#\/schema\/logo\/image\/","url":"https:\/\/www.humanlevel.com\/wp-content\/uploads\/logohl25x3.png","contentUrl":"https:\/\/www.humanlevel.com\/wp-content\/uploads\/logohl25x3.png","width":600,"height":93,"caption":"Human Level"},"image":{"@id":"https:\/\/www.humanlevel.com\/pt#\/schema\/logo\/image\/"},"sameAs":["https:\/\/www.linkedin.com\/company\/human-level-communications","https:\/\/www.youtube.com\/user\/humanlevelcommunica","https:\/\/bsky.app\/profile\/humanlevel.bsky.social","https:\/\/instagram.com\/humanlevel"]}]}},"_links":{"self":[{"href":"https:\/\/www.humanlevel.com\/pt\/wp-json\/wp\/v2\/pages\/71845","targetHints":{"allow":["GET"]}}],"collection":[{"href":"https:\/\/www.humanlevel.com\/pt\/wp-json\/wp\/v2\/pages"}],"about":[{"href":"https:\/\/www.humanlevel.com\/pt\/wp-json\/wp\/v2\/types\/page"}],"author":[{"embeddable":true,"href":"https:\/\/www.humanlevel.com\/pt\/wp-json\/wp\/v2\/users\/36"}],"replies":[{"embeddable":true,"href":"https:\/\/www.humanlevel.com\/pt\/wp-json\/wp\/v2\/comments?post=71845"}],"version-history":[{"count":15,"href":"https:\/\/www.humanlevel.com\/pt\/wp-json\/wp\/v2\/pages\/71845\/revisions"}],"predecessor-version":[{"id":87431,"href":"https:\/\/www.humanlevel.com\/pt\/wp-json\/wp\/v2\/pages\/71845\/revisions\/87431"}],"wp:featuredmedia":[{"embeddable":true,"href":"https:\/\/www.humanlevel.com\/pt\/wp-json\/wp\/v2\/media\/89513"}],"wp:attachment":[{"href":"https:\/\/www.humanlevel.com\/pt\/wp-json\/wp\/v2\/media?parent=71845"}],"curies":[{"name":"wp","href":"https:\/\/api.w.org\/{rel}","templated":true}]}}