{"id":87747,"date":"2021-11-30T14:22:26","date_gmt":"2021-11-30T13:22:26","guid":{"rendered":"https:\/\/www.humanlevel.com\/a-propos\/empleo"},"modified":"2026-04-24T19:47:32","modified_gmt":"2026-04-24T17:47:32","slug":"emploi","status":"publish","type":"page","link":"https:\/\/www.humanlevel.com\/fr\/a-propos\/emploi","title":{"rendered":"Emploi"},"content":{"rendered":"\n<section class=\"section-spacing\">\n<p class=\"gb-text tp-subtitle\">Chez Human Level, nous recherchons une personne comme VOUS pour rejoindre notre \u00e9quipe. Cela vous int\u00e9resse ? Envoyez-nous votre CV pour participer \u00e0 notre prochain processus de s\u00e9lection.<\/p>\n<\/section>\n\n\n\n<section class=\"section-spacing\" id=\"ofertas\">\n<p class=\"gb-text tp-abovetitle\">Rejoignez l&rsquo;\u00e9quipe<\/p>\n\n\n\n<h2 class=\"gb-text\">Offres disponibles<\/h2>\n\n\n\n<div><div class=\"box-query-looper\">\n<div class=\"gb-loop-item rounded-md box-query-loop-element post-87596 empleo type-empleo status-publish hentry\">\n<h3 class=\"gb-text\">Redactor\/a especialista freelance<\/h3>\n\n\n\n<div class=\"gb-element-b222972d\">\n<span class=\"gb-shape gb-shape-44df4208\"><svg aria-hidden=\"true\" height=\"1em\" width=\"1em\" viewBox=\"0 0 512 512\" xmlns=\"http:\/\/www.w3.org\/2000\/svg\"><path fill=\"currentColor\" d=\"M256 8C119 8 8 119 8 256s111 248 248 248 248-111 248-248S393 8 256 8zm0 448c-110.5 0-200-89.5-200-200S145.5 56 256 56s200 89.5 200 200-89.5 200-200 200zm61.8-104.4l-84.9-61.7c-3.1-2.3-4.9-5.9-4.9-9.7V116c0-6.6 5.4-12 12-12h32c6.6 0 12 5.4 12 12v141.7l66.8 48.6c5.4 3.9 6.5 11.4 2.6 16.8L334.6 349c-3.9 5.3-11.4 6.5-16.8 2.6z\"><\/path><\/svg><\/span>\n\n\n\n<span class=\"gb-text\">Cl\u00f4tur\u00e9e<\/span>\n<\/div>\n\n\n<\/div>\n<\/div>\n\n<\/div>\n<\/section>\n\n\n\n<section class=\"section-spacing\">\n<p class=\"gb-text tp-abovetitle\">Candidature spontan\u00e9e<\/p>\n\n\n\n<h2 class=\"gb-text\">Envie de rejoindre l&rsquo;\u00e9quipe ?<\/h2>\n\n\n\n<p class=\"gb-text tp-subtitle gb-text-35fd15a4\">Vous pensez pouvoir correspondre au profil de Human Level ? Envoyez-nous votre CV via le formulaire de contact et nous vous recontacterons pour de futures opportunit\u00e9s.<\/p>\n\n\n\n<a class=\"gb-text btn smooth-scroll\" href=\"#anchor-formulario\">D\u00e9posez votre CV<\/a>\n<\/section>\n\n\n\n<section class=\"section-spacing\">\n<p class=\"gb-text tp-abovetitle\">Notre culture<\/p>\n\n\n\n<h2 class=\"gb-text\">Comment se passe le travail \u00e0 Human Level ?<\/h2>\n\n\n\n<div class=\"about-us-grid\">\n<div>\n<img loading=\"lazy\" width=\"1644\" height=\"699\" class=\"rounded-lg about-us-img\" alt=\"Employ\u00e9s de Human Level en visioconf\u00e9rence\" title=\"empleo-remoto-videollamada\" src=\"https:\/\/www.humanlevel.com\/wp-content\/uploads\/empleo-remoto-videollamada.jpg\" srcset=\"https:\/\/www.humanlevel.com\/wp-content\/uploads\/empleo-remoto-videollamada.jpg 1644w, https:\/\/www.humanlevel.com\/wp-content\/uploads\/empleo-remoto-videollamada-754x321.jpg 754w, https:\/\/www.humanlevel.com\/wp-content\/uploads\/empleo-remoto-videollamada-1200x510.jpg 1200w, https:\/\/www.humanlevel.com\/wp-content\/uploads\/empleo-remoto-videollamada-400x170.jpg 400w, https:\/\/www.humanlevel.com\/wp-content\/uploads\/empleo-remoto-videollamada-900x383.jpg 900w\" sizes=\"auto, (max-width: 1644px) 100vw, 1644px\" \/>\n\n\n\n<h3 class=\"gb-text about-us-title\">A distance mais connect\u00e9<\/h3>\n\n\n\n<p class=\"gb-text\">Tous les jours avant de commencer \u00e0 travailler, nous organisons des r\u00e9unions en visioconf\u00e9rence pour r\u00e9soudre des doutes, informer des probl\u00e8mes ou simplement recommander une s\u00e9rie Netflix.<\/p>\n<\/div>\n\n\n\n<div>\n<img loading=\"lazy\" width=\"1644\" height=\"699\" class=\"rounded-lg about-us-img\" alt=\"Employ\u00e9s de Human Level lors d&apos;une rencontre par une journ\u00e9e ensoleill\u00e9e\" title=\"empleo-encuentros\" src=\"https:\/\/www.humanlevel.com\/wp-content\/uploads\/empleo-encuentros.jpg\" srcset=\"https:\/\/www.humanlevel.com\/wp-content\/uploads\/empleo-encuentros.jpg 1644w, https:\/\/www.humanlevel.com\/wp-content\/uploads\/empleo-encuentros-754x321.jpg 754w, https:\/\/www.humanlevel.com\/wp-content\/uploads\/empleo-encuentros-1200x510.jpg 1200w, https:\/\/www.humanlevel.com\/wp-content\/uploads\/empleo-encuentros-400x170.jpg 400w, https:\/\/www.humanlevel.com\/wp-content\/uploads\/empleo-encuentros-900x383.jpg 900w\" sizes=\"auto, (max-width: 1644px) 100vw, 1644px\" \/>\n\n\n\n<h3 class=\"gb-text about-us-title\">R\u00e9unions r\u00e9guli\u00e8res<\/h3>\n\n\n\n<p class=\"gb-text\">Quatre fois par an, nous organisons une r\u00e9union en face \u00e0 face au cours de laquelle nous c\u00e9l\u00e9brons avec style le fait d\u2019avoir une \u00e9quipe formidable.<\/p>\n<\/div>\n\n\n\n<div>\n<img loading=\"lazy\" width=\"1644\" height=\"699\" class=\"rounded-lg about-us-img\" alt=\"Employ\u00e9e de Human Level animant une formation\" title=\"empleo-aprender-formacion\" src=\"https:\/\/www.humanlevel.com\/wp-content\/uploads\/empleo-aprender-formacion.jpg\" srcset=\"https:\/\/www.humanlevel.com\/wp-content\/uploads\/empleo-aprender-formacion.jpg 1644w, https:\/\/www.humanlevel.com\/wp-content\/uploads\/empleo-aprender-formacion-754x321.jpg 754w, https:\/\/www.humanlevel.com\/wp-content\/uploads\/empleo-aprender-formacion-1200x510.jpg 1200w, https:\/\/www.humanlevel.com\/wp-content\/uploads\/empleo-aprender-formacion-400x170.jpg 400w, https:\/\/www.humanlevel.com\/wp-content\/uploads\/empleo-aprender-formacion-900x383.jpg 900w\" sizes=\"auto, (max-width: 1644px) 100vw, 1644px\" \/>\n\n\n\n<h3 class=\"gb-text about-us-title\">Toujours en apprentissage<\/h3>\n\n\n\n<p class=\"gb-text\">Nous voulons vous voir \u00e9voluer et progresser dans votre carri\u00e8re. Dans notre entreprise, vous b\u00e9n\u00e9ficierez d\u2019une formation interne et d\u2019une courbe d\u2019apprentissage continue.<\/p>\n<\/div>\n\n\n\n<div>\n<img loading=\"lazy\" width=\"1644\" height=\"699\" class=\"rounded-lg about-us-img\" alt=\"Employ\u00e9s de Human Level travaillant en \u00e9quipe\" title=\"empleo-equipo\" src=\"https:\/\/www.humanlevel.com\/wp-content\/uploads\/empleo-equipo.jpg\" srcset=\"https:\/\/www.humanlevel.com\/wp-content\/uploads\/empleo-equipo.jpg 1644w, https:\/\/www.humanlevel.com\/wp-content\/uploads\/empleo-equipo-754x321.jpg 754w, https:\/\/www.humanlevel.com\/wp-content\/uploads\/empleo-equipo-1200x510.jpg 1200w, https:\/\/www.humanlevel.com\/wp-content\/uploads\/empleo-equipo-400x170.jpg 400w, https:\/\/www.humanlevel.com\/wp-content\/uploads\/empleo-equipo-900x383.jpg 900w\" sizes=\"auto, (max-width: 1644px) 100vw, 1644px\" \/>\n\n\n\n<h3 class=\"gb-text about-us-title\">Travail d\u2019\u00e9quipe<\/h3>\n\n\n\n<p class=\"gb-text\">Nous ne vous laisserons jamais seul(e) face aux d\u00e9fis. Si vous avez besoin d\u2019aide ou souhaitez donner votre avis sur un sujet qui vous pr\u00e9occupe, il y aura toujours quelqu\u2019un pour en discuter avec vous.<\/p>\n<\/div>\n\n\n\n<div>\n<img loading=\"lazy\" width=\"1644\" height=\"699\" class=\"rounded-lg about-us-img\" alt=\"Employ\u00e9e de Human Level en visioconf\u00e9rence avec une coll\u00e8gue\" title=\"empelo-te-escuchamos\" src=\"https:\/\/www.humanlevel.com\/wp-content\/uploads\/empelo-te-escuchamos.jpg\" srcset=\"https:\/\/www.humanlevel.com\/wp-content\/uploads\/empelo-te-escuchamos.jpg 1644w, https:\/\/www.humanlevel.com\/wp-content\/uploads\/empelo-te-escuchamos-754x321.jpg 754w, https:\/\/www.humanlevel.com\/wp-content\/uploads\/empelo-te-escuchamos-1200x510.jpg 1200w, https:\/\/www.humanlevel.com\/wp-content\/uploads\/empelo-te-escuchamos-400x170.jpg 400w, https:\/\/www.humanlevel.com\/wp-content\/uploads\/empelo-te-escuchamos-900x383.jpg 900w\" sizes=\"auto, (max-width: 1644px) 100vw, 1644px\" \/>\n\n\n\n<h3 class=\"gb-text about-us-title\">Nous vous \u00e9coutons<\/h3>\n\n\n\n<p class=\"gb-text\">Nous voulons faire de Human Level un meilleur lieu de travail chaque jour. Pour ce faire, nous menons des enqu\u00eates et des entretiens individuels avec nos employ\u00e9s afin qu\u2019ils nous fassent part de leurs suggestions et de leurs pr\u00e9occupations.<\/p>\n<\/div>\n\n\n\n<div>\n<img loading=\"lazy\" width=\"1644\" height=\"699\" class=\"rounded-lg about-us-img\" alt=\"Sweats \u00e0 capuche Human Level suspendus \u00e0 un arbre\" title=\"empleo-tiempo\" src=\"https:\/\/www.humanlevel.com\/wp-content\/uploads\/empleo-tiempo.jpg\" srcset=\"https:\/\/www.humanlevel.com\/wp-content\/uploads\/empleo-tiempo.jpg 1644w, https:\/\/www.humanlevel.com\/wp-content\/uploads\/empleo-tiempo-754x321.jpg 754w, https:\/\/www.humanlevel.com\/wp-content\/uploads\/empleo-tiempo-1200x510.jpg 1200w, https:\/\/www.humanlevel.com\/wp-content\/uploads\/empleo-tiempo-400x170.jpg 400w, https:\/\/www.humanlevel.com\/wp-content\/uploads\/empleo-tiempo-900x383.jpg 900w\" sizes=\"auto, (max-width: 1644px) 100vw, 1644px\" \/>\n\n\n\n<h3 class=\"gb-text about-us-title\">Votre temps, pour vous<\/h3>\n\n\n\n<p class=\"gb-text\">Vous disposerez d\u2019un horaire flexible avec la possibilit\u00e9 d\u2019une journ\u00e9e de travail intensive si vous le souhaitez. La seule exigence est de co\u00efncider avec vos coll\u00e8gues de 9h00 \u00e0 14h00 afin de pouvoir travailler en \u00e9quipe.<\/p>\n<\/div>\n<\/div>\n<\/section>\n","protected":false},"excerpt":{"rendered":"<p>Chez Human Level, nous recherchons une personne comme VOUS pour rejoindre notre \u00e9quipe. Cela vous int\u00e9resse ?&#8230;<\/p>\n","protected":false},"author":50,"featured_media":89509,"parent":58709,"menu_order":0,"comment_status":"closed","ping_status":"closed","template":"","meta":{"_acf_changed":false,"footnotes":""},"class_list":["post-87747","page","type-page","status-publish","has-post-thumbnail"],"acf":[],"yoast_head":"<!-- This site is optimized with the Yoast SEO plugin v27.4 - https:\/\/yoast.com\/product\/yoast-seo-wordpress\/ -->\n<title>Emplois : travailler avec nous | Human Level<\/title>\n<meta name=\"description\" content=\"Chez Human Level, c&#039;est vous que nous recherchons. Rejoignez notre \u00e9quipe d&#039;experts en marketing digital et envoyez-nous votre CV !\" \/>\n<meta name=\"robots\" content=\"index, follow, max-snippet:-1, max-image-preview:large, max-video-preview:-1\" \/>\n<link rel=\"canonical\" href=\"https:\/\/www.humanlevel.com\/fr\/a-propos\/emploi\" \/>\n<meta property=\"og:locale\" content=\"fr_FR\" \/>\n<meta property=\"og:type\" content=\"article\" \/>\n<meta property=\"og:title\" content=\"Emplois : travailler avec nous | Human Level\" \/>\n<meta property=\"og:description\" content=\"Chez Human Level, c&#039;est vous que nous recherchons. Rejoignez notre \u00e9quipe d&#039;experts en marketing digital et envoyez-nous votre CV !\" \/>\n<meta property=\"og:url\" content=\"https:\/\/www.humanlevel.com\/fr\/a-propos\/emploi\" \/>\n<meta property=\"og:site_name\" content=\"Human Level\" \/>\n<meta property=\"og:image\" content=\"https:\/\/www.humanlevel.com\/wp-content\/uploads\/empleo-2.jpg\" \/>\n\t<meta property=\"og:image:width\" content=\"1440\" \/>\n\t<meta property=\"og:image:height\" content=\"510\" \/>\n\t<meta property=\"og:image:type\" content=\"image\/jpeg\" \/>\n<meta name=\"twitter:card\" content=\"summary_large_image\" \/>\n<meta name=\"twitter:label1\" content=\"Dur\u00e9e de lecture estim\u00e9e\" \/>\n\t<meta name=\"twitter:data1\" content=\"3 minutes\" \/>\n<script type=\"application\/ld+json\" class=\"yoast-schema-graph\">{\"@context\":\"https:\\\/\\\/schema.org\",\"@graph\":[{\"@type\":\"WebPage\",\"@id\":\"https:\\\/\\\/www.humanlevel.com\\\/fr\\\/a-propos\\\/emploi\",\"url\":\"https:\\\/\\\/www.humanlevel.com\\\/fr\\\/a-propos\\\/emploi\",\"name\":\"Emplois : travailler avec nous | Human Level\",\"isPartOf\":{\"@id\":\"https:\\\/\\\/www.humanlevel.com\\\/fr#website\"},\"primaryImageOfPage\":{\"@id\":\"https:\\\/\\\/www.humanlevel.com\\\/fr\\\/a-propos\\\/emploi#primaryimage\"},\"image\":{\"@id\":\"https:\\\/\\\/www.humanlevel.com\\\/fr\\\/a-propos\\\/emploi#primaryimage\"},\"thumbnailUrl\":\"https:\\\/\\\/www.humanlevel.com\\\/wp-content\\\/uploads\\\/hl-og-sobre-nosotros.jpg\",\"datePublished\":\"2021-11-30T13:22:26+00:00\",\"dateModified\":\"2026-04-24T17:47:32+00:00\",\"description\":\"Chez Human Level, c'est vous que nous recherchons. Rejoignez notre \u00e9quipe d'experts en marketing digital et envoyez-nous votre CV !\",\"breadcrumb\":{\"@id\":\"https:\\\/\\\/www.humanlevel.com\\\/fr\\\/a-propos\\\/emploi#breadcrumb\"},\"inLanguage\":\"fr-FR\",\"potentialAction\":[{\"@type\":\"ReadAction\",\"target\":[\"https:\\\/\\\/www.humanlevel.com\\\/fr\\\/a-propos\\\/emploi\"]}]},{\"@type\":\"ImageObject\",\"inLanguage\":\"fr-FR\",\"@id\":\"https:\\\/\\\/www.humanlevel.com\\\/fr\\\/a-propos\\\/emploi#primaryimage\",\"url\":\"https:\\\/\\\/www.humanlevel.com\\\/wp-content\\\/uploads\\\/hl-og-sobre-nosotros.jpg\",\"contentUrl\":\"https:\\\/\\\/www.humanlevel.com\\\/wp-content\\\/uploads\\\/hl-og-sobre-nosotros.jpg\",\"width\":1200,\"height\":630},{\"@type\":\"BreadcrumbList\",\"@id\":\"https:\\\/\\\/www.humanlevel.com\\\/fr\\\/a-propos\\\/emploi#breadcrumb\",\"itemListElement\":[{\"@type\":\"ListItem\",\"position\":1,\"name\":\"Inicio\",\"item\":\"https:\\\/\\\/www.humanlevel.com\\\/fr\"},{\"@type\":\"ListItem\",\"position\":2,\"name\":\"A propos de nous\",\"item\":\"https:\\\/\\\/www.humanlevel.com\\\/fr\\\/a-propos\"},{\"@type\":\"ListItem\",\"position\":3,\"name\":\"Emploi\"}]},{\"@type\":\"WebSite\",\"@id\":\"https:\\\/\\\/www.humanlevel.com\\\/fr#website\",\"url\":\"https:\\\/\\\/www.humanlevel.com\\\/fr\",\"name\":\"Human Level\",\"description\":\"Agencia SEO para grandes marcas nacionales e internacionales.\",\"publisher\":{\"@id\":\"https:\\\/\\\/www.humanlevel.com\\\/fr#organization\"},\"potentialAction\":[{\"@type\":\"SearchAction\",\"target\":{\"@type\":\"EntryPoint\",\"urlTemplate\":\"https:\\\/\\\/www.humanlevel.com\\\/fr?s={search_term_string}\"},\"query-input\":{\"@type\":\"PropertyValueSpecification\",\"valueRequired\":true,\"valueName\":\"search_term_string\"}}],\"inLanguage\":\"fr-FR\"},{\"@type\":\"Organization\",\"@id\":\"https:\\\/\\\/www.humanlevel.com\\\/fr#organization\",\"name\":\"Human Level\",\"url\":\"https:\\\/\\\/www.humanlevel.com\\\/fr\",\"logo\":{\"@type\":\"ImageObject\",\"inLanguage\":\"fr-FR\",\"@id\":\"https:\\\/\\\/www.humanlevel.com\\\/fr#\\\/schema\\\/logo\\\/image\\\/\",\"url\":\"https:\\\/\\\/www.humanlevel.com\\\/wp-content\\\/uploads\\\/logohl25x3.png\",\"contentUrl\":\"https:\\\/\\\/www.humanlevel.com\\\/wp-content\\\/uploads\\\/logohl25x3.png\",\"width\":600,\"height\":93,\"caption\":\"Human Level\"},\"image\":{\"@id\":\"https:\\\/\\\/www.humanlevel.com\\\/fr#\\\/schema\\\/logo\\\/image\\\/\"},\"sameAs\":[\"https:\\\/\\\/www.linkedin.com\\\/company\\\/human-level-communications\",\"https:\\\/\\\/www.youtube.com\\\/user\\\/humanlevelcommunica\",\"https:\\\/\\\/bsky.app\\\/profile\\\/humanlevel.bsky.social\",\"https:\\\/\\\/instagram.com\\\/humanlevel\"]}]}<\/script>\n<!-- \/ Yoast SEO plugin. -->","yoast_head_json":{"title":"Emplois : travailler avec nous | Human Level","description":"Chez Human Level, c'est vous que nous recherchons. Rejoignez notre \u00e9quipe d'experts en marketing digital et envoyez-nous votre CV !","robots":{"index":"index","follow":"follow","max-snippet":"max-snippet:-1","max-image-preview":"max-image-preview:large","max-video-preview":"max-video-preview:-1"},"canonical":"https:\/\/www.humanlevel.com\/fr\/a-propos\/emploi","og_locale":"fr_FR","og_type":"article","og_title":"Emplois : travailler avec nous | Human Level","og_description":"Chez Human Level, c'est vous que nous recherchons. Rejoignez notre \u00e9quipe d'experts en marketing digital et envoyez-nous votre CV !","og_url":"https:\/\/www.humanlevel.com\/fr\/a-propos\/emploi","og_site_name":"Human Level","og_image":[{"width":1440,"height":510,"url":"https:\/\/www.humanlevel.com\/wp-content\/uploads\/empleo-2.jpg","type":"image\/jpeg"}],"twitter_card":"summary_large_image","twitter_misc":{"Dur\u00e9e de lecture estim\u00e9e":"3 minutes"},"schema":{"@context":"https:\/\/schema.org","@graph":[{"@type":"WebPage","@id":"https:\/\/www.humanlevel.com\/fr\/a-propos\/emploi","url":"https:\/\/www.humanlevel.com\/fr\/a-propos\/emploi","name":"Emplois : travailler avec nous | Human Level","isPartOf":{"@id":"https:\/\/www.humanlevel.com\/fr#website"},"primaryImageOfPage":{"@id":"https:\/\/www.humanlevel.com\/fr\/a-propos\/emploi#primaryimage"},"image":{"@id":"https:\/\/www.humanlevel.com\/fr\/a-propos\/emploi#primaryimage"},"thumbnailUrl":"https:\/\/www.humanlevel.com\/wp-content\/uploads\/hl-og-sobre-nosotros.jpg","datePublished":"2021-11-30T13:22:26+00:00","dateModified":"2026-04-24T17:47:32+00:00","description":"Chez Human Level, c'est vous que nous recherchons. Rejoignez notre \u00e9quipe d'experts en marketing digital et envoyez-nous votre CV !","breadcrumb":{"@id":"https:\/\/www.humanlevel.com\/fr\/a-propos\/emploi#breadcrumb"},"inLanguage":"fr-FR","potentialAction":[{"@type":"ReadAction","target":["https:\/\/www.humanlevel.com\/fr\/a-propos\/emploi"]}]},{"@type":"ImageObject","inLanguage":"fr-FR","@id":"https:\/\/www.humanlevel.com\/fr\/a-propos\/emploi#primaryimage","url":"https:\/\/www.humanlevel.com\/wp-content\/uploads\/hl-og-sobre-nosotros.jpg","contentUrl":"https:\/\/www.humanlevel.com\/wp-content\/uploads\/hl-og-sobre-nosotros.jpg","width":1200,"height":630},{"@type":"BreadcrumbList","@id":"https:\/\/www.humanlevel.com\/fr\/a-propos\/emploi#breadcrumb","itemListElement":[{"@type":"ListItem","position":1,"name":"Inicio","item":"https:\/\/www.humanlevel.com\/fr"},{"@type":"ListItem","position":2,"name":"A propos de nous","item":"https:\/\/www.humanlevel.com\/fr\/a-propos"},{"@type":"ListItem","position":3,"name":"Emploi"}]},{"@type":"WebSite","@id":"https:\/\/www.humanlevel.com\/fr#website","url":"https:\/\/www.humanlevel.com\/fr","name":"Human Level","description":"Agencia SEO para grandes marcas nacionales e internacionales.","publisher":{"@id":"https:\/\/www.humanlevel.com\/fr#organization"},"potentialAction":[{"@type":"SearchAction","target":{"@type":"EntryPoint","urlTemplate":"https:\/\/www.humanlevel.com\/fr?s={search_term_string}"},"query-input":{"@type":"PropertyValueSpecification","valueRequired":true,"valueName":"search_term_string"}}],"inLanguage":"fr-FR"},{"@type":"Organization","@id":"https:\/\/www.humanlevel.com\/fr#organization","name":"Human Level","url":"https:\/\/www.humanlevel.com\/fr","logo":{"@type":"ImageObject","inLanguage":"fr-FR","@id":"https:\/\/www.humanlevel.com\/fr#\/schema\/logo\/image\/","url":"https:\/\/www.humanlevel.com\/wp-content\/uploads\/logohl25x3.png","contentUrl":"https:\/\/www.humanlevel.com\/wp-content\/uploads\/logohl25x3.png","width":600,"height":93,"caption":"Human Level"},"image":{"@id":"https:\/\/www.humanlevel.com\/fr#\/schema\/logo\/image\/"},"sameAs":["https:\/\/www.linkedin.com\/company\/human-level-communications","https:\/\/www.youtube.com\/user\/humanlevelcommunica","https:\/\/bsky.app\/profile\/humanlevel.bsky.social","https:\/\/instagram.com\/humanlevel"]}]}},"_links":{"self":[{"href":"https:\/\/www.humanlevel.com\/fr\/wp-json\/wp\/v2\/pages\/87747","targetHints":{"allow":["GET"]}}],"collection":[{"href":"https:\/\/www.humanlevel.com\/fr\/wp-json\/wp\/v2\/pages"}],"about":[{"href":"https:\/\/www.humanlevel.com\/fr\/wp-json\/wp\/v2\/types\/page"}],"author":[{"embeddable":true,"href":"https:\/\/www.humanlevel.com\/fr\/wp-json\/wp\/v2\/users\/50"}],"replies":[{"embeddable":true,"href":"https:\/\/www.humanlevel.com\/fr\/wp-json\/wp\/v2\/comments?post=87747"}],"version-history":[{"count":5,"href":"https:\/\/www.humanlevel.com\/fr\/wp-json\/wp\/v2\/pages\/87747\/revisions"}],"predecessor-version":[{"id":89457,"href":"https:\/\/www.humanlevel.com\/fr\/wp-json\/wp\/v2\/pages\/87747\/revisions\/89457"}],"up":[{"embeddable":true,"href":"https:\/\/www.humanlevel.com\/fr\/wp-json\/wp\/v2\/pages\/58709"}],"wp:featuredmedia":[{"embeddable":true,"href":"https:\/\/www.humanlevel.com\/fr\/wp-json\/wp\/v2\/media\/89509"}],"wp:attachment":[{"href":"https:\/\/www.humanlevel.com\/fr\/wp-json\/wp\/v2\/media?parent=87747"}],"curies":[{"name":"wp","href":"https:\/\/api.w.org\/{rel}","templated":true}]}}