{"id":86353,"date":"2026-03-17T09:35:55","date_gmt":"2026-03-17T08:35:55","guid":{"rendered":"https:\/\/www.humanlevel.com\/politicas"},"modified":"2026-03-26T18:40:46","modified_gmt":"2026-03-26T17:40:46","slug":"politiques","status":"publish","type":"page","link":"https:\/\/www.humanlevel.com\/fr\/politiques","title":{"rendered":"Informations l\u00e9gales et institutionnelles"},"content":{"rendered":"\n<section class=\"section-spacing\">\n<div><div class=\"box-query-looper\">\n<div class=\"gb-loop-item rounded-md box-query-loop-element post-58773 page type-page status-publish has-post-thumbnail\">\n<h3 class=\"gb-text\">Mentions l\u00e9gales<\/h3>\n\n\n\n<a class=\"btn-arrow gb-element-1da3d2de\" href=\"https:\/\/www.humanlevel.com\/fr\/politiques\/mentions-legales\">\n<span class=\"gb-text\">Lire<\/span>\n\n\n\n<span class=\"gb-shape gb-shape-a09040ff\"><svg xmlns=\"http:\/\/www.w3.org\/2000\/svg\" width=\"20\" height=\"20\" viewBox=\"0 0 20 20\" fill=\"none\">\n  <g transform=\"translate(0, 4)\">\n    <path stroke=\"currentColor\" stroke-width=\"1.4\" stroke-miterlimit=\"10\" d=\"M16.758 5.62H4.475\" stroke-linecap=\"round\" stroke-linejoin=\"round\" fill=\"transparent\"><\/path>\n    <path stroke=\"currentColor\" stroke-width=\"1.4\" d=\"m12.337.683 5.311 4.937-5.311 4.936\" stroke-linecap=\"round\" stroke-linejoin=\"round\" fill=\"transparent\"><\/path>\n  <\/g>\n<\/svg><\/span>\n<\/a>\n<\/div>\n\n<div class=\"gb-loop-item rounded-md box-query-loop-element post-58788 page type-page status-publish has-post-thumbnail\">\n<h3 class=\"gb-text\">Politique de confidentialit\u00e9<\/h3>\n\n\n\n<a class=\"btn-arrow gb-element-1da3d2de\" href=\"https:\/\/www.humanlevel.com\/fr\/politiques\/confidentialite\">\n<span class=\"gb-text\">Lire<\/span>\n\n\n\n<span class=\"gb-shape gb-shape-a09040ff\"><svg xmlns=\"http:\/\/www.w3.org\/2000\/svg\" width=\"20\" height=\"20\" viewBox=\"0 0 20 20\" fill=\"none\">\n  <g transform=\"translate(0, 4)\">\n    <path stroke=\"currentColor\" stroke-width=\"1.4\" stroke-miterlimit=\"10\" d=\"M16.758 5.62H4.475\" stroke-linecap=\"round\" stroke-linejoin=\"round\" fill=\"transparent\"><\/path>\n    <path stroke=\"currentColor\" stroke-width=\"1.4\" d=\"m12.337.683 5.311 4.937-5.311 4.936\" stroke-linecap=\"round\" stroke-linejoin=\"round\" fill=\"transparent\"><\/path>\n  <\/g>\n<\/svg><\/span>\n<\/a>\n<\/div>\n\n<div class=\"gb-loop-item rounded-md box-query-loop-element post-58766 page type-page status-publish has-post-thumbnail\">\n<h3 class=\"gb-text\">Politique de cookies et stockage local<\/h3>\n\n\n\n<a class=\"btn-arrow gb-element-1da3d2de\" href=\"https:\/\/www.humanlevel.com\/fr\/politiques\/cookies\">\n<span class=\"gb-text\">Lire<\/span>\n\n\n\n<span class=\"gb-shape gb-shape-a09040ff\"><svg xmlns=\"http:\/\/www.w3.org\/2000\/svg\" width=\"20\" height=\"20\" viewBox=\"0 0 20 20\" fill=\"none\">\n  <g transform=\"translate(0, 4)\">\n    <path stroke=\"currentColor\" stroke-width=\"1.4\" stroke-miterlimit=\"10\" d=\"M16.758 5.62H4.475\" stroke-linecap=\"round\" stroke-linejoin=\"round\" fill=\"transparent\"><\/path>\n    <path stroke=\"currentColor\" stroke-width=\"1.4\" d=\"m12.337.683 5.311 4.937-5.311 4.936\" stroke-linecap=\"round\" stroke-linejoin=\"round\" fill=\"transparent\"><\/path>\n  <\/g>\n<\/svg><\/span>\n<\/a>\n<\/div>\n\n<div class=\"gb-loop-item rounded-md box-query-loop-element post-58782 page type-page status-publish has-post-thumbnail\">\n<h3 class=\"gb-text\">Politique de qualit\u00e9<\/h3>\n\n\n\n<a class=\"btn-arrow gb-element-1da3d2de\" href=\"https:\/\/www.humanlevel.com\/fr\/politiques\/qualite\">\n<span class=\"gb-text\">Lire<\/span>\n\n\n\n<span class=\"gb-shape gb-shape-a09040ff\"><svg xmlns=\"http:\/\/www.w3.org\/2000\/svg\" width=\"20\" height=\"20\" viewBox=\"0 0 20 20\" fill=\"none\">\n  <g transform=\"translate(0, 4)\">\n    <path stroke=\"currentColor\" stroke-width=\"1.4\" stroke-miterlimit=\"10\" d=\"M16.758 5.62H4.475\" stroke-linecap=\"round\" stroke-linejoin=\"round\" fill=\"transparent\"><\/path>\n    <path stroke=\"currentColor\" stroke-width=\"1.4\" d=\"m12.337.683 5.311 4.937-5.311 4.936\" stroke-linecap=\"round\" stroke-linejoin=\"round\" fill=\"transparent\"><\/path>\n  <\/g>\n<\/svg><\/span>\n<\/a>\n<\/div>\n\n<div class=\"gb-loop-item rounded-md box-query-loop-element post-71648 page type-page status-publish has-post-thumbnail\">\n<h3 class=\"gb-text\">Politique de s\u00e9curit\u00e9 de l&rsquo;information<\/h3>\n\n\n\n<a class=\"btn-arrow gb-element-1da3d2de\" href=\"https:\/\/www.humanlevel.com\/fr\/politiques\/securite\">\n<span class=\"gb-text\">Lire<\/span>\n\n\n\n<span class=\"gb-shape gb-shape-a09040ff\"><svg xmlns=\"http:\/\/www.w3.org\/2000\/svg\" width=\"20\" height=\"20\" viewBox=\"0 0 20 20\" fill=\"none\">\n  <g transform=\"translate(0, 4)\">\n    <path stroke=\"currentColor\" stroke-width=\"1.4\" stroke-miterlimit=\"10\" d=\"M16.758 5.62H4.475\" stroke-linecap=\"round\" stroke-linejoin=\"round\" fill=\"transparent\"><\/path>\n    <path stroke=\"currentColor\" stroke-width=\"1.4\" d=\"m12.337.683 5.311 4.937-5.311 4.936\" stroke-linecap=\"round\" stroke-linejoin=\"round\" fill=\"transparent\"><\/path>\n  <\/g>\n<\/svg><\/span>\n<\/a>\n<\/div>\n<\/div>\n\n<\/div>\n<\/section>\n","protected":false},"excerpt":{"rendered":"","protected":false},"author":50,"featured_media":89502,"parent":0,"menu_order":0,"comment_status":"closed","ping_status":"closed","template":"","meta":{"_acf_changed":false,"footnotes":""},"class_list":["post-86353","page","type-page","status-publish","has-post-thumbnail"],"acf":[],"yoast_head":"<!-- This site is optimized with the Yoast SEO plugin v27.5 - https:\/\/yoast.com\/product\/yoast-seo-wordpress\/ -->\n<title>Informations l\u00e9gales et institutionnelles | Human Level<\/title>\n<meta name=\"description\" content=\"Retrouvez en un seul endroit toutes nos politiques de confidentialit\u00e9, conditions d&#039;utilisation et normes de s\u00e9curit\u00e9 et de qualit\u00e9.\" \/>\n<meta name=\"robots\" content=\"index, follow, max-snippet:-1, max-image-preview:large, max-video-preview:-1\" \/>\n<link rel=\"canonical\" href=\"https:\/\/www.humanlevel.com\/fr\/politiques\" \/>\n<meta property=\"og:locale\" content=\"fr_FR\" \/>\n<meta property=\"og:type\" content=\"article\" \/>\n<meta property=\"og:title\" content=\"Informations l\u00e9gales et institutionnelles | Human Level\" \/>\n<meta property=\"og:description\" content=\"Retrouvez en un seul endroit toutes nos politiques de confidentialit\u00e9, conditions d&#039;utilisation et normes de s\u00e9curit\u00e9 et de qualit\u00e9.\" \/>\n<meta property=\"og:url\" content=\"https:\/\/www.humanlevel.com\/fr\/politiques\" \/>\n<meta property=\"og:site_name\" content=\"Human Level\" \/>\n<meta name=\"twitter:card\" content=\"summary_large_image\" \/>\n<meta name=\"twitter:label1\" content=\"Dur\u00e9e de lecture estim\u00e9e\" \/>\n\t<meta name=\"twitter:data1\" content=\"1 minute\" \/>\n<script type=\"application\/ld+json\" class=\"yoast-schema-graph\">{\"@context\":\"https:\\\/\\\/schema.org\",\"@graph\":[{\"@type\":\"WebPage\",\"@id\":\"https:\\\/\\\/www.humanlevel.com\\\/fr\\\/politiques\",\"url\":\"https:\\\/\\\/www.humanlevel.com\\\/fr\\\/politiques\",\"name\":\"Informations l\u00e9gales et institutionnelles | Human Level\",\"isPartOf\":{\"@id\":\"https:\\\/\\\/www.humanlevel.com\\\/fr#website\"},\"primaryImageOfPage\":{\"@id\":\"https:\\\/\\\/www.humanlevel.com\\\/fr\\\/politiques#primaryimage\"},\"image\":{\"@id\":\"https:\\\/\\\/www.humanlevel.com\\\/fr\\\/politiques#primaryimage\"},\"thumbnailUrl\":\"https:\\\/\\\/www.humanlevel.com\\\/wp-content\\\/uploads\\\/hl-og-politicas.jpg\",\"datePublished\":\"2026-03-17T08:35:55+00:00\",\"dateModified\":\"2026-03-26T17:40:46+00:00\",\"description\":\"Retrouvez en un seul endroit toutes nos politiques de confidentialit\u00e9, conditions d'utilisation et normes de s\u00e9curit\u00e9 et de qualit\u00e9.\",\"breadcrumb\":{\"@id\":\"https:\\\/\\\/www.humanlevel.com\\\/fr\\\/politiques#breadcrumb\"},\"inLanguage\":\"fr-FR\",\"potentialAction\":[{\"@type\":\"ReadAction\",\"target\":[\"https:\\\/\\\/www.humanlevel.com\\\/fr\\\/politiques\"]}]},{\"@type\":\"ImageObject\",\"inLanguage\":\"fr-FR\",\"@id\":\"https:\\\/\\\/www.humanlevel.com\\\/fr\\\/politiques#primaryimage\",\"url\":\"https:\\\/\\\/www.humanlevel.com\\\/wp-content\\\/uploads\\\/hl-og-politicas.jpg\",\"contentUrl\":\"https:\\\/\\\/www.humanlevel.com\\\/wp-content\\\/uploads\\\/hl-og-politicas.jpg\",\"width\":1200,\"height\":630},{\"@type\":\"BreadcrumbList\",\"@id\":\"https:\\\/\\\/www.humanlevel.com\\\/fr\\\/politiques#breadcrumb\",\"itemListElement\":[{\"@type\":\"ListItem\",\"position\":1,\"name\":\"Inicio\",\"item\":\"https:\\\/\\\/www.humanlevel.com\\\/fr\"},{\"@type\":\"ListItem\",\"position\":2,\"name\":\"Informations l\u00e9gales et institutionnelles\"}]},{\"@type\":\"WebSite\",\"@id\":\"https:\\\/\\\/www.humanlevel.com\\\/fr#website\",\"url\":\"https:\\\/\\\/www.humanlevel.com\\\/fr\",\"name\":\"Human Level\",\"description\":\"Agencia SEO para grandes marcas nacionales e internacionales.\",\"publisher\":{\"@id\":\"https:\\\/\\\/www.humanlevel.com\\\/fr#organization\"},\"potentialAction\":[{\"@type\":\"SearchAction\",\"target\":{\"@type\":\"EntryPoint\",\"urlTemplate\":\"https:\\\/\\\/www.humanlevel.com\\\/fr?s={search_term_string}\"},\"query-input\":{\"@type\":\"PropertyValueSpecification\",\"valueRequired\":true,\"valueName\":\"search_term_string\"}}],\"inLanguage\":\"fr-FR\"},{\"@type\":\"Organization\",\"@id\":\"https:\\\/\\\/www.humanlevel.com\\\/fr#organization\",\"name\":\"Human Level\",\"url\":\"https:\\\/\\\/www.humanlevel.com\\\/fr\",\"logo\":{\"@type\":\"ImageObject\",\"inLanguage\":\"fr-FR\",\"@id\":\"https:\\\/\\\/www.humanlevel.com\\\/fr#\\\/schema\\\/logo\\\/image\\\/\",\"url\":\"https:\\\/\\\/www.humanlevel.com\\\/wp-content\\\/uploads\\\/logohl25x3.png\",\"contentUrl\":\"https:\\\/\\\/www.humanlevel.com\\\/wp-content\\\/uploads\\\/logohl25x3.png\",\"width\":600,\"height\":93,\"caption\":\"Human Level\"},\"image\":{\"@id\":\"https:\\\/\\\/www.humanlevel.com\\\/fr#\\\/schema\\\/logo\\\/image\\\/\"},\"sameAs\":[\"https:\\\/\\\/www.linkedin.com\\\/company\\\/human-level-communications\",\"https:\\\/\\\/www.youtube.com\\\/user\\\/humanlevelcommunica\",\"https:\\\/\\\/bsky.app\\\/profile\\\/humanlevel.bsky.social\",\"https:\\\/\\\/instagram.com\\\/humanlevel\"]}]}<\/script>\n<!-- \/ Yoast SEO plugin. -->","yoast_head_json":{"title":"Informations l\u00e9gales et institutionnelles | Human Level","description":"Retrouvez en un seul endroit toutes nos politiques de confidentialit\u00e9, conditions d'utilisation et normes de s\u00e9curit\u00e9 et de qualit\u00e9.","robots":{"index":"index","follow":"follow","max-snippet":"max-snippet:-1","max-image-preview":"max-image-preview:large","max-video-preview":"max-video-preview:-1"},"canonical":"https:\/\/www.humanlevel.com\/fr\/politiques","og_locale":"fr_FR","og_type":"article","og_title":"Informations l\u00e9gales et institutionnelles | Human Level","og_description":"Retrouvez en un seul endroit toutes nos politiques de confidentialit\u00e9, conditions d'utilisation et normes de s\u00e9curit\u00e9 et de qualit\u00e9.","og_url":"https:\/\/www.humanlevel.com\/fr\/politiques","og_site_name":"Human Level","twitter_card":"summary_large_image","twitter_misc":{"Dur\u00e9e de lecture estim\u00e9e":"1 minute"},"schema":{"@context":"https:\/\/schema.org","@graph":[{"@type":"WebPage","@id":"https:\/\/www.humanlevel.com\/fr\/politiques","url":"https:\/\/www.humanlevel.com\/fr\/politiques","name":"Informations l\u00e9gales et institutionnelles | Human Level","isPartOf":{"@id":"https:\/\/www.humanlevel.com\/fr#website"},"primaryImageOfPage":{"@id":"https:\/\/www.humanlevel.com\/fr\/politiques#primaryimage"},"image":{"@id":"https:\/\/www.humanlevel.com\/fr\/politiques#primaryimage"},"thumbnailUrl":"https:\/\/www.humanlevel.com\/wp-content\/uploads\/hl-og-politicas.jpg","datePublished":"2026-03-17T08:35:55+00:00","dateModified":"2026-03-26T17:40:46+00:00","description":"Retrouvez en un seul endroit toutes nos politiques de confidentialit\u00e9, conditions d'utilisation et normes de s\u00e9curit\u00e9 et de qualit\u00e9.","breadcrumb":{"@id":"https:\/\/www.humanlevel.com\/fr\/politiques#breadcrumb"},"inLanguage":"fr-FR","potentialAction":[{"@type":"ReadAction","target":["https:\/\/www.humanlevel.com\/fr\/politiques"]}]},{"@type":"ImageObject","inLanguage":"fr-FR","@id":"https:\/\/www.humanlevel.com\/fr\/politiques#primaryimage","url":"https:\/\/www.humanlevel.com\/wp-content\/uploads\/hl-og-politicas.jpg","contentUrl":"https:\/\/www.humanlevel.com\/wp-content\/uploads\/hl-og-politicas.jpg","width":1200,"height":630},{"@type":"BreadcrumbList","@id":"https:\/\/www.humanlevel.com\/fr\/politiques#breadcrumb","itemListElement":[{"@type":"ListItem","position":1,"name":"Inicio","item":"https:\/\/www.humanlevel.com\/fr"},{"@type":"ListItem","position":2,"name":"Informations l\u00e9gales et institutionnelles"}]},{"@type":"WebSite","@id":"https:\/\/www.humanlevel.com\/fr#website","url":"https:\/\/www.humanlevel.com\/fr","name":"Human Level","description":"Agencia SEO para grandes marcas nacionales e internacionales.","publisher":{"@id":"https:\/\/www.humanlevel.com\/fr#organization"},"potentialAction":[{"@type":"SearchAction","target":{"@type":"EntryPoint","urlTemplate":"https:\/\/www.humanlevel.com\/fr?s={search_term_string}"},"query-input":{"@type":"PropertyValueSpecification","valueRequired":true,"valueName":"search_term_string"}}],"inLanguage":"fr-FR"},{"@type":"Organization","@id":"https:\/\/www.humanlevel.com\/fr#organization","name":"Human Level","url":"https:\/\/www.humanlevel.com\/fr","logo":{"@type":"ImageObject","inLanguage":"fr-FR","@id":"https:\/\/www.humanlevel.com\/fr#\/schema\/logo\/image\/","url":"https:\/\/www.humanlevel.com\/wp-content\/uploads\/logohl25x3.png","contentUrl":"https:\/\/www.humanlevel.com\/wp-content\/uploads\/logohl25x3.png","width":600,"height":93,"caption":"Human Level"},"image":{"@id":"https:\/\/www.humanlevel.com\/fr#\/schema\/logo\/image\/"},"sameAs":["https:\/\/www.linkedin.com\/company\/human-level-communications","https:\/\/www.youtube.com\/user\/humanlevelcommunica","https:\/\/bsky.app\/profile\/humanlevel.bsky.social","https:\/\/instagram.com\/humanlevel"]}]}},"_links":{"self":[{"href":"https:\/\/www.humanlevel.com\/fr\/wp-json\/wp\/v2\/pages\/86353","targetHints":{"allow":["GET"]}}],"collection":[{"href":"https:\/\/www.humanlevel.com\/fr\/wp-json\/wp\/v2\/pages"}],"about":[{"href":"https:\/\/www.humanlevel.com\/fr\/wp-json\/wp\/v2\/types\/page"}],"author":[{"embeddable":true,"href":"https:\/\/www.humanlevel.com\/fr\/wp-json\/wp\/v2\/users\/50"}],"replies":[{"embeddable":true,"href":"https:\/\/www.humanlevel.com\/fr\/wp-json\/wp\/v2\/comments?post=86353"}],"version-history":[{"count":2,"href":"https:\/\/www.humanlevel.com\/fr\/wp-json\/wp\/v2\/pages\/86353\/revisions"}],"predecessor-version":[{"id":86358,"href":"https:\/\/www.humanlevel.com\/fr\/wp-json\/wp\/v2\/pages\/86353\/revisions\/86358"}],"wp:featuredmedia":[{"embeddable":true,"href":"https:\/\/www.humanlevel.com\/fr\/wp-json\/wp\/v2\/media\/89502"}],"wp:attachment":[{"href":"https:\/\/www.humanlevel.com\/fr\/wp-json\/wp\/v2\/media?parent=86353"}],"curies":[{"name":"wp","href":"https:\/\/api.w.org\/{rel}","templated":true}]}}