{"id":86336,"date":"2026-03-17T08:59:28","date_gmt":"2026-03-17T07:59:28","guid":{"rendered":"https:\/\/www.humanlevel.com\/certificaciones"},"modified":"2026-03-26T18:48:32","modified_gmt":"2026-03-26T17:48:32","slug":"certifications","status":"publish","type":"page","link":"https:\/\/www.humanlevel.com\/fr\/certifications","title":{"rendered":"Certifications"},"content":{"rendered":"\n<section class=\"section-spacing\">\n<h2 class=\"gb-text\">Pourquoi nous nous certifions<\/h2>\n\n\n\n<p class=\"gb-text tp-subtitle\">Les certifications ne sont pas une fin en soi : elles sont la preuve v\u00e9rifiable que nos processus, notre \u00e9quipe et notre m\u00e9thode de travail sont \u00e0 la hauteur des projets que nous acceptons. Pour les grandes entreprises et institutions qui nous confient leur visibilit\u00e9 num\u00e9rique, faire appel \u00e0 des prestataires audit\u00e9s de l&rsquo;ext\u00e9rieur n&rsquo;est pas un d\u00e9tail : cela fait partie int\u00e9grante de leurs processus de r\u00e9f\u00e9rencement et de gestion des risques. Nous nous certifions car nous pensons que la confiance se construit par des actes, pas seulement par des mots.<\/p>\n<\/section>\n\n\n\n<section class=\"section-spacing\">\n<h2 class=\"gb-text\">Nos certifications<\/h2>\n\n\n\n<ul class=\"service-features-3col\">\n<li class=\"service-feature\">\n<span class=\"gb-shape service-feature-icon gb-shape-4f37197a\"><svg xmlns=\"http:\/\/www.w3.org\/2000\/svg\" fill=\"none\" viewBox=\"0 0 24 24\" height=\"24\" width=\"24\">\n<path fill=\"currentColor\" d=\"M9.99677 15.1709L19.1892 5.97852L20.6034 7.39273L9.99677 17.9993L3.63281 11.6354L5.04703 10.2212L9.99677 15.1709Z\"><\/path>\n<\/svg>\n<\/span>\n\n\n\n<div>\n<h3 class=\"gb-text tp-h4\">ISO 9001<\/h3>\n\n\n\n<p class=\"gb-text\">Garantit que nos services sont fournis dans le cadre d&rsquo;un syst\u00e8me de gestion de la qualit\u00e9 audit\u00e9 au niveau international, avec des processus document\u00e9s, une am\u00e9lioration continue et une orientation syst\u00e9matique vers la satisfaction du client.<\/p>\n<\/div>\n<\/li>\n\n\n\n<li class=\"service-feature\">\n<span class=\"gb-shape service-feature-icon gb-shape-96518874\"><svg xmlns=\"http:\/\/www.w3.org\/2000\/svg\" fill=\"none\" viewBox=\"0 0 24 24\" height=\"24\" width=\"24\">\n<path fill=\"currentColor\" d=\"M9.99677 15.1709L19.1892 5.97852L20.6034 7.39273L9.99677 17.9993L3.63281 11.6354L5.04703 10.2212L9.99677 15.1709Z\"><\/path>\n<\/svg>\n<\/span>\n\n\n\n<div>\n<h3 class=\"gb-text tp-h4\">ISO 27001<\/h3>\n\n\n\n<p class=\"gb-text\">Accr\u00e9dite que les donn\u00e9es et informations de nos clients sont prot\u00e9g\u00e9es par un syst\u00e8me de gestion de la s\u00e9curit\u00e9 reconnu mondialement, avec des contr\u00f4les contre les risques d&rsquo;acc\u00e8s, de perte ou d&rsquo;usage abusif.<\/p>\n<\/div>\n<\/li>\n\n\n\n<li class=\"service-feature\">\n<span class=\"gb-shape service-feature-icon gb-shape-d4f0af8d\"><svg xmlns=\"http:\/\/www.w3.org\/2000\/svg\" fill=\"none\" viewBox=\"0 0 24 24\" height=\"24\" width=\"24\">\n<path fill=\"currentColor\" d=\"M9.99677 15.1709L19.1892 5.97852L20.6034 7.39273L9.99677 17.9993L3.63281 11.6354L5.04703 10.2212L9.99677 15.1709Z\"><\/path>\n<\/svg>\n<\/span>\n\n\n\n<div>\n<h3 class=\"gb-text tp-h4\">ISO 22301<\/h3>\n\n\n\n<p class=\"gb-text\">Certifie notre capacit\u00e9 \u00e0 maintenir la prestation de services face \u00e0 des situations impr\u00e9vues, garantissant que les projets de nos clients ne sont pas compromis par des interruptions op\u00e9rationnelles.<\/p>\n<\/div>\n<\/li>\n\n\n\n<li class=\"service-feature\">\n<span class=\"gb-shape service-feature-icon gb-shape-9e29ad05\"><svg xmlns=\"http:\/\/www.w3.org\/2000\/svg\" fill=\"none\" viewBox=\"0 0 24 24\" height=\"24\" width=\"24\">\n<path fill=\"currentColor\" d=\"M9.99677 15.1709L19.1892 5.97852L20.6034 7.39273L9.99677 17.9993L3.63281 11.6354L5.04703 10.2212L9.99677 15.1709Z\"><\/path>\n<\/svg>\n<\/span>\n\n\n\n<div>\n<h3 class=\"gb-text tp-h4\">Reconnaissance CIEGE<\/h3>\n\n\n\n<p class=\"gb-text\">Distinction d\u00e9cern\u00e9e par Informa D&amp;B et elEconomista qui r\u00e9compense les entreprises ayant une gestion d&rsquo;excellence, soutenue par leurs indicateurs financiers, leur parcours et leur solidit\u00e9 organisationnelle.<\/p>\n<\/div>\n<\/li>\n\n\n\n<li class=\"service-feature\">\n<span class=\"gb-shape service-feature-icon gb-shape-d288fa8b\"><svg xmlns=\"http:\/\/www.w3.org\/2000\/svg\" fill=\"none\" viewBox=\"0 0 24 24\" height=\"24\" width=\"24\">\n<path fill=\"currentColor\" d=\"M9.99677 15.1709L19.1892 5.97852L20.6034 7.39273L9.99677 17.9993L3.63281 11.6354L5.04703 10.2212L9.99677 15.1709Z\"><\/path>\n<\/svg>\n<\/span>\n\n\n\n<div>\n<h3 class=\"gb-text tp-h4\">Formation fournisseurs durables<\/h3>\n\n\n\n<p class=\"gb-text\"><span style=\"white-space: normal; caret-color: rgb(0, 0, 0); color: rgb(0, 0, 0); font-size: medium;\">Accr\u00e9ditation certifiant notre engagement en faveur du d\u00e9veloppement durable dans la cha\u00eene de valeur, r\u00e9pondant aux exigences des programmes d&rsquo;achats responsables des grandes entreprises et institutions publiques.<\/span><\/p>\n<\/div>\n<\/li>\n\n\n\n<li class=\"service-feature\">\n<span class=\"gb-shape service-feature-icon gb-shape-18e3668b\"><svg xmlns=\"http:\/\/www.w3.org\/2000\/svg\" fill=\"none\" viewBox=\"0 0 24 24\" height=\"24\" width=\"24\">\n<path fill=\"currentColor\" d=\"M9.99677 15.1709L19.1892 5.97852L20.6034 7.39273L9.99677 17.9993L3.63281 11.6354L5.04703 10.2212L9.99677 15.1709Z\"><\/path>\n<\/svg>\n<\/span>\n\n\n\n<div>\n<h3 class=\"gb-text tp-h4\">Link Affinity et Sistrix Partner<\/h3>\n\n\n\n<p class=\"gb-text\">Reconnaissance en tant qu&rsquo;agence partenaire de Link Affinity, plateforme sp\u00e9cialis\u00e9e dans la gestion des strat\u00e9gies de netlinking, et de SISTRIX, l&rsquo;un des principaux outils europ\u00e9ens d&rsquo;analyse de visibilit\u00e9 sur les moteurs de recherche.<\/p>\n<\/div>\n<\/li>\n<\/ul>\n<\/section>\n\n\n\n<section class=\"section-spacing featured-logos\">\n<p class=\"gb-text tp-body-small\">Nous sommes r\u00e9f\u00e9renc\u00e9s sur<\/p>\n\n\n\n<div class=\"featured-logos-flex\">\n<img loading=\"lazy\" width=\"540\" height=\"270\" class=\"featured-logos-img\" alt=\"\" title=\"logo-aquanima-certificado\" src=\"https:\/\/www.humanlevel.com\/wp-content\/uploads\/logo-aquanima-certificado.png\" srcset=\"https:\/\/www.humanlevel.com\/wp-content\/uploads\/logo-aquanima-certificado.png 540w, https:\/\/www.humanlevel.com\/wp-content\/uploads\/logo-aquanima-certificado-400x200.png 400w\" sizes=\"auto, (max-width: 540px) 100vw, 540px\" \/>\n\n\n\n<img loading=\"lazy\" width=\"540\" height=\"270\" class=\"featured-logos-img\" alt=\"Adquira\" title=\"logo-adquira-certificado\" src=\"https:\/\/www.humanlevel.com\/wp-content\/uploads\/logo-adquira-certificado.png\" srcset=\"https:\/\/www.humanlevel.com\/wp-content\/uploads\/logo-adquira-certificado.png 540w, https:\/\/www.humanlevel.com\/wp-content\/uploads\/logo-adquira-certificado-400x200.png 400w\" sizes=\"auto, (max-width: 540px) 100vw, 540px\" \/>\n\n\n\n<img loading=\"lazy\" width=\"552\" height=\"270\" class=\"featured-logos-img\" alt=\"SAP Ariba\" title=\"logo-sapariba-certificado\" src=\"https:\/\/www.humanlevel.com\/wp-content\/uploads\/logo-sapariba-certificado.png\" srcset=\"https:\/\/www.humanlevel.com\/wp-content\/uploads\/logo-sapariba-certificado.png 552w, https:\/\/www.humanlevel.com\/wp-content\/uploads\/logo-sapariba-certificado-400x196.png 400w\" sizes=\"auto, (max-width: 552px) 100vw, 552px\" \/>\n\n\n\n<img loading=\"lazy\" width=\"540\" height=\"270\" class=\"featured-logos-img\" alt=\"Achilles\" title=\"logo-achilles-certificado\" src=\"https:\/\/www.humanlevel.com\/wp-content\/uploads\/logo-achilles-certificado.png\" srcset=\"https:\/\/www.humanlevel.com\/wp-content\/uploads\/logo-achilles-certificado.png 540w, https:\/\/www.humanlevel.com\/wp-content\/uploads\/logo-achilles-certificado-400x200.png 400w\" sizes=\"auto, (max-width: 540px) 100vw, 540px\" \/>\n<\/div>\n<\/section>\n\n\n\n<section class=\"section-spacing\">\n<h2 class=\"gb-text\">Nos politiques<\/h2>\n\n\n\n<div><div class=\"box-query-looper\">\n<div class=\"gb-loop-item rounded-md box-query-loop-element post-58782 page type-page status-publish has-post-thumbnail\">\n<h3 class=\"gb-text\">Politique de qualit\u00e9<\/h3>\n\n\n\n<a class=\"btn-arrow gb-element-1da3d2de\" href=\"https:\/\/www.humanlevel.com\/fr\/politiques\/qualite\">\n<span class=\"gb-text\">Lire<\/span>\n\n\n\n<span class=\"gb-shape gb-shape-a09040ff\"><svg fill=\"none\" viewBox=\"0 0 20 20\" height=\"20\" width=\"20\" xmlns=\"http:\/\/www.w3.org\/2000\/svg\">\n  <g transform=\"translate(0, 4)\">\n    <path fill=\"transparent\" stroke-linejoin=\"round\" stroke-linecap=\"round\" d=\"M16.758 5.62H4.475\" stroke-miterlimit=\"10\" stroke-width=\"1.4\" stroke=\"currentColor\"><\/path>\n    <path fill=\"transparent\" stroke-linejoin=\"round\" stroke-linecap=\"round\" d=\"m12.337.683 5.311 4.937-5.311 4.936\" stroke-width=\"1.4\" stroke=\"currentColor\"><\/path>\n  <\/g>\n<\/svg><\/span>\n<\/a>\n<\/div>\n\n<div class=\"gb-loop-item rounded-md box-query-loop-element post-71648 page type-page status-publish has-post-thumbnail\">\n<h3 class=\"gb-text\">Politique de s\u00e9curit\u00e9 de l&rsquo;information<\/h3>\n\n\n\n<a class=\"btn-arrow gb-element-1da3d2de\" href=\"https:\/\/www.humanlevel.com\/fr\/politiques\/securite\">\n<span class=\"gb-text\">Lire<\/span>\n\n\n\n<span class=\"gb-shape gb-shape-a09040ff\"><svg fill=\"none\" viewBox=\"0 0 20 20\" height=\"20\" width=\"20\" xmlns=\"http:\/\/www.w3.org\/2000\/svg\">\n  <g transform=\"translate(0, 4)\">\n    <path fill=\"transparent\" stroke-linejoin=\"round\" stroke-linecap=\"round\" d=\"M16.758 5.62H4.475\" stroke-miterlimit=\"10\" stroke-width=\"1.4\" stroke=\"currentColor\"><\/path>\n    <path fill=\"transparent\" stroke-linejoin=\"round\" stroke-linecap=\"round\" d=\"m12.337.683 5.311 4.937-5.311 4.936\" stroke-width=\"1.4\" stroke=\"currentColor\"><\/path>\n  <\/g>\n<\/svg><\/span>\n<\/a>\n<\/div>\n<\/div>\n\n<\/div>\n<\/section>\n","protected":false},"excerpt":{"rendered":"<p>Pourquoi nous nous certifions Les certifications ne sont pas une fin en soi : elles sont la preuve v\u00e9rifiable&#8230;<\/p>\n","protected":false},"author":50,"featured_media":89502,"parent":0,"menu_order":0,"comment_status":"closed","ping_status":"closed","template":"","meta":{"_acf_changed":false,"footnotes":""},"class_list":["post-86336","page","type-page","status-publish","has-post-thumbnail"],"acf":[],"yoast_head":"<!-- This site is optimized with the Yoast SEO plugin v27.4 - https:\/\/yoast.com\/product\/yoast-seo-wordpress\/ -->\n<title>Certifications | Human Level<\/title>\n<meta name=\"description\" content=\"Nos certifications ISO 9001, 27001 et 22301 garantissent l&#039;excellence et la s\u00e9curit\u00e9 que les grandes entreprises exigent de leurs partenaires digitaux.\" \/>\n<meta name=\"robots\" content=\"index, follow, max-snippet:-1, max-image-preview:large, max-video-preview:-1\" \/>\n<link rel=\"canonical\" href=\"https:\/\/www.humanlevel.com\/fr\/certifications\" \/>\n<meta property=\"og:locale\" content=\"fr_FR\" \/>\n<meta property=\"og:type\" content=\"article\" \/>\n<meta property=\"og:title\" content=\"Certifications | Human Level\" \/>\n<meta property=\"og:description\" content=\"Nos certifications ISO 9001, 27001 et 22301 garantissent l&#039;excellence et la s\u00e9curit\u00e9 que les grandes entreprises exigent de leurs partenaires digitaux.\" \/>\n<meta property=\"og:url\" content=\"https:\/\/www.humanlevel.com\/fr\/certifications\" \/>\n<meta property=\"og:site_name\" content=\"Human Level\" \/>\n<meta name=\"twitter:card\" content=\"summary_large_image\" \/>\n<meta name=\"twitter:label1\" content=\"Dur\u00e9e de lecture estim\u00e9e\" \/>\n\t<meta name=\"twitter:data1\" content=\"3 minutes\" \/>\n<script type=\"application\/ld+json\" class=\"yoast-schema-graph\">{\"@context\":\"https:\\\/\\\/schema.org\",\"@graph\":[{\"@type\":\"WebPage\",\"@id\":\"https:\\\/\\\/www.humanlevel.com\\\/fr\\\/certifications\",\"url\":\"https:\\\/\\\/www.humanlevel.com\\\/fr\\\/certifications\",\"name\":\"Certifications | Human Level\",\"isPartOf\":{\"@id\":\"https:\\\/\\\/www.humanlevel.com\\\/fr#website\"},\"primaryImageOfPage\":{\"@id\":\"https:\\\/\\\/www.humanlevel.com\\\/fr\\\/certifications#primaryimage\"},\"image\":{\"@id\":\"https:\\\/\\\/www.humanlevel.com\\\/fr\\\/certifications#primaryimage\"},\"thumbnailUrl\":\"https:\\\/\\\/www.humanlevel.com\\\/wp-content\\\/uploads\\\/hl-og-politicas.jpg\",\"datePublished\":\"2026-03-17T07:59:28+00:00\",\"dateModified\":\"2026-03-26T17:48:32+00:00\",\"description\":\"Nos certifications ISO 9001, 27001 et 22301 garantissent l'excellence et la s\u00e9curit\u00e9 que les grandes entreprises exigent de leurs partenaires digitaux.\",\"breadcrumb\":{\"@id\":\"https:\\\/\\\/www.humanlevel.com\\\/fr\\\/certifications#breadcrumb\"},\"inLanguage\":\"fr-FR\",\"potentialAction\":[{\"@type\":\"ReadAction\",\"target\":[\"https:\\\/\\\/www.humanlevel.com\\\/fr\\\/certifications\"]}]},{\"@type\":\"ImageObject\",\"inLanguage\":\"fr-FR\",\"@id\":\"https:\\\/\\\/www.humanlevel.com\\\/fr\\\/certifications#primaryimage\",\"url\":\"https:\\\/\\\/www.humanlevel.com\\\/wp-content\\\/uploads\\\/hl-og-politicas.jpg\",\"contentUrl\":\"https:\\\/\\\/www.humanlevel.com\\\/wp-content\\\/uploads\\\/hl-og-politicas.jpg\",\"width\":1200,\"height\":630},{\"@type\":\"BreadcrumbList\",\"@id\":\"https:\\\/\\\/www.humanlevel.com\\\/fr\\\/certifications#breadcrumb\",\"itemListElement\":[{\"@type\":\"ListItem\",\"position\":1,\"name\":\"Inicio\",\"item\":\"https:\\\/\\\/www.humanlevel.com\\\/fr\"},{\"@type\":\"ListItem\",\"position\":2,\"name\":\"Certifications\"}]},{\"@type\":\"WebSite\",\"@id\":\"https:\\\/\\\/www.humanlevel.com\\\/fr#website\",\"url\":\"https:\\\/\\\/www.humanlevel.com\\\/fr\",\"name\":\"Human Level\",\"description\":\"Agencia SEO para grandes marcas nacionales e internacionales.\",\"publisher\":{\"@id\":\"https:\\\/\\\/www.humanlevel.com\\\/fr#organization\"},\"potentialAction\":[{\"@type\":\"SearchAction\",\"target\":{\"@type\":\"EntryPoint\",\"urlTemplate\":\"https:\\\/\\\/www.humanlevel.com\\\/fr?s={search_term_string}\"},\"query-input\":{\"@type\":\"PropertyValueSpecification\",\"valueRequired\":true,\"valueName\":\"search_term_string\"}}],\"inLanguage\":\"fr-FR\"},{\"@type\":\"Organization\",\"@id\":\"https:\\\/\\\/www.humanlevel.com\\\/fr#organization\",\"name\":\"Human Level\",\"url\":\"https:\\\/\\\/www.humanlevel.com\\\/fr\",\"logo\":{\"@type\":\"ImageObject\",\"inLanguage\":\"fr-FR\",\"@id\":\"https:\\\/\\\/www.humanlevel.com\\\/fr#\\\/schema\\\/logo\\\/image\\\/\",\"url\":\"https:\\\/\\\/www.humanlevel.com\\\/wp-content\\\/uploads\\\/logohl25x3.png\",\"contentUrl\":\"https:\\\/\\\/www.humanlevel.com\\\/wp-content\\\/uploads\\\/logohl25x3.png\",\"width\":600,\"height\":93,\"caption\":\"Human Level\"},\"image\":{\"@id\":\"https:\\\/\\\/www.humanlevel.com\\\/fr#\\\/schema\\\/logo\\\/image\\\/\"},\"sameAs\":[\"https:\\\/\\\/www.linkedin.com\\\/company\\\/human-level-communications\",\"https:\\\/\\\/www.youtube.com\\\/user\\\/humanlevelcommunica\",\"https:\\\/\\\/bsky.app\\\/profile\\\/humanlevel.bsky.social\",\"https:\\\/\\\/instagram.com\\\/humanlevel\"]}]}<\/script>\n<!-- \/ Yoast SEO plugin. -->","yoast_head_json":{"title":"Certifications | Human Level","description":"Nos certifications ISO 9001, 27001 et 22301 garantissent l'excellence et la s\u00e9curit\u00e9 que les grandes entreprises exigent de leurs partenaires digitaux.","robots":{"index":"index","follow":"follow","max-snippet":"max-snippet:-1","max-image-preview":"max-image-preview:large","max-video-preview":"max-video-preview:-1"},"canonical":"https:\/\/www.humanlevel.com\/fr\/certifications","og_locale":"fr_FR","og_type":"article","og_title":"Certifications | Human Level","og_description":"Nos certifications ISO 9001, 27001 et 22301 garantissent l'excellence et la s\u00e9curit\u00e9 que les grandes entreprises exigent de leurs partenaires digitaux.","og_url":"https:\/\/www.humanlevel.com\/fr\/certifications","og_site_name":"Human Level","twitter_card":"summary_large_image","twitter_misc":{"Dur\u00e9e de lecture estim\u00e9e":"3 minutes"},"schema":{"@context":"https:\/\/schema.org","@graph":[{"@type":"WebPage","@id":"https:\/\/www.humanlevel.com\/fr\/certifications","url":"https:\/\/www.humanlevel.com\/fr\/certifications","name":"Certifications | Human Level","isPartOf":{"@id":"https:\/\/www.humanlevel.com\/fr#website"},"primaryImageOfPage":{"@id":"https:\/\/www.humanlevel.com\/fr\/certifications#primaryimage"},"image":{"@id":"https:\/\/www.humanlevel.com\/fr\/certifications#primaryimage"},"thumbnailUrl":"https:\/\/www.humanlevel.com\/wp-content\/uploads\/hl-og-politicas.jpg","datePublished":"2026-03-17T07:59:28+00:00","dateModified":"2026-03-26T17:48:32+00:00","description":"Nos certifications ISO 9001, 27001 et 22301 garantissent l'excellence et la s\u00e9curit\u00e9 que les grandes entreprises exigent de leurs partenaires digitaux.","breadcrumb":{"@id":"https:\/\/www.humanlevel.com\/fr\/certifications#breadcrumb"},"inLanguage":"fr-FR","potentialAction":[{"@type":"ReadAction","target":["https:\/\/www.humanlevel.com\/fr\/certifications"]}]},{"@type":"ImageObject","inLanguage":"fr-FR","@id":"https:\/\/www.humanlevel.com\/fr\/certifications#primaryimage","url":"https:\/\/www.humanlevel.com\/wp-content\/uploads\/hl-og-politicas.jpg","contentUrl":"https:\/\/www.humanlevel.com\/wp-content\/uploads\/hl-og-politicas.jpg","width":1200,"height":630},{"@type":"BreadcrumbList","@id":"https:\/\/www.humanlevel.com\/fr\/certifications#breadcrumb","itemListElement":[{"@type":"ListItem","position":1,"name":"Inicio","item":"https:\/\/www.humanlevel.com\/fr"},{"@type":"ListItem","position":2,"name":"Certifications"}]},{"@type":"WebSite","@id":"https:\/\/www.humanlevel.com\/fr#website","url":"https:\/\/www.humanlevel.com\/fr","name":"Human Level","description":"Agencia SEO para grandes marcas nacionales e internacionales.","publisher":{"@id":"https:\/\/www.humanlevel.com\/fr#organization"},"potentialAction":[{"@type":"SearchAction","target":{"@type":"EntryPoint","urlTemplate":"https:\/\/www.humanlevel.com\/fr?s={search_term_string}"},"query-input":{"@type":"PropertyValueSpecification","valueRequired":true,"valueName":"search_term_string"}}],"inLanguage":"fr-FR"},{"@type":"Organization","@id":"https:\/\/www.humanlevel.com\/fr#organization","name":"Human Level","url":"https:\/\/www.humanlevel.com\/fr","logo":{"@type":"ImageObject","inLanguage":"fr-FR","@id":"https:\/\/www.humanlevel.com\/fr#\/schema\/logo\/image\/","url":"https:\/\/www.humanlevel.com\/wp-content\/uploads\/logohl25x3.png","contentUrl":"https:\/\/www.humanlevel.com\/wp-content\/uploads\/logohl25x3.png","width":600,"height":93,"caption":"Human Level"},"image":{"@id":"https:\/\/www.humanlevel.com\/fr#\/schema\/logo\/image\/"},"sameAs":["https:\/\/www.linkedin.com\/company\/human-level-communications","https:\/\/www.youtube.com\/user\/humanlevelcommunica","https:\/\/bsky.app\/profile\/humanlevel.bsky.social","https:\/\/instagram.com\/humanlevel"]}]}},"_links":{"self":[{"href":"https:\/\/www.humanlevel.com\/fr\/wp-json\/wp\/v2\/pages\/86336","targetHints":{"allow":["GET"]}}],"collection":[{"href":"https:\/\/www.humanlevel.com\/fr\/wp-json\/wp\/v2\/pages"}],"about":[{"href":"https:\/\/www.humanlevel.com\/fr\/wp-json\/wp\/v2\/types\/page"}],"author":[{"embeddable":true,"href":"https:\/\/www.humanlevel.com\/fr\/wp-json\/wp\/v2\/users\/50"}],"replies":[{"embeddable":true,"href":"https:\/\/www.humanlevel.com\/fr\/wp-json\/wp\/v2\/comments?post=86336"}],"version-history":[{"count":2,"href":"https:\/\/www.humanlevel.com\/fr\/wp-json\/wp\/v2\/pages\/86336\/revisions"}],"predecessor-version":[{"id":86364,"href":"https:\/\/www.humanlevel.com\/fr\/wp-json\/wp\/v2\/pages\/86336\/revisions\/86364"}],"wp:featuredmedia":[{"embeddable":true,"href":"https:\/\/www.humanlevel.com\/fr\/wp-json\/wp\/v2\/media\/89502"}],"wp:attachment":[{"href":"https:\/\/www.humanlevel.com\/fr\/wp-json\/wp\/v2\/media?parent=86336"}],"curies":[{"name":"wp","href":"https:\/\/api.w.org\/{rel}","templated":true}]}}