{"id":71666,"date":"2023-05-29T12:03:35","date_gmt":"2023-05-29T10:03:35","guid":{"rendered":"https:\/\/www.humanlevel.com\/seo\/analitica-reporting"},"modified":"2026-04-11T15:10:55","modified_gmt":"2026-04-11T13:10:55","slug":"analytique-reporting","status":"publish","type":"page","link":"https:\/\/www.humanlevel.com\/fr\/seo\/analytique-reporting","title":{"rendered":"Analyse du web"},"content":{"rendered":"\n<section class=\"section-spacing\">\n<h2 class=\"gb-text\">Analyse et prise de d\u00e9cision bas\u00e9e sur les donn\u00e9es<\/h2>\n\n\n\n<p class=\"gb-text tp-subtitle\">L\u2019analyse web est la cl\u00e9 dont vous avez besoin pour mesurer l\u2019efficacit\u00e9 de votre strat\u00e9gie digitale et identifier des axes d\u2019am\u00e9lioration. Chez Human Level, nous vous aidons \u00e0 mesurer et analyser la visibilit\u00e9 de votre site web en collectant et en reliant les donn\u00e9es essentielles afin d\u2019obtenir des informations pr\u00e9cieuses pour votre entreprise. L\u2019analyse digitale est indispensable pour comprendre votre trafic organique et soutenir les actions de positionnement mises en place.<\/p>\n<\/section>\n\n\n\n<section class=\"section-spacing rounded-xlg cta\">\n<div class=\"col40\">\n<p class=\"gb-text tp-abovetitle\">Pourquoi investir dans l\u2019analyse web ?<\/p>\n\n\n\n<h2 class=\"gb-text\">Le pilier fondamental d\u2019une prise de d\u00e9cision bas\u00e9e sur la valeur de votre site web<\/h2>\n<\/div>\n\n\n\n<div class=\"col60\">\n<ul class=\"tp-body-bold cta-list\">\n<li class=\"gb-text\">Mesurez l\u2019efficacit\u00e9 de vos canaux de trafic<\/li>\n\n\n\n<li class=\"gb-text\">V\u00e9rifier l\u2019impact de la visibilit\u00e9 sur votre entreprise<\/li>\n\n\n\n<li class=\"gb-text\">Contr\u00f4lez vos principaux KPI<\/li>\n\n\n\n<li class=\"gb-text\">Identifiez les canaux les plus performants pour la conversion<\/li>\n<\/ul>\n\n\n\n<a class=\"gb-text btn\" href=\"#anchor-formulario\">Commencez maintenant<\/a>\n<\/div>\n<\/section>\n\n\n\n<section class=\"section-spacing\">\n<p class=\"gb-text tp-abovetitle\">Comment proc\u00e9dons-nous ?<\/p>\n\n\n\n<h2 class=\"gb-text\">Des impl\u00e9mentations sur mesure pour votre entreprise<\/h2>\n\n\n\n<ul class=\"service-features-3col\">\n<li class=\"service-feature\">\n<span class=\"gb-shape service-feature-icon\"><svg xmlns=\"http:\/\/www.w3.org\/2000\/svg\" fill=\"none\" viewBox=\"0 0 24 24\" height=\"24\" width=\"24\">\n  <path fill=\"transparent\" stroke-linejoin=\"round\" stroke-linecap=\"round\" stroke-width=\"2\" stroke=\"currentColor\" d=\"M4 21V14\"><\/path>\n  <path fill=\"transparent\" stroke-linejoin=\"round\" stroke-linecap=\"round\" stroke-width=\"2\" stroke=\"currentColor\" d=\"M4 10V3\"><\/path>\n  <path fill=\"transparent\" stroke-linejoin=\"round\" stroke-linecap=\"round\" stroke-width=\"2\" stroke=\"currentColor\" d=\"M12 21V12\"><\/path>\n  <path fill=\"transparent\" stroke-linejoin=\"round\" stroke-linecap=\"round\" stroke-width=\"2\" stroke=\"currentColor\" d=\"M12 8V3\"><\/path>\n  <path fill=\"transparent\" stroke-linejoin=\"round\" stroke-linecap=\"round\" stroke-width=\"2\" stroke=\"currentColor\" d=\"M20 21V16\"><\/path>\n  <path fill=\"transparent\" stroke-linejoin=\"round\" stroke-linecap=\"round\" stroke-width=\"2\" stroke=\"currentColor\" d=\"M20 12V3\"><\/path>\n  <path fill=\"transparent\" stroke-linejoin=\"round\" stroke-linecap=\"round\" stroke-width=\"2\" stroke=\"currentColor\" d=\"M1 14H7\"><\/path>\n  <path fill=\"transparent\" stroke-linejoin=\"round\" stroke-linecap=\"round\" stroke-width=\"2\" stroke=\"currentColor\" d=\"M9 8H15\"><\/path>\n  <path fill=\"transparent\" stroke-linejoin=\"round\" stroke-linecap=\"round\" stroke-width=\"2\" stroke=\"currentColor\" d=\"M17 16H23\"><\/path>\n<\/svg><\/span>\n\n\n\n<div>\n<h3 class=\"gb-text tp-h4\">Configuration de Google Analytics<\/h3>\n\n\n\n<p class=\"gb-text\">Nous r\u00e9alisons la configuration des indicateurs cl\u00e9s de performance pour suivre votre visibilit\u00e9 et l\u2019efficacit\u00e9 de votre positionnement.<\/p>\n<\/div>\n<\/li>\n\n\n\n<li class=\"service-feature\">\n<span class=\"gb-shape service-feature-icon\"><svg xmlns=\"http:\/\/www.w3.org\/2000\/svg\" fill=\"none\" viewBox=\"0 0 24 24\" height=\"24\" width=\"24\">\n  <path fill=\"transparent\" stroke-linejoin=\"round\" stroke-linecap=\"round\" stroke-width=\"2\" stroke=\"currentColor\" d=\"M11 19C15.4183 19 19 15.4183 19 11C19 6.58172 15.4183 3 11 3C6.58172 3 3 6.58172 3 11C3 15.4183 6.58172 19 11 19Z\"><\/path>\n  <path fill=\"transparent\" stroke-linejoin=\"round\" stroke-linecap=\"round\" stroke-width=\"2\" stroke=\"currentColor\" d=\"M21 21.0004L16.65 16.6504\"><\/path>\n<\/svg><\/span>\n\n\n\n<div>\n<h3 class=\"gb-text tp-h4\">Analyser le trafic organique au-del\u00e0 des moteurs de recherche<\/h3>\n\n\n\n<p class=\"gb-text\">Nous avons \u00e9tabli des groupes de sources de trafic pour identifier les principaux canaux organiques, \u00e0 la fois les moteurs de recherche et les plateformes d\u2019intelligence artificielle.<\/p>\n<\/div>\n<\/li>\n\n\n\n<li class=\"service-feature\">\n<span class=\"gb-shape service-feature-icon\"><svg xmlns=\"http:\/\/www.w3.org\/2000\/svg\" fill=\"none\" viewBox=\"0 0 24 24\" height=\"24\" width=\"24\">\n<path fill=\"transparent\" stroke-linejoin=\"round\" stroke-linecap=\"round\" stroke-width=\"2\" stroke=\"currentColor\" d=\"M23 6L13.5 15.5L8.5 10.5L1 18\"><\/path>\n<path fill=\"transparent\" stroke-linejoin=\"round\" stroke-linecap=\"round\" stroke-width=\"2\" stroke=\"currentColor\" d=\"M17 6H23V12\"><\/path>\n<\/svg><\/span>\n\n\n\n<div>\n<h3 class=\"gb-text tp-h4\">Rapports et visualisation des donn\u00e9es<\/h3>\n\n\n\n<p class=\"gb-text\">Nous cr\u00e9ons des tableaux de bord adapt\u00e9s \u00e0 vos principaux indicateurs cl\u00e9s de performance afin de faciliter le suivi du site et la prise de d\u00e9cisions fond\u00e9es sur des donn\u00e9es.<\/p>\n<\/div>\n<\/li>\n<\/ul>\n<\/section>\n\n\n\n<section class=\"section-spacing featured-logos\">\n<p class=\"gb-text tp-body-small\">Principaux outils d\u2019analyse num\u00e9rique avec lesquels nous travaillons<\/p>\n\n\n\n<div class=\"featured-logos-flex\">\n<img loading=\"lazy\" width=\"540\" height=\"270\" class=\"featured-logos-img\" alt=\"Google Analytics\" src=\"https:\/\/www.humanlevel.com\/wp-content\/uploads\/logo-analytics-herramienta.png\" srcset=\"https:\/\/www.humanlevel.com\/wp-content\/uploads\/logo-analytics-herramienta.png 540w, https:\/\/www.humanlevel.com\/wp-content\/uploads\/logo-analytics-herramienta-400x200.png 400w\" sizes=\"auto, (max-width: 540px) 100vw, 540px\" \/>\n\n\n\n<img loading=\"lazy\" width=\"540\" height=\"270\" class=\"featured-logos-img\" alt=\"Looker\" src=\"https:\/\/www.humanlevel.com\/wp-content\/uploads\/logo-looker-herramienta.png\" srcset=\"https:\/\/www.humanlevel.com\/wp-content\/uploads\/logo-looker-herramienta.png 540w, https:\/\/www.humanlevel.com\/wp-content\/uploads\/logo-looker-herramienta-400x200.png 400w\" sizes=\"auto, (max-width: 540px) 100vw, 540px\" \/>\n<\/div>\n<\/section>\n\n\n\n<section class=\"section-spacing faq-section\">\n<div>\n<h2 class=\"gb-text\">Questions fr\u00e9quemment pos\u00e9es<\/h2>\n\n\n\n<p class=\"gb-text tp-subtitle gb-text-68673e82\">Vous avez une question \u00e0 laquelle nous n\u2019avons pas r\u00e9pondu ? N\u2019h\u00e9sitez pas \u00e0 nous contacter.<\/p>\n\n\n\n<a class=\"gb-text btn\" href=\"#anchor-formulario\">Contact<\/a>\n<\/div>\n\n\n\n<div class=\"gb-accordion faq-accordion\" data-transition=\"slide\">\n<div class=\"gb-accordion__item faq-accordion-item gb-accordion__item-open\">\n<div role=\"button\" tabindex=\"0\" class=\"gb-accordion__toggle faq-accordion-toggle tp-body-bold gb-block-is-current\" id=\"gb-accordion-toggle-e3406046\">\n<h3 class=\"gb-text\">Avec quel outil travaillons-nous ?<\/h3>\n\n\n\n<span class=\"gb-accordion__toggle-icon gb-accordion__toggle-icon-641d67e9\"><span class=\"gb-accordion__toggle-icon-open\"><svg aria-hidden=\"true\" viewBox=\"0 0 256 256\"><rect width=\"256\" height=\"256\" fill=\"none\"><\/rect><polyline points=\"208 96 128 176 48 96\" fill=\"none\" stroke=\"currentColor\" stroke-linecap=\"round\" stroke-linejoin=\"round\" stroke-width=\"16\"><\/polyline><\/svg><\/span><span class=\"gb-accordion__toggle-icon-close\"><svg aria-hidden=\"true\" viewBox=\"0 0 256 256\"><rect width=\"256\" height=\"256\" fill=\"none\"><\/rect><polyline points=\"48 160 128 80 208 160\" fill=\"none\" stroke=\"currentColor\" stroke-linecap=\"round\" stroke-linejoin=\"round\" stroke-width=\"16\"><\/polyline><\/svg><\/span><\/span>\n<\/div>\n\n\n\n<div class=\"gb-accordion__content\" id=\"gb-accordion-content-a35844c5\">\n<div class=\"faq-accordion-answer\">\n<p>Nous utilisons l\u2019outil de visualisation de donn\u00e9es de Google, Looker Studio, pour afficher les donn\u00e9es sous la forme d\u2019un tableau de bord.<\/p>\n<\/div>\n<\/div>\n<\/div>\n\n\n\n<div class=\"gb-accordion__item faq-accordion-item\">\n<div role=\"button\" tabindex=\"0\" class=\"gb-accordion__toggle tp-body-bold faq-accordion-toggle\" id=\"gb-accordion-toggle-432626be\">\n<h3 class=\"gb-text\">Quelles sont nos sources de donn\u00e9es ?<\/h3>\n\n\n\n<span class=\"gb-accordion__toggle-icon gb-accordion__toggle-icon-06807bd1\"><span class=\"gb-accordion__toggle-icon-open\"><svg aria-hidden=\"true\" viewBox=\"0 0 256 256\"><rect width=\"256\" height=\"256\" fill=\"none\"><\/rect><polyline points=\"208 96 128 176 48 96\" fill=\"none\" stroke=\"currentColor\" stroke-linecap=\"round\" stroke-linejoin=\"round\" stroke-width=\"16\"><\/polyline><\/svg><\/span><span class=\"gb-accordion__toggle-icon-close\"><svg aria-hidden=\"true\" viewBox=\"0 0 256 256\"><rect width=\"256\" height=\"256\" fill=\"none\"><\/rect><polyline points=\"48 160 128 80 208 160\" fill=\"none\" stroke=\"currentColor\" stroke-linecap=\"round\" stroke-linejoin=\"round\" stroke-width=\"16\"><\/polyline><\/svg><\/span><\/span>\n<\/div>\n\n\n\n<div class=\"gb-accordion__content\" id=\"gb-accordion-content-c4b0b980\">\n<div class=\"faq-accordion-answer\">\n<p>Nous connectons les rapports avec les outils de l\u2019\u00e9cosyst\u00e8me Google : Google Sheets, Google Analytics, Google Search Console, Google Ads, ainsi qu\u2019avec d\u2019autres outils externes comme Semrush ou Ahrefs pour obtenir des informations compl\u00e9mentaires.<\/p>\n<\/div>\n<\/div>\n<\/div>\n<\/div>\n<\/section>\n","protected":false},"excerpt":{"rendered":"<p>Analyse et prise de d\u00e9cision bas\u00e9e sur les donn\u00e9es L\u2019analyse web est la cl\u00e9 dont vous avez besoin pour&#8230;<\/p>\n","protected":false},"author":50,"featured_media":89515,"parent":71429,"menu_order":0,"comment_status":"closed","ping_status":"closed","template":"","meta":{"_acf_changed":false,"footnotes":""},"class_list":["post-71666","page","type-page","status-publish","has-post-thumbnail"],"acf":[],"yoast_head":"<!-- This site is optimized with the Yoast SEO plugin v27.6 - https:\/\/yoast.com\/product\/yoast-seo-wordpress\/ -->\n<title>Analyse Web et Reporting SEO | Human Level<\/title>\n<meta name=\"description\" content=\"Service d\u2019analyse web pour optimiser les strat\u00e9gies de visibilit\u00e9. Identifiez vos canaux les plus efficaces pour la conversion.\" \/>\n<meta name=\"robots\" content=\"index, follow, max-snippet:-1, max-image-preview:large, max-video-preview:-1\" \/>\n<link rel=\"canonical\" href=\"https:\/\/www.humanlevel.com\/fr\/seo\/analytique-reporting\" \/>\n<meta property=\"og:locale\" content=\"fr_FR\" \/>\n<meta property=\"og:type\" content=\"article\" \/>\n<meta property=\"og:title\" content=\"Analyse Web et Reporting SEO | Human Level\" \/>\n<meta property=\"og:description\" content=\"Service d\u2019analyse web pour optimiser les strat\u00e9gies de visibilit\u00e9. Identifiez vos canaux les plus efficaces pour la conversion.\" \/>\n<meta property=\"og:url\" content=\"https:\/\/www.humanlevel.com\/fr\/seo\/analytique-reporting\" \/>\n<meta property=\"og:site_name\" content=\"Human Level\" \/>\n<meta property=\"og:image\" content=\"https:\/\/www.humanlevel.com\/wp-content\/uploads\/analitica-web-1-scaled.jpg\" \/>\n\t<meta property=\"og:image:width\" content=\"2560\" \/>\n\t<meta property=\"og:image:height\" content=\"869\" \/>\n\t<meta property=\"og:image:type\" content=\"image\/jpeg\" \/>\n<meta name=\"twitter:card\" content=\"summary_large_image\" \/>\n<meta name=\"twitter:label1\" content=\"Dur\u00e9e de lecture estim\u00e9e\" \/>\n\t<meta name=\"twitter:data1\" content=\"6 minutes\" \/>\n<script type=\"application\/ld+json\" class=\"yoast-schema-graph\">{\"@context\":\"https:\\\/\\\/schema.org\",\"@graph\":[{\"@type\":\"WebPage\",\"@id\":\"https:\\\/\\\/www.humanlevel.com\\\/fr\\\/seo\\\/analytique-reporting\",\"url\":\"https:\\\/\\\/www.humanlevel.com\\\/fr\\\/seo\\\/analytique-reporting\",\"name\":\"Analyse Web et Reporting SEO | Human Level\",\"isPartOf\":{\"@id\":\"https:\\\/\\\/www.humanlevel.com\\\/fr#website\"},\"primaryImageOfPage\":{\"@id\":\"https:\\\/\\\/www.humanlevel.com\\\/fr\\\/seo\\\/analytique-reporting#primaryimage\"},\"image\":{\"@id\":\"https:\\\/\\\/www.humanlevel.com\\\/fr\\\/seo\\\/analytique-reporting#primaryimage\"},\"thumbnailUrl\":\"https:\\\/\\\/www.humanlevel.com\\\/wp-content\\\/uploads\\\/hl-og-servicios.jpg\",\"datePublished\":\"2023-05-29T10:03:35+00:00\",\"dateModified\":\"2026-04-11T13:10:55+00:00\",\"description\":\"Service d\u2019analyse web pour optimiser les strat\u00e9gies de visibilit\u00e9. Identifiez vos canaux les plus efficaces pour la conversion.\",\"breadcrumb\":{\"@id\":\"https:\\\/\\\/www.humanlevel.com\\\/fr\\\/seo\\\/analytique-reporting#breadcrumb\"},\"inLanguage\":\"fr-FR\",\"potentialAction\":[{\"@type\":\"ReadAction\",\"target\":[\"https:\\\/\\\/www.humanlevel.com\\\/fr\\\/seo\\\/analytique-reporting\"]}]},{\"@type\":\"ImageObject\",\"inLanguage\":\"fr-FR\",\"@id\":\"https:\\\/\\\/www.humanlevel.com\\\/fr\\\/seo\\\/analytique-reporting#primaryimage\",\"url\":\"https:\\\/\\\/www.humanlevel.com\\\/wp-content\\\/uploads\\\/hl-og-servicios.jpg\",\"contentUrl\":\"https:\\\/\\\/www.humanlevel.com\\\/wp-content\\\/uploads\\\/hl-og-servicios.jpg\",\"width\":1200,\"height\":630},{\"@type\":\"BreadcrumbList\",\"@id\":\"https:\\\/\\\/www.humanlevel.com\\\/fr\\\/seo\\\/analytique-reporting#breadcrumb\",\"itemListElement\":[{\"@type\":\"ListItem\",\"position\":1,\"name\":\"Inicio\",\"item\":\"https:\\\/\\\/www.humanlevel.com\\\/fr\"},{\"@type\":\"ListItem\",\"position\":2,\"name\":\"SEO\",\"item\":\"https:\\\/\\\/www.humanlevel.com\\\/fr\\\/seo\"},{\"@type\":\"ListItem\",\"position\":3,\"name\":\"Analyse du web\"}]},{\"@type\":\"WebSite\",\"@id\":\"https:\\\/\\\/www.humanlevel.com\\\/fr#website\",\"url\":\"https:\\\/\\\/www.humanlevel.com\\\/fr\",\"name\":\"Human Level\",\"description\":\"Agencia SEO para grandes marcas nacionales e internacionales.\",\"publisher\":{\"@id\":\"https:\\\/\\\/www.humanlevel.com\\\/fr#organization\"},\"potentialAction\":[{\"@type\":\"SearchAction\",\"target\":{\"@type\":\"EntryPoint\",\"urlTemplate\":\"https:\\\/\\\/www.humanlevel.com\\\/fr?s={search_term_string}\"},\"query-input\":{\"@type\":\"PropertyValueSpecification\",\"valueRequired\":true,\"valueName\":\"search_term_string\"}}],\"inLanguage\":\"fr-FR\"},{\"@type\":\"Organization\",\"@id\":\"https:\\\/\\\/www.humanlevel.com\\\/fr#organization\",\"name\":\"Human Level\",\"url\":\"https:\\\/\\\/www.humanlevel.com\\\/fr\",\"logo\":{\"@type\":\"ImageObject\",\"inLanguage\":\"fr-FR\",\"@id\":\"https:\\\/\\\/www.humanlevel.com\\\/fr#\\\/schema\\\/logo\\\/image\\\/\",\"url\":\"https:\\\/\\\/www.humanlevel.com\\\/wp-content\\\/uploads\\\/logohl25x3.png\",\"contentUrl\":\"https:\\\/\\\/www.humanlevel.com\\\/wp-content\\\/uploads\\\/logohl25x3.png\",\"width\":600,\"height\":93,\"caption\":\"Human Level\"},\"image\":{\"@id\":\"https:\\\/\\\/www.humanlevel.com\\\/fr#\\\/schema\\\/logo\\\/image\\\/\"},\"sameAs\":[\"https:\\\/\\\/www.linkedin.com\\\/company\\\/human-level-communications\",\"https:\\\/\\\/www.youtube.com\\\/user\\\/humanlevelcommunica\",\"https:\\\/\\\/bsky.app\\\/profile\\\/humanlevel.bsky.social\",\"https:\\\/\\\/instagram.com\\\/humanlevel\"]}]}<\/script>\n<!-- \/ Yoast SEO plugin. -->","yoast_head_json":{"title":"Analyse Web et Reporting SEO | Human Level","description":"Service d\u2019analyse web pour optimiser les strat\u00e9gies de visibilit\u00e9. Identifiez vos canaux les plus efficaces pour la conversion.","robots":{"index":"index","follow":"follow","max-snippet":"max-snippet:-1","max-image-preview":"max-image-preview:large","max-video-preview":"max-video-preview:-1"},"canonical":"https:\/\/www.humanlevel.com\/fr\/seo\/analytique-reporting","og_locale":"fr_FR","og_type":"article","og_title":"Analyse Web et Reporting SEO | Human Level","og_description":"Service d\u2019analyse web pour optimiser les strat\u00e9gies de visibilit\u00e9. Identifiez vos canaux les plus efficaces pour la conversion.","og_url":"https:\/\/www.humanlevel.com\/fr\/seo\/analytique-reporting","og_site_name":"Human Level","og_image":[{"width":2560,"height":869,"url":"https:\/\/www.humanlevel.com\/wp-content\/uploads\/analitica-web-1-scaled.jpg","type":"image\/jpeg"}],"twitter_card":"summary_large_image","twitter_misc":{"Dur\u00e9e de lecture estim\u00e9e":"6 minutes"},"schema":{"@context":"https:\/\/schema.org","@graph":[{"@type":"WebPage","@id":"https:\/\/www.humanlevel.com\/fr\/seo\/analytique-reporting","url":"https:\/\/www.humanlevel.com\/fr\/seo\/analytique-reporting","name":"Analyse Web et Reporting SEO | Human Level","isPartOf":{"@id":"https:\/\/www.humanlevel.com\/fr#website"},"primaryImageOfPage":{"@id":"https:\/\/www.humanlevel.com\/fr\/seo\/analytique-reporting#primaryimage"},"image":{"@id":"https:\/\/www.humanlevel.com\/fr\/seo\/analytique-reporting#primaryimage"},"thumbnailUrl":"https:\/\/www.humanlevel.com\/wp-content\/uploads\/hl-og-servicios.jpg","datePublished":"2023-05-29T10:03:35+00:00","dateModified":"2026-04-11T13:10:55+00:00","description":"Service d\u2019analyse web pour optimiser les strat\u00e9gies de visibilit\u00e9. Identifiez vos canaux les plus efficaces pour la conversion.","breadcrumb":{"@id":"https:\/\/www.humanlevel.com\/fr\/seo\/analytique-reporting#breadcrumb"},"inLanguage":"fr-FR","potentialAction":[{"@type":"ReadAction","target":["https:\/\/www.humanlevel.com\/fr\/seo\/analytique-reporting"]}]},{"@type":"ImageObject","inLanguage":"fr-FR","@id":"https:\/\/www.humanlevel.com\/fr\/seo\/analytique-reporting#primaryimage","url":"https:\/\/www.humanlevel.com\/wp-content\/uploads\/hl-og-servicios.jpg","contentUrl":"https:\/\/www.humanlevel.com\/wp-content\/uploads\/hl-og-servicios.jpg","width":1200,"height":630},{"@type":"BreadcrumbList","@id":"https:\/\/www.humanlevel.com\/fr\/seo\/analytique-reporting#breadcrumb","itemListElement":[{"@type":"ListItem","position":1,"name":"Inicio","item":"https:\/\/www.humanlevel.com\/fr"},{"@type":"ListItem","position":2,"name":"SEO","item":"https:\/\/www.humanlevel.com\/fr\/seo"},{"@type":"ListItem","position":3,"name":"Analyse du web"}]},{"@type":"WebSite","@id":"https:\/\/www.humanlevel.com\/fr#website","url":"https:\/\/www.humanlevel.com\/fr","name":"Human Level","description":"Agencia SEO para grandes marcas nacionales e internacionales.","publisher":{"@id":"https:\/\/www.humanlevel.com\/fr#organization"},"potentialAction":[{"@type":"SearchAction","target":{"@type":"EntryPoint","urlTemplate":"https:\/\/www.humanlevel.com\/fr?s={search_term_string}"},"query-input":{"@type":"PropertyValueSpecification","valueRequired":true,"valueName":"search_term_string"}}],"inLanguage":"fr-FR"},{"@type":"Organization","@id":"https:\/\/www.humanlevel.com\/fr#organization","name":"Human Level","url":"https:\/\/www.humanlevel.com\/fr","logo":{"@type":"ImageObject","inLanguage":"fr-FR","@id":"https:\/\/www.humanlevel.com\/fr#\/schema\/logo\/image\/","url":"https:\/\/www.humanlevel.com\/wp-content\/uploads\/logohl25x3.png","contentUrl":"https:\/\/www.humanlevel.com\/wp-content\/uploads\/logohl25x3.png","width":600,"height":93,"caption":"Human Level"},"image":{"@id":"https:\/\/www.humanlevel.com\/fr#\/schema\/logo\/image\/"},"sameAs":["https:\/\/www.linkedin.com\/company\/human-level-communications","https:\/\/www.youtube.com\/user\/humanlevelcommunica","https:\/\/bsky.app\/profile\/humanlevel.bsky.social","https:\/\/instagram.com\/humanlevel"]}]}},"_links":{"self":[{"href":"https:\/\/www.humanlevel.com\/fr\/wp-json\/wp\/v2\/pages\/71666","targetHints":{"allow":["GET"]}}],"collection":[{"href":"https:\/\/www.humanlevel.com\/fr\/wp-json\/wp\/v2\/pages"}],"about":[{"href":"https:\/\/www.humanlevel.com\/fr\/wp-json\/wp\/v2\/types\/page"}],"author":[{"embeddable":true,"href":"https:\/\/www.humanlevel.com\/fr\/wp-json\/wp\/v2\/users\/50"}],"replies":[{"embeddable":true,"href":"https:\/\/www.humanlevel.com\/fr\/wp-json\/wp\/v2\/comments?post=71666"}],"version-history":[{"count":5,"href":"https:\/\/www.humanlevel.com\/fr\/wp-json\/wp\/v2\/pages\/71666\/revisions"}],"predecessor-version":[{"id":87975,"href":"https:\/\/www.humanlevel.com\/fr\/wp-json\/wp\/v2\/pages\/71666\/revisions\/87975"}],"up":[{"embeddable":true,"href":"https:\/\/www.humanlevel.com\/fr\/wp-json\/wp\/v2\/pages\/71429"}],"wp:featuredmedia":[{"embeddable":true,"href":"https:\/\/www.humanlevel.com\/fr\/wp-json\/wp\/v2\/media\/89515"}],"wp:attachment":[{"href":"https:\/\/www.humanlevel.com\/fr\/wp-json\/wp\/v2\/media?parent=71666"}],"curies":[{"name":"wp","href":"https:\/\/api.w.org\/{rel}","templated":true}]}}