{"id":71654,"date":"2025-02-21T11:50:02","date_gmt":"2025-02-21T10:50:02","guid":{"rendered":"https:\/\/www.humanlevel.com\/seo\/tecnico"},"modified":"2026-01-26T09:48:17","modified_gmt":"2026-01-26T08:48:17","slug":"technique","status":"publish","type":"page","link":"https:\/\/www.humanlevel.com\/fr\/seo\/technique","title":{"rendered":"SEO Technique"},"content":{"rendered":"<p><div class=\"row\"><div class=\"col section1\"><div class=\"container\"><div class=\"row mb-4\"><div class=\"col section1_col1 col-12\"><div class=\"mb-4\"><\/p>\n<div class=\"section1_p1 estilo_titulo_seccion\">\n<h2>SEO technique : l&rsquo;optimisation \u00e0 partir de la base<\/h2>\n<\/div>\n<div class=\"section1_p2 estilo_contenido_5\">\n<p>Notre service de <span class=\"notion-enable-hover\" data-token-index=\"1\">SEO technique<\/span> vous aide \u00e0 r\u00e9soudre les probl\u00e8mes les plus complexes qui emp\u00eachent votre site web d&rsquo;atteindre son plein potentiel. Nous optimisons les performances, l&rsquo;indexabilit\u00e9 et l&rsquo;architecture des grands sites web, ce qui permet d&rsquo;am\u00e9liorer consid\u00e9rablement la facilit\u00e9 de recherche et de faciliter l&rsquo;acc\u00e8s des moteurs de recherche et des plateformes d&rsquo;intelligence artificielle \u00e0 l&rsquo;ensemble de votre contenu.<\/p>\n<\/div>\n<p><\/div><\/div><\/div><\/div><\/div><\/div><div class=\"row vc_custom_1675958803271\" style=\"background-color: #f9f9fb !important;\" ><div class=\"col section2\"><div class=\"container\"><div class=\"row mb-4\"><div class=\"col-md-6 section2_col1 col-12 col-md-12 col-lg-6\"><div class=\"mb-4\"><\/p>\n<div class=\"section2_col1_p1 estilo_contenido_4\">Pourquoi investir dans le SEO technique ?<\/div>\n<div class=\"section2_col1_p2 estilo_titulo_seccion\">\n<h2>Une base technique solide pour votre site web<\/h2>\n<\/div>\n<p><\/div><\/div><div class=\"col-md-6 section2_col2 col-12 col-md-12 col-lg-6 estilo_contenido_2\"><div class=\"mb-4\"><\/p>\n<div class=\"section2_lista\">\n<ul>\n<li><span class=\"notion-enable-hover\" data-token-index=\"0\">Pr\u00e9vention et r\u00e9solution des probl\u00e8mes techniques<\/span><\/li>\n<li><span class=\"notion-enable-hover\" data-token-index=\"0\">Optimisation des performances web<\/span><\/li>\n<li><span class=\"notion-enable-hover\" data-token-index=\"0\">Accompagnement et supervision pendant la mise en \u0153uvre<\/span><\/li>\n<li><span class=\"notion-enable-hover\" data-token-index=\"0\">Suivi de l&rsquo;impact des am\u00e9liorations<\/span><\/li>\n<\/ul>\n<\/div>\n<p><\/div><div class=\"mb-4\"><\/p>\n<div id=\"empezar\"><a class=\"btn btn-hlc\" href=\"#anchor-formulario\">COMMENCEZ MAINTENANT<\/a><\/div>\n<p><\/div><\/div><\/div><\/div><\/div><\/div><div class=\"row\"><div class=\"col section3\"><div class=\"container\"><div class=\"row mb-4\"><div class=\"col section3_f1\"><div class=\"mb-4\"><\/p>\n<div class=\"section3_f1_p1 estilo_contenido_4\">En quoi consiste le service de SEO technique ?<\/div>\n<div class=\"section3_f1_p2 estilo_titulo_seccion\">\n<h2>Que comprend notre service<\/h2>\n<\/div>\n<p><\/div><\/div><\/div><div class=\"row mb-4\"><div class=\"col-md-2 col-sm-4 section3_f2_col1 col-12 col-sm-12 col-md-6 col-lg-6 col-xl-4\"><div class=\"mb-4\"><\/p>\n<div class=\"icon_proceso\"><img loading=\"lazy\" decoding=\"async\" src=\"\/wp-content\/themes\/humanlevel\/img\/icons\/settings-red.svg\" width=\"24\" height=\"24\" \/><\/div>\n<div class=\"p1 estilo_contenido_2\">\n<h3>R\u00e9solution des probl\u00e8mes techniques<\/h3>\n<\/div>\n<div class=\"p2 estilo_contenido_1\">Nous r\u00e9solvons les probl\u00e8mes critiques li\u00e9s au crawl et \u00e0 l&rsquo;indexation et optimisons les fichiers comme les sitemaps et le robots.txt afin d\u2019assurer le bon fonctionnement du site.<\/div>\n<p><\/div><\/div><div class=\"col-md-2 col-sm-4 section3_f2_col2 col-12 col-sm-12 col-md-6 col-lg-6 col-xl-4\"><div class=\"mb-4\"><\/p>\n<div class=\"icon_proceso\"><img loading=\"lazy\" decoding=\"async\" src=\"\/wp-content\/themes\/humanlevel\/img\/icons\/file-text-red.svg\" width=\"24\" height=\"24\" \/><\/div>\n<div class=\"p1 estilo_contenido_2\">\n<h3>Analyse du rendu et de JavaScript<\/h3>\n<\/div>\n<div class=\"p2 estilo_contenido_1\">Nous analysons le rendu du contenu dynamique, l&rsquo;optimisation du chargement et de l&rsquo;ex\u00e9cution de JavaScript et la v\u00e9rification du DOM rendu par rapport au HTML initial.<\/div>\n<p><\/div><\/div><div class=\"col-md-2 col-sm-4 section3_f2_col3 col-12 col-sm-12 col-md-6 col-lg-6 col-xl-4\"><div class=\"mb-4\"><\/p>\n<div class=\"icon_proceso\"><img loading=\"lazy\" decoding=\"async\" src=\"\/wp-content\/themes\/humanlevel\/img\/icons\/git-pull-request-red.svg\" width=\"24\" height=\"24\" \/><\/div>\n<div class=\"p1 estilo_contenido_2\">\n<h3>Architecture de l&rsquo;information<\/h3>\n<\/div>\n<div class=\"p2 estilo_contenido_1\">Nous optimisons la hi\u00e9rarchie du contenu, la navigabilit\u00e9 du site et la profondeur d&rsquo;indexation en mettant en place des taxonomies efficaces \u00e0 la fois pour les utilisateurs et les moteurs de recherche.<\/div>\n<p><\/div><\/div><div class=\"col-md-2 col-sm-4 section3_f3_col1 col-12 col-sm-12 col-md-6 col-lg-6 col-xl-4\"><div class=\"mb-4\"><\/p>\n<div class=\"icon_proceso\"><img loading=\"lazy\" decoding=\"async\" src=\"\/wp-content\/themes\/humanlevel\/img\/icons\/map-pin-red.svg\" width=\"24\" height=\"24\" \/><\/div>\n<div class=\"p1 estilo_contenido_2\">\n<h3>Mise en \u0153uvre du SEO international<\/h3>\n<\/div>\n<div class=\"p2 estilo_contenido_1\">Nous optimisons la g\u00e9olocalisation du contenu gr\u00e2ce \u00e0 la mise en \u0153uvre correcte des balises hreflang et d\u00e9veloppons des strat\u00e9gies sp\u00e9cifiques pour l&rsquo;optimisation multilingue.<\/div>\n<p><\/div><\/div><div class=\"col-md-2 col-sm-4 section3_f3_col2 col-12 col-sm-12 col-md-6 col-lg-6 col-xl-4\"><div class=\"mb-4\"><\/p>\n<div class=\"icon_proceso\"><img loading=\"lazy\" decoding=\"async\" src=\"\/wp-content\/themes\/humanlevel\/img\/icons\/tool-red.svg\" width=\"24\" height=\"24\" \/><\/div>\n<div class=\"p1 estilo_contenido_2\">\n<h3>Optimisation des performances web (WPO)<\/h3>\n<\/div>\n<div class=\"p2 estilo_contenido_1\">Nous am\u00e9liorons les indicateurs cl\u00e9s de performance de votre site, y compris l&rsquo;optimisation des Core Web Vitals, la r\u00e9duction des temps de chargement et de r\u00e9ponse du serveur, ainsi que l\u2019optimisation des ressources.<\/div>\n<p><\/div><\/div><div class=\"col-md-2 col-sm-4 section3_f3_col3 col-12 col-sm-12 col-md-6 col-lg-6 col-xl-4\"><div class=\"mb-4\"><\/p>\n<div class=\"icon_proceso\"><img loading=\"lazy\" decoding=\"async\" src=\"\/wp-content\/themes\/humanlevel\/img\/icons\/activity-red.svg\" width=\"24\" height=\"24\" \/><\/div>\n<div class=\"p1 estilo_contenido_2\">\n<h3>Suivi et maintenance<\/h3>\n<\/div>\n<div class=\"p2 estilo_contenido_1\">Supervision continue des modifications techniques et de leur impact, suivi des erreurs dans Search Console et contr\u00f4le r\u00e9gulier des performances et de la rapidit\u00e9 \u00e0 travers des tableaux de bord exploitables.<\/div>\n<p><\/div><\/div><\/div><\/div><\/div><\/div><div class=\"row\"><div class=\"col section5\"><div class=\"container\"><div class=\"row mb-4\"><div class=\"col-md-6 section5_col1 col-12 col-sm-12 col-md-12 col-lg-6\"><div class=\"mb-4\"><\/p>\n<div class=\"p1 estilo_contenido_4\">Notre processus<\/div>\n<div class=\"p2 estilo_titulo_seccion\">\n<h2>Voici comment nous travaillons avec vous<\/h2>\n<\/div>\n<div class=\"p3 estilo_contenido_5\"><span class=\"notion-enable-hover\" data-token-index=\"0\">Nous travaillons sur des projets de positionnement international depuis plus de 17 ans. Nos recommandations sont toujours bas\u00e9es sur l\u2019exp\u00e9rience et la performance. <\/span><\/div>\n<p><\/div><\/div><div class=\"col-md-6 section5_col2 col-12 col-sm-12 col-md-12 col-lg-6\"><div class=\"mb-4\"><\/p>\n<div class=\"section5_lista\">\n<ol id=\"lista_proceso\">\n<li>\n<div class=\"p1 estilo_contenido_2\">\n<h3>Analyse initiale et diagnostic<\/h3>\n<\/div>\n<div class=\"p2 estilo_contenido_1\">Nous commen\u00e7ons par un audit technique complet de votre site web afin d&rsquo;\u00e9valuer son \u00e9tat actuel, d&rsquo;identifier les probl\u00e8mes critiques, de diagnostiquer leur origine et de proposer les solutions les plus efficaces.<\/div>\n<\/li>\n<li>\n<div class=\"p1 estilo_contenido_2\">\n<h3>D\u00e9finition du plan d&rsquo;action<\/h3>\n<\/div>\n<div class=\"p2 estilo_contenido_1\">Nous \u00e9laborons une strat\u00e9gie qui hi\u00e9rarchise les am\u00e9liorations en fonction de leur impact et de leur complexit\u00e9. Nous \u00e9tablissons un calendrier de mise en \u0153uvre et d\u00e9finissons des indicateurs pour mesurer le succ\u00e8s de chaque action.<\/div>\n<\/li>\n<li>\n<div class=\"p1 estilo_contenido_2\">\n<h3>Mise en \u0153uvre des am\u00e9liorations<\/h3>\n<\/div>\n<div class=\"p2 estilo_contenido_1\">En collaboration avec vos techniciens, nous coordonnons la mise en \u0153uvre des recommandations, en fournissant des sp\u00e9cifications techniques pr\u00e9cises et en supervisant chaque mise en \u0153uvre.<\/div>\n<\/li>\n<li>\n<div class=\"p1 estilo_contenido_2\">\n<h3>Validation et contr\u00f4le de qualit\u00e9<\/h3>\n<\/div>\n<div class=\"p2 estilo_contenido_1\">Nous validons que les changements fonctionnent comme pr\u00e9vu et qu&rsquo;ils auront l&rsquo;impact attendu sur l&rsquo;indexabilit\u00e9, la performance et la visibilit\u00e9 du site.<\/div>\n<\/li>\n<li>\n<div class=\"p1 estilo_contenido_2\">\n<h3>Surveillance et optimisation continue<\/h3>\n<\/div>\n<div class=\"p2 estilo_contenido_1\">Suivi constant des indicateurs cl\u00e9s pour d\u00e9tecter et r\u00e9soudre rapidement tout probl\u00e8me, en ajustant notre strat\u00e9gie en fonction des r\u00e9sultats obtenus.<\/div>\n<\/li>\n<li>\n<div class=\"p1 estilo_contenido_2\">\n<h3>Reporting et communication<\/h3>\n<\/div>\n<div class=\"p2 estilo_contenido_1\">Nous vous tenons inform\u00e9 de l&rsquo;avancement du projet \u00e0 travers des rapports r\u00e9guliers et des r\u00e9unions de suivi, o\u00f9 nous analysons les r\u00e9sultats obtenus et planifions les prochaines actions d\u2019am\u00e9lioration.<\/div>\n<\/li>\n<\/ol>\n<\/div>\n<p><\/div><\/div><\/div><\/div><\/div><\/div><div class=\"row\"><div class=\"col section_faqs\"><div class=\"container\"><div class=\"row mb-4\"><div class=\"col section_faqs_col1 col-12 col-lg-6\"><div class=\"mb-4\"><\/p>\n<div class=\"estilo_titulo_seccion p1\">\n<h2>Questions fr\u00e9quemment pos\u00e9es<\/h2>\n<\/div>\n<div class=\"estilo_contenido_5 p2\">Vous avez une question \u00e0 laquelle nous n&rsquo;avons pas r\u00e9pondu ? N&rsquo;h\u00e9sitez pas \u00e0 nous contacter.<\/div>\n<div id=\"contactar\"><a class=\"btn btn-hlc\" href=\"#anchor-formulario\">CONTACT<\/a><\/div>\n<p><\/div><\/div><\/div><div class=\"accordion mb-4\" id=\"accordion1\"> <div class=\"card mt-3\">\r\n <h3 class=\"card-header\" data-toggle=\"collapse\" data-target=\"#t1677151007435-c195419e-b77660fe-35390a56-3ee6\">\r\n Comment g\u00e9rez-vous les sites utilisant plusieurs technologies\/frameworks ? <button class=\"arrow\"><\/button>\r\n <\/h3>\r\n <div id=\"t1677151007435-c195419e-b77660fe-35390a56-3ee6\" class=\"collapse show\" data-parent=\"#accordion1\">\r\n <div class=\"card-body\"><p><\/p>\r\n <div class=\"mb-4\"><\/p>\n<div class=\"estilo_contenido_1\">Nous avons de l&rsquo;exp\u00e9rience avec divers environnements technologiques (React, Angular, Vue, PHP, etc.) et nous adaptons nos solutions aux sp\u00e9cificit\u00e9s de chaque framework, en assurant des optimisations compatibles avec votre infrastructure.<\/div>\n<p><\/div>\r\n <\/div>\r\n <\/div> \r\n <\/div> <div class=\"card\">\r\n <h3 class=\"card-header collapsed\" data-toggle=\"collapse\" data-target=\"#t1677151007493-c90f1a18-d2f060fe-35390a56-3ee6\">\r\n Comment travaillez-vous avec notre \u00e9quipe technique interne ? <button class=\"arrow\"><\/button>\r\n <\/h3>\r\n <div id=\"t1677151007493-c90f1a18-d2f060fe-35390a56-3ee6\" class=\"collapse\" data-parent=\"#accordion1\">\r\n <div class=\"card-body\"><p><\/p>\r\n <div class=\"mb-4\"><\/p>\n<div class=\"estilo_contenido_1\">Nous nous int\u00e9grons avec souplesse \u00e0 votre \u00e9quipe de d\u00e9veloppement, en nous adaptant \u00e0 vos m\u00e9thodologies et \u00e0 vos outils de travail. Nous fournissons des sp\u00e9cifications techniques d\u00e9taill\u00e9es, participons aux r\u00e9unions n\u00e9cessaires et offrons un soutien continu tout au long du processus de mise en \u0153uvre, garantissant une communication fluide et efficace.<\/div>\n<p><\/div>\r\n <\/div>\r\n <\/div> \r\n <\/div> <div class=\"card\">\r\n <h3 class=\"card-header collapsed\" data-toggle=\"collapse\" data-target=\"#t1677601713656-114beb83-e81a60fe-35390a56-3ee6\">\r\n Quels pr\u00e9requis sont n\u00e9cessaires avant de commencer ? <button class=\"arrow\"><\/button>\r\n <\/h3>\r\n <div id=\"t1677601713656-114beb83-e81a60fe-35390a56-3ee6\" class=\"collapse\" data-parent=\"#accordion1\">\r\n <div class=\"card-body\"><p><\/p>\r\n <div class=\"mb-4\"><\/p>\n<div class=\"estilo_contenido_1\">L&rsquo;essentiel est d&rsquo;avoir acc\u00e8s aux principaux outils tels que Google Search Console et Analytics, ainsi qu&rsquo;une personne de contact au sein de l&rsquo;\u00e9quipe technique. Nous r\u00e9alisons ensuite toutes les analyses n\u00e9cessaires et vous guidons \u00e0 chaque \u00e9tape du processus.<\/div>\n<p><\/div>\r\n <\/div>\r\n <\/div> \r\n <\/div> <div class=\"card\">\r\n <h3 class=\"card-header collapsed\" data-toggle=\"collapse\" data-target=\"#t1740129943767-7a3be7ac-2013\">\r\n Comment g\u00e9rez-vous les sites avec un volume \u00e9lev\u00e9 de pages dynamiques ? <button class=\"arrow\"><\/button>\r\n <\/h3>\r\n <div id=\"t1740129943767-7a3be7ac-2013\" class=\"collapse\" data-parent=\"#accordion1\">\r\n <div class=\"card-body\"><p><\/p>\r\n <div class=\"mb-4\"><\/p>\n<div class=\"estilo_contenido_1\">Nous d\u00e9veloppons des strat\u00e9gies sp\u00e9cifiques pour g\u00e9rer efficacement le budget de crawl, y compris l&rsquo;optimisation des sitemap, la priorisation du crawl et les techniques de gestion dynamique du contenu. Nous mettons en \u0153uvre des solutions \u00e9volutives qui maintiennent l&rsquo;efficacit\u00e9 m\u00eame avec des millions d&rsquo;URL.<\/div>\n<p><\/div>\r\n <\/div>\r\n <\/div> \r\n <\/div><\/div><\/div><\/div><\/div><div class=\"row\"><div class=\"col \"><script type=\"application\/ld+json\">\n{\n  \"@context\": \"https:\/\/schema.org\/\",\n  \"@type\": \"Service\",\n  \"serviceType\": \"SEO Technique\",\n  \"provider\": {\n    \"@type\": \"Organization\",\n    \"@id\":\"https:\\\/\\\/www.humanlevel.com\\\/#organization\"\n  },\n  \"areaServed\": {\n    \"@type\": \"Continent\",\n    \"name\": \"Europe\"\n  }\n}\n<\/script>\n<script type=\"application\/ld+json\">\n{\n\t\"@context\":\"http:\\\/\\\/schema.org\",\n\t\"@type\":\"Organization\",\n    \"@id\":\"https:\\\/\\\/www.humanlevel.com\\\/#organization\",\n    \"name\":\"Human Level\",\n    \"address\": {\n  \t\"@type\": \"PostalAddress\",\n  \t\"streetAddress\": \"Calle Arcadi Blasco, 20\",\n  \t\"addressLocality\": \"Sant Joan d'Alacant\",\n  \t\"addressRegion\": \"Alicante\",\n  \t\"postalCode\": \"03550\",\n  \t\"addressCountry\": \"ES\"\n    },\n  \t\"email\": \"info@humanlevel.com\",\n    \"telephone\": \"+34966141907\",\n    \"url\":\"https:\\\/\\\/www.humanlevel.com\\\/\",\n    \"logo\":\n    {\n    \t\"@type\":\"ImageObject\",\n    \t\"url\":\"https:\\\/\\\/www.humanlevel.com\\\/wp-content\\\/uploads\\\/logo-humanlevel-web.png\",\n        \"width\":305,\n        \"height\":74,\n        \"@id\":\"https:\\\/\\\/www.humanlevel.com\\\/#logo\"\n    },\n  \"image\":\n  {\n    \"@type\":\"ImageObject\",\n  \t\"@id\":\"https:\\\/\\\/www.humanlevel.com\\\/#logo\"\n  }\n}\n<\/script><\/div><\/div><\/p>\n","protected":false},"excerpt":{"rendered":"","protected":false},"author":36,"featured_media":71511,"parent":71429,"menu_order":0,"comment_status":"closed","ping_status":"closed","template":"HL_servicios_secciones.php","meta":{"footnotes":""},"class_list":["post-71654","page","type-page","status-publish","has-post-thumbnail","hentry","entry"],"yoast_head":"\n<title>Agence SEO Technique | Human Level<\/title>\n<meta name=\"description\" content=\"Agence experte en SEO technique pour sites complexes. Nous optimisons votre site pour une indexation rapide et un meilleur positionnement.\" \/>\n<meta name=\"robots\" content=\"index, follow, max-snippet:-1, max-image-preview:large, max-video-preview:-1\" \/>\n<link rel=\"canonical\" href=\"https:\/\/www.humanlevel.com\/fr\/seo\/technique\" \/>\n<meta property=\"og:locale\" content=\"fr_FR\" \/>\n<meta property=\"og:type\" content=\"article\" \/>\n<meta property=\"og:title\" content=\"Agence SEO Technique | Human Level\" \/>\n<meta property=\"og:description\" content=\"Agence experte en SEO technique pour sites complexes. Nous optimisons votre site pour une indexation rapide et un meilleur positionnement.\" \/>\n<meta property=\"og:url\" content=\"https:\/\/www.humanlevel.com\/fr\/seo\/technique\" \/>\n<meta property=\"og:site_name\" content=\"Human Level\" \/>\n<meta property=\"og:image\" content=\"https:\/\/www.humanlevel.com\/wp-content\/uploads\/seo-tecnico-desktop.jpg\" \/>\n\t<meta property=\"og:image:width\" content=\"1440\" \/>\n\t<meta property=\"og:image:height\" content=\"489\" \/>\n\t<meta property=\"og:image:type\" content=\"image\/jpeg\" \/>\n<meta name=\"twitter:card\" content=\"summary_large_image\" \/>\n<meta name=\"twitter:site\" content=\"@humanlevel\" \/>\n<meta name=\"twitter:label1\" content=\"Dur\u00e9e de lecture estim\u00e9e\" \/>\n\t<meta name=\"twitter:data1\" content=\"6 minutes\" \/>\n<script type=\"application\/ld+json\" class=\"yoast-schema-graph\">{\"@context\":\"https:\/\/schema.org\",\"@graph\":[{\"@type\":\"WebPage\",\"@id\":\"https:\/\/www.humanlevel.com\/fr\/seo\/technique\",\"url\":\"https:\/\/www.humanlevel.com\/fr\/seo\/technique\",\"name\":\"Agence SEO Technique | Human Level\",\"isPartOf\":{\"@id\":\"https:\/\/www.humanlevel.com\/fr#website\"},\"primaryImageOfPage\":{\"@id\":\"https:\/\/www.humanlevel.com\/fr\/seo\/technique#primaryimage\"},\"image\":{\"@id\":\"https:\/\/www.humanlevel.com\/fr\/seo\/technique#primaryimage\"},\"thumbnailUrl\":\"https:\/\/www.humanlevel.com\/wp-content\/uploads\/seo-tecnico-desktop.jpg\",\"datePublished\":\"2025-02-21T10:50:02+00:00\",\"dateModified\":\"2026-01-26T08:48:17+00:00\",\"description\":\"Agence experte en SEO technique pour sites complexes. Nous optimisons votre site pour une indexation rapide et un meilleur positionnement.\",\"breadcrumb\":{\"@id\":\"https:\/\/www.humanlevel.com\/fr\/seo\/technique#breadcrumb\"},\"inLanguage\":\"fr-FR\",\"potentialAction\":[{\"@type\":\"ReadAction\",\"target\":[\"https:\/\/www.humanlevel.com\/fr\/seo\/technique\"]}]},{\"@type\":\"ImageObject\",\"inLanguage\":\"fr-FR\",\"@id\":\"https:\/\/www.humanlevel.com\/fr\/seo\/technique#primaryimage\",\"url\":\"https:\/\/www.humanlevel.com\/wp-content\/uploads\/seo-tecnico-desktop.jpg\",\"contentUrl\":\"https:\/\/www.humanlevel.com\/wp-content\/uploads\/seo-tecnico-desktop.jpg\",\"width\":1440,\"height\":489,\"caption\":\"SEO Technique\"},{\"@type\":\"BreadcrumbList\",\"@id\":\"https:\/\/www.humanlevel.com\/fr\/seo\/technique#breadcrumb\",\"itemListElement\":[{\"@type\":\"ListItem\",\"position\":1,\"name\":\"Portada\",\"item\":\"https:\/\/www.humanlevel.com\/fr\"},{\"@type\":\"ListItem\",\"position\":2,\"name\":\"SEO\",\"item\":\"https:\/\/www.humanlevel.com\/fr\/seo\"},{\"@type\":\"ListItem\",\"position\":3,\"name\":\"SEO Technique\"}]},{\"@type\":\"WebSite\",\"@id\":\"https:\/\/www.humanlevel.com\/fr#website\",\"url\":\"https:\/\/www.humanlevel.com\/fr\",\"name\":\"Human Level\",\"description\":\"Agencia SEO para grandes marcas nacionales e internacionales.\",\"publisher\":{\"@id\":\"https:\/\/www.humanlevel.com\/fr#organization\"},\"potentialAction\":[{\"@type\":\"SearchAction\",\"target\":{\"@type\":\"EntryPoint\",\"urlTemplate\":\"https:\/\/www.humanlevel.com\/fr?s={search_term_string}\"},\"query-input\":{\"@type\":\"PropertyValueSpecification\",\"valueRequired\":true,\"valueName\":\"search_term_string\"}}],\"inLanguage\":\"fr-FR\"},{\"@type\":\"Organization\",\"@id\":\"https:\/\/www.humanlevel.com\/fr#organization\",\"name\":\"Human Level\",\"url\":\"https:\/\/www.humanlevel.com\/fr\",\"logo\":{\"@type\":\"ImageObject\",\"inLanguage\":\"fr-FR\",\"@id\":\"https:\/\/www.humanlevel.com\/fr#\/schema\/logo\/image\/\",\"url\":\"https:\/\/www.humanlevel.com\/wp-content\/uploads\/logo-human-negro-1.jpg\",\"contentUrl\":\"https:\/\/www.humanlevel.com\/wp-content\/uploads\/logo-human-negro-1.jpg\",\"width\":268,\"height\":51,\"caption\":\"Human Level\"},\"image\":{\"@id\":\"https:\/\/www.humanlevel.com\/fr#\/schema\/logo\/image\/\"},\"sameAs\":[\"https:\/\/x.com\/humanlevel\"]}]}<\/script>\n","yoast_head_json":{"title":"Agence SEO Technique | Human Level","description":"Agence experte en SEO technique pour sites complexes. Nous optimisons votre site pour une indexation rapide et un meilleur positionnement.","robots":{"index":"index","follow":"follow","max-snippet":"max-snippet:-1","max-image-preview":"max-image-preview:large","max-video-preview":"max-video-preview:-1"},"canonical":"https:\/\/www.humanlevel.com\/fr\/seo\/technique","og_locale":"fr_FR","og_type":"article","og_title":"Agence SEO Technique | Human Level","og_description":"Agence experte en SEO technique pour sites complexes. Nous optimisons votre site pour une indexation rapide et un meilleur positionnement.","og_url":"https:\/\/www.humanlevel.com\/fr\/seo\/technique","og_site_name":"Human Level","og_image":[{"width":1440,"height":489,"url":"https:\/\/www.humanlevel.com\/wp-content\/uploads\/seo-tecnico-desktop.jpg","type":"image\/jpeg"}],"twitter_card":"summary_large_image","twitter_site":"@humanlevel","twitter_misc":{"Dur\u00e9e de lecture estim\u00e9e":"6 minutes"},"schema":{"@context":"https:\/\/schema.org","@graph":[{"@type":"WebPage","@id":"https:\/\/www.humanlevel.com\/fr\/seo\/technique","url":"https:\/\/www.humanlevel.com\/fr\/seo\/technique","name":"Agence SEO Technique | Human Level","isPartOf":{"@id":"https:\/\/www.humanlevel.com\/fr#website"},"primaryImageOfPage":{"@id":"https:\/\/www.humanlevel.com\/fr\/seo\/technique#primaryimage"},"image":{"@id":"https:\/\/www.humanlevel.com\/fr\/seo\/technique#primaryimage"},"thumbnailUrl":"https:\/\/www.humanlevel.com\/wp-content\/uploads\/seo-tecnico-desktop.jpg","datePublished":"2025-02-21T10:50:02+00:00","dateModified":"2026-01-26T08:48:17+00:00","description":"Agence experte en SEO technique pour sites complexes. Nous optimisons votre site pour une indexation rapide et un meilleur positionnement.","breadcrumb":{"@id":"https:\/\/www.humanlevel.com\/fr\/seo\/technique#breadcrumb"},"inLanguage":"fr-FR","potentialAction":[{"@type":"ReadAction","target":["https:\/\/www.humanlevel.com\/fr\/seo\/technique"]}]},{"@type":"ImageObject","inLanguage":"fr-FR","@id":"https:\/\/www.humanlevel.com\/fr\/seo\/technique#primaryimage","url":"https:\/\/www.humanlevel.com\/wp-content\/uploads\/seo-tecnico-desktop.jpg","contentUrl":"https:\/\/www.humanlevel.com\/wp-content\/uploads\/seo-tecnico-desktop.jpg","width":1440,"height":489,"caption":"SEO Technique"},{"@type":"BreadcrumbList","@id":"https:\/\/www.humanlevel.com\/fr\/seo\/technique#breadcrumb","itemListElement":[{"@type":"ListItem","position":1,"name":"Portada","item":"https:\/\/www.humanlevel.com\/fr"},{"@type":"ListItem","position":2,"name":"SEO","item":"https:\/\/www.humanlevel.com\/fr\/seo"},{"@type":"ListItem","position":3,"name":"SEO Technique"}]},{"@type":"WebSite","@id":"https:\/\/www.humanlevel.com\/fr#website","url":"https:\/\/www.humanlevel.com\/fr","name":"Human Level","description":"Agencia SEO para grandes marcas nacionales e internacionales.","publisher":{"@id":"https:\/\/www.humanlevel.com\/fr#organization"},"potentialAction":[{"@type":"SearchAction","target":{"@type":"EntryPoint","urlTemplate":"https:\/\/www.humanlevel.com\/fr?s={search_term_string}"},"query-input":{"@type":"PropertyValueSpecification","valueRequired":true,"valueName":"search_term_string"}}],"inLanguage":"fr-FR"},{"@type":"Organization","@id":"https:\/\/www.humanlevel.com\/fr#organization","name":"Human Level","url":"https:\/\/www.humanlevel.com\/fr","logo":{"@type":"ImageObject","inLanguage":"fr-FR","@id":"https:\/\/www.humanlevel.com\/fr#\/schema\/logo\/image\/","url":"https:\/\/www.humanlevel.com\/wp-content\/uploads\/logo-human-negro-1.jpg","contentUrl":"https:\/\/www.humanlevel.com\/wp-content\/uploads\/logo-human-negro-1.jpg","width":268,"height":51,"caption":"Human Level"},"image":{"@id":"https:\/\/www.humanlevel.com\/fr#\/schema\/logo\/image\/"},"sameAs":["https:\/\/x.com\/humanlevel"]}]}},"_links":{"self":[{"href":"https:\/\/www.humanlevel.com\/fr\/wp-json\/wp\/v2\/pages\/71654","targetHints":{"allow":["GET"]}}],"collection":[{"href":"https:\/\/www.humanlevel.com\/fr\/wp-json\/wp\/v2\/pages"}],"about":[{"href":"https:\/\/www.humanlevel.com\/fr\/wp-json\/wp\/v2\/types\/page"}],"author":[{"embeddable":true,"href":"https:\/\/www.humanlevel.com\/fr\/wp-json\/wp\/v2\/users\/36"}],"replies":[{"embeddable":true,"href":"https:\/\/www.humanlevel.com\/fr\/wp-json\/wp\/v2\/comments?post=71654"}],"version-history":[{"count":3,"href":"https:\/\/www.humanlevel.com\/fr\/wp-json\/wp\/v2\/pages\/71654\/revisions"}],"predecessor-version":[{"id":81008,"href":"https:\/\/www.humanlevel.com\/fr\/wp-json\/wp\/v2\/pages\/71654\/revisions\/81008"}],"up":[{"embeddable":true,"href":"https:\/\/www.humanlevel.com\/fr\/wp-json\/wp\/v2\/pages\/71429"}],"wp:featuredmedia":[{"embeddable":true,"href":"https:\/\/www.humanlevel.com\/fr\/wp-json\/wp\/v2\/media\/71511"}],"wp:attachment":[{"href":"https:\/\/www.humanlevel.com\/fr\/wp-json\/wp\/v2\/media?parent=71654"}],"curies":[{"name":"wp","href":"https:\/\/api.w.org\/{rel}","templated":true}]}}