{"id":71648,"date":"2025-02-18T10:26:06","date_gmt":"2025-02-18T09:26:06","guid":{"rendered":"https:\/\/www.humanlevel.com\/politica-seguridad"},"modified":"2026-04-02T12:07:33","modified_gmt":"2026-04-02T10:07:33","slug":"securite","status":"publish","type":"page","link":"https:\/\/www.humanlevel.com\/fr\/politiques\/securite","title":{"rendered":"Politique de s\u00e9curit\u00e9 de l&rsquo;information"},"content":{"rendered":"\n<div class=\"reduced-content-width\">\n<p>L&rsquo;un des objectifs de <strong>Human Level Communications, S.L.U.<\/strong> est d&rsquo;essayer de pr\u00e9server la s\u00e9curit\u00e9 des informations, qu&rsquo;elles soient de nature personnelle ou non, et \u00e0 cette fin, elle \u00e9tablit un syst\u00e8me de s\u00e9curit\u00e9 de l&rsquo;information dans le but d&rsquo;assurer la r\u00e9duction des risques associ\u00e9s \u00e0 celle-ci et \u00e0 la cybers\u00e9curit\u00e9, que les informations ne soient accessibles qu&rsquo;aux utilisateurs qui ont un besoin l\u00e9gitime d&rsquo;ex\u00e9cuter leurs fonctions, qu&rsquo;elles soient prot\u00e9g\u00e9es, disponibles et qu&rsquo;elles soient utilis\u00e9es aux fins pour lesquelles elles ont \u00e9t\u00e9 obtenues. \u00c0 cette fin, <strong>Human Level Communications, S.L.U. <\/strong>d\u00e9finit les objectifs strat\u00e9giques suivants :<\/p>\n\n\n\n<ul class=\"wp-block-list\">\n<li>Minimiser les risques de perte de confidentialit\u00e9, d&rsquo;int\u00e9grit\u00e9 et de disponibilit\u00e9 des informations re\u00e7ues, g\u00e9n\u00e9r\u00e9es, trait\u00e9es et stock\u00e9es par <strong>Human Level Communications, S.L.U.<\/strong><\/li>\n\n\n\n<li>Soutenir les secteurs de l&rsquo;entreprise dans la s\u00e9curisation des actifs informationnels qui soutiennent les op\u00e9rations commerciales et les informations contenant des donn\u00e9es \u00e0 caract\u00e8re personnel.<\/li>\n\n\n\n<li>Sensibiliser les employ\u00e9s \u00e0 la s\u00e9curit\u00e9 de l&rsquo;information dans l&rsquo;exercice de leurs fonctions.<\/li>\n\n\n\n<li>Maintenir un programme de s\u00e9curit\u00e9 de l&rsquo;information et de cybers\u00e9curit\u00e9 qui soutient les objectifs strat\u00e9giques de l&rsquo;organisation et les nouveaux projets d&rsquo;entreprise.<\/li>\n\n\n\n<li>Respect des exigences l\u00e9gales, des engagements pris avec les clients et les fournisseurs et de toutes les autres r\u00e9glementations, r\u00e8gles internes ou lignes directrices auxquelles l&rsquo;entreprise est soumise.<\/li>\n\n\n\n<li>Am\u00e9liorer en permanence le syst\u00e8me de s\u00e9curit\u00e9 de l&rsquo;information.<\/li>\n\n\n\n<li>Renforcer la sensibilisation et la formation \u00e0 la s\u00e9curit\u00e9 de l&rsquo;information.<\/li>\n\n\n\n<li>Assurer une r\u00e9ponse rapide en cas d\u2019urgence, en r\u00e9tablissant les services essentiels dans les plus brefs d\u00e9lais.<\/li>\n<\/ul>\n\n\n\n<p>La politique de s\u00e9curit\u00e9 de l&rsquo;information concerne tous les utilisateurs et s&rsquo;applique \u00e0 toutes les informations cr\u00e9\u00e9es, trait\u00e9es ou utilis\u00e9es par <strong>Human Level Communications, S.L.U.,<\/strong> ind\u00e9pendamment du support, du format, de la pr\u00e9sentation ou de l&rsquo;endroit o\u00f9 elles se trouvent. Toutes les mesures de s\u00e9curit\u00e9 adopt\u00e9es visent \u00e0 prot\u00e9ger l&rsquo;information et les syst\u00e8mes d&rsquo;information qui la supportent, y compris les applications, les ressources des syst\u00e8mes d&rsquo;exploitation, les r\u00e9seaux et les moyens de t\u00e9l\u00e9communication, ainsi que les \u00e9quipements informatiques, qu&rsquo;ils soient g\u00e9r\u00e9s par <strong>Human Level Communications, S.L.U.<\/strong> ou par les entreprises ou le personnel express\u00e9ment autoris\u00e9s \u00e0 cette fin, tels que ceux qui ont sign\u00e9 un contrat de prestation de services ou de traitement de donn\u00e9es avec <strong>Human Level Communications, S.L.U.<\/strong> ou les ayants droit l\u00e9galement autoris\u00e9s. La politique de s\u00e9curit\u00e9 de l&rsquo;information et de cybers\u00e9curit\u00e9 vise \u00e0 garantir les trois principaux sc\u00e9narios suivants :<\/p>\n\n\n\n<ul class=\"wp-block-list\">\n<li>Le respect de la confidentialit\u00e9, qui implique que les informations critiques, sensibles, priv\u00e9es ou personnelles g\u00e9r\u00e9es par l&rsquo;organisation ne soient pas vol\u00e9es ou consult\u00e9es par des personnes non autoris\u00e9es.<\/li>\n\n\n\n<li>R\u00e9duire les risques d\u2019indisponibilit\u00e9, lorsque les services fournis par l&rsquo;organisation sont inaccessibles ou inutilisables.<\/li>\n\n\n\n<li>Assurer l&rsquo;int\u00e9grit\u00e9 des syst\u00e8mes d&rsquo;information, en \u00e9vitant la corruption des donn\u00e9es ou des syst\u00e8mes organisationnels qui affecterait l&rsquo;exactitude ou l&rsquo;int\u00e9grit\u00e9 des informations et du traitement, et qui pourrait \u00e9galement affecter la disponibilit\u00e9 des services.<\/li>\n<\/ul>\n\n\n\n<p>La politique de s\u00e9curit\u00e9 de l&rsquo;information sera \u00e9labor\u00e9e au moyen de r\u00e8gles de s\u00e9curit\u00e9 portant sur des aspects sp\u00e9cifiques et sera r\u00e9vis\u00e9e au moins une fois par an et \u00e0 chaque fois qu&rsquo;il y aura des changements pertinents dans l&rsquo;organisation, afin de s&rsquo;assurer qu&rsquo;elle est adapt\u00e9e \u00e0 la strat\u00e9gie et aux besoins de l&rsquo;organisation elle-m\u00eame. Cette politique est appliqu\u00e9e dans tous les centres de travail de <strong>Human Level Communications, S.L.U.,<\/strong> et est mise en \u0153uvre dans un cadre de s\u00e9curit\u00e9 de l&rsquo;information conforme \u00e0 la norme ISO 27001:2022.<\/p>\n<\/div>\n","protected":false},"excerpt":{"rendered":"<p>L&rsquo;un des objectifs de Human Level Communications, S.L.U. est d&rsquo;essayer de pr\u00e9server la s\u00e9curit\u00e9&#8230;<\/p>\n","protected":false},"author":50,"featured_media":89502,"parent":86353,"menu_order":0,"comment_status":"closed","ping_status":"closed","template":"","meta":{"_acf_changed":false,"footnotes":""},"class_list":["post-71648","page","type-page","status-publish","has-post-thumbnail"],"acf":[],"yoast_head":"<!-- This site is optimized with the Yoast SEO plugin v27.4 - https:\/\/yoast.com\/product\/yoast-seo-wordpress\/ -->\n<title>Politique de s\u00e9curit\u00e9 de l&#039;information | Human Level<\/title>\n<meta name=\"description\" content=\"Acc\u00e9dez ici \u00e0 la politique de s\u00e9curit\u00e9 de l&#039;information de l&#039;entreprise HUMAN LEVEL COMMUNICATIONS S.L.U.\" \/>\n<meta name=\"robots\" content=\"index, follow, max-snippet:-1, max-image-preview:large, max-video-preview:-1\" \/>\n<link rel=\"canonical\" href=\"https:\/\/www.humanlevel.com\/fr\/politiques\/securite\" \/>\n<meta property=\"og:locale\" content=\"fr_FR\" \/>\n<meta property=\"og:type\" content=\"article\" \/>\n<meta property=\"og:title\" content=\"Politique de s\u00e9curit\u00e9 de l&#039;information | Human Level\" \/>\n<meta property=\"og:description\" content=\"Acc\u00e9dez ici \u00e0 la politique de s\u00e9curit\u00e9 de l&#039;information de l&#039;entreprise HUMAN LEVEL COMMUNICATIONS S.L.U.\" \/>\n<meta property=\"og:url\" content=\"https:\/\/www.humanlevel.com\/fr\/politiques\/securite\" \/>\n<meta property=\"og:site_name\" content=\"Human Level\" \/>\n<meta name=\"twitter:card\" content=\"summary_large_image\" \/>\n<meta name=\"twitter:label1\" content=\"Dur\u00e9e de lecture estim\u00e9e\" \/>\n\t<meta name=\"twitter:data1\" content=\"3 minutes\" \/>\n<script type=\"application\/ld+json\" class=\"yoast-schema-graph\">{\"@context\":\"https:\\\/\\\/schema.org\",\"@graph\":[{\"@type\":\"WebPage\",\"@id\":\"https:\\\/\\\/www.humanlevel.com\\\/fr\\\/politiques\\\/securite\",\"url\":\"https:\\\/\\\/www.humanlevel.com\\\/fr\\\/politiques\\\/securite\",\"name\":\"Politique de s\u00e9curit\u00e9 de l'information | Human Level\",\"isPartOf\":{\"@id\":\"https:\\\/\\\/www.humanlevel.com\\\/fr#website\"},\"primaryImageOfPage\":{\"@id\":\"https:\\\/\\\/www.humanlevel.com\\\/fr\\\/politiques\\\/securite#primaryimage\"},\"image\":{\"@id\":\"https:\\\/\\\/www.humanlevel.com\\\/fr\\\/politiques\\\/securite#primaryimage\"},\"thumbnailUrl\":\"https:\\\/\\\/www.humanlevel.com\\\/wp-content\\\/uploads\\\/hl-og-politicas.jpg\",\"datePublished\":\"2025-02-18T09:26:06+00:00\",\"dateModified\":\"2026-04-02T10:07:33+00:00\",\"description\":\"Acc\u00e9dez ici \u00e0 la politique de s\u00e9curit\u00e9 de l'information de l'entreprise HUMAN LEVEL COMMUNICATIONS S.L.U.\",\"breadcrumb\":{\"@id\":\"https:\\\/\\\/www.humanlevel.com\\\/fr\\\/politiques\\\/securite#breadcrumb\"},\"inLanguage\":\"fr-FR\",\"potentialAction\":[{\"@type\":\"ReadAction\",\"target\":[\"https:\\\/\\\/www.humanlevel.com\\\/fr\\\/politiques\\\/securite\"]}]},{\"@type\":\"ImageObject\",\"inLanguage\":\"fr-FR\",\"@id\":\"https:\\\/\\\/www.humanlevel.com\\\/fr\\\/politiques\\\/securite#primaryimage\",\"url\":\"https:\\\/\\\/www.humanlevel.com\\\/wp-content\\\/uploads\\\/hl-og-politicas.jpg\",\"contentUrl\":\"https:\\\/\\\/www.humanlevel.com\\\/wp-content\\\/uploads\\\/hl-og-politicas.jpg\",\"width\":1200,\"height\":630},{\"@type\":\"BreadcrumbList\",\"@id\":\"https:\\\/\\\/www.humanlevel.com\\\/fr\\\/politiques\\\/securite#breadcrumb\",\"itemListElement\":[{\"@type\":\"ListItem\",\"position\":1,\"name\":\"Inicio\",\"item\":\"https:\\\/\\\/www.humanlevel.com\\\/fr\"},{\"@type\":\"ListItem\",\"position\":2,\"name\":\"Informations l\u00e9gales et institutionnelles\",\"item\":\"https:\\\/\\\/www.humanlevel.com\\\/fr\\\/politiques\"},{\"@type\":\"ListItem\",\"position\":3,\"name\":\"Politique de s\u00e9curit\u00e9 de l&#8217;information\"}]},{\"@type\":\"WebSite\",\"@id\":\"https:\\\/\\\/www.humanlevel.com\\\/fr#website\",\"url\":\"https:\\\/\\\/www.humanlevel.com\\\/fr\",\"name\":\"Human Level\",\"description\":\"Agencia SEO para grandes marcas nacionales e internacionales.\",\"publisher\":{\"@id\":\"https:\\\/\\\/www.humanlevel.com\\\/fr#organization\"},\"potentialAction\":[{\"@type\":\"SearchAction\",\"target\":{\"@type\":\"EntryPoint\",\"urlTemplate\":\"https:\\\/\\\/www.humanlevel.com\\\/fr?s={search_term_string}\"},\"query-input\":{\"@type\":\"PropertyValueSpecification\",\"valueRequired\":true,\"valueName\":\"search_term_string\"}}],\"inLanguage\":\"fr-FR\"},{\"@type\":\"Organization\",\"@id\":\"https:\\\/\\\/www.humanlevel.com\\\/fr#organization\",\"name\":\"Human Level\",\"url\":\"https:\\\/\\\/www.humanlevel.com\\\/fr\",\"logo\":{\"@type\":\"ImageObject\",\"inLanguage\":\"fr-FR\",\"@id\":\"https:\\\/\\\/www.humanlevel.com\\\/fr#\\\/schema\\\/logo\\\/image\\\/\",\"url\":\"https:\\\/\\\/www.humanlevel.com\\\/wp-content\\\/uploads\\\/logohl25x3.png\",\"contentUrl\":\"https:\\\/\\\/www.humanlevel.com\\\/wp-content\\\/uploads\\\/logohl25x3.png\",\"width\":600,\"height\":93,\"caption\":\"Human Level\"},\"image\":{\"@id\":\"https:\\\/\\\/www.humanlevel.com\\\/fr#\\\/schema\\\/logo\\\/image\\\/\"},\"sameAs\":[\"https:\\\/\\\/www.linkedin.com\\\/company\\\/human-level-communications\",\"https:\\\/\\\/www.youtube.com\\\/user\\\/humanlevelcommunica\",\"https:\\\/\\\/bsky.app\\\/profile\\\/humanlevel.bsky.social\",\"https:\\\/\\\/instagram.com\\\/humanlevel\"]}]}<\/script>\n<!-- \/ Yoast SEO plugin. -->","yoast_head_json":{"title":"Politique de s\u00e9curit\u00e9 de l'information | Human Level","description":"Acc\u00e9dez ici \u00e0 la politique de s\u00e9curit\u00e9 de l'information de l'entreprise HUMAN LEVEL COMMUNICATIONS S.L.U.","robots":{"index":"index","follow":"follow","max-snippet":"max-snippet:-1","max-image-preview":"max-image-preview:large","max-video-preview":"max-video-preview:-1"},"canonical":"https:\/\/www.humanlevel.com\/fr\/politiques\/securite","og_locale":"fr_FR","og_type":"article","og_title":"Politique de s\u00e9curit\u00e9 de l'information | Human Level","og_description":"Acc\u00e9dez ici \u00e0 la politique de s\u00e9curit\u00e9 de l'information de l'entreprise HUMAN LEVEL COMMUNICATIONS S.L.U.","og_url":"https:\/\/www.humanlevel.com\/fr\/politiques\/securite","og_site_name":"Human Level","twitter_card":"summary_large_image","twitter_misc":{"Dur\u00e9e de lecture estim\u00e9e":"3 minutes"},"schema":{"@context":"https:\/\/schema.org","@graph":[{"@type":"WebPage","@id":"https:\/\/www.humanlevel.com\/fr\/politiques\/securite","url":"https:\/\/www.humanlevel.com\/fr\/politiques\/securite","name":"Politique de s\u00e9curit\u00e9 de l'information | Human Level","isPartOf":{"@id":"https:\/\/www.humanlevel.com\/fr#website"},"primaryImageOfPage":{"@id":"https:\/\/www.humanlevel.com\/fr\/politiques\/securite#primaryimage"},"image":{"@id":"https:\/\/www.humanlevel.com\/fr\/politiques\/securite#primaryimage"},"thumbnailUrl":"https:\/\/www.humanlevel.com\/wp-content\/uploads\/hl-og-politicas.jpg","datePublished":"2025-02-18T09:26:06+00:00","dateModified":"2026-04-02T10:07:33+00:00","description":"Acc\u00e9dez ici \u00e0 la politique de s\u00e9curit\u00e9 de l'information de l'entreprise HUMAN LEVEL COMMUNICATIONS S.L.U.","breadcrumb":{"@id":"https:\/\/www.humanlevel.com\/fr\/politiques\/securite#breadcrumb"},"inLanguage":"fr-FR","potentialAction":[{"@type":"ReadAction","target":["https:\/\/www.humanlevel.com\/fr\/politiques\/securite"]}]},{"@type":"ImageObject","inLanguage":"fr-FR","@id":"https:\/\/www.humanlevel.com\/fr\/politiques\/securite#primaryimage","url":"https:\/\/www.humanlevel.com\/wp-content\/uploads\/hl-og-politicas.jpg","contentUrl":"https:\/\/www.humanlevel.com\/wp-content\/uploads\/hl-og-politicas.jpg","width":1200,"height":630},{"@type":"BreadcrumbList","@id":"https:\/\/www.humanlevel.com\/fr\/politiques\/securite#breadcrumb","itemListElement":[{"@type":"ListItem","position":1,"name":"Inicio","item":"https:\/\/www.humanlevel.com\/fr"},{"@type":"ListItem","position":2,"name":"Informations l\u00e9gales et institutionnelles","item":"https:\/\/www.humanlevel.com\/fr\/politiques"},{"@type":"ListItem","position":3,"name":"Politique de s\u00e9curit\u00e9 de l&#8217;information"}]},{"@type":"WebSite","@id":"https:\/\/www.humanlevel.com\/fr#website","url":"https:\/\/www.humanlevel.com\/fr","name":"Human Level","description":"Agencia SEO para grandes marcas nacionales e internacionales.","publisher":{"@id":"https:\/\/www.humanlevel.com\/fr#organization"},"potentialAction":[{"@type":"SearchAction","target":{"@type":"EntryPoint","urlTemplate":"https:\/\/www.humanlevel.com\/fr?s={search_term_string}"},"query-input":{"@type":"PropertyValueSpecification","valueRequired":true,"valueName":"search_term_string"}}],"inLanguage":"fr-FR"},{"@type":"Organization","@id":"https:\/\/www.humanlevel.com\/fr#organization","name":"Human Level","url":"https:\/\/www.humanlevel.com\/fr","logo":{"@type":"ImageObject","inLanguage":"fr-FR","@id":"https:\/\/www.humanlevel.com\/fr#\/schema\/logo\/image\/","url":"https:\/\/www.humanlevel.com\/wp-content\/uploads\/logohl25x3.png","contentUrl":"https:\/\/www.humanlevel.com\/wp-content\/uploads\/logohl25x3.png","width":600,"height":93,"caption":"Human Level"},"image":{"@id":"https:\/\/www.humanlevel.com\/fr#\/schema\/logo\/image\/"},"sameAs":["https:\/\/www.linkedin.com\/company\/human-level-communications","https:\/\/www.youtube.com\/user\/humanlevelcommunica","https:\/\/bsky.app\/profile\/humanlevel.bsky.social","https:\/\/instagram.com\/humanlevel"]}]}},"_links":{"self":[{"href":"https:\/\/www.humanlevel.com\/fr\/wp-json\/wp\/v2\/pages\/71648","targetHints":{"allow":["GET"]}}],"collection":[{"href":"https:\/\/www.humanlevel.com\/fr\/wp-json\/wp\/v2\/pages"}],"about":[{"href":"https:\/\/www.humanlevel.com\/fr\/wp-json\/wp\/v2\/types\/page"}],"author":[{"embeddable":true,"href":"https:\/\/www.humanlevel.com\/fr\/wp-json\/wp\/v2\/users\/50"}],"replies":[{"embeddable":true,"href":"https:\/\/www.humanlevel.com\/fr\/wp-json\/wp\/v2\/comments?post=71648"}],"version-history":[{"count":4,"href":"https:\/\/www.humanlevel.com\/fr\/wp-json\/wp\/v2\/pages\/71648\/revisions"}],"predecessor-version":[{"id":87067,"href":"https:\/\/www.humanlevel.com\/fr\/wp-json\/wp\/v2\/pages\/71648\/revisions\/87067"}],"up":[{"embeddable":true,"href":"https:\/\/www.humanlevel.com\/fr\/wp-json\/wp\/v2\/pages\/86353"}],"wp:featuredmedia":[{"embeddable":true,"href":"https:\/\/www.humanlevel.com\/fr\/wp-json\/wp\/v2\/media\/89502"}],"wp:attachment":[{"href":"https:\/\/www.humanlevel.com\/fr\/wp-json\/wp\/v2\/media?parent=71648"}],"curies":[{"name":"wp","href":"https:\/\/api.w.org\/{rel}","templated":true}]}}