{"id":71496,"date":"2021-11-18T12:15:43","date_gmt":"2021-11-18T11:15:43","guid":{"rendered":"https:\/\/www.humanlevel.com\/sectores"},"modified":"2025-08-22T13:28:31","modified_gmt":"2025-08-22T11:28:31","slug":"secteurs","status":"publish","type":"page","link":"https:\/\/www.humanlevel.com\/fr\/secteurs","title":{"rendered":"Secteurs"},"content":{"rendered":"<p><div class=\"row\"><div class=\"col section1\"><div class=\"container\"><div class=\"row mb-4\"><div class=\"col section1_col1 col-12\"><div class=\"mb-4\"><\/p>\n<div class=\"section1_p1 estilo_titulo_seccion\">\n<h2>Experts en SEO pour les secteurs strat\u00e9giques<\/h2>\n<\/div>\n<div class=\"section1_p2 estilo_contenido_5\">Avec plus de deux d\u00e9cennies d&rsquo;exp\u00e9rience, Human Level a men\u00e9 des projets SEO pour de grandes entreprises et institutions dans divers secteurs. Cela nous a permis d\u2019acqu\u00e9rir une connaissance approfondie des diff\u00e9rentes industries, mod\u00e8les d\u2019affaires et plateformes technologiques. Associ\u00e9e \u00e0 notre expertise technique, cette exp\u00e9rience fait de nous un partenaire flexible et adaptable, capable de concevoir des strat\u00e9gies maximisant la visibilit\u00e9 en ligne et le retour sur investissement de nos clients, quel que soit leur environnement concurrentiel.<\/div>\n<p><\/div><\/div><\/div><\/div><\/div><\/div><div class=\"row vc_custom_1675958803271\" style=\"background-color: #f9f9fb !important;\" ><div class=\"col section2\"><div class=\"container\"><div class=\"row mb-4\"><div class=\"col-md-6 section2_col1 col-12 col-md-12 col-lg-6\"><div class=\"mb-4\"><\/p>\n<div class=\"section2_col1_p1 estilo_contenido_4\"><span class=\"notion-enable-hover\" data-token-index=\"0\">Pourquoi nous choisir ?<\/span><\/div>\n<div class=\"section2_col1_p2 estilo_titulo_seccion\">\n<h2>Votre partenaire de positionnement<\/h2>\n<\/div>\n<p><\/div><\/div><div class=\"col-md-6 section2_col2 col-12 col-md-12 col-lg-6 estilo_contenido_2\"><div class=\"mb-4\"><\/p>\n<div class=\"section2_lista\">\n<ul>\n<li>\u00c9quipe pluridisciplinaire sp\u00e9cialis\u00e9e par secteur<\/li>\n<li>M\u00e9thodologie \u00e9prouv\u00e9e dans le cadre de projets internationaux<\/li>\n<li>Des solutions techniques personnalis\u00e9es pour chaque sc\u00e9nario<\/li>\n<li>Orient\u00e9 vers les r\u00e9sultats et les objectifs de l&rsquo;entreprise<\/li>\n<\/ul>\n<\/div>\n<p><\/div><div class=\"mb-4\"><\/p>\n<div id=\"empezar\"><a class=\"btn btn-hlc\" href=\"#anchor-formulario\">COMMENCEZ MAINTENANT<\/a><\/div>\n<p><\/div><\/div><\/div><\/div><\/div><\/div><div class=\"row\"><div class=\"col section11\"><div class=\"container\"><div class=\"row mb-4\"><div class=\"col section11_f1\"><div class=\"mb-4\"><\/p>\n<div class=\"section11_f1_p1 estilo_contenido_4\">Comment faire ?<\/div>\n<div class=\"section11_f1_p2 estilo_titulo_seccion\">\n<h2>Des solutions de positionnement pour chaque site web<\/h2>\n<\/div>\n<div class=\"section11_f1_p3 estilo_contenido_5\">Nous aidons ainsi les diff\u00e9rentes industries auxquelles appartiennent les grandes entreprises nationales et internationales.<\/div>\n<p><\/div><\/div><\/div><div class=\"row mb-4\"><div class=\"col-md-6 section11_f2_col1 col-12 col-md-12 col-lg-6\"><div class=\"mb-4\"><\/p>\n<div class=\"icon_proceso\"><img loading=\"lazy\" decoding=\"async\" src=\"\/wp-content\/themes\/humanlevel\/img\/icons\/icons8-shopping-trolley.svg\" width=\"24\" height=\"24\" \/><\/div>\n<div class=\"p1 estilo_contenido_7\">\n<h3><a href=\"https:\/\/www.humanlevel.com\/fr\/secteurs\/e-commerce\">Commerce \u00e9lectronique<\/a><\/h3>\n<\/div>\n<div class=\"p2 estilo_contenido_1\">Nous optimisons l&rsquo;architecture de l&rsquo;information et les performances techniques des grandes boutiques en ligne, en am\u00e9liorant leur visibilit\u00e9 dans les recherches de cat\u00e9gories, de produits et d&rsquo;informations.<\/div>\n<p><\/div><\/div><div class=\"col-md-6 section11_f2_col2 col-12 col-md-12 col-lg-6\"><div class=\"mb-4\"><\/p>\n<div class=\"icon_proceso\"><img loading=\"lazy\" decoding=\"async\" src=\"\/wp-content\/themes\/humanlevel\/img\/icons\/icons8-bank.svg\" width=\"24\" height=\"24\" \/><\/div>\n<div class=\"p1 estilo_contenido_7\">\n<h3><a href=\"https:\/\/www.humanlevel.com\/fr\/secteurs\/banque-assurances\">Banque et assurance<\/a><\/h3>\n<\/div>\n<div class=\"p2 estilo_contenido_1\">Nous mettons en \u0153uvre des strat\u00e9gies de SEO qui s&rsquo;adaptent aux exigences r\u00e9glementaires du secteur financier, en am\u00e9liorant la visibilit\u00e9 de vos produits et services.<\/div>\n<p><\/div><\/div><\/div><div class=\"row mb-4\"><div class=\"col-md-6 section11_fn_col1 col-12 col-md-12 col-lg-6\"><div class=\"mb-4\"><\/p>\n<div class=\"icon_proceso\"><img loading=\"lazy\" decoding=\"async\" src=\"\/wp-content\/themes\/humanlevel\/img\/icons\/icons8-commercial.svg\" width=\"24\" height=\"24\" \/><\/div>\n<div class=\"p1 estilo_contenido_7\">\n<h3><a href=\"https:\/\/www.humanlevel.com\/fr\/secteurs\/medias-en-ligne\">Les m\u00e9dias<\/a><\/h3>\n<\/div>\n<div class=\"p2 estilo_contenido_1\">Nous connaissons toutes les cl\u00e9s pour am\u00e9liorer l&rsquo;indexation et le positionnement imm\u00e9diats des contenus informatifs, en nous adaptant \u00e0 l&rsquo;imm\u00e9diatet\u00e9 requise par ce secteur.<\/div>\n<p><\/div><\/div><div class=\"col-md-6 section11_fn_col2 col-12 col-md-12 col-lg-6\"><div class=\"mb-4\"><\/p>\n<div class=\"icon_proceso\"><img loading=\"lazy\" decoding=\"async\" src=\"\/wp-content\/themes\/humanlevel\/img\/icons\/icons8-beach-umbrella.svg\" width=\"24\" height=\"24\" \/><\/div>\n<div class=\"p1 estilo_contenido_7\">\n<h3><a href=\"https:\/\/www.humanlevel.com\/fr\/secteurs\/tourisme\">Tourisme et h\u00f4tellerie<\/a><\/h3>\n<\/div>\n<div class=\"p2 estilo_contenido_1\">Nous optimisons votre pr\u00e9sence dans les recherches locales et internationales, en am\u00e9liorant la visibilit\u00e9 des destinations, des h\u00e9bergements, des compagnies a\u00e9riennes et des services touristiques.<\/div>\n<p><\/div><\/div><\/div><div class=\"row mb-4\"><div class=\"col-md-6 section11_fn_col1 col-12 col-md-12 col-lg-6\"><div class=\"mb-4\"><\/p>\n<div class=\"icon_proceso\"><img loading=\"lazy\" decoding=\"async\" src=\"\/wp-content\/themes\/humanlevel\/img\/icons\/icons8-doctors-bag.svg\" width=\"24\" height=\"24\" \/><\/div>\n<div class=\"p1 estilo_contenido_7\">\n<h3><a href=\"https:\/\/www.humanlevel.com\/fr\/secteurs\/sante\">Sant\u00e9<\/a><\/h3>\n<\/div>\n<div class=\"p2 estilo_contenido_1\">Nous proc\u00e9dons \u00e0 l&rsquo;optimisation du contenu, en travaillant sp\u00e9cifiquement sur les aspects d&rsquo;autorit\u00e9 et de confiance requis pour le contenu li\u00e9 \u00e0 la sant\u00e9.<\/div>\n<p><\/div><\/div><div class=\"col-md-6 section11_fn_col2 col-12 col-md-12 col-lg-6\"><div class=\"mb-4\"><\/p>\n<div class=\"icon_proceso\"><img loading=\"lazy\" decoding=\"async\" src=\"\/wp-content\/themes\/humanlevel\/img\/icons\/icons8-graduation-cap.svg\" width=\"24\" height=\"24\" \/><\/div>\n<div class=\"p1 estilo_contenido_7\">\n<h3><a href=\"https:\/\/www.humanlevel.com\/fr\/secteurs\/education\">L&rsquo;\u00e9ducation<\/a><\/h3>\n<\/div>\n<div class=\"p2 estilo_contenido_1\">Nous optimisons la visibilit\u00e9 en ligne des universit\u00e9s et des \u00e9coles de commerce, ce qui permet aux \u00e9tudiants potentiels de trouver plus facilement votre offre \u00e9ducative.<\/div>\n<p><\/div><\/div><\/div><div class=\"row mb-4\"><div class=\"col-md-6 section11_fn_col1 col-12 col-md-12 col-lg-6\"><div class=\"mb-4\"><\/p>\n<div class=\"icon_proceso\"><img loading=\"lazy\" decoding=\"async\" src=\"\/wp-content\/themes\/humanlevel\/img\/icons\/icons8-company.svg\" width=\"24\" height=\"24\" \/><\/div>\n<div class=\"p1 estilo_contenido_7\">\n<h3>B2B<\/h3>\n<\/div>\n<div class=\"p2 estilo_contenido_1\">Nous travaillons sur le positionnement des sites web des entreprises et des soci\u00e9t\u00e9s B2B afin de garantir leur visibilit\u00e9 aupr\u00e8s des clients potentiels, des partenaires et des autres parties prenantes.<\/div>\n<p><\/div><\/div><div class=\"col-md-6 section11_fn_col2 col-12 col-md-12 col-lg-6\"><div class=\"mb-4\"><\/p>\n<div class=\"icon_proceso\"><img loading=\"lazy\" decoding=\"async\" src=\"\/wp-content\/themes\/humanlevel\/img\/icons\/icons8-wind-turbine.svg\" width=\"24\" height=\"24\" \/><\/div>\n<div class=\"p1 estilo_contenido_7\">\n<h3>L&rsquo;\u00e9nergie<\/h3>\n<\/div>\n<div class=\"p2 estilo_contenido_1\">Nous d\u00e9veloppons des strat\u00e9gies de SEO pour am\u00e9liorer la visibilit\u00e9 des entreprises du secteur de l&rsquo;\u00e9nergie, en les aidant \u00e0 faire conna\u00eetre leurs services aux particuliers et aux entreprises.<\/div>\n<p><\/div><\/div><\/div><\/div><\/div><\/div><div class=\"row vc_custom_1676985150259\" style=\"background-color: #f9f9fb !important;\" ><div class=\"col section6\"><div class=\"container\"><div class=\"row mb-4\"><div class=\"col section6_col1 col-12\"><div class=\"mb-4\"><\/p>\n<div class=\"p1\"><img loading=\"lazy\" decoding=\"async\" src=\"\/wp-content\/uploads\/smowl-grey.jpg\" width=\"123\" height=\"42\" \/><\/div>\n<div class=\"p2\">\u00ab\u00a0Mon exp\u00e9rience avec Human Level a \u00e9t\u00e9 positive. Leur travail de conseil et de contenu a transform\u00e9 notre pr\u00e9sence en ligne. Leur accessibilit\u00e9 et leur engagement m&rsquo;ont impressionn\u00e9 d\u00e8s le d\u00e9but. Les r\u00e9sultats ont \u00e9t\u00e9 \u00e9tonnants, avec une augmentation consid\u00e9rable du trafic gr\u00e2ce aux strat\u00e9gies efficaces et \u00e0 la brillante optimisation de l&rsquo;\u00e9quipe dirig\u00e9e par Fernando Maci\u00e1\u00a0\u00bb.<\/div>\n<div class=\"p3 estilo_contenido_2\">Cosimo Lorenzo Guerriero<\/div>\n<div class=\"p4 estilo_contenido_1\">Responsable marketing chez Smowltech<\/div>\n<p><\/div><\/div><\/div><\/div><\/div><\/div><div class=\"row\"><div class=\"col section_faqs\"><div class=\"container\"><div class=\"row mb-4\"><div class=\"col section_faqs_col1 col-12 col-lg-6\"><div class=\"mb-4\"><\/p>\n<div class=\"estilo_titulo_seccion p1\">\n<h2>Questions fr\u00e9quemment pos\u00e9es<\/h2>\n<\/div>\n<div class=\"estilo_contenido_5 p2\">Vous avez une question \u00e0 laquelle nous n&rsquo;avons pas r\u00e9pondu ? N&rsquo;h\u00e9sitez pas \u00e0 nous contacter.<\/div>\n<div id=\"contactar\"><a class=\"btn btn-hlc\" href=\"#anchor-formulario\">CONTACT<\/a><\/div>\n<p><\/div><\/div><\/div><div class=\"accordion mb-4\" id=\"accordion1\"> <div class=\"card mt-3\">\r\n <h3 class=\"card-header\" data-toggle=\"collapse\" data-target=\"#t1677151007435-c195419e-b77660fe-35395532-bbfa\">\r\n Qu'est-ce qui diff\u00e9rencie Human Level des autres agences SEO ? <button class=\"arrow\"><\/button>\r\n <\/h3>\r\n <div id=\"t1677151007435-c195419e-b77660fe-35395532-bbfa\" class=\"collapse show\" data-parent=\"#accordion1\">\r\n <div class=\"card-body\"><p><\/p>\r\n <div class=\"mb-4\"><\/p>\n<div class=\"estilo_contenido_1\">Nous nous distinguons par notre expertise technique, notre exp\u00e9rience internationale et notre \u00e9quipe multidisciplinaire stable. Depuis 20 ans, nous nous concentrons sur le positionnement de grands projets qui n\u00e9cessitent des solutions complexes et personnalis\u00e9es.<\/div>\n<p><\/div>\r\n <\/div>\r\n <\/div> \r\n <\/div> <div class=\"card\">\r\n <h3 class=\"card-header collapsed\" data-toggle=\"collapse\" data-target=\"#t1677151007493-c90f1a18-d2f060fe-35395532-bbfa\">\r\n Combien de temps faut-il pour obtenir des r\u00e9sultats ? <button class=\"arrow\"><\/button>\r\n <\/h3>\r\n <div id=\"t1677151007493-c90f1a18-d2f060fe-35395532-bbfa\" class=\"collapse\" data-parent=\"#accordion1\">\r\n <div class=\"card-body\"><p><\/p>\r\n <div class=\"mb-4\"><\/p>\n<div class=\"estilo_contenido_1\">Les premiers r\u00e9sultats sont g\u00e9n\u00e9ralement visibles dans un d\u00e9lai de 3 \u00e0 6 mois, bien que le d\u00e9lai exact d\u00e9pende de facteurs tels que la comp\u00e9titivit\u00e9 du secteur, l&rsquo;\u00e9tat actuel du site web, la vitesse de mise en \u0153uvre des am\u00e9liorations et les objectifs sp\u00e9cifiques du projet.<\/div>\n<p><\/div>\r\n <\/div>\r\n <\/div> \r\n <\/div> <div class=\"card\">\r\n <h3 class=\"card-header collapsed\" data-toggle=\"collapse\" data-target=\"#t1677601713656-114beb83-e81a60fe-35395532-bbfa\">\r\n Comment mesurez-vous le succ\u00e8s de vos strat\u00e9gies ? <button class=\"arrow\"><\/button>\r\n <\/h3>\r\n <div id=\"t1677601713656-114beb83-e81a60fe-35395532-bbfa\" class=\"collapse\" data-parent=\"#accordion1\">\r\n <div class=\"card-body\"><p><\/p>\r\n <div class=\"mb-4\"><\/p>\n<div class=\"estilo_contenido_1\">Nous \u00e9tablissons des indicateurs de performance sp\u00e9cifiques pour chaque projet, en surveillant des param\u00e8tres cl\u00e9s tels que le trafic organique qualifi\u00e9, les conversions et l&rsquo;impact sur l&rsquo;entreprise. Nous pr\u00e9sentons des rapports mensuels d\u00e9taill\u00e9s pour contr\u00f4ler les indicateurs et proposer de nouvelles am\u00e9liorations.<\/div>\n<p><\/div>\r\n <\/div>\r\n <\/div> \r\n <\/div> <div class=\"card\">\r\n <h3 class=\"card-header collapsed\" data-toggle=\"collapse\" data-target=\"#t1677601728022-00e22fae-d48a60fe-35395532-bbfa\">\r\n Travaillez-vous avec des entreprises internationales ? <button class=\"arrow\"><\/button>\r\n <\/h3>\r\n <div id=\"t1677601728022-00e22fae-d48a60fe-35395532-bbfa\" class=\"collapse\" data-parent=\"#accordion1\">\r\n <div class=\"card-body\"><p><\/p>\r\n <div class=\"mb-4\"><\/p>\n<div class=\"estilo_contenido_1\">Oui, nous avons une grande exp\u00e9rience des projets multinationaux et une \u00e9quipe aux profils internationaux capable de g\u00e9rer des sites web complexes et des publics vari\u00e9s dans jusqu&rsquo;\u00e0 huit langues.<\/div>\n<p><\/div>\r\n <\/div>\r\n <\/div> \r\n <\/div><script type=\"application\/ld+json\">\r\n            {\r\n            \"@context\": \"https:\/\/schema.org\",\r\n            \"@type\": \"FAQPage\",\r\n            \"mainEntity\": [{\"@type\": \"Question\", \"name\": \"Qu'est-ce qui diff\u00e9rencie Human Level des autres agences SEO ?\", \"acceptedAnswer\": {\"@type\": \"Answer\", \"text\": \"\nNous nous distinguons par notre expertise technique, notre exp\u00e9rience internationale et notre \u00e9quipe multidisciplinaire stable. Depuis 20 ans, nous nous concentrons sur le positionnement de grands projets qui n\u00e9cessitent des solutions complexes et personnalis\u00e9es.\n\"}},{\"@type\": \"Question\", \"name\": \"Combien de temps faut-il pour obtenir des r\u00e9sultats ?\", \"acceptedAnswer\": {\"@type\": \"Answer\", \"text\": \"\nLes premiers r\u00e9sultats sont g\u00e9n\u00e9ralement visibles dans un d\u00e9lai de 3 \u00e0 6 mois, bien que le d\u00e9lai exact d\u00e9pende de facteurs tels que la comp\u00e9titivit\u00e9 du secteur, l&rsquo;\u00e9tat actuel du site web, la vitesse de mise en \u0153uvre des am\u00e9liorations et les objectifs sp\u00e9cifiques du projet.\n\"}},{\"@type\": \"Question\", \"name\": \"Comment mesurez-vous le succ\u00e8s de vos strat\u00e9gies ?\", \"acceptedAnswer\": {\"@type\": \"Answer\", \"text\": \"\nNous \u00e9tablissons des indicateurs de performance sp\u00e9cifiques pour chaque projet, en surveillant des param\u00e8tres cl\u00e9s tels que le trafic organique qualifi\u00e9, les conversions et l&rsquo;impact sur l&rsquo;entreprise. Nous pr\u00e9sentons des rapports mensuels d\u00e9taill\u00e9s pour contr\u00f4ler les indicateurs et proposer de nouvelles am\u00e9liorations.\n\"}},{\"@type\": \"Question\", \"name\": \"Travaillez-vous avec des entreprises internationales ?\", \"acceptedAnswer\": {\"@type\": \"Answer\", \"text\": \"\nOui, nous avons une grande exp\u00e9rience des projets multinationaux et une \u00e9quipe aux profils internationaux capable de g\u00e9rer des sites web complexes et des publics vari\u00e9s dans jusqu&rsquo;\u00e0 huit langues.\n\"}}]}<\/script><\/div><\/div><\/div><\/div><\/p>\n","protected":false},"excerpt":{"rendered":"","protected":false},"author":36,"featured_media":70084,"parent":0,"menu_order":0,"comment_status":"closed","ping_status":"closed","template":"HL_servicios_secciones.php","meta":{"footnotes":""},"class_list":["post-71496","page","type-page","status-publish","has-post-thumbnail","hentry","entry"],"yoast_head":"\n<title>Agence SEO pour tous les secteurs | Human Level<\/title>\n<meta name=\"description\" content=\"Sp\u00e9cialistes SEO avec 20 ans d&#039;exp\u00e9rience en positionnement dans des secteurs cl\u00e9s : m\u00e9dias, e-commerce, banque, sant\u00e9, \u00e9nergie, voyage, etc.\" \/>\n<meta name=\"robots\" content=\"index, follow, max-snippet:-1, max-image-preview:large, max-video-preview:-1\" \/>\n<link rel=\"canonical\" href=\"https:\/\/www.humanlevel.com\/fr\/secteurs\" \/>\n<meta property=\"og:locale\" content=\"fr_FR\" \/>\n<meta property=\"og:type\" content=\"article\" \/>\n<meta property=\"og:title\" content=\"Agence SEO pour tous les secteurs | Human Level\" \/>\n<meta property=\"og:description\" content=\"Sp\u00e9cialistes SEO avec 20 ans d&#039;exp\u00e9rience en positionnement dans des secteurs cl\u00e9s : m\u00e9dias, e-commerce, banque, sant\u00e9, \u00e9nergie, voyage, etc.\" \/>\n<meta property=\"og:url\" content=\"https:\/\/www.humanlevel.com\/fr\/secteurs\" \/>\n<meta property=\"og:site_name\" content=\"Human Level\" \/>\n<meta property=\"og:image\" content=\"https:\/\/www.humanlevel.com\/wp-content\/uploads\/SEO-campa\u00f1a-seo.jpg\" \/>\n\t<meta property=\"og:image:width\" content=\"1440\" \/>\n\t<meta property=\"og:image:height\" content=\"509\" \/>\n\t<meta property=\"og:image:type\" content=\"image\/jpeg\" \/>\n<meta name=\"twitter:card\" content=\"summary_large_image\" \/>\n<meta name=\"twitter:site\" content=\"@humanlevel\" \/>\n<meta name=\"twitter:label1\" content=\"Dur\u00e9e de lecture estim\u00e9e\" \/>\n\t<meta name=\"twitter:data1\" content=\"6 minutes\" \/>\n<script type=\"application\/ld+json\" class=\"yoast-schema-graph\">{\"@context\":\"https:\/\/schema.org\",\"@graph\":[{\"@type\":\"WebPage\",\"@id\":\"https:\/\/www.humanlevel.com\/fr\/secteurs\",\"url\":\"https:\/\/www.humanlevel.com\/fr\/secteurs\",\"name\":\"Agence SEO pour tous les secteurs | Human Level\",\"isPartOf\":{\"@id\":\"https:\/\/www.humanlevel.com\/fr#website\"},\"primaryImageOfPage\":{\"@id\":\"https:\/\/www.humanlevel.com\/fr\/secteurs#primaryimage\"},\"image\":{\"@id\":\"https:\/\/www.humanlevel.com\/fr\/secteurs#primaryimage\"},\"thumbnailUrl\":\"https:\/\/www.humanlevel.com\/wp-content\/uploads\/SEO-campa\u00f1a-seo.jpg\",\"datePublished\":\"2021-11-18T11:15:43+00:00\",\"dateModified\":\"2025-08-22T11:28:31+00:00\",\"description\":\"Sp\u00e9cialistes SEO avec 20 ans d'exp\u00e9rience en positionnement dans des secteurs cl\u00e9s : m\u00e9dias, e-commerce, banque, sant\u00e9, \u00e9nergie, voyage, etc.\",\"breadcrumb\":{\"@id\":\"https:\/\/www.humanlevel.com\/fr\/secteurs#breadcrumb\"},\"inLanguage\":\"fr-FR\",\"potentialAction\":[{\"@type\":\"ReadAction\",\"target\":[\"https:\/\/www.humanlevel.com\/fr\/secteurs\"]}]},{\"@type\":\"ImageObject\",\"inLanguage\":\"fr-FR\",\"@id\":\"https:\/\/www.humanlevel.com\/fr\/secteurs#primaryimage\",\"url\":\"https:\/\/www.humanlevel.com\/wp-content\/uploads\/SEO-campa\u00f1a-seo.jpg\",\"contentUrl\":\"https:\/\/www.humanlevel.com\/wp-content\/uploads\/SEO-campa\u00f1a-seo.jpg\",\"width\":1440,\"height\":509,\"caption\":\"SEO par secteurs\"},{\"@type\":\"BreadcrumbList\",\"@id\":\"https:\/\/www.humanlevel.com\/fr\/secteurs#breadcrumb\",\"itemListElement\":[{\"@type\":\"ListItem\",\"position\":1,\"name\":\"Portada\",\"item\":\"https:\/\/www.humanlevel.com\/fr\"},{\"@type\":\"ListItem\",\"position\":2,\"name\":\"Secteurs\"}]},{\"@type\":\"WebSite\",\"@id\":\"https:\/\/www.humanlevel.com\/fr#website\",\"url\":\"https:\/\/www.humanlevel.com\/fr\",\"name\":\"Human Level\",\"description\":\"Agencia SEO para grandes marcas nacionales e internacionales.\",\"publisher\":{\"@id\":\"https:\/\/www.humanlevel.com\/fr#organization\"},\"potentialAction\":[{\"@type\":\"SearchAction\",\"target\":{\"@type\":\"EntryPoint\",\"urlTemplate\":\"https:\/\/www.humanlevel.com\/fr?s={search_term_string}\"},\"query-input\":{\"@type\":\"PropertyValueSpecification\",\"valueRequired\":true,\"valueName\":\"search_term_string\"}}],\"inLanguage\":\"fr-FR\"},{\"@type\":\"Organization\",\"@id\":\"https:\/\/www.humanlevel.com\/fr#organization\",\"name\":\"Human Level\",\"url\":\"https:\/\/www.humanlevel.com\/fr\",\"logo\":{\"@type\":\"ImageObject\",\"inLanguage\":\"fr-FR\",\"@id\":\"https:\/\/www.humanlevel.com\/fr#\/schema\/logo\/image\/\",\"url\":\"https:\/\/www.humanlevel.com\/wp-content\/uploads\/logo-human-negro-1.jpg\",\"contentUrl\":\"https:\/\/www.humanlevel.com\/wp-content\/uploads\/logo-human-negro-1.jpg\",\"width\":268,\"height\":51,\"caption\":\"Human Level\"},\"image\":{\"@id\":\"https:\/\/www.humanlevel.com\/fr#\/schema\/logo\/image\/\"},\"sameAs\":[\"https:\/\/x.com\/humanlevel\"]}]}<\/script>\n","yoast_head_json":{"title":"Agence SEO pour tous les secteurs | Human Level","description":"Sp\u00e9cialistes SEO avec 20 ans d'exp\u00e9rience en positionnement dans des secteurs cl\u00e9s : m\u00e9dias, e-commerce, banque, sant\u00e9, \u00e9nergie, voyage, etc.","robots":{"index":"index","follow":"follow","max-snippet":"max-snippet:-1","max-image-preview":"max-image-preview:large","max-video-preview":"max-video-preview:-1"},"canonical":"https:\/\/www.humanlevel.com\/fr\/secteurs","og_locale":"fr_FR","og_type":"article","og_title":"Agence SEO pour tous les secteurs | Human Level","og_description":"Sp\u00e9cialistes SEO avec 20 ans d'exp\u00e9rience en positionnement dans des secteurs cl\u00e9s : m\u00e9dias, e-commerce, banque, sant\u00e9, \u00e9nergie, voyage, etc.","og_url":"https:\/\/www.humanlevel.com\/fr\/secteurs","og_site_name":"Human Level","og_image":[{"width":1440,"height":509,"url":"https:\/\/www.humanlevel.com\/wp-content\/uploads\/SEO-campa\u00f1a-seo.jpg","type":"image\/jpeg"}],"twitter_card":"summary_large_image","twitter_site":"@humanlevel","twitter_misc":{"Dur\u00e9e de lecture estim\u00e9e":"6 minutes"},"schema":{"@context":"https:\/\/schema.org","@graph":[{"@type":"WebPage","@id":"https:\/\/www.humanlevel.com\/fr\/secteurs","url":"https:\/\/www.humanlevel.com\/fr\/secteurs","name":"Agence SEO pour tous les secteurs | Human Level","isPartOf":{"@id":"https:\/\/www.humanlevel.com\/fr#website"},"primaryImageOfPage":{"@id":"https:\/\/www.humanlevel.com\/fr\/secteurs#primaryimage"},"image":{"@id":"https:\/\/www.humanlevel.com\/fr\/secteurs#primaryimage"},"thumbnailUrl":"https:\/\/www.humanlevel.com\/wp-content\/uploads\/SEO-campa\u00f1a-seo.jpg","datePublished":"2021-11-18T11:15:43+00:00","dateModified":"2025-08-22T11:28:31+00:00","description":"Sp\u00e9cialistes SEO avec 20 ans d'exp\u00e9rience en positionnement dans des secteurs cl\u00e9s : m\u00e9dias, e-commerce, banque, sant\u00e9, \u00e9nergie, voyage, etc.","breadcrumb":{"@id":"https:\/\/www.humanlevel.com\/fr\/secteurs#breadcrumb"},"inLanguage":"fr-FR","potentialAction":[{"@type":"ReadAction","target":["https:\/\/www.humanlevel.com\/fr\/secteurs"]}]},{"@type":"ImageObject","inLanguage":"fr-FR","@id":"https:\/\/www.humanlevel.com\/fr\/secteurs#primaryimage","url":"https:\/\/www.humanlevel.com\/wp-content\/uploads\/SEO-campa\u00f1a-seo.jpg","contentUrl":"https:\/\/www.humanlevel.com\/wp-content\/uploads\/SEO-campa\u00f1a-seo.jpg","width":1440,"height":509,"caption":"SEO par secteurs"},{"@type":"BreadcrumbList","@id":"https:\/\/www.humanlevel.com\/fr\/secteurs#breadcrumb","itemListElement":[{"@type":"ListItem","position":1,"name":"Portada","item":"https:\/\/www.humanlevel.com\/fr"},{"@type":"ListItem","position":2,"name":"Secteurs"}]},{"@type":"WebSite","@id":"https:\/\/www.humanlevel.com\/fr#website","url":"https:\/\/www.humanlevel.com\/fr","name":"Human Level","description":"Agencia SEO para grandes marcas nacionales e internacionales.","publisher":{"@id":"https:\/\/www.humanlevel.com\/fr#organization"},"potentialAction":[{"@type":"SearchAction","target":{"@type":"EntryPoint","urlTemplate":"https:\/\/www.humanlevel.com\/fr?s={search_term_string}"},"query-input":{"@type":"PropertyValueSpecification","valueRequired":true,"valueName":"search_term_string"}}],"inLanguage":"fr-FR"},{"@type":"Organization","@id":"https:\/\/www.humanlevel.com\/fr#organization","name":"Human Level","url":"https:\/\/www.humanlevel.com\/fr","logo":{"@type":"ImageObject","inLanguage":"fr-FR","@id":"https:\/\/www.humanlevel.com\/fr#\/schema\/logo\/image\/","url":"https:\/\/www.humanlevel.com\/wp-content\/uploads\/logo-human-negro-1.jpg","contentUrl":"https:\/\/www.humanlevel.com\/wp-content\/uploads\/logo-human-negro-1.jpg","width":268,"height":51,"caption":"Human Level"},"image":{"@id":"https:\/\/www.humanlevel.com\/fr#\/schema\/logo\/image\/"},"sameAs":["https:\/\/x.com\/humanlevel"]}]}},"_links":{"self":[{"href":"https:\/\/www.humanlevel.com\/fr\/wp-json\/wp\/v2\/pages\/71496","targetHints":{"allow":["GET"]}}],"collection":[{"href":"https:\/\/www.humanlevel.com\/fr\/wp-json\/wp\/v2\/pages"}],"about":[{"href":"https:\/\/www.humanlevel.com\/fr\/wp-json\/wp\/v2\/types\/page"}],"author":[{"embeddable":true,"href":"https:\/\/www.humanlevel.com\/fr\/wp-json\/wp\/v2\/users\/36"}],"replies":[{"embeddable":true,"href":"https:\/\/www.humanlevel.com\/fr\/wp-json\/wp\/v2\/comments?post=71496"}],"version-history":[{"count":6,"href":"https:\/\/www.humanlevel.com\/fr\/wp-json\/wp\/v2\/pages\/71496\/revisions"}],"predecessor-version":[{"id":79931,"href":"https:\/\/www.humanlevel.com\/fr\/wp-json\/wp\/v2\/pages\/71496\/revisions\/79931"}],"wp:featuredmedia":[{"embeddable":true,"href":"https:\/\/www.humanlevel.com\/fr\/wp-json\/wp\/v2\/media\/70084"}],"wp:attachment":[{"href":"https:\/\/www.humanlevel.com\/fr\/wp-json\/wp\/v2\/media?parent=71496"}],"curies":[{"name":"wp","href":"https:\/\/api.w.org\/{rel}","templated":true}]}}