{"id":58709,"date":"2021-11-30T12:07:59","date_gmt":"2021-11-30T11:07:59","guid":{"rendered":"https:\/\/www.humanlevel.com\/sobre-nosotros"},"modified":"2025-03-22T01:59:05","modified_gmt":"2025-03-22T00:59:05","slug":"a-propos","status":"publish","type":"page","link":"https:\/\/www.humanlevel.com\/fr\/a-propos","title":{"rendered":"A propos de nous"},"content":{"rendered":"<p><div class=\"row\"><div class=\"col section5\"><div class=\"container\"><div class=\"row mb-4\"><div class=\"col-md-6 section5_col1 col-12 col-sm-12 col-md-12 col-lg-6\"><div class=\"mb-4\"><\/p>\n<div class=\"p1 estilo_contenido_4\">Apprenez \u00e0 nous conna\u00eetre<\/div>\n<div class=\"p2 estilo_titulo_seccion\">\n<h2>Notre histoire<\/h2>\n<\/div>\n<div class=\"p3 estilo_contenido_5\">D\u00e9couvrez nos origines.<\/div>\n<p><\/div><\/div><div class=\"col-md-6 section5_col2 col-12 col-sm-12 col-md-12 col-lg-6\"><div class=\"mb-4\"><\/p>\n<div class=\"section5_lista\">\n<ol id=\"lista_proceso\">\n<li>\n<div class=\"p1 estilo_contenido_2\">\n<h3>2001 &#8211; L&rsquo;odyss\u00e9e de l&rsquo;espace commence<\/h3>\n<\/div>\n<div class=\"p2 estilo_contenido_1\">Apr\u00e8s dix ans d&rsquo;exp\u00e9rience dans le domaine du marketing et de la communication, Fernando Maci\u00e1 a cr\u00e9\u00e9 Human Level Communications \u00e0 la fin de l&rsquo;ann\u00e9e 2001 : une entreprise sp\u00e9cialis\u00e9e dans le r\u00e9f\u00e9rencement et le d\u00e9veloppement Web, en r\u00e9ponse \u00e0 l&rsquo;essor croissant d&rsquo;Internet comme outil marketing.<\/div>\n<\/li>\n<li>\n<div class=\"p1 estilo_contenido_2\">\n<h3>2005 &#8211; Premiers grands pas<\/h3>\n<\/div>\n<div class=\"p2 estilo_contenido_1\">En 2005, nous avons d\u00e9croch\u00e9 nos premiers grands contrats avec Segittur, Microsoft et CANTV, ce qui a entra\u00een\u00e9 une croissance rapide de notre \u00e9quipe et un passage au statut de soci\u00e9t\u00e9 \u00e0 responsabilit\u00e9 limit\u00e9e. En 2006, nous avons publi\u00e9 notre premier livre, Le r\u00e9f\u00e9rencement sur les moteurs de recherche, et un an plus tard, nous avons acquis nos locaux \u00e0 Alicante.<\/div>\n<\/li>\n<li>\n<div class=\"p1 estilo_contenido_2\">\n<h3>2010 &#8211; D&rsquo;Alicante \u00e0 toute l&rsquo;Espagne<\/h3>\n<\/div>\n<div class=\"p2 estilo_contenido_1\">Human Level commence \u00e0 \u00eatre reconnu comme l&rsquo;un des cabinets de conseil les plus exp\u00e9riment\u00e9s en mati\u00e8re de r\u00e9f\u00e9rencement des m\u00e9dias, de migration de sites web de grande envergure et de d\u00e9ploiements internationaux. Notre \u00e9quipe de consultants s&rsquo;agrandit progressivement. Nous avons cl\u00f4tur\u00e9 cette d\u00e9cennie avec des centaines de clients satisfaits, plusieurs livres publi\u00e9s et une adaptation r\u00e9ussie au travail \u00e0 distance lors de la pand\u00e9mie.<\/div>\n<\/li>\n<li>\n<div class=\"p1 estilo_contenido_2\">\n<h3>Actualit\u00e9 &#8211; Une croissance jour apr\u00e8s jour<\/h3>\n<\/div>\n<div class=\"p2 estilo_contenido_1\">Notre \u00e9quipe est compos\u00e9e d&rsquo;une trentaine de consultants experts en positionnement, publicit\u00e9 en ligne, contenu et exp\u00e9rience utilisateur qui travaillent ensemble dans diff\u00e9rentes r\u00e9gions d&rsquo;Espagne. Nous comptons parmi nos clients des entreprises et des institutions telles que Banco Santander, Iberia, PRISA, Repsol, Seguros Reale, Atida Pharma, P\u00fablico, CCMA&#8230;<\/div>\n<\/li>\n<\/ol>\n<\/div>\n<p><\/div><\/div><\/div><\/div><\/div><\/div><div class=\"row\"><div class=\"col section7\"><div class=\"container\"><div class=\"row mb-4\"><div class=\"col section7_f1\"><div class=\"mb-4\"><\/p>\n<div class=\"section7_f1_p1 estilo_contenido_4\">D\u00e9couvrez la culture de Human Level<\/div>\n<div class=\"section7_f1_p2 estilo_titulo_seccion\">\n<h2>Nos valeurs<\/h2>\n<\/div>\n<p><\/div><\/div><\/div><div class=\"row mb-4\"><div class=\"col-md-6 section7_f2_col1 col-12 col-md-12 col-lg-6\"><div class=\"mb-4\"><\/p>\n<div class=\"icon_proceso\"><img loading=\"lazy\" decoding=\"async\" src=\"\/wp-content\/themes\/humanlevel\/img\/message-circle-2.svg\" alt=\"\" width=\"24\" height=\"24\" \/><\/div>\n<div class=\"p1 estilo_contenido_3\">\n<h3>Transparence<\/h3>\n<\/div>\n<div class=\"p2 estilo_contenido_1\">Nous expliquons le raisonnement qui sous-tend nos d\u00e9cisions et nous sommes honn\u00eates dans nos recommandations. Nous ne proposons des actions que si nous pensons qu&rsquo;elles peuvent aider votre entreprise.<\/div>\n<p><\/div><\/div><div class=\"col-md-6 section7_f2_col2 col-12 col-md-12 col-lg-6\"><div class=\"mb-4\"><\/p>\n<div class=\"icon_proceso\"><img loading=\"lazy\" decoding=\"async\" src=\"\/wp-content\/themes\/humanlevel\/img\/smile-2.svg\" alt=\"\" width=\"24\" height=\"24\" \/><\/div>\n<div class=\"p1 estilo_contenido_3\">\n<h3>Proximit\u00e9 et empathie<\/h3>\n<\/div>\n<div class=\"p2 estilo_contenido_1\">Nous aimons sentir que nous faisons partie de votre \u00e9quipe et que la relation avec nos interlocuteurs est \u00e9troite. Votre consultant d\u00e9di\u00e9 sera toujours disponible pour r\u00e9pondre \u00e0 vos questions et s\u2019adapter \u00e0 vos pr\u00e9f\u00e9rences en mati\u00e8re de communication.<\/div>\n<p><\/div><\/div><\/div><div class=\"row mb-4\"><div class=\"col-md-6 section7_f3_col1 col-12 col-md-12 col-lg-6\"><div class=\"mb-4\"><\/p>\n<div class=\"icon_proceso\"><img loading=\"lazy\" decoding=\"async\" src=\"\/wp-content\/themes\/humanlevel\/img\/refresh-ccw.svg\" alt=\"\" width=\"24\" height=\"24\" \/><\/div>\n<div class=\"p1 estilo_contenido_3\">\n<h3>Innovation et adaptabilit\u00e9<\/h3>\n<\/div>\n<div class=\"p2 estilo_contenido_1\">N&rsquo;ayez pas peur de nous lancer de nouveaux d\u00e9fis : nous les aimons ! Face \u00e0 une situation inconnue, nous recherchons et analysons la meilleure strat\u00e9gie \u00e0 suivre dans chaque cas, en proposant des solutions innovantes.<\/div>\n<p><\/div><\/div><div class=\"col-md-6 section7_f3_col2 col-12 col-md-12 col-lg-6\"><div class=\"mb-4\"><\/p>\n<div class=\"icon_proceso\"><img loading=\"lazy\" decoding=\"async\" src=\"\/wp-content\/themes\/humanlevel\/img\/heart.svg\" alt=\"\" width=\"24\" height=\"24\" \/><\/div>\n<div class=\"p1 estilo_contenido_3\">\n<h3>Int\u00e9grit\u00e9<\/h3>\n<\/div>\n<div class=\"p2 estilo_contenido_1\">Nous ne travaillons pas pour certains secteurs : escortes, paris en ligne ou jeux d&rsquo;argent en ligne, sites pornographiques, boutiques de tabac\/vape et tarot. De plus, nous n\u2019op\u00e9rons pas en marque blanche pour d\u2019autres entreprises. Nous tenons \u00e0 ce que chaque client sache qui g\u00e8re r\u00e9ellement son projet.<\/div>\n<p><\/div><\/div><\/div><\/div><div style=\"height:100px;\" ><\/div><div class=\"mb-4\">Chez Human Level, nous nous engageons \u00e0 respecter notre <a href=\"https:\/\/www.humanlevel.com\/fr\/politique-qualite\">politique de qualit\u00e9.<\/a><\/div><\/div><\/div><\/p>\n","protected":false},"excerpt":{"rendered":"","protected":false},"author":41,"featured_media":58711,"parent":0,"menu_order":0,"comment_status":"closed","ping_status":"closed","template":"HL_servicios_secciones.php","meta":{"footnotes":""},"class_list":["post-58709","page","type-page","status-publish","has-post-thumbnail","hentry","entry"],"yoast_head":"\n<title>A propos de nous | Human Level<\/title>\n<meta name=\"description\" content=\"Agence de marketing digital avec 20+ ans d&#039;exp\u00e9rience, aidant les entreprises \u00e0 renforcer leur pr\u00e9sence en ligne. D\u00e9couvrez-nous !\" \/>\n<meta name=\"robots\" content=\"index, follow, max-snippet:-1, max-image-preview:large, max-video-preview:-1\" \/>\n<link rel=\"canonical\" href=\"https:\/\/www.humanlevel.com\/fr\/a-propos\" \/>\n<meta property=\"og:locale\" content=\"fr_FR\" \/>\n<meta property=\"og:type\" content=\"article\" \/>\n<meta property=\"og:title\" content=\"A propos de nous | Human Level\" \/>\n<meta property=\"og:description\" content=\"Agence de marketing digital avec 20+ ans d&#039;exp\u00e9rience, aidant les entreprises \u00e0 renforcer leur pr\u00e9sence en ligne. D\u00e9couvrez-nous !\" \/>\n<meta property=\"og:url\" content=\"https:\/\/www.humanlevel.com\/fr\/a-propos\" \/>\n<meta property=\"og:site_name\" content=\"Human Level\" \/>\n<meta property=\"og:image\" content=\"https:\/\/www.humanlevel.com\/wp-content\/uploads\/sobre-nosotros-1.jpg\" \/>\n\t<meta property=\"og:image:width\" content=\"1440\" \/>\n\t<meta property=\"og:image:height\" content=\"510\" \/>\n\t<meta property=\"og:image:type\" content=\"image\/jpeg\" \/>\n<meta name=\"twitter:card\" content=\"summary_large_image\" \/>\n<meta name=\"twitter:site\" content=\"@humanlevel\" \/>\n<meta name=\"twitter:label1\" content=\"Dur\u00e9e de lecture estim\u00e9e\" \/>\n\t<meta name=\"twitter:data1\" content=\"3 minutes\" \/>\n<script type=\"application\/ld+json\" class=\"yoast-schema-graph\">{\"@context\":\"https:\/\/schema.org\",\"@graph\":[{\"@type\":\"WebPage\",\"@id\":\"https:\/\/www.humanlevel.com\/fr\/a-propos\",\"url\":\"https:\/\/www.humanlevel.com\/fr\/a-propos\",\"name\":\"A propos de nous | Human Level\",\"isPartOf\":{\"@id\":\"https:\/\/www.humanlevel.com\/fr#website\"},\"primaryImageOfPage\":{\"@id\":\"https:\/\/www.humanlevel.com\/fr\/a-propos#primaryimage\"},\"image\":{\"@id\":\"https:\/\/www.humanlevel.com\/fr\/a-propos#primaryimage\"},\"thumbnailUrl\":\"https:\/\/www.humanlevel.com\/wp-content\/uploads\/sobre-nosotros-1.jpg\",\"datePublished\":\"2021-11-30T11:07:59+00:00\",\"dateModified\":\"2025-03-22T00:59:05+00:00\",\"description\":\"Agence de marketing digital avec 20+ ans d'exp\u00e9rience, aidant les entreprises \u00e0 renforcer leur pr\u00e9sence en ligne. D\u00e9couvrez-nous !\",\"breadcrumb\":{\"@id\":\"https:\/\/www.humanlevel.com\/fr\/a-propos#breadcrumb\"},\"inLanguage\":\"fr-FR\",\"potentialAction\":[{\"@type\":\"ReadAction\",\"target\":[\"https:\/\/www.humanlevel.com\/fr\/a-propos\"]}]},{\"@type\":\"ImageObject\",\"inLanguage\":\"fr-FR\",\"@id\":\"https:\/\/www.humanlevel.com\/fr\/a-propos#primaryimage\",\"url\":\"https:\/\/www.humanlevel.com\/wp-content\/uploads\/sobre-nosotros-1.jpg\",\"contentUrl\":\"https:\/\/www.humanlevel.com\/wp-content\/uploads\/sobre-nosotros-1.jpg\",\"width\":1440,\"height\":510},{\"@type\":\"BreadcrumbList\",\"@id\":\"https:\/\/www.humanlevel.com\/fr\/a-propos#breadcrumb\",\"itemListElement\":[{\"@type\":\"ListItem\",\"position\":1,\"name\":\"Portada\",\"item\":\"https:\/\/www.humanlevel.com\/fr\"},{\"@type\":\"ListItem\",\"position\":2,\"name\":\"A propos de nous\"}]},{\"@type\":\"WebSite\",\"@id\":\"https:\/\/www.humanlevel.com\/fr#website\",\"url\":\"https:\/\/www.humanlevel.com\/fr\",\"name\":\"Human Level\",\"description\":\"Agencia SEO para grandes marcas nacionales e internacionales.\",\"publisher\":{\"@id\":\"https:\/\/www.humanlevel.com\/fr#organization\"},\"potentialAction\":[{\"@type\":\"SearchAction\",\"target\":{\"@type\":\"EntryPoint\",\"urlTemplate\":\"https:\/\/www.humanlevel.com\/fr?s={search_term_string}\"},\"query-input\":{\"@type\":\"PropertyValueSpecification\",\"valueRequired\":true,\"valueName\":\"search_term_string\"}}],\"inLanguage\":\"fr-FR\"},{\"@type\":\"Organization\",\"@id\":\"https:\/\/www.humanlevel.com\/fr#organization\",\"name\":\"Human Level\",\"url\":\"https:\/\/www.humanlevel.com\/fr\",\"logo\":{\"@type\":\"ImageObject\",\"inLanguage\":\"fr-FR\",\"@id\":\"https:\/\/www.humanlevel.com\/fr#\/schema\/logo\/image\/\",\"url\":\"https:\/\/www.humanlevel.com\/wp-content\/uploads\/logo-human-negro-1.jpg\",\"contentUrl\":\"https:\/\/www.humanlevel.com\/wp-content\/uploads\/logo-human-negro-1.jpg\",\"width\":268,\"height\":51,\"caption\":\"Human Level\"},\"image\":{\"@id\":\"https:\/\/www.humanlevel.com\/fr#\/schema\/logo\/image\/\"},\"sameAs\":[\"https:\/\/x.com\/humanlevel\"]}]}<\/script>\n","yoast_head_json":{"title":"A propos de nous | Human Level","description":"Agence de marketing digital avec 20+ ans d'exp\u00e9rience, aidant les entreprises \u00e0 renforcer leur pr\u00e9sence en ligne. D\u00e9couvrez-nous !","robots":{"index":"index","follow":"follow","max-snippet":"max-snippet:-1","max-image-preview":"max-image-preview:large","max-video-preview":"max-video-preview:-1"},"canonical":"https:\/\/www.humanlevel.com\/fr\/a-propos","og_locale":"fr_FR","og_type":"article","og_title":"A propos de nous | Human Level","og_description":"Agence de marketing digital avec 20+ ans d'exp\u00e9rience, aidant les entreprises \u00e0 renforcer leur pr\u00e9sence en ligne. D\u00e9couvrez-nous !","og_url":"https:\/\/www.humanlevel.com\/fr\/a-propos","og_site_name":"Human Level","og_image":[{"width":1440,"height":510,"url":"https:\/\/www.humanlevel.com\/wp-content\/uploads\/sobre-nosotros-1.jpg","type":"image\/jpeg"}],"twitter_card":"summary_large_image","twitter_site":"@humanlevel","twitter_misc":{"Dur\u00e9e de lecture estim\u00e9e":"3 minutes"},"schema":{"@context":"https:\/\/schema.org","@graph":[{"@type":"WebPage","@id":"https:\/\/www.humanlevel.com\/fr\/a-propos","url":"https:\/\/www.humanlevel.com\/fr\/a-propos","name":"A propos de nous | Human Level","isPartOf":{"@id":"https:\/\/www.humanlevel.com\/fr#website"},"primaryImageOfPage":{"@id":"https:\/\/www.humanlevel.com\/fr\/a-propos#primaryimage"},"image":{"@id":"https:\/\/www.humanlevel.com\/fr\/a-propos#primaryimage"},"thumbnailUrl":"https:\/\/www.humanlevel.com\/wp-content\/uploads\/sobre-nosotros-1.jpg","datePublished":"2021-11-30T11:07:59+00:00","dateModified":"2025-03-22T00:59:05+00:00","description":"Agence de marketing digital avec 20+ ans d'exp\u00e9rience, aidant les entreprises \u00e0 renforcer leur pr\u00e9sence en ligne. D\u00e9couvrez-nous !","breadcrumb":{"@id":"https:\/\/www.humanlevel.com\/fr\/a-propos#breadcrumb"},"inLanguage":"fr-FR","potentialAction":[{"@type":"ReadAction","target":["https:\/\/www.humanlevel.com\/fr\/a-propos"]}]},{"@type":"ImageObject","inLanguage":"fr-FR","@id":"https:\/\/www.humanlevel.com\/fr\/a-propos#primaryimage","url":"https:\/\/www.humanlevel.com\/wp-content\/uploads\/sobre-nosotros-1.jpg","contentUrl":"https:\/\/www.humanlevel.com\/wp-content\/uploads\/sobre-nosotros-1.jpg","width":1440,"height":510},{"@type":"BreadcrumbList","@id":"https:\/\/www.humanlevel.com\/fr\/a-propos#breadcrumb","itemListElement":[{"@type":"ListItem","position":1,"name":"Portada","item":"https:\/\/www.humanlevel.com\/fr"},{"@type":"ListItem","position":2,"name":"A propos de nous"}]},{"@type":"WebSite","@id":"https:\/\/www.humanlevel.com\/fr#website","url":"https:\/\/www.humanlevel.com\/fr","name":"Human Level","description":"Agencia SEO para grandes marcas nacionales e internacionales.","publisher":{"@id":"https:\/\/www.humanlevel.com\/fr#organization"},"potentialAction":[{"@type":"SearchAction","target":{"@type":"EntryPoint","urlTemplate":"https:\/\/www.humanlevel.com\/fr?s={search_term_string}"},"query-input":{"@type":"PropertyValueSpecification","valueRequired":true,"valueName":"search_term_string"}}],"inLanguage":"fr-FR"},{"@type":"Organization","@id":"https:\/\/www.humanlevel.com\/fr#organization","name":"Human Level","url":"https:\/\/www.humanlevel.com\/fr","logo":{"@type":"ImageObject","inLanguage":"fr-FR","@id":"https:\/\/www.humanlevel.com\/fr#\/schema\/logo\/image\/","url":"https:\/\/www.humanlevel.com\/wp-content\/uploads\/logo-human-negro-1.jpg","contentUrl":"https:\/\/www.humanlevel.com\/wp-content\/uploads\/logo-human-negro-1.jpg","width":268,"height":51,"caption":"Human Level"},"image":{"@id":"https:\/\/www.humanlevel.com\/fr#\/schema\/logo\/image\/"},"sameAs":["https:\/\/x.com\/humanlevel"]}]}},"_links":{"self":[{"href":"https:\/\/www.humanlevel.com\/fr\/wp-json\/wp\/v2\/pages\/58709","targetHints":{"allow":["GET"]}}],"collection":[{"href":"https:\/\/www.humanlevel.com\/fr\/wp-json\/wp\/v2\/pages"}],"about":[{"href":"https:\/\/www.humanlevel.com\/fr\/wp-json\/wp\/v2\/types\/page"}],"author":[{"embeddable":true,"href":"https:\/\/www.humanlevel.com\/fr\/wp-json\/wp\/v2\/users\/41"}],"replies":[{"embeddable":true,"href":"https:\/\/www.humanlevel.com\/fr\/wp-json\/wp\/v2\/comments?post=58709"}],"version-history":[{"count":6,"href":"https:\/\/www.humanlevel.com\/fr\/wp-json\/wp\/v2\/pages\/58709\/revisions"}],"predecessor-version":[{"id":78831,"href":"https:\/\/www.humanlevel.com\/fr\/wp-json\/wp\/v2\/pages\/58709\/revisions\/78831"}],"wp:featuredmedia":[{"embeddable":true,"href":"https:\/\/www.humanlevel.com\/fr\/wp-json\/wp\/v2\/media\/58711"}],"wp:attachment":[{"href":"https:\/\/www.humanlevel.com\/fr\/wp-json\/wp\/v2\/media?parent=58709"}],"curies":[{"name":"wp","href":"https:\/\/api.w.org\/{rel}","templated":true}]}}