{"id":58563,"date":"2024-08-13T09:24:57","date_gmt":"2024-08-13T07:24:57","guid":{"rendered":"https:\/\/www.humanlevel.com\/youtube"},"modified":"2026-01-26T09:51:32","modified_gmt":"2026-01-26T08:51:32","slug":"youtube","status":"publish","type":"page","link":"https:\/\/www.humanlevel.com\/fr\/seo\/youtube","title":{"rendered":"SEO sur Youtube"},"content":{"rendered":"<p><div class=\"row\"><div class=\"col section1\"><div class=\"container\"><div class=\"row mb-4\"><div class=\"col section1_col1 col-12\"><div class=\"mb-4\"><\/p>\n<div class=\"section1_p1 estilo_titulo_seccion\">\n<h2><span class=\"notion-enable-hover\" data-token-index=\"0\">Positionner et convertir avec Youtube<\/span><\/h2>\n<\/div>\n<div class=\"section1_p2 estilo_contenido_5\">\n<p>Toutes les questions ne sont pas pos\u00e9es sur Google. Pour certaines recherches, les utilisateurs pr\u00e9f\u00e8rent se tourner vers YouTube pour obtenir des r\u00e9ponses en format vid\u00e9o. Si vous n&rsquo;\u00eates pas pr\u00e9sent sur l&rsquo;un des moteurs de recherche les plus utilis\u00e9s du march\u00e9, vous risquez de perdre de grandes opportunit\u00e9s de vente. Chez Human Level, nous optimisons votre cha\u00eene YouTube, identifions les requ\u00eates de vos clients, cr\u00e9ons des calendriers \u00e9ditoriaux adapt\u00e9s et vous fournissons des recommandations SEO pour am\u00e9liorer votre positionnement sur YouTube et Google.<\/p>\n<\/div>\n<p><\/div><\/div><\/div><\/div><\/div><\/div><div class=\"row vc_custom_1675958803271\" style=\"background-color: #f9f9fb !important;\" ><div class=\"col section2\"><div class=\"container\"><div class=\"row mb-4\"><div class=\"col-md-6 section2_col1 col-12 col-md-12 col-lg-6\"><div class=\"mb-4\"><\/p>\n<div class=\"section2_col1_p1 estilo_contenido_4\">Pourquoi investir dans le SEO Youtube ?<\/div>\n<div class=\"section2_col1_p2 estilo_titulo_seccion\">\n<h2>Trafic et engagement<\/h2>\n<\/div>\n<p><\/div><\/div><div class=\"col-md-6 section2_col2 col-12 col-md-12 col-lg-6 estilo_contenido_2\"><div class=\"mb-4\"><\/p>\n<div class=\"section2_lista\">\n<ul>\n<li>Attirez du trafic qualifi\u00e9 vers votre site<\/li>\n<li>Renforcez votre notori\u00e9t\u00e9 de marque<\/li>\n<li>Cr\u00e9er une communaut\u00e9 et apporter une valeur ajout\u00e9e<\/li>\n<li>Positionnez-vous en tant qu&rsquo;expert<\/li>\n<\/ul>\n<\/div>\n<p><\/div><div class=\"mb-4\"><\/p>\n<div id=\"empezar\"><a class=\"btn btn-hlc\" href=\"#anchor-formulario\">COMMENCEZ MAINTENANT<\/a><\/div>\n<p><\/div><\/div><\/div><\/div><\/div><\/div><div class=\"row\"><div class=\"col section3\"><div class=\"container\"><div class=\"row mb-4\"><div class=\"col section3_f1\"><div class=\"mb-4\"><\/p>\n<div class=\"section3_f1_p1 estilo_contenido_4\">En quoi consiste le positionnement sur Youtube ?<\/div>\n<div class=\"section3_f1_p2 estilo_titulo_seccion\">\n<h2>Que comprend notre service<\/h2>\n<\/div>\n<p><\/div><\/div><\/div><div class=\"row mb-4\"><div class=\"col-md-2 col-sm-4 section3_f2_col1 col-12 col-sm-12 col-md-6 col-lg-6 col-xl-4\"><div class=\"mb-4\"><\/p>\n<div class=\"icon_proceso\"><img loading=\"lazy\" decoding=\"async\" src=\"\/wp-content\/themes\/humanlevel\/img\/icons\/youtube-red.svg\" width=\"24\" height=\"24\" \/><\/div>\n<div class=\"p1 estilo_contenido_2\">\n<h3>Audit de votre cha\u00eene<\/h3>\n<\/div>\n<div class=\"p2 estilo_contenido_1\">Nous examinons la situation actuelle de la marque sur YouTube : avez-vous une pr\u00e9sence ou non, nombre de langues, type de contenu publi\u00e9, informations sur l&rsquo;entreprise, etc.<\/div>\n<p><\/div><\/div><div class=\"col-md-2 col-sm-4 section3_f2_col2 col-12 col-sm-12 col-md-6 col-lg-6 col-xl-4\"><div class=\"mb-4\"><\/p>\n<div class=\"icon_proceso\"><img loading=\"lazy\" decoding=\"async\" src=\"\/wp-content\/themes\/humanlevel\/img\/icons\/target-red.svg\" width=\"24\" height=\"24\" \/><\/div>\n<div class=\"p1 estilo_contenido_2\">\n<h3>Strat\u00e9gie de positionnement sur YouTube<\/h3>\n<\/div>\n<div class=\"p2 estilo_contenido_1\">Nous analysons l&rsquo;environnement concurrentiel et les objectifs de l&rsquo;entreprise afin d&rsquo;\u00e9laborer un plan de positionnement visant \u00e0 accro\u00eetre la visibilit\u00e9 et les ventes.<\/div>\n<p><\/div><\/div><div class=\"col-md-2 col-sm-4 section3_f2_col3 col-12 col-sm-12 col-md-6 col-lg-6 col-xl-4\"><div class=\"mb-4\"><\/p>\n<div class=\"icon_proceso\"><img loading=\"lazy\" decoding=\"async\" src=\"\/wp-content\/themes\/humanlevel\/img\/icons\/key-red.svg\" width=\"24\" height=\"24\" \/><\/div>\n<div class=\"p1 estilo_contenido_2\">\n<h3>Recherche de mots-cl\u00e9s et calendrier \u00e9ditorial<\/h3>\n<\/div>\n<div class=\"p2 estilo_contenido_1\">Nous identifions les recherches effectu\u00e9es par les clients potentiels sur YouTube et proposons un calendrier \u00e9ditorial qui s&rsquo;attaque \u00e0 celles dont le volume de recherche et la pertinence pour l&rsquo;entreprise sont les plus \u00e9lev\u00e9s.<\/div>\n<p><\/div><\/div><div class=\"col-md-2 col-sm-4 section3_f3_col1 col-12 col-sm-12 col-md-6 col-lg-6 col-xl-4\"><div class=\"mb-4\"><\/p>\n<div class=\"icon_proceso\"><img loading=\"lazy\" decoding=\"async\" src=\"\/wp-content\/themes\/humanlevel\/img\/icons\/film-red.svg\" width=\"24\" height=\"24\" \/><\/div>\n<div class=\"p1 estilo_contenido_2\">\n<h3>Proposition de scripts et cr\u00e9ation de vid\u00e9os<\/h3>\n<\/div>\n<div class=\"p2 estilo_contenido_1\">Si vous ne disposez pas d&rsquo;une \u00e9quipe interne pour la r\u00e9daction de sc\u00e9narios ou la production de vid\u00e9os, pas de probl\u00e8me, nous nous chargeons de tout.<\/div>\n<p><\/div><\/div><div class=\"col-md-2 col-sm-4 section3_f3_col2 col-12 col-sm-12 col-md-6 col-lg-6 col-xl-4\"><div class=\"mb-4\"><\/p>\n<div class=\"icon_proceso\"><img loading=\"lazy\" decoding=\"async\" src=\"\/wp-content\/themes\/humanlevel\/img\/icons\/settings-red.svg\" width=\"24\" height=\"24\" \/><\/div>\n<div class=\"p1 estilo_contenido_2\">\n<h3>Optimisation des m\u00e9tadonn\u00e9es<\/h3>\n<\/div>\n<div class=\"p2 estilo_contenido_1\">Nous t\u00e9l\u00e9chargeons les vid\u00e9os sur Youtube ou donnons des recommandations \u00e0 votre \u00e9quipe pour optimiser les m\u00e9tadonn\u00e9es (titre, description, chapitres, etc.) et profiter de toutes les fonctionnalit\u00e9s de la plateforme (cartes, sous-titres, listes, etc.).<\/div>\n<p><\/div><\/div><div class=\"col-md-2 col-sm-4 section3_f3_col3 col-12 col-sm-12 col-md-6 col-lg-6 col-xl-4\"><div class=\"mb-4\"><\/p>\n<div class=\"icon_proceso\"><img loading=\"lazy\" decoding=\"async\" src=\"\/wp-content\/themes\/humanlevel\/img\/icons\/activity-red.svg\" width=\"24\" height=\"24\" \/><\/div>\n<div class=\"p1 estilo_contenido_2\">\n<h3>Suivi et reporting<\/h3>\n<\/div>\n<div class=\"p2 estilo_contenido_1\">Nous analysons l\u2019\u00e9volution de votre projet \u00e0 l\u2019aide de tableaux de bord interactifs sur Looker Studio, accompagn\u00e9s de notre interpr\u00e9tation et de recommandations personnalis\u00e9es.<\/div>\n<p><\/div><\/div><\/div><\/div><\/div><\/div><div class=\"row\"><div class=\"col section_faqs\"><div class=\"container\"><div class=\"row mb-4\"><div class=\"col section_faqs_col1 col-12 col-lg-6\"><div class=\"mb-4\"><\/p>\n<div class=\"estilo_titulo_seccion p1\">\n<h2>Questions fr\u00e9quemment pos\u00e9es<\/h2>\n<\/div>\n<div class=\"estilo_contenido_5 p2\">Vous avez une question \u00e0 laquelle nous n&rsquo;avons pas r\u00e9pondu ? N&rsquo;h\u00e9sitez pas \u00e0 nous contacter.<\/div>\n<div id=\"contactar\"><a class=\"btn btn-hlc\" href=\"#anchor-formulario\">CONTACT<\/a><\/div>\n<p><\/div><\/div><\/div><div class=\"accordion mb-4\" id=\"accordion1\"> <div class=\"card mt-3\">\r\n <h3 class=\"card-header\" data-toggle=\"collapse\" data-target=\"#t1677151007435-c195419e-b77660fe-35390a56-3ee6\">\r\n En quoi consiste le SEO sur YouTube ? <button class=\"arrow\"><\/button>\r\n <\/h3>\r\n <div id=\"t1677151007435-c195419e-b77660fe-35390a56-3ee6\" class=\"collapse show\" data-parent=\"#accordion1\">\r\n <div class=\"card-body\"><p><\/p>\r\n <div class=\"mb-4\"><\/p>\n<div class=\"estilo_contenido_1\">Le travail de r\u00e9f\u00e9rencement sur YouTube consiste \u00e0 optimiser votre contenu vid\u00e9o et votre cha\u00eene YouTube afin d&rsquo;appara\u00eetre dans les r\u00e9sultats de recherche effectu\u00e9s par vos clients potentiels sur la plateforme. Ce travail implique la d\u00e9finition d\u2019une strat\u00e9gie adapt\u00e9e, le choix pertinent des contenus \u00e0 cr\u00e9er ainsi que l\u2019optimisation des fiches des vid\u00e9os, parmi d\u2019autres aspects essentiels.<\/div>\n<p><\/div>\r\n <\/div>\r\n <\/div> \r\n <\/div> <div class=\"card\">\r\n <h3 class=\"card-header collapsed\" data-toggle=\"collapse\" data-target=\"#t1677151007493-c90f1a18-d2f060fe-35390a56-3ee6\">\r\n Comment Human Level peut-il vous aider ? <button class=\"arrow\"><\/button>\r\n <\/h3>\r\n <div id=\"t1677151007493-c90f1a18-d2f060fe-35390a56-3ee6\" class=\"collapse\" data-parent=\"#accordion1\">\r\n <div class=\"card-body\"><p><\/p>\r\n <div class=\"mb-4\"><\/p>\n<div class=\"estilo_contenido_1\">Chez Human Level, nous pouvons vous fournir le service le plus adapt\u00e9 \u00e0 vos besoins, du simple accompagnement pour aider votre \u00e9quipe interne \u00e0 mettre en \u0153uvre la strat\u00e9gie d\u00e9finie \u00e0 la prise en charge de l&rsquo;ensemble du processus, du d\u00e9but \u00e0 la fin. C&rsquo;est vous qui d\u00e9cidez.<\/div>\n<p><\/div>\r\n <\/div>\r\n <\/div> \r\n <\/div> <div class=\"card\">\r\n <h3 class=\"card-header collapsed\" data-toggle=\"collapse\" data-target=\"#t1677601713656-114beb83-e81a60fe-35390a56-3ee6\">\r\n Quand pourrai-je voir des r\u00e9sultats ? <button class=\"arrow\"><\/button>\r\n <\/h3>\r\n <div id=\"t1677601713656-114beb83-e81a60fe-35390a56-3ee6\" class=\"collapse\" data-parent=\"#accordion1\">\r\n <div class=\"card-body\"><p><\/p>\r\n <div class=\"mb-4\"><\/p>\n<div class=\"estilo_contenido_1\">Comme dans les strat\u00e9gies de r\u00e9f\u00e9rencement ax\u00e9es sur Google, les r\u00e9sultats de notre strat\u00e9gie ne seront pas imm\u00e9diats. Youtube valorise la constance et la fr\u00e9quence de publication, donc plus nous publions de contenu (tant que nous maintenons la m\u00eame fr\u00e9quence), plus la plateforme mettra nos vid\u00e9os en avant aupr\u00e8s des utilisateurs.<\/div>\n<p><\/div>\r\n <\/div>\r\n <\/div> \r\n <\/div><\/div><\/div><\/div><\/div><div class=\"row\"><div class=\"col \"><script type=\"application\/ld+json\">\n{\n  \"@context\": \"https:\/\/schema.org\/\",\n  \"@type\": \"Service\",\n  \"serviceType\": \"SEO sur YouTube\",\n  \"provider\": {\n    \"@type\": \"Organization\",\n    \"@id\":\"https:\\\/\\\/www.humanlevel.com\\\/#organization\"\n  },\n  \"areaServed\": {\n    \"@type\": \"Continent\",\n    \"name\": \"Europe\"\n  }\n}\n<\/script>\n<script type=\"application\/ld+json\">\n{\n\t\"@context\":\"http:\\\/\\\/schema.org\",\n\t\"@type\":\"Organization\",\n    \"@id\":\"https:\\\/\\\/www.humanlevel.com\\\/#organization\",\n    \"name\":\"Human Level\",\n    \"address\": {\n  \t\"@type\": \"PostalAddress\",\n  \t\"streetAddress\": \"Calle Arcadi Blasco, 20\",\n  \t\"addressLocality\": \"Sant Joan d'Alacant\",\n  \t\"addressRegion\": \"Alicante\",\n  \t\"postalCode\": \"03550\",\n  \t\"addressCountry\": \"ES\"\n    },\n  \t\"email\": \"info@humanlevel.com\",\n    \"telephone\": \"+34966141907\",\n    \"url\":\"https:\\\/\\\/www.humanlevel.com\\\/\",\n    \"logo\":\n    {\n    \t\"@type\":\"ImageObject\",\n    \t\"url\":\"https:\\\/\\\/www.humanlevel.com\\\/wp-content\\\/uploads\\\/logo-humanlevel-web.png\",\n        \"width\":305,\n        \"height\":74,\n        \"@id\":\"https:\\\/\\\/www.humanlevel.com\\\/#logo\"\n    },\n  \"image\":\n  {\n    \"@type\":\"ImageObject\",\n  \t\"@id\":\"https:\\\/\\\/www.humanlevel.com\\\/#logo\"\n  }\n}\n<\/script><\/div><\/div><\/p>\n","protected":false},"excerpt":{"rendered":"","protected":false},"author":36,"featured_media":58565,"parent":71429,"menu_order":0,"comment_status":"closed","ping_status":"closed","template":"HL_servicios_secciones.php","meta":{"footnotes":""},"class_list":["post-58563","page","type-page","status-publish","has-post-thumbnail","hentry","entry"],"yoast_head":"\n<title>SEO sur Youtube | Human Level<\/title>\n<meta name=\"description\" content=\"Optimisez vos vid\u00e9os sur YouTube, gagnez en visibilit\u00e9 et augmentez vos ventes sur la plateforme vid\u00e9o la plus visit\u00e9e au monde.\" \/>\n<meta name=\"robots\" content=\"index, follow, max-snippet:-1, max-image-preview:large, max-video-preview:-1\" \/>\n<link rel=\"canonical\" href=\"https:\/\/www.humanlevel.com\/fr\/seo\/youtube\" \/>\n<meta property=\"og:locale\" content=\"fr_FR\" \/>\n<meta property=\"og:type\" content=\"article\" \/>\n<meta property=\"og:title\" content=\"SEO sur Youtube | Human Level\" \/>\n<meta property=\"og:description\" content=\"Optimisez vos vid\u00e9os sur YouTube, gagnez en visibilit\u00e9 et augmentez vos ventes sur la plateforme vid\u00e9o la plus visit\u00e9e au monde.\" \/>\n<meta property=\"og:url\" content=\"https:\/\/www.humanlevel.com\/fr\/seo\/youtube\" \/>\n<meta property=\"og:site_name\" content=\"Human Level\" \/>\n<meta property=\"og:image\" content=\"https:\/\/www.humanlevel.com\/wp-content\/uploads\/youtube-desktop.jpg\" \/>\n\t<meta property=\"og:image:width\" content=\"1440\" \/>\n\t<meta property=\"og:image:height\" content=\"489\" \/>\n\t<meta property=\"og:image:type\" content=\"image\/jpeg\" \/>\n<meta name=\"twitter:card\" content=\"summary_large_image\" \/>\n<meta name=\"twitter:site\" content=\"@humanlevel\" \/>\n<meta name=\"twitter:label1\" content=\"Dur\u00e9e de lecture estim\u00e9e\" \/>\n\t<meta name=\"twitter:data1\" content=\"5 minutes\" \/>\n<script type=\"application\/ld+json\" class=\"yoast-schema-graph\">{\"@context\":\"https:\/\/schema.org\",\"@graph\":[{\"@type\":\"WebPage\",\"@id\":\"https:\/\/www.humanlevel.com\/fr\/seo\/youtube\",\"url\":\"https:\/\/www.humanlevel.com\/fr\/seo\/youtube\",\"name\":\"SEO sur Youtube | Human Level\",\"isPartOf\":{\"@id\":\"https:\/\/www.humanlevel.com\/fr#website\"},\"primaryImageOfPage\":{\"@id\":\"https:\/\/www.humanlevel.com\/fr\/seo\/youtube#primaryimage\"},\"image\":{\"@id\":\"https:\/\/www.humanlevel.com\/fr\/seo\/youtube#primaryimage\"},\"thumbnailUrl\":\"https:\/\/www.humanlevel.com\/wp-content\/uploads\/youtube-desktop.jpg\",\"datePublished\":\"2024-08-13T07:24:57+00:00\",\"dateModified\":\"2026-01-26T08:51:32+00:00\",\"description\":\"Optimisez vos vid\u00e9os sur YouTube, gagnez en visibilit\u00e9 et augmentez vos ventes sur la plateforme vid\u00e9o la plus visit\u00e9e au monde.\",\"breadcrumb\":{\"@id\":\"https:\/\/www.humanlevel.com\/fr\/seo\/youtube#breadcrumb\"},\"inLanguage\":\"fr-FR\",\"potentialAction\":[{\"@type\":\"ReadAction\",\"target\":[\"https:\/\/www.humanlevel.com\/fr\/seo\/youtube\"]}]},{\"@type\":\"ImageObject\",\"inLanguage\":\"fr-FR\",\"@id\":\"https:\/\/www.humanlevel.com\/fr\/seo\/youtube#primaryimage\",\"url\":\"https:\/\/www.humanlevel.com\/wp-content\/uploads\/youtube-desktop.jpg\",\"contentUrl\":\"https:\/\/www.humanlevel.com\/wp-content\/uploads\/youtube-desktop.jpg\",\"width\":1440,\"height\":489,\"caption\":\"SEO sur Youtube\"},{\"@type\":\"BreadcrumbList\",\"@id\":\"https:\/\/www.humanlevel.com\/fr\/seo\/youtube#breadcrumb\",\"itemListElement\":[{\"@type\":\"ListItem\",\"position\":1,\"name\":\"Portada\",\"item\":\"https:\/\/www.humanlevel.com\/fr\"},{\"@type\":\"ListItem\",\"position\":2,\"name\":\"SEO\",\"item\":\"https:\/\/www.humanlevel.com\/fr\/seo\"},{\"@type\":\"ListItem\",\"position\":3,\"name\":\"SEO sur Youtube\"}]},{\"@type\":\"WebSite\",\"@id\":\"https:\/\/www.humanlevel.com\/fr#website\",\"url\":\"https:\/\/www.humanlevel.com\/fr\",\"name\":\"Human Level\",\"description\":\"Agencia SEO para grandes marcas nacionales e internacionales.\",\"publisher\":{\"@id\":\"https:\/\/www.humanlevel.com\/fr#organization\"},\"potentialAction\":[{\"@type\":\"SearchAction\",\"target\":{\"@type\":\"EntryPoint\",\"urlTemplate\":\"https:\/\/www.humanlevel.com\/fr?s={search_term_string}\"},\"query-input\":{\"@type\":\"PropertyValueSpecification\",\"valueRequired\":true,\"valueName\":\"search_term_string\"}}],\"inLanguage\":\"fr-FR\"},{\"@type\":\"Organization\",\"@id\":\"https:\/\/www.humanlevel.com\/fr#organization\",\"name\":\"Human Level\",\"url\":\"https:\/\/www.humanlevel.com\/fr\",\"logo\":{\"@type\":\"ImageObject\",\"inLanguage\":\"fr-FR\",\"@id\":\"https:\/\/www.humanlevel.com\/fr#\/schema\/logo\/image\/\",\"url\":\"https:\/\/www.humanlevel.com\/wp-content\/uploads\/logo-human-negro-1.jpg\",\"contentUrl\":\"https:\/\/www.humanlevel.com\/wp-content\/uploads\/logo-human-negro-1.jpg\",\"width\":268,\"height\":51,\"caption\":\"Human Level\"},\"image\":{\"@id\":\"https:\/\/www.humanlevel.com\/fr#\/schema\/logo\/image\/\"},\"sameAs\":[\"https:\/\/x.com\/humanlevel\"]}]}<\/script>\n","yoast_head_json":{"title":"SEO sur Youtube | Human Level","description":"Optimisez vos vid\u00e9os sur YouTube, gagnez en visibilit\u00e9 et augmentez vos ventes sur la plateforme vid\u00e9o la plus visit\u00e9e au monde.","robots":{"index":"index","follow":"follow","max-snippet":"max-snippet:-1","max-image-preview":"max-image-preview:large","max-video-preview":"max-video-preview:-1"},"canonical":"https:\/\/www.humanlevel.com\/fr\/seo\/youtube","og_locale":"fr_FR","og_type":"article","og_title":"SEO sur Youtube | Human Level","og_description":"Optimisez vos vid\u00e9os sur YouTube, gagnez en visibilit\u00e9 et augmentez vos ventes sur la plateforme vid\u00e9o la plus visit\u00e9e au monde.","og_url":"https:\/\/www.humanlevel.com\/fr\/seo\/youtube","og_site_name":"Human Level","og_image":[{"width":1440,"height":489,"url":"https:\/\/www.humanlevel.com\/wp-content\/uploads\/youtube-desktop.jpg","type":"image\/jpeg"}],"twitter_card":"summary_large_image","twitter_site":"@humanlevel","twitter_misc":{"Dur\u00e9e de lecture estim\u00e9e":"5 minutes"},"schema":{"@context":"https:\/\/schema.org","@graph":[{"@type":"WebPage","@id":"https:\/\/www.humanlevel.com\/fr\/seo\/youtube","url":"https:\/\/www.humanlevel.com\/fr\/seo\/youtube","name":"SEO sur Youtube | Human Level","isPartOf":{"@id":"https:\/\/www.humanlevel.com\/fr#website"},"primaryImageOfPage":{"@id":"https:\/\/www.humanlevel.com\/fr\/seo\/youtube#primaryimage"},"image":{"@id":"https:\/\/www.humanlevel.com\/fr\/seo\/youtube#primaryimage"},"thumbnailUrl":"https:\/\/www.humanlevel.com\/wp-content\/uploads\/youtube-desktop.jpg","datePublished":"2024-08-13T07:24:57+00:00","dateModified":"2026-01-26T08:51:32+00:00","description":"Optimisez vos vid\u00e9os sur YouTube, gagnez en visibilit\u00e9 et augmentez vos ventes sur la plateforme vid\u00e9o la plus visit\u00e9e au monde.","breadcrumb":{"@id":"https:\/\/www.humanlevel.com\/fr\/seo\/youtube#breadcrumb"},"inLanguage":"fr-FR","potentialAction":[{"@type":"ReadAction","target":["https:\/\/www.humanlevel.com\/fr\/seo\/youtube"]}]},{"@type":"ImageObject","inLanguage":"fr-FR","@id":"https:\/\/www.humanlevel.com\/fr\/seo\/youtube#primaryimage","url":"https:\/\/www.humanlevel.com\/wp-content\/uploads\/youtube-desktop.jpg","contentUrl":"https:\/\/www.humanlevel.com\/wp-content\/uploads\/youtube-desktop.jpg","width":1440,"height":489,"caption":"SEO sur Youtube"},{"@type":"BreadcrumbList","@id":"https:\/\/www.humanlevel.com\/fr\/seo\/youtube#breadcrumb","itemListElement":[{"@type":"ListItem","position":1,"name":"Portada","item":"https:\/\/www.humanlevel.com\/fr"},{"@type":"ListItem","position":2,"name":"SEO","item":"https:\/\/www.humanlevel.com\/fr\/seo"},{"@type":"ListItem","position":3,"name":"SEO sur Youtube"}]},{"@type":"WebSite","@id":"https:\/\/www.humanlevel.com\/fr#website","url":"https:\/\/www.humanlevel.com\/fr","name":"Human Level","description":"Agencia SEO para grandes marcas nacionales e internacionales.","publisher":{"@id":"https:\/\/www.humanlevel.com\/fr#organization"},"potentialAction":[{"@type":"SearchAction","target":{"@type":"EntryPoint","urlTemplate":"https:\/\/www.humanlevel.com\/fr?s={search_term_string}"},"query-input":{"@type":"PropertyValueSpecification","valueRequired":true,"valueName":"search_term_string"}}],"inLanguage":"fr-FR"},{"@type":"Organization","@id":"https:\/\/www.humanlevel.com\/fr#organization","name":"Human Level","url":"https:\/\/www.humanlevel.com\/fr","logo":{"@type":"ImageObject","inLanguage":"fr-FR","@id":"https:\/\/www.humanlevel.com\/fr#\/schema\/logo\/image\/","url":"https:\/\/www.humanlevel.com\/wp-content\/uploads\/logo-human-negro-1.jpg","contentUrl":"https:\/\/www.humanlevel.com\/wp-content\/uploads\/logo-human-negro-1.jpg","width":268,"height":51,"caption":"Human Level"},"image":{"@id":"https:\/\/www.humanlevel.com\/fr#\/schema\/logo\/image\/"},"sameAs":["https:\/\/x.com\/humanlevel"]}]}},"_links":{"self":[{"href":"https:\/\/www.humanlevel.com\/fr\/wp-json\/wp\/v2\/pages\/58563","targetHints":{"allow":["GET"]}}],"collection":[{"href":"https:\/\/www.humanlevel.com\/fr\/wp-json\/wp\/v2\/pages"}],"about":[{"href":"https:\/\/www.humanlevel.com\/fr\/wp-json\/wp\/v2\/types\/page"}],"author":[{"embeddable":true,"href":"https:\/\/www.humanlevel.com\/fr\/wp-json\/wp\/v2\/users\/36"}],"replies":[{"embeddable":true,"href":"https:\/\/www.humanlevel.com\/fr\/wp-json\/wp\/v2\/comments?post=58563"}],"version-history":[{"count":5,"href":"https:\/\/www.humanlevel.com\/fr\/wp-json\/wp\/v2\/pages\/58563\/revisions"}],"predecessor-version":[{"id":81016,"href":"https:\/\/www.humanlevel.com\/fr\/wp-json\/wp\/v2\/pages\/58563\/revisions\/81016"}],"up":[{"embeddable":true,"href":"https:\/\/www.humanlevel.com\/fr\/wp-json\/wp\/v2\/pages\/71429"}],"wp:featuredmedia":[{"embeddable":true,"href":"https:\/\/www.humanlevel.com\/fr\/wp-json\/wp\/v2\/media\/58565"}],"wp:attachment":[{"href":"https:\/\/www.humanlevel.com\/fr\/wp-json\/wp\/v2\/media?parent=58563"}],"curies":[{"name":"wp","href":"https:\/\/api.w.org\/{rel}","templated":true}]}}