{"id":58454,"date":"2024-12-16T13:48:23","date_gmt":"2024-12-16T12:48:23","guid":{"rendered":"https:\/\/www.humanlevel.com\/local"},"modified":"2026-01-26T09:44:21","modified_gmt":"2026-01-26T08:44:21","slug":"local","status":"publish","type":"page","link":"https:\/\/www.humanlevel.com\/fr\/seo\/local","title":{"rendered":"SEO local"},"content":{"rendered":"<p><div class=\"row\"><div class=\"col section1\"><div class=\"container\"><div class=\"row mb-4\"><div class=\"col section1_col1 col-12\"><div class=\"mb-4\"><\/p>\n<div class=\"section1_p1 estilo_titulo_seccion\">\n<h2>Dominez votre march\u00e9 local : SEO qui se connecte \u00e0 votre communaut\u00e9<\/h2>\n<\/div>\n<div class=\"section1_p2 estilo_contenido_5\">\n<p>Dans un monde o\u00f9<a href=\"https:\/\/www.seroundtable.com\/google-46-of-searches-have-local-intent-26529.html\" target=\"_blank\" rel=\"noopener\"> 46 % des recherches sur Google ont une intention locale,<\/a> se d\u00e9marquer dans votre zone est essentiel \u00e0 la r\u00e9ussite de votre entreprise. Notre service de SEO local va au-del\u00e0 des optimisations de base : nous cr\u00e9ons une identit\u00e9 num\u00e9rique qui renforce votre autorit\u00e9 locale et vous connecte aux clients lorsqu\u2019ils recherchent vos services.<\/p>\n<\/div>\n<p><\/div><\/div><\/div><\/div><\/div><\/div><div class=\"row vc_custom_1675958803271\" style=\"background-color: #f9f9fb !important;\" ><div class=\"col section2\"><div class=\"container\"><div class=\"row mb-4\"><div class=\"col-md-6 section2_col1 col-12 col-md-12 col-lg-6\"><div class=\"mb-4\"><\/p>\n<div class=\"section2_col1_p1 estilo_contenido_4\">Pourquoi investir dans le SEO local ?<\/div>\n<div class=\"section2_col1_p2 estilo_titulo_seccion\">\n<h2>Attirez les clients les plus pr\u00e9cieux : ceux qui se trouvent \u00e0 proximit\u00e9.<\/h2>\n<\/div>\n<p><\/div><\/div><div class=\"col-md-6 section2_col2 col-12 col-md-12 col-lg-6 estilo_contenido_2\"><div class=\"mb-4\"><\/p>\n<div class=\"section2_lista\">\n<ul>\n<li><span class=\"discussion-id-766b5f79-c749-4d00-8e9c-10cc480a472a notion-enable-hover\" data-token-index=\"0\">Dominez les recherches<\/span> locales et g\u00e9olocalis\u00e9es<\/li>\n<li>Multipliez vos avis clients v\u00e9rifi\u00e9s<\/li>\n<li>Se d\u00e9marquer sur Google Maps et dans l&rsquo;offre locale<\/li>\n<li>Am\u00e9liorez votre visibilit\u00e9 lors d&rsquo;\u00e9v\u00e9nements locaux<\/li>\n<\/ul>\n<\/div>\n<p><\/div><div class=\"mb-4\"><\/p>\n<div id=\"empezar\"><a class=\"btn btn-hlc\" href=\"#anchor-formulario\">COMMENCEZ MAINTENANT<\/a><\/div>\n<p><\/div><\/div><\/div><\/div><\/div><\/div><div class=\"row\"><div class=\"col section3\"><div class=\"container\"><div class=\"row mb-4\"><div class=\"col section3_f1\"><div class=\"mb-4\"><\/p>\n<div class=\"section3_f1_p1 estilo_contenido_4\">En quoi consiste le service de SEO local ?<\/div>\n<div class=\"section3_f1_p2 estilo_titulo_seccion\">\n<h2>Que comprend notre service<\/h2>\n<\/div>\n<p><\/div><\/div><\/div><div class=\"row mb-4\"><div class=\"col-md-2 col-sm-4 section3_f2_col1 col-12 col-sm-12 col-md-6 col-lg-6 col-xl-4\"><div class=\"mb-4\"><\/p>\n<div class=\"icon_proceso\"><img loading=\"lazy\" decoding=\"async\" src=\"\/wp-content\/themes\/humanlevel\/img\/icons\/map-red.svg\" width=\"24\" height=\"24\" \/><\/div>\n<div class=\"p1 estilo_contenido_2\">\n<h3><span class=\"notion-enable-hover\" data-token-index=\"0\">Optimisation du profil d&rsquo;entreprise sur Google Business Profile<\/span><\/h3>\n<\/div>\n<div class=\"p2 estilo_contenido_1\">Configuration experte et optimisation continue de votre profil pour maximiser la visibilit\u00e9 sur Google Local Search et Google Maps.<\/div>\n<p><\/div><\/div><div class=\"col-md-2 col-sm-4 section3_f2_col2 col-12 col-sm-12 col-md-6 col-lg-6 col-xl-4\"><div class=\"mb-4\"><\/p>\n<div class=\"icon_proceso\"><img loading=\"lazy\" decoding=\"async\" src=\"\/wp-content\/themes\/humanlevel\/img\/icons\/award-red.svg\" width=\"24\" height=\"24\" \/><\/div>\n<div class=\"p1 estilo_contenido_2\">\n<h3><span class=\"notion-enable-hover\" data-token-index=\"0\">Gestion de la r\u00e9putation locale<\/span><\/h3>\n<\/div>\n<div class=\"p2 estilo_contenido_1\">Syst\u00e8me proactif permettant de g\u00e9n\u00e9rer un flux constant d&rsquo;avis et de les g\u00e9rer, de r\u00e9pondre aux commentaires des clients et de construire une solide r\u00e9putation pour votre entreprise.<\/div>\n<p><\/div><\/div><div class=\"col-md-2 col-sm-4 section3_f2_col3 col-12 col-sm-12 col-md-6 col-lg-6 col-xl-4\"><div class=\"mb-4\"><\/p>\n<div class=\"icon_proceso\"><img loading=\"lazy\" decoding=\"async\" src=\"\/wp-content\/themes\/humanlevel\/img\/icons\/edit-3-red.svg\" width=\"24\" height=\"24\" \/><\/div>\n<div class=\"p1 estilo_contenido_2\">\n<h3><span class=\"notion-enable-hover\" data-token-index=\"0\">Contenu localis\u00e9<\/span><\/h3>\n<\/div>\n<div class=\"p2 estilo_contenido_1\">Cr\u00e9ation de contenu optimis\u00e9 pour la recherche locale, y compris des pages de services r\u00e9gionaux et des articles de blog pertinents pour votre communaut\u00e9.<\/div>\n<p><\/div><\/div><div class=\"col-md-2 col-sm-4 section3_f3_col1 col-12 col-sm-12 col-md-6 col-lg-6 col-xl-4\"><div class=\"mb-4\"><\/p>\n<div class=\"icon_proceso\"><img loading=\"lazy\" decoding=\"async\" src=\"\/wp-content\/themes\/humanlevel\/img\/icons\/trending-up-red.svg\" width=\"24\" height=\"24\" \/><\/div>\n<div class=\"p1 estilo_contenido_2\">\n<h3><span class=\"notion-enable-hover\" data-token-index=\"0\">D\u00e9veloppement de citations locales<\/span><\/h3>\n<\/div>\n<div class=\"p2 estilo_contenido_1\">D\u00e9velopper et maintenir des citations coh\u00e9rentes dans les annuaires locaux pertinents et les plateformes sp\u00e9cifiques \u00e0 votre secteur d&rsquo;activit\u00e9.<\/div>\n<p><\/div><\/div><div class=\"col-md-2 col-sm-4 section3_f3_col2 col-12 col-sm-12 col-md-6 col-lg-6 col-xl-4\"><div class=\"mb-4\"><\/p>\n<div class=\"icon_proceso\"><img loading=\"lazy\" decoding=\"async\" src=\"\/wp-content\/themes\/humanlevel\/img\/icons\/map-pin-red.svg\" width=\"24\" height=\"24\" \/><\/div>\n<div class=\"p1 estilo_contenido_2\">\n<h3><span class=\"notion-enable-hover\" data-token-index=\"0\">Optimisation locale on-page<\/span><\/h3>\n<\/div>\n<div class=\"p2 estilo_contenido_1\">\u00c9valuation et am\u00e9lioration du contenu on-page local, impl\u00e9mentation de donn\u00e9es structur\u00e9es adapt\u00e9es aux recherches locales, optimisation des m\u00e9tadonn\u00e9es g\u00e9ographiques et structure des URLs pour envoyer des signaux locaux aux moteurs de recherche.<\/div>\n<p><\/div><\/div><div class=\"col-md-2 col-sm-4 section3_f3_col3 col-12 col-sm-12 col-md-6 col-lg-6 col-xl-4\"><div class=\"mb-4\"><\/p>\n<div class=\"icon_proceso\"><img loading=\"lazy\" decoding=\"async\" src=\"\/wp-content\/themes\/humanlevel\/img\/icons\/activity-red.svg\" width=\"24\" height=\"24\" \/><\/div>\n<div class=\"p1 estilo_contenido_2\">\n<h3><span class=\"notion-enable-hover\" data-token-index=\"0\">Suivi de la concurrence locale<\/span><\/h3>\n<\/div>\n<div class=\"p2 estilo_contenido_1\">Suivi continue des concurrents locaux, identification des opportunit\u00e9s et adaptation de la strat\u00e9gie en fonction du march\u00e9 local. Vous serez en mesure de voir la performance du r\u00e9f\u00e9rencement de votre entreprise pour ses principaux mots-cl\u00e9s sur les cartes locales \u00ab\u00a0Geogrid\u00a0\u00bb.<\/div>\n<p><\/div><\/div><\/div><\/div><\/div><\/div><div class=\"row\"><div class=\"col section5\"><div class=\"container\"><div class=\"row mb-4\"><div class=\"col-md-6 section5_col1 col-12 col-sm-12 col-md-12 col-lg-6\"><div class=\"mb-4\"><\/p>\n<div class=\"p1 estilo_contenido_4\">Notre processus<\/div>\n<div class=\"p2 estilo_titulo_seccion\">\n<h2>Voici comment nous travaillons avec vous<\/h2>\n<\/div>\n<div class=\"p3 estilo_contenido_5\"><span class=\"notion-enable-hover\" data-token-index=\"0\">Nous avons une expertise en SEO local sur plusieurs r\u00e9gions. Nos recommandations sont toujours bas\u00e9es sur notre exp\u00e9rience et des donn\u00e9es v\u00e9rifiables. <\/span><\/div>\n<p><\/div><\/div><div class=\"col-md-6 section5_col2 col-12 col-sm-12 col-md-12 col-lg-6\"><div class=\"mb-4\"><\/p>\n<div class=\"section5_lista\">\n<ol id=\"lista_proceso\">\n<li>\n<div class=\"p1 estilo_contenido_2\">\n<h3><span class=\"notion-enable-hover\" data-token-index=\"0\">Analyse du march\u00e9 local<\/span><\/h3>\n<\/div>\n<div class=\"p2 estilo_contenido_1\">Nous \u00e9valuons votre pr\u00e9sence locale actuelle, en analysant vos actifs num\u00e9riques locaux et ceux de vos concurrents proches afin d&rsquo;identifier des opportunit\u00e9s sp\u00e9cifiques dans votre zone g\u00e9ographique.<\/div>\n<\/li>\n<li>\n<div class=\"p1 estilo_contenido_2\">\n<h3><span class=\"notion-enable-hover\" data-token-index=\"0\">D\u00e9veloppement d&rsquo;une strat\u00e9gie personnalis\u00e9e<\/span><\/h3>\n<\/div>\n<div class=\"p2 estilo_contenido_1\">Nous \u00e9laborons un plan adapt\u00e9 \u00e0 votre march\u00e9 local, en hi\u00e9rarchisant les actions en fonction de leur impact et des ressources disponibles.<\/div>\n<\/li>\n<li>\n<div class=\"p1 estilo_contenido_2\">\n<h3><span class=\"notion-enable-hover\" data-token-index=\"0\">Mise en \u0153uvre d&rsquo;am\u00e9liorations SEO g\u00e9olocalis\u00e9es<\/span><\/h3>\n<\/div>\n<div class=\"p2 estilo_contenido_1\">Nous effectuons des optimisations en mettant l\u2019accent sur la pertinence locale et en renfor\u00e7ant votre autorit\u00e9 dans votre zone de service.<\/div>\n<\/li>\n<li>\n<div class=\"p1 estilo_contenido_2\">\n<h3><span class=\"notion-enable-hover\" data-token-index=\"0\">Suivi et adaptation<\/span><\/h3>\n<\/div>\n<div class=\"p2 estilo_contenido_1\">Nous surveillons les classements locaux, la visibilit\u00e9 sur Maps et les mesures de conversion, en ajustant la strat\u00e9gie en fonction des r\u00e9sultats.<\/div>\n<\/li>\n<\/ol>\n<\/div>\n<p><\/div><\/div><\/div><\/div><\/div><\/div><div class=\"row\"><div class=\"col section_faqs\"><div class=\"container\"><div class=\"row mb-4\"><div class=\"col section_faqs_col1 col-12 col-lg-6\"><div class=\"mb-4\"><\/p>\n<div class=\"estilo_titulo_seccion p1\">\n<h2>Questions fr\u00e9quemment pos\u00e9es<\/h2>\n<\/div>\n<div class=\"estilo_contenido_5 p2\">Vous avez une question \u00e0 laquelle nous n&rsquo;avons pas r\u00e9pondu ? N&rsquo;h\u00e9sitez pas \u00e0 nous contacter.<\/div>\n<div id=\"contactar\"><a class=\"btn btn-hlc\" href=\"#anchor-formulario\">CONTACT<\/a><\/div>\n<p><\/div><\/div><\/div><div class=\"accordion mb-4\" id=\"accordion1\"> <div class=\"card mt-3\">\r\n <h3 class=\"card-header\" data-toggle=\"collapse\" data-target=\"#t1677151007435-c195419e-b77660fe-35390a56-3ee6\">\r\n Le SEO local fonctionne-t-il pour plusieurs sites ? <button class=\"arrow\"><\/button>\r\n <\/h3>\r\n <div id=\"t1677151007435-c195419e-b77660fe-35390a56-3ee6\" class=\"collapse show\" data-parent=\"#accordion1\">\r\n <div class=\"card-body\"><p><\/p>\r\n <div class=\"mb-4\"><\/p>\n<div class=\"estilo_contenido_1\">Oui, nous mettons en place des strat\u00e9gies sp\u00e9cifiques pour chaque emplacement, en \u00e9vitant le contenu dupliqu\u00e9 et en garantissant que chaque site local poss\u00e8de une identit\u00e9 num\u00e9rique optimis\u00e9e.<br \/>\nNous accompagnons aussi bien des entreprises avec 2 \u00e0 3 \u00e9tablissements que des franchises avec des dizaines de localisations.<\/div>\n<p><\/div>\r\n <\/div>\r\n <\/div> \r\n <\/div> <div class=\"card\">\r\n <h3 class=\"card-header collapsed\" data-toggle=\"collapse\" data-target=\"#t1677151007493-c90f1a18-d2f060fe-35390a56-3ee6\">\r\n Que dois-je faire si j'ai d\u00e9j\u00e0 des avis n\u00e9gatifs ? <button class=\"arrow\"><\/button>\r\n <\/h3>\r\n <div id=\"t1677151007493-c90f1a18-d2f060fe-35390a56-3ee6\" class=\"collapse\" data-parent=\"#accordion1\">\r\n <div class=\"card-body\"><p><\/p>\r\n <div class=\"mb-4\"><\/p>\n<div class=\"estilo_contenido_1\">Nous mettons en \u0153uvre une double strat\u00e9gie : nous nous effor\u00e7ons d&rsquo;obtenir de nouveaux avis positifs authentiques tout en g\u00e9rant de mani\u00e8re professionnelle les r\u00e9ponses aux avis n\u00e9gatifs. Cela permet de d\u00e9montrer votre engagement envers vos clients et d\u2019am\u00e9liorer votre r\u00e9putation globale.<\/div>\n<p><\/div>\r\n <\/div>\r\n <\/div> \r\n <\/div> <div class=\"card\">\r\n <h3 class=\"card-header collapsed\" data-toggle=\"collapse\" data-target=\"#t1677601713656-114beb83-e81a60fe-35390a56-3ee6\">\r\n Combien de temps faut-il pour obtenir des r\u00e9sultats en SEO local ? <button class=\"arrow\"><\/button>\r\n <\/h3>\r\n <div id=\"t1677601713656-114beb83-e81a60fe-35390a56-3ee6\" class=\"collapse\" data-parent=\"#accordion1\">\r\n <div class=\"card-body\"><p><\/p>\r\n <div class=\"mb-4\"><\/p>\n<div class=\"estilo_contenido_1\">Les optimisations de Google Business Profile commencent g\u00e9n\u00e9ralement \u00e0 donner des r\u00e9sultats sous 2 \u00e0 4 semaines. En ce qui concerne les recherches locales, les am\u00e9liorations significatives se consolident g\u00e9n\u00e9ralement entre 3 et 4 mois, bien que cela puisse varier selon la comp\u00e9titivit\u00e9 de votre march\u00e9 local et le niveau d\u2019optimisation de vos concurrents.<\/div>\n<p><\/div>\r\n <\/div>\r\n <\/div> \r\n <\/div> <div class=\"card\">\r\n <h3 class=\"card-header collapsed\" data-toggle=\"collapse\" data-target=\"#t1737445746706-37182d81-5121\">\r\n Dois-je avoir une adresse physique pour faire du SEO local ? <button class=\"arrow\"><\/button>\r\n <\/h3>\r\n <div id=\"t1737445746706-37182d81-5121\" class=\"collapse\" data-parent=\"#accordion1\">\r\n <div class=\"card-body\"><p><\/p>\r\n <div class=\"mb-4\"><\/p>\n<div class=\"estilo_contenido_1\">Cela n&rsquo;est pas strictement n\u00e9cessaire. Si vous proposez des services dans une zone sp\u00e9cifique, nous pouvons optimiser votre pr\u00e9sence dans les recherches locales, m\u00eame sans adresse physique. Toutefois, la strat\u00e9gie sera adapt\u00e9e pour r\u00e9pondre aux directives de Google concernant les entreprises bas\u00e9es dans une zone de services.<\/div>\n<p><\/div>\r\n <\/div>\r\n <\/div> \r\n <\/div><\/div><\/div><\/div><\/div><div class=\"row\"><div class=\"col \"><script type=\"application\/ld+json\">\n{\n  \"@context\": \"https:\/\/schema.org\/\",\n  \"@type\": \"Service\",\n  \"serviceType\": \"SEO local\",\n  \"provider\": {\n    \"@type\": \"Organization\",\n    \"@id\":\"https:\\\/\\\/www.humanlevel.com\\\/#organization\"\n  },\n  \"areaServed\": {\n    \"@type\": \"Continent\",\n    \"name\": \"Europe\"\n  }\n}\n<\/script>\n<script type=\"application\/ld+json\">\n{\n\t\"@context\":\"http:\\\/\\\/schema.org\",\n\t\"@type\":\"Organization\",\n    \"@id\":\"https:\\\/\\\/www.humanlevel.com\\\/#organization\",\n    \"name\":\"Human Level\",\n    \"address\": {\n  \t\"@type\": \"PostalAddress\",\n  \t\"streetAddress\": \"Calle Arcadi Blasco, 20\",\n  \t\"addressLocality\": \"Sant Joan d'Alacant\",\n  \t\"addressRegion\": \"Alicante\",\n  \t\"postalCode\": \"03550\",\n  \t\"addressCountry\": \"ES\"\n    },\n  \t\"email\": \"info@humanlevel.com\",\n    \"telephone\": \"+34966141907\",\n    \"url\":\"https:\\\/\\\/www.humanlevel.com\\\/\",\n    \"logo\":\n    {\n    \t\"@type\":\"ImageObject\",\n    \t\"url\":\"https:\\\/\\\/www.humanlevel.com\\\/wp-content\\\/uploads\\\/logo-humanlevel-web.png\",\n        \"width\":305,\n        \"height\":74,\n        \"@id\":\"https:\\\/\\\/www.humanlevel.com\\\/#logo\"\n    },\n  \"image\":\n  {\n    \"@type\":\"ImageObject\",\n  \t\"@id\":\"https:\\\/\\\/www.humanlevel.com\\\/#logo\"\n  }\n}\n<\/script><\/div><\/div><\/p>\n","protected":false},"excerpt":{"rendered":"","protected":false},"author":50,"featured_media":58456,"parent":71429,"menu_order":0,"comment_status":"closed","ping_status":"closed","template":"HL_servicios_secciones.php","meta":{"footnotes":""},"class_list":["post-58454","page","type-page","status-publish","has-post-thumbnail","hentry","entry"],"yoast_head":"\n<title>Agence de SEO local | Human Level<\/title>\n<meta name=\"description\" content=\"Agence sp\u00e9cialis\u00e9e dans le SEO local avec plus de 20 ans d&#039;exp\u00e9rience. Nous vous connectons aux clients locaux qui recherchent vos services.\" \/>\n<meta name=\"robots\" content=\"index, follow, max-snippet:-1, max-image-preview:large, max-video-preview:-1\" \/>\n<link rel=\"canonical\" href=\"https:\/\/www.humanlevel.com\/fr\/seo\/local\" \/>\n<meta property=\"og:locale\" content=\"fr_FR\" \/>\n<meta property=\"og:type\" content=\"article\" \/>\n<meta property=\"og:title\" content=\"Agence de SEO local | Human Level\" \/>\n<meta property=\"og:description\" content=\"Agence sp\u00e9cialis\u00e9e dans le SEO local avec plus de 20 ans d&#039;exp\u00e9rience. Nous vous connectons aux clients locaux qui recherchent vos services.\" \/>\n<meta property=\"og:url\" content=\"https:\/\/www.humanlevel.com\/fr\/seo\/local\" \/>\n<meta property=\"og:site_name\" content=\"Human Level\" \/>\n<meta property=\"og:image\" content=\"https:\/\/www.humanlevel.com\/wp-content\/uploads\/seo-local-1.jpg\" \/>\n\t<meta property=\"og:image:width\" content=\"1440\" \/>\n\t<meta property=\"og:image:height\" content=\"489\" \/>\n\t<meta property=\"og:image:type\" content=\"image\/jpeg\" \/>\n<meta name=\"twitter:card\" content=\"summary_large_image\" \/>\n<meta name=\"twitter:site\" content=\"@humanlevel\" \/>\n<meta name=\"twitter:label1\" content=\"Dur\u00e9e de lecture estim\u00e9e\" \/>\n\t<meta name=\"twitter:data1\" content=\"6 minutes\" \/>\n<script type=\"application\/ld+json\" class=\"yoast-schema-graph\">{\"@context\":\"https:\/\/schema.org\",\"@graph\":[{\"@type\":\"WebPage\",\"@id\":\"https:\/\/www.humanlevel.com\/fr\/seo\/local\",\"url\":\"https:\/\/www.humanlevel.com\/fr\/seo\/local\",\"name\":\"Agence de SEO local | Human Level\",\"isPartOf\":{\"@id\":\"https:\/\/www.humanlevel.com\/fr#website\"},\"primaryImageOfPage\":{\"@id\":\"https:\/\/www.humanlevel.com\/fr\/seo\/local#primaryimage\"},\"image\":{\"@id\":\"https:\/\/www.humanlevel.com\/fr\/seo\/local#primaryimage\"},\"thumbnailUrl\":\"https:\/\/www.humanlevel.com\/wp-content\/uploads\/seo-local-1.jpg\",\"datePublished\":\"2024-12-16T12:48:23+00:00\",\"dateModified\":\"2026-01-26T08:44:21+00:00\",\"description\":\"Agence sp\u00e9cialis\u00e9e dans le SEO local avec plus de 20 ans d'exp\u00e9rience. Nous vous connectons aux clients locaux qui recherchent vos services.\",\"breadcrumb\":{\"@id\":\"https:\/\/www.humanlevel.com\/fr\/seo\/local#breadcrumb\"},\"inLanguage\":\"fr-FR\",\"potentialAction\":[{\"@type\":\"ReadAction\",\"target\":[\"https:\/\/www.humanlevel.com\/fr\/seo\/local\"]}]},{\"@type\":\"ImageObject\",\"inLanguage\":\"fr-FR\",\"@id\":\"https:\/\/www.humanlevel.com\/fr\/seo\/local#primaryimage\",\"url\":\"https:\/\/www.humanlevel.com\/wp-content\/uploads\/seo-local-1.jpg\",\"contentUrl\":\"https:\/\/www.humanlevel.com\/wp-content\/uploads\/seo-local-1.jpg\",\"width\":1440,\"height\":489},{\"@type\":\"BreadcrumbList\",\"@id\":\"https:\/\/www.humanlevel.com\/fr\/seo\/local#breadcrumb\",\"itemListElement\":[{\"@type\":\"ListItem\",\"position\":1,\"name\":\"Portada\",\"item\":\"https:\/\/www.humanlevel.com\/fr\"},{\"@type\":\"ListItem\",\"position\":2,\"name\":\"SEO\",\"item\":\"https:\/\/www.humanlevel.com\/fr\/seo\"},{\"@type\":\"ListItem\",\"position\":3,\"name\":\"SEO local\"}]},{\"@type\":\"WebSite\",\"@id\":\"https:\/\/www.humanlevel.com\/fr#website\",\"url\":\"https:\/\/www.humanlevel.com\/fr\",\"name\":\"Human Level\",\"description\":\"Agencia SEO para grandes marcas nacionales e internacionales.\",\"publisher\":{\"@id\":\"https:\/\/www.humanlevel.com\/fr#organization\"},\"potentialAction\":[{\"@type\":\"SearchAction\",\"target\":{\"@type\":\"EntryPoint\",\"urlTemplate\":\"https:\/\/www.humanlevel.com\/fr?s={search_term_string}\"},\"query-input\":{\"@type\":\"PropertyValueSpecification\",\"valueRequired\":true,\"valueName\":\"search_term_string\"}}],\"inLanguage\":\"fr-FR\"},{\"@type\":\"Organization\",\"@id\":\"https:\/\/www.humanlevel.com\/fr#organization\",\"name\":\"Human Level\",\"url\":\"https:\/\/www.humanlevel.com\/fr\",\"logo\":{\"@type\":\"ImageObject\",\"inLanguage\":\"fr-FR\",\"@id\":\"https:\/\/www.humanlevel.com\/fr#\/schema\/logo\/image\/\",\"url\":\"https:\/\/www.humanlevel.com\/wp-content\/uploads\/logo-human-negro-1.jpg\",\"contentUrl\":\"https:\/\/www.humanlevel.com\/wp-content\/uploads\/logo-human-negro-1.jpg\",\"width\":268,\"height\":51,\"caption\":\"Human Level\"},\"image\":{\"@id\":\"https:\/\/www.humanlevel.com\/fr#\/schema\/logo\/image\/\"},\"sameAs\":[\"https:\/\/x.com\/humanlevel\"]}]}<\/script>\n","yoast_head_json":{"title":"Agence de SEO local | Human Level","description":"Agence sp\u00e9cialis\u00e9e dans le SEO local avec plus de 20 ans d'exp\u00e9rience. Nous vous connectons aux clients locaux qui recherchent vos services.","robots":{"index":"index","follow":"follow","max-snippet":"max-snippet:-1","max-image-preview":"max-image-preview:large","max-video-preview":"max-video-preview:-1"},"canonical":"https:\/\/www.humanlevel.com\/fr\/seo\/local","og_locale":"fr_FR","og_type":"article","og_title":"Agence de SEO local | Human Level","og_description":"Agence sp\u00e9cialis\u00e9e dans le SEO local avec plus de 20 ans d'exp\u00e9rience. Nous vous connectons aux clients locaux qui recherchent vos services.","og_url":"https:\/\/www.humanlevel.com\/fr\/seo\/local","og_site_name":"Human Level","og_image":[{"width":1440,"height":489,"url":"https:\/\/www.humanlevel.com\/wp-content\/uploads\/seo-local-1.jpg","type":"image\/jpeg"}],"twitter_card":"summary_large_image","twitter_site":"@humanlevel","twitter_misc":{"Dur\u00e9e de lecture estim\u00e9e":"6 minutes"},"schema":{"@context":"https:\/\/schema.org","@graph":[{"@type":"WebPage","@id":"https:\/\/www.humanlevel.com\/fr\/seo\/local","url":"https:\/\/www.humanlevel.com\/fr\/seo\/local","name":"Agence de SEO local | Human Level","isPartOf":{"@id":"https:\/\/www.humanlevel.com\/fr#website"},"primaryImageOfPage":{"@id":"https:\/\/www.humanlevel.com\/fr\/seo\/local#primaryimage"},"image":{"@id":"https:\/\/www.humanlevel.com\/fr\/seo\/local#primaryimage"},"thumbnailUrl":"https:\/\/www.humanlevel.com\/wp-content\/uploads\/seo-local-1.jpg","datePublished":"2024-12-16T12:48:23+00:00","dateModified":"2026-01-26T08:44:21+00:00","description":"Agence sp\u00e9cialis\u00e9e dans le SEO local avec plus de 20 ans d'exp\u00e9rience. Nous vous connectons aux clients locaux qui recherchent vos services.","breadcrumb":{"@id":"https:\/\/www.humanlevel.com\/fr\/seo\/local#breadcrumb"},"inLanguage":"fr-FR","potentialAction":[{"@type":"ReadAction","target":["https:\/\/www.humanlevel.com\/fr\/seo\/local"]}]},{"@type":"ImageObject","inLanguage":"fr-FR","@id":"https:\/\/www.humanlevel.com\/fr\/seo\/local#primaryimage","url":"https:\/\/www.humanlevel.com\/wp-content\/uploads\/seo-local-1.jpg","contentUrl":"https:\/\/www.humanlevel.com\/wp-content\/uploads\/seo-local-1.jpg","width":1440,"height":489},{"@type":"BreadcrumbList","@id":"https:\/\/www.humanlevel.com\/fr\/seo\/local#breadcrumb","itemListElement":[{"@type":"ListItem","position":1,"name":"Portada","item":"https:\/\/www.humanlevel.com\/fr"},{"@type":"ListItem","position":2,"name":"SEO","item":"https:\/\/www.humanlevel.com\/fr\/seo"},{"@type":"ListItem","position":3,"name":"SEO local"}]},{"@type":"WebSite","@id":"https:\/\/www.humanlevel.com\/fr#website","url":"https:\/\/www.humanlevel.com\/fr","name":"Human Level","description":"Agencia SEO para grandes marcas nacionales e internacionales.","publisher":{"@id":"https:\/\/www.humanlevel.com\/fr#organization"},"potentialAction":[{"@type":"SearchAction","target":{"@type":"EntryPoint","urlTemplate":"https:\/\/www.humanlevel.com\/fr?s={search_term_string}"},"query-input":{"@type":"PropertyValueSpecification","valueRequired":true,"valueName":"search_term_string"}}],"inLanguage":"fr-FR"},{"@type":"Organization","@id":"https:\/\/www.humanlevel.com\/fr#organization","name":"Human Level","url":"https:\/\/www.humanlevel.com\/fr","logo":{"@type":"ImageObject","inLanguage":"fr-FR","@id":"https:\/\/www.humanlevel.com\/fr#\/schema\/logo\/image\/","url":"https:\/\/www.humanlevel.com\/wp-content\/uploads\/logo-human-negro-1.jpg","contentUrl":"https:\/\/www.humanlevel.com\/wp-content\/uploads\/logo-human-negro-1.jpg","width":268,"height":51,"caption":"Human Level"},"image":{"@id":"https:\/\/www.humanlevel.com\/fr#\/schema\/logo\/image\/"},"sameAs":["https:\/\/x.com\/humanlevel"]}]}},"_links":{"self":[{"href":"https:\/\/www.humanlevel.com\/fr\/wp-json\/wp\/v2\/pages\/58454","targetHints":{"allow":["GET"]}}],"collection":[{"href":"https:\/\/www.humanlevel.com\/fr\/wp-json\/wp\/v2\/pages"}],"about":[{"href":"https:\/\/www.humanlevel.com\/fr\/wp-json\/wp\/v2\/types\/page"}],"author":[{"embeddable":true,"href":"https:\/\/www.humanlevel.com\/fr\/wp-json\/wp\/v2\/users\/50"}],"replies":[{"embeddable":true,"href":"https:\/\/www.humanlevel.com\/fr\/wp-json\/wp\/v2\/comments?post=58454"}],"version-history":[{"count":4,"href":"https:\/\/www.humanlevel.com\/fr\/wp-json\/wp\/v2\/pages\/58454\/revisions"}],"predecessor-version":[{"id":80995,"href":"https:\/\/www.humanlevel.com\/fr\/wp-json\/wp\/v2\/pages\/58454\/revisions\/80995"}],"up":[{"embeddable":true,"href":"https:\/\/www.humanlevel.com\/fr\/wp-json\/wp\/v2\/pages\/71429"}],"wp:featuredmedia":[{"embeddable":true,"href":"https:\/\/www.humanlevel.com\/fr\/wp-json\/wp\/v2\/media\/58456"}],"wp:attachment":[{"href":"https:\/\/www.humanlevel.com\/fr\/wp-json\/wp\/v2\/media?parent=58454"}],"curies":[{"name":"wp","href":"https:\/\/api.w.org\/{rel}","templated":true}]}}