{"id":51840,"date":"2022-03-22T14:41:35","date_gmt":"2022-03-22T13:41:35","guid":{"rendered":"https:\/\/www.humanlevel.com\/about-us\/books\/seo-avanzado-posicionamiento-web"},"modified":"2023-12-14T11:50:53","modified_gmt":"2023-12-14T10:50:53","slug":"seo-avanzado-posicionamiento-web","status":"publish","type":"page","link":"https:\/\/www.humanlevel.com\/en\/about-us\/books\/seo-avanzado-posicionamiento-web","title":{"rendered":"SEO avanzado &#8211; Casi todo lo que s\u00e9 sobre posicionamiento Web"},"content":{"rendered":"<p><div class=\"row\"><div class=\"col \"><div style=\"height:50px;\" ><\/div><\/div><\/div><div class=\"row\"><div class=\"col-md-6 order-1 order-md-0\"><div class=\"mb-4\"><\/p>\n<div class=\"estilo_contador\">SEO Avanzado<\/div>\n<p><\/div><div class=\"mb-4\"><em>SEO Avanzado &#8211; Casi todo lo que s\u00e9 sobre posicionamiento Web<\/em> is the latest book published by Fernando Maci\u00e1. Published by Anaya Multimedia in March 2020, it gathers twenty years of experience of one of the pioneers of SEO in Spain.<\/div><div class=\"mb-4\"><a class=\"btn btn-hlc btn-hlc-light\" title=\"Buy the book SEO Avanzado\" href=\"https:\/\/www.amazon.es\/Avanzado-sobre-posicionamiento-SOCIAL-MEDIA\/dp\/8441541078\/ref=as_li_ss_tl?_encoding=UTF8&amp;qid=1586864074&amp;sr=8-1&amp;linkCode=ll1&amp;tag=tecnicasavanz-21&amp;linkId=974ae0e89dfd06ed2e998c87dda68331&amp;language=es_ES\" target=\"_blank\" rel=\"noopener noreferrer\">BUY NOW<\/a><\/div><\/div><div class=\"col-md-6 img_libro order-0 order-md-1 justify-content-md-center\"><img loading=\"lazy\" decoding=\"async\" width=\"288\" height=\"370\" src=\"https:\/\/www.humanlevel.com\/wp-content\/uploads\/seo-avanzado-portada.png\" class=\"img-fluid\" alt=\"Portada del libro SEO Avanzado\" sizes=\"auto, (max-width: 34.9rem) calc(100vw - 2rem), (max-width: 53rem) calc(8 * (100vw \/ 12)), (min-width: 53rem) calc(6 * (100vw \/ 12)), 100vw\" \/><\/div><\/div><div class=\"row\"><div class=\"col \"><div style=\"height:50px;\" ><\/div><div class=\"mb-4\"><\/p>\n<hr \/>\n<p><\/div><div style=\"height:50px;\" ><\/div><\/div><\/div><div class=\"row\"><div class=\"col \"><div class=\"mb-4\">The reader who has read any of his previous books will find an equally rigorous and clear work, written from experience, with close examples, contrasted references and easy-to-follow explanations. Dozens of case studies illustrate each concept and make it easy for the reader to transfer what they have learned to their own specific project. And numerous resources and links are included so that the reader who wishes to delve even deeper can find out how to do so.<\/div><div style=\"height:50px;\" ><\/div><\/div><\/div><div class=\"row\"><div class=\"col \"><img loading=\"lazy\" decoding=\"async\" width=\"2560\" height=\"1061\" src=\"https:\/\/www.humanlevel.com\/wp-content\/uploads\/seo-avanzado-cubiertas-scaled.jpg\" class=\"img-fluid\" alt=\"Cubiertas del libro SEO Avanzado\" srcset=\"https:\/\/www.humanlevel.com\/wp-content\/uploads\/seo-avanzado-cubiertas-scaled.jpg 2560w, https:\/\/www.humanlevel.com\/wp-content\/uploads\/seo-avanzado-cubiertas-720x298.jpg 720w, https:\/\/www.humanlevel.com\/wp-content\/uploads\/seo-avanzado-cubiertas-1200x497.jpg 1200w, https:\/\/www.humanlevel.com\/wp-content\/uploads\/seo-avanzado-cubiertas-768x318.jpg 768w, https:\/\/www.humanlevel.com\/wp-content\/uploads\/seo-avanzado-cubiertas-1536x636.jpg 1536w, https:\/\/www.humanlevel.com\/wp-content\/uploads\/seo-avanzado-cubiertas-2048x849.jpg 2048w\" sizes=\"auto, (max-width: 34.9rem) calc(100vw - 2rem), (max-width: 53rem) calc(8 * (100vw \/ 12)), (min-width: 53rem) calc(6 * (100vw \/ 12)), 100vw\" \/><\/div><\/div><div class=\"row\"><div class=\"col-md-4 \"><\/div><div class=\"col-md-4 \"><\/div><div class=\"col-md-4 \"><\/div><\/div><div class=\"row\"><div class=\"col \"><div class=\"mb-4\"><div style=\"height:30px;\" ><\/div><\/p>\n<h2>Review<\/h2>\n<p class=\"Cuerpo\"><span lang=\"ES-TRAD\">Since Google became the search engine of reference at the beginning of the new millennium, a large part of the world&#8217;s Web traffic is decided on its results pages. The struggle to appear in the top positions for certain searches has given rise to a highly valued and recognized professional activity by companies: that of the SEO consultant. A profile with a high labor demand and in which the still relatively few experts enjoy a great competitive advantage.<\/span><\/p>\n<p class=\"Cuerpo\"><em><strong>SEO avanzado: casi todo lo que s\u00e9 de posicionamiento Web<\/strong><\/em> focuses on the most advanced and innovative aspects of natural positioning: identification and solution of indexability problems, advanced use of analysis tools, content strategies oriented to visibility, adaptation to mobile-first indexing, deployment of international versions, indexability of developments with JavaScript platforms, optimization adapted to <em>neural-matching<\/em>, voice search&#8230;<\/p>\n<p>In 416 pages and more than 110,000 words, Fernando Maci\u00e1 gathers the essentials of Human Level&#8217;s work methodology. The book includes over 150 footnote references, multiple additional references at the end of each chapter along with many more throughout the text. It includes 170 illustrations and screenshots to illustrate the different concepts.<\/p>\n<p>The foreword is written by Juan Gonz\u00e1lez, Head of Marketing at <a href=\"https:\/\/www.sistrix.com\" target=\"_blank\" rel=\"noopener noreferrer\">Sistrix Gmbh<\/a>, one of the most widely accepted SEO tools worldwide.<\/p>\n<p>The initial approach for the book dates back to May 2019 and the bulk of the content was written between September 2019 and February 2020.<\/div><div class=\"mb-4\"><div style=\"height:20px;\" ><\/div><\/p>\n<h2>Author<\/h2>\n<p class=\"Cuerpo\"><span class=\"Ninguno\"><b><span lang=\"ES-TRAD\">Fernando Maci\u00e1<\/span><\/b><\/span><span lang=\"ES-TRAD\"> is the author of the best-selling books in Spanish on digital marketing and founder and director of Human Level, a leading search engine marketing consultancy. He is also an internationally recognized trainer and disseminator and since 2001 has spread his knowledge about SEO, Web analytics and digital marketing in ten books, numerous technical articles and nearly 400 courses, lectures and events in Spain, Italy, Germany and Latin America.<\/span><\/p>\n<p><\/div><\/div><\/div><div class=\"row\"><div class=\"col menu_ficha_libro\"><div class=\"mb-4\"><div style=\"height:20px;\" ><\/div><\/p>\n<h2>Sections<\/h2>\n<p><div style=\"height:5px;\" ><\/div><\/div><p class=\"text-center\"><p><ol id=\"menu-book-seo-avanzado-ingles\" class=\"menu\"><li id=\"menu-item-51932\" class=\"menu-item menu-item-type-custom menu-item-object-custom menu-item-51932\"><a href=\"\/en\/about-us\/books\/seo-avanzado-posicionamiento-web\/dedication-acknowledgments\">Dedication and acknowledgments<\/a><\/li>\n<li id=\"menu-item-51931\" class=\"menu-item menu-item-type-custom menu-item-object-custom menu-item-51931\"><a href=\"\/en\/about-us\/books\/seo-avanzado-posicionamiento-web\/index\">Table of contents<\/a><\/li>\n<li id=\"menu-item-51929\" class=\"menu-item menu-item-type-custom menu-item-object-custom menu-item-51929\"><a href=\"\/en\/about-us\/books\/seo-avanzado-posicionamiento-web\/foreword\">Foreword<\/a><\/li>\n<li id=\"menu-item-51930\" class=\"menu-item menu-item-type-custom menu-item-object-custom menu-item-51930\"><a href=\"\/en\/about-us\/books\/seo-avanzado-posicionamiento-web\/introduction\">Introduction<\/a><\/li>\n<\/ol><\/p><\/div><\/div><div class=\"row\"><div class=\"col \"><div class=\"mb-4\"><div style=\"height:20px;\" ><\/div><\/p>\n<h2>Other books<\/h2>\n<p><div style=\"height:20px;\" ><\/div><\/div><div class=\"row mb-4\"><div class=\"col-md-3 col-sm-6 \"><a href=\"\/en\/about-us\/books\/estrategias-de-marketing-digital\"><img loading=\"lazy\" decoding=\"async\" width=\"1000\" height=\"1285\" src=\"https:\/\/www.humanlevel.com\/wp-content\/uploads\/portada_estrategias_de_marketing_digital.jpg\" class=\"img-fluid\" alt=\"Portada del libro Estrategias de marketing digital\" srcset=\"https:\/\/www.humanlevel.com\/wp-content\/uploads\/portada_estrategias_de_marketing_digital.jpg 1000w, https:\/\/www.humanlevel.com\/wp-content\/uploads\/portada_estrategias_de_marketing_digital-720x925.jpg 720w, https:\/\/www.humanlevel.com\/wp-content\/uploads\/portada_estrategias_de_marketing_digital-768x987.jpg 768w\" sizes=\"auto, (max-width: 34.9rem) calc(100vw - 2rem), (max-width: 53rem) calc(8 * (100vw \/ 12)), (min-width: 53rem) calc(6 * (100vw \/ 12)), 100vw\" \/><\/a><div style=\"height:20px;\" ><\/div><\/div><div class=\"col-md-3 col-sm-6 \"><a href=\"\/en\/about-us\/books\/marketing-en-redes-sociales\"><img loading=\"lazy\" decoding=\"async\" width=\"288\" height=\"371\" src=\"https:\/\/www.humanlevel.com\/wp-content\/uploads\/marketing-redes-sociales-hlc.png\" class=\"img-fluid\" alt=\"Libro Marketing en Redes Sociales\" sizes=\"auto, (max-width: 34.9rem) calc(100vw - 2rem), (max-width: 53rem) calc(8 * (100vw \/ 12)), (min-width: 53rem) calc(6 * (100vw \/ 12)), 100vw\" \/><\/a><div style=\"height:20px;\" ><\/div><\/div><div class=\"col-md-3 col-sm-6 \"><a href=\"\/en\/about-us\/books\/seo-tecnicas-avanzadas\"><img loading=\"lazy\" decoding=\"async\" width=\"738\" height=\"938\" src=\"https:\/\/www.humanlevel.com\/wp-content\/uploads\/T\u00e9cnicas-Avanzadas-de-Posicionamiento-en-Buscadores-2015.jpeg\" class=\"img-fluid\" alt=\"Libro de T\u00e9cnicas Avanzadas de Posicionamiento en Buscadores (2015)\" srcset=\"https:\/\/www.humanlevel.com\/wp-content\/uploads\/T\u00e9cnicas-Avanzadas-de-Posicionamiento-en-Buscadores-2015.jpeg 738w, https:\/\/www.humanlevel.com\/wp-content\/uploads\/T\u00e9cnicas-Avanzadas-de-Posicionamiento-en-Buscadores-2015-720x915.jpeg 720w\" sizes=\"auto, (max-width: 34.9rem) calc(100vw - 2rem), (max-width: 53rem) calc(8 * (100vw \/ 12)), (min-width: 53rem) calc(6 * (100vw \/ 12)), 100vw\" \/><\/a><div style=\"height:20px;\" ><\/div><\/div><div class=\"col-md-3 col-sm-6 \"><a href=\"\/en\/about-us\/books\/marketing-online-2-0\"><img loading=\"lazy\" decoding=\"async\" width=\"380\" height=\"490\" src=\"https:\/\/www.humanlevel.com\/wp-content\/uploads\/portada-marketing-online-20.jpg\" class=\"img-fluid\" alt=\"Portada de Marketing online 2.0 de Fernando Maci\u00e1\" sizes=\"auto, (max-width: 34.9rem) calc(100vw - 2rem), (max-width: 53rem) calc(8 * (100vw \/ 12)), (min-width: 53rem) calc(6 * (100vw \/ 12)), 100vw\" \/><\/a><div style=\"height:20px;\" ><\/div><\/div><\/div><\/div><\/div><div class=\"row\"><div class=\"col \"><\/div><\/div><div class=\"row\"><div class=\"col \"><div class=\"mb-4\"><div style=\"height:60px;\" ><\/div><\/div><\/div><\/div><\/p>\n","protected":false},"excerpt":{"rendered":"","protected":false},"author":41,"featured_media":48334,"parent":51754,"menu_order":0,"comment_status":"closed","ping_status":"closed","template":"HL_libro.php","meta":{"footnotes":""},"class_list":["post-51840","page","type-page","status-publish","has-post-thumbnail","hentry","entry"],"yoast_head":"\n<title>Book: SEO Avanzado - Casi todo lo que s\u00e9 sobre posicionamiento | Human Level<\/title>\n<meta name=\"description\" content=\"Discover here SEO Avanzado - Casi todo lo que s\u00e9 sobre posicionamiento Web, the latest book published by Fernando Maci\u00e1.\" \/>\n<meta name=\"robots\" content=\"index, follow, max-snippet:-1, max-image-preview:large, max-video-preview:-1\" \/>\n<link rel=\"canonical\" href=\"https:\/\/www.humanlevel.com\/en\/about-us\/books\/seo-avanzado-posicionamiento-web\" \/>\n<meta property=\"og:locale\" content=\"en_US\" \/>\n<meta property=\"og:type\" content=\"article\" \/>\n<meta property=\"og:title\" content=\"Book: SEO Avanzado - Casi todo lo que s\u00e9 sobre posicionamiento | Human Level\" \/>\n<meta property=\"og:description\" content=\"Discover here SEO Avanzado - Casi todo lo que s\u00e9 sobre posicionamiento Web, the latest book published by Fernando Maci\u00e1.\" \/>\n<meta property=\"og:url\" content=\"https:\/\/www.humanlevel.com\/en\/about-us\/books\/seo-avanzado-posicionamiento-web\" \/>\n<meta property=\"og:site_name\" content=\"Human Level\" \/>\n<meta property=\"og:image\" content=\"https:\/\/www.humanlevel.com\/wp-content\/uploads\/seo-avanzado-4-e1636642269739.png\" \/>\n\t<meta property=\"og:image:width\" content=\"500\" \/>\n\t<meta property=\"og:image:height\" content=\"643\" \/>\n\t<meta property=\"og:image:type\" content=\"image\/png\" \/>\n<meta name=\"twitter:card\" content=\"summary_large_image\" \/>\n<meta name=\"twitter:site\" content=\"@humanlevel\" \/>\n<meta name=\"twitter:label1\" content=\"Est. reading time\" \/>\n\t<meta name=\"twitter:data1\" content=\"3 minutes\" \/>\n<script type=\"application\/ld+json\" class=\"yoast-schema-graph\">{\"@context\":\"https:\/\/schema.org\",\"@graph\":[{\"@type\":\"WebPage\",\"@id\":\"https:\/\/www.humanlevel.com\/en\/about-us\/books\/seo-avanzado-posicionamiento-web\",\"url\":\"https:\/\/www.humanlevel.com\/en\/about-us\/books\/seo-avanzado-posicionamiento-web\",\"name\":\"Book: SEO Avanzado - Casi todo lo que s\u00e9 sobre posicionamiento | Human Level\",\"isPartOf\":{\"@id\":\"https:\/\/www.humanlevel.com\/en#website\"},\"primaryImageOfPage\":{\"@id\":\"https:\/\/www.humanlevel.com\/en\/about-us\/books\/seo-avanzado-posicionamiento-web#primaryimage\"},\"image\":{\"@id\":\"https:\/\/www.humanlevel.com\/en\/about-us\/books\/seo-avanzado-posicionamiento-web#primaryimage\"},\"thumbnailUrl\":\"https:\/\/www.humanlevel.com\/wp-content\/uploads\/seo-avanzado-4-e1636642269739.png\",\"datePublished\":\"2022-03-22T13:41:35+00:00\",\"dateModified\":\"2023-12-14T10:50:53+00:00\",\"description\":\"Discover here SEO Avanzado - Casi todo lo que s\u00e9 sobre posicionamiento Web, the latest book published by Fernando Maci\u00e1.\",\"breadcrumb\":{\"@id\":\"https:\/\/www.humanlevel.com\/en\/about-us\/books\/seo-avanzado-posicionamiento-web#breadcrumb\"},\"inLanguage\":\"en-US\",\"potentialAction\":[{\"@type\":\"ReadAction\",\"target\":[\"https:\/\/www.humanlevel.com\/en\/about-us\/books\/seo-avanzado-posicionamiento-web\"]}]},{\"@type\":\"ImageObject\",\"inLanguage\":\"en-US\",\"@id\":\"https:\/\/www.humanlevel.com\/en\/about-us\/books\/seo-avanzado-posicionamiento-web#primaryimage\",\"url\":\"https:\/\/www.humanlevel.com\/wp-content\/uploads\/seo-avanzado-4-e1636642269739.png\",\"contentUrl\":\"https:\/\/www.humanlevel.com\/wp-content\/uploads\/seo-avanzado-4-e1636642269739.png\",\"width\":500,\"height\":643,\"caption\":\"Cover of the book \\\"SEO Avanzado\\\"\"},{\"@type\":\"BreadcrumbList\",\"@id\":\"https:\/\/www.humanlevel.com\/en\/about-us\/books\/seo-avanzado-posicionamiento-web#breadcrumb\",\"itemListElement\":[{\"@type\":\"ListItem\",\"position\":1,\"name\":\"Portada\",\"item\":\"https:\/\/www.humanlevel.com\/en\"},{\"@type\":\"ListItem\",\"position\":2,\"name\":\"About Us\",\"item\":\"https:\/\/www.humanlevel.com\/en\/about-us\"},{\"@type\":\"ListItem\",\"position\":3,\"name\":\"Our publications\",\"item\":\"https:\/\/www.humanlevel.com\/en\/about-us\/books\"},{\"@type\":\"ListItem\",\"position\":4,\"name\":\"SEO avanzado &#8211; Casi todo lo que s\u00e9 sobre posicionamiento Web\"}]},{\"@type\":\"WebSite\",\"@id\":\"https:\/\/www.humanlevel.com\/en#website\",\"url\":\"https:\/\/www.humanlevel.com\/en\",\"name\":\"Human Level\",\"description\":\"Web positioning and online marketing consultant Human Level\",\"publisher\":{\"@id\":\"https:\/\/www.humanlevel.com\/en#organization\"},\"potentialAction\":[{\"@type\":\"SearchAction\",\"target\":{\"@type\":\"EntryPoint\",\"urlTemplate\":\"https:\/\/www.humanlevel.com\/en?s={search_term_string}\"},\"query-input\":{\"@type\":\"PropertyValueSpecification\",\"valueRequired\":true,\"valueName\":\"search_term_string\"}}],\"inLanguage\":\"en-US\"},{\"@type\":\"Organization\",\"@id\":\"https:\/\/www.humanlevel.com\/en#organization\",\"name\":\"Human Level\",\"url\":\"https:\/\/www.humanlevel.com\/en\",\"logo\":{\"@type\":\"ImageObject\",\"inLanguage\":\"en-US\",\"@id\":\"https:\/\/www.humanlevel.com\/en#\/schema\/logo\/image\/\",\"url\":\"https:\/\/www.humanlevel.com\/wp-content\/uploads\/logo-human-negro-1.jpg\",\"contentUrl\":\"https:\/\/www.humanlevel.com\/wp-content\/uploads\/logo-human-negro-1.jpg\",\"width\":268,\"height\":51,\"caption\":\"Human Level\"},\"image\":{\"@id\":\"https:\/\/www.humanlevel.com\/en#\/schema\/logo\/image\/\"},\"sameAs\":[\"https:\/\/x.com\/humanlevel\"]}]}<\/script>\n","yoast_head_json":{"title":"Book: SEO Avanzado - Casi todo lo que s\u00e9 sobre posicionamiento | Human Level","description":"Discover here SEO Avanzado - Casi todo lo que s\u00e9 sobre posicionamiento Web, the latest book published by Fernando Maci\u00e1.","robots":{"index":"index","follow":"follow","max-snippet":"max-snippet:-1","max-image-preview":"max-image-preview:large","max-video-preview":"max-video-preview:-1"},"canonical":"https:\/\/www.humanlevel.com\/en\/about-us\/books\/seo-avanzado-posicionamiento-web","og_locale":"en_US","og_type":"article","og_title":"Book: SEO Avanzado - Casi todo lo que s\u00e9 sobre posicionamiento | Human Level","og_description":"Discover here SEO Avanzado - Casi todo lo que s\u00e9 sobre posicionamiento Web, the latest book published by Fernando Maci\u00e1.","og_url":"https:\/\/www.humanlevel.com\/en\/about-us\/books\/seo-avanzado-posicionamiento-web","og_site_name":"Human Level","og_image":[{"width":500,"height":643,"url":"https:\/\/www.humanlevel.com\/wp-content\/uploads\/seo-avanzado-4-e1636642269739.png","type":"image\/png"}],"twitter_card":"summary_large_image","twitter_site":"@humanlevel","twitter_misc":{"Est. reading time":"3 minutes"},"schema":{"@context":"https:\/\/schema.org","@graph":[{"@type":"WebPage","@id":"https:\/\/www.humanlevel.com\/en\/about-us\/books\/seo-avanzado-posicionamiento-web","url":"https:\/\/www.humanlevel.com\/en\/about-us\/books\/seo-avanzado-posicionamiento-web","name":"Book: SEO Avanzado - Casi todo lo que s\u00e9 sobre posicionamiento | Human Level","isPartOf":{"@id":"https:\/\/www.humanlevel.com\/en#website"},"primaryImageOfPage":{"@id":"https:\/\/www.humanlevel.com\/en\/about-us\/books\/seo-avanzado-posicionamiento-web#primaryimage"},"image":{"@id":"https:\/\/www.humanlevel.com\/en\/about-us\/books\/seo-avanzado-posicionamiento-web#primaryimage"},"thumbnailUrl":"https:\/\/www.humanlevel.com\/wp-content\/uploads\/seo-avanzado-4-e1636642269739.png","datePublished":"2022-03-22T13:41:35+00:00","dateModified":"2023-12-14T10:50:53+00:00","description":"Discover here SEO Avanzado - Casi todo lo que s\u00e9 sobre posicionamiento Web, the latest book published by Fernando Maci\u00e1.","breadcrumb":{"@id":"https:\/\/www.humanlevel.com\/en\/about-us\/books\/seo-avanzado-posicionamiento-web#breadcrumb"},"inLanguage":"en-US","potentialAction":[{"@type":"ReadAction","target":["https:\/\/www.humanlevel.com\/en\/about-us\/books\/seo-avanzado-posicionamiento-web"]}]},{"@type":"ImageObject","inLanguage":"en-US","@id":"https:\/\/www.humanlevel.com\/en\/about-us\/books\/seo-avanzado-posicionamiento-web#primaryimage","url":"https:\/\/www.humanlevel.com\/wp-content\/uploads\/seo-avanzado-4-e1636642269739.png","contentUrl":"https:\/\/www.humanlevel.com\/wp-content\/uploads\/seo-avanzado-4-e1636642269739.png","width":500,"height":643,"caption":"Cover of the book \"SEO Avanzado\""},{"@type":"BreadcrumbList","@id":"https:\/\/www.humanlevel.com\/en\/about-us\/books\/seo-avanzado-posicionamiento-web#breadcrumb","itemListElement":[{"@type":"ListItem","position":1,"name":"Portada","item":"https:\/\/www.humanlevel.com\/en"},{"@type":"ListItem","position":2,"name":"About Us","item":"https:\/\/www.humanlevel.com\/en\/about-us"},{"@type":"ListItem","position":3,"name":"Our publications","item":"https:\/\/www.humanlevel.com\/en\/about-us\/books"},{"@type":"ListItem","position":4,"name":"SEO avanzado &#8211; Casi todo lo que s\u00e9 sobre posicionamiento Web"}]},{"@type":"WebSite","@id":"https:\/\/www.humanlevel.com\/en#website","url":"https:\/\/www.humanlevel.com\/en","name":"Human Level","description":"Web positioning and online marketing consultant Human Level","publisher":{"@id":"https:\/\/www.humanlevel.com\/en#organization"},"potentialAction":[{"@type":"SearchAction","target":{"@type":"EntryPoint","urlTemplate":"https:\/\/www.humanlevel.com\/en?s={search_term_string}"},"query-input":{"@type":"PropertyValueSpecification","valueRequired":true,"valueName":"search_term_string"}}],"inLanguage":"en-US"},{"@type":"Organization","@id":"https:\/\/www.humanlevel.com\/en#organization","name":"Human Level","url":"https:\/\/www.humanlevel.com\/en","logo":{"@type":"ImageObject","inLanguage":"en-US","@id":"https:\/\/www.humanlevel.com\/en#\/schema\/logo\/image\/","url":"https:\/\/www.humanlevel.com\/wp-content\/uploads\/logo-human-negro-1.jpg","contentUrl":"https:\/\/www.humanlevel.com\/wp-content\/uploads\/logo-human-negro-1.jpg","width":268,"height":51,"caption":"Human Level"},"image":{"@id":"https:\/\/www.humanlevel.com\/en#\/schema\/logo\/image\/"},"sameAs":["https:\/\/x.com\/humanlevel"]}]}},"_links":{"self":[{"href":"https:\/\/www.humanlevel.com\/en\/wp-json\/wp\/v2\/pages\/51840","targetHints":{"allow":["GET"]}}],"collection":[{"href":"https:\/\/www.humanlevel.com\/en\/wp-json\/wp\/v2\/pages"}],"about":[{"href":"https:\/\/www.humanlevel.com\/en\/wp-json\/wp\/v2\/types\/page"}],"author":[{"embeddable":true,"href":"https:\/\/www.humanlevel.com\/en\/wp-json\/wp\/v2\/users\/41"}],"replies":[{"embeddable":true,"href":"https:\/\/www.humanlevel.com\/en\/wp-json\/wp\/v2\/comments?post=51840"}],"version-history":[{"count":7,"href":"https:\/\/www.humanlevel.com\/en\/wp-json\/wp\/v2\/pages\/51840\/revisions"}],"predecessor-version":[{"id":56903,"href":"https:\/\/www.humanlevel.com\/en\/wp-json\/wp\/v2\/pages\/51840\/revisions\/56903"}],"up":[{"embeddable":true,"href":"https:\/\/www.humanlevel.com\/en\/wp-json\/wp\/v2\/pages\/51754"}],"wp:featuredmedia":[{"embeddable":true,"href":"https:\/\/www.humanlevel.com\/en\/wp-json\/wp\/v2\/media\/48334"}],"wp:attachment":[{"href":"https:\/\/www.humanlevel.com\/en\/wp-json\/wp\/v2\/media?parent=51840"}],"curies":[{"name":"wp","href":"https:\/\/api.w.org\/{rel}","templated":true}]}}