{"id":51805,"date":"2018-09-21T19:06:34","date_gmt":"2018-09-21T17:06:34","guid":{"rendered":"https:\/\/www.humanlevel.com\/dedicatoria-y-agradecimientos"},"modified":"2023-12-18T11:50:00","modified_gmt":"2023-12-18T10:50:00","slug":"dedication-and-acknowledgments","status":"publish","type":"page","link":"https:\/\/www.humanlevel.com\/en\/about-us\/books\/marketing-online-2-0\/dedication-and-acknowledgments","title":{"rendered":"Dedication and acknowledgments"},"content":{"rendered":"<p><div class=\"row\"><div class=\"col \"><div class=\"mb-4\"><\/p>\n<h1>Dedication and acknowledgments<\/h1>\n<h2>Dedication<\/h2>\n<p>I dedicate this book to my father, Eloy Maci\u00e1 Cuenca (in memoriam), from whom I had the privilege of inheriting and learning what I am most proud of. Thank you for everything.<\/p>\n<h2>Acknowledgments<\/h2>\n<p>I would like to thank Trist\u00e1n El\u00f3segui, one of the most recognized experts and authors on digital marketing in Spanish, for his willingness to write the prologue for this book. I am honored to have your endorsement. I would also like to thank my editor, Eugenio Tuya, and Natalia Acosta of Anaya Multimedia for their encouragement, patience and understanding. It is a pleasure to deal with people like you. Many thanks also to Ra\u00fal Carri\u00f3n, Vicente Ros and Natalia Samp\u00e9riz for their generous help in revising some chapters. Although its possible shortcomings are all my sole responsibility, this book would be lame without their suggestions and expert advice. Finally, I would like to acknowledge the great understanding of my wife Aurora and my daughter, the main debtors of the time and attention dedicated to writing it. I am not a great man, but I have two great women by my side.<\/div><\/div><\/div><div class=\"row\"><div class=\"col menu_ficha_libro\"><div class=\"mb-4\"><\/p>\n<h2>Sections<\/h2>\n<p><\/div><p class=\"text-center\"><p><ol id=\"menu-book-marketing-online-2-0-ingles\" class=\"menu\"><li id=\"menu-item-51920\" class=\"menu-item menu-item-type-custom menu-item-object-custom menu-item-51920\"><a href=\"\/en\/about-us\/books\/marketing-online-2-0\/dedication-and-acknowledgments\">Dedication and acknowledgments<\/a><\/li>\n<li id=\"menu-item-51919\" class=\"menu-item menu-item-type-custom menu-item-object-custom menu-item-51919\"><a href=\"\/en\/about-us\/books\/marketing-online-2-0\/index\">Table of contents<\/a><\/li>\n<li id=\"menu-item-51917\" class=\"menu-item menu-item-type-custom menu-item-object-custom menu-item-51917\"><a href=\"\/en\/about-us\/books\/marketing-online-2-0\/foreword\">Foreword<\/a><\/li>\n<li id=\"menu-item-51918\" class=\"menu-item menu-item-type-custom menu-item-object-custom menu-item-51918\"><a href=\"\/en\/about-us\/books\/marketing-online-2-0\/introduction\">Introduction<\/a><\/li>\n<\/ol><\/p><\/div><\/div><\/p>\n","protected":false},"excerpt":{"rendered":"","protected":false},"author":12,"featured_media":0,"parent":51835,"menu_order":0,"comment_status":"closed","ping_status":"closed","template":"HL_libro.php","meta":{"footnotes":""},"class_list":["post-51805","page","type-page","status-publish","hentry","entry"],"yoast_head":"\n<title>Marketing Online 2.0: Dedication and acknowledgements | Human Level<\/title>\n<meta name=\"description\" content=\"I dedicate this book to my father (in memoriam) from whom I had the privilege of inheriting and learning what I am most proud of. Thank you for everything.\" \/>\n<meta name=\"robots\" content=\"index, follow, max-snippet:-1, max-image-preview:large, max-video-preview:-1\" \/>\n<link rel=\"canonical\" href=\"https:\/\/www.humanlevel.com\/en\/about-us\/books\/marketing-online-2-0\/dedication-and-acknowledgments\" \/>\n<meta property=\"og:locale\" content=\"en_US\" \/>\n<meta property=\"og:type\" content=\"article\" \/>\n<meta property=\"og:title\" content=\"Marketing Online 2.0: Dedication and acknowledgements | Human Level\" \/>\n<meta property=\"og:description\" content=\"I dedicate this book to my father (in memoriam) from whom I had the privilege of inheriting and learning what I am most proud of. Thank you for everything.\" \/>\n<meta property=\"og:url\" content=\"https:\/\/www.humanlevel.com\/en\/about-us\/books\/marketing-online-2-0\/dedication-and-acknowledgments\" \/>\n<meta property=\"og:site_name\" content=\"Human Level\" \/>\n<meta name=\"twitter:card\" content=\"summary_large_image\" \/>\n<meta name=\"twitter:site\" content=\"@humanlevel\" \/>\n<meta name=\"twitter:label1\" content=\"Est. reading time\" \/>\n\t<meta name=\"twitter:data1\" content=\"1 minute\" \/>\n<script type=\"application\/ld+json\" class=\"yoast-schema-graph\">{\"@context\":\"https:\/\/schema.org\",\"@graph\":[{\"@type\":\"WebPage\",\"@id\":\"https:\/\/www.humanlevel.com\/en\/about-us\/books\/marketing-online-2-0\/dedication-and-acknowledgments\",\"url\":\"https:\/\/www.humanlevel.com\/en\/about-us\/books\/marketing-online-2-0\/dedication-and-acknowledgments\",\"name\":\"Marketing Online 2.0: Dedication and acknowledgements | Human Level\",\"isPartOf\":{\"@id\":\"https:\/\/www.humanlevel.com\/en#website\"},\"datePublished\":\"2018-09-21T17:06:34+00:00\",\"dateModified\":\"2023-12-18T10:50:00+00:00\",\"description\":\"I dedicate this book to my father (in memoriam) from whom I had the privilege of inheriting and learning what I am most proud of. Thank you for everything.\",\"breadcrumb\":{\"@id\":\"https:\/\/www.humanlevel.com\/en\/about-us\/books\/marketing-online-2-0\/dedication-and-acknowledgments#breadcrumb\"},\"inLanguage\":\"en-US\",\"potentialAction\":[{\"@type\":\"ReadAction\",\"target\":[\"https:\/\/www.humanlevel.com\/en\/about-us\/books\/marketing-online-2-0\/dedication-and-acknowledgments\"]}]},{\"@type\":\"BreadcrumbList\",\"@id\":\"https:\/\/www.humanlevel.com\/en\/about-us\/books\/marketing-online-2-0\/dedication-and-acknowledgments#breadcrumb\",\"itemListElement\":[{\"@type\":\"ListItem\",\"position\":1,\"name\":\"Portada\",\"item\":\"https:\/\/www.humanlevel.com\/en\"},{\"@type\":\"ListItem\",\"position\":2,\"name\":\"About Us\",\"item\":\"https:\/\/www.humanlevel.com\/en\/about-us\"},{\"@type\":\"ListItem\",\"position\":3,\"name\":\"Our publications\",\"item\":\"https:\/\/www.humanlevel.com\/en\/about-us\/books\"},{\"@type\":\"ListItem\",\"position\":4,\"name\":\"Marketing Online 2.0\",\"item\":\"https:\/\/www.humanlevel.com\/en\/sobre-nosotros\/libros\/marketing-online-2-0\"},{\"@type\":\"ListItem\",\"position\":5,\"name\":\"Dedication and acknowledgments\"}]},{\"@type\":\"WebSite\",\"@id\":\"https:\/\/www.humanlevel.com\/en#website\",\"url\":\"https:\/\/www.humanlevel.com\/en\",\"name\":\"Human Level\",\"description\":\"Web positioning and online marketing consultant Human Level\",\"publisher\":{\"@id\":\"https:\/\/www.humanlevel.com\/en#organization\"},\"potentialAction\":[{\"@type\":\"SearchAction\",\"target\":{\"@type\":\"EntryPoint\",\"urlTemplate\":\"https:\/\/www.humanlevel.com\/en?s={search_term_string}\"},\"query-input\":{\"@type\":\"PropertyValueSpecification\",\"valueRequired\":true,\"valueName\":\"search_term_string\"}}],\"inLanguage\":\"en-US\"},{\"@type\":\"Organization\",\"@id\":\"https:\/\/www.humanlevel.com\/en#organization\",\"name\":\"Human Level\",\"url\":\"https:\/\/www.humanlevel.com\/en\",\"logo\":{\"@type\":\"ImageObject\",\"inLanguage\":\"en-US\",\"@id\":\"https:\/\/www.humanlevel.com\/en#\/schema\/logo\/image\/\",\"url\":\"https:\/\/www.humanlevel.com\/wp-content\/uploads\/logo-human-negro-1.jpg\",\"contentUrl\":\"https:\/\/www.humanlevel.com\/wp-content\/uploads\/logo-human-negro-1.jpg\",\"width\":268,\"height\":51,\"caption\":\"Human Level\"},\"image\":{\"@id\":\"https:\/\/www.humanlevel.com\/en#\/schema\/logo\/image\/\"},\"sameAs\":[\"https:\/\/x.com\/humanlevel\"]}]}<\/script>\n","yoast_head_json":{"title":"Marketing Online 2.0: Dedication and acknowledgements | Human Level","description":"I dedicate this book to my father (in memoriam) from whom I had the privilege of inheriting and learning what I am most proud of. Thank you for everything.","robots":{"index":"index","follow":"follow","max-snippet":"max-snippet:-1","max-image-preview":"max-image-preview:large","max-video-preview":"max-video-preview:-1"},"canonical":"https:\/\/www.humanlevel.com\/en\/about-us\/books\/marketing-online-2-0\/dedication-and-acknowledgments","og_locale":"en_US","og_type":"article","og_title":"Marketing Online 2.0: Dedication and acknowledgements | Human Level","og_description":"I dedicate this book to my father (in memoriam) from whom I had the privilege of inheriting and learning what I am most proud of. Thank you for everything.","og_url":"https:\/\/www.humanlevel.com\/en\/about-us\/books\/marketing-online-2-0\/dedication-and-acknowledgments","og_site_name":"Human Level","twitter_card":"summary_large_image","twitter_site":"@humanlevel","twitter_misc":{"Est. reading time":"1 minute"},"schema":{"@context":"https:\/\/schema.org","@graph":[{"@type":"WebPage","@id":"https:\/\/www.humanlevel.com\/en\/about-us\/books\/marketing-online-2-0\/dedication-and-acknowledgments","url":"https:\/\/www.humanlevel.com\/en\/about-us\/books\/marketing-online-2-0\/dedication-and-acknowledgments","name":"Marketing Online 2.0: Dedication and acknowledgements | Human Level","isPartOf":{"@id":"https:\/\/www.humanlevel.com\/en#website"},"datePublished":"2018-09-21T17:06:34+00:00","dateModified":"2023-12-18T10:50:00+00:00","description":"I dedicate this book to my father (in memoriam) from whom I had the privilege of inheriting and learning what I am most proud of. Thank you for everything.","breadcrumb":{"@id":"https:\/\/www.humanlevel.com\/en\/about-us\/books\/marketing-online-2-0\/dedication-and-acknowledgments#breadcrumb"},"inLanguage":"en-US","potentialAction":[{"@type":"ReadAction","target":["https:\/\/www.humanlevel.com\/en\/about-us\/books\/marketing-online-2-0\/dedication-and-acknowledgments"]}]},{"@type":"BreadcrumbList","@id":"https:\/\/www.humanlevel.com\/en\/about-us\/books\/marketing-online-2-0\/dedication-and-acknowledgments#breadcrumb","itemListElement":[{"@type":"ListItem","position":1,"name":"Portada","item":"https:\/\/www.humanlevel.com\/en"},{"@type":"ListItem","position":2,"name":"About Us","item":"https:\/\/www.humanlevel.com\/en\/about-us"},{"@type":"ListItem","position":3,"name":"Our publications","item":"https:\/\/www.humanlevel.com\/en\/about-us\/books"},{"@type":"ListItem","position":4,"name":"Marketing Online 2.0","item":"https:\/\/www.humanlevel.com\/en\/sobre-nosotros\/libros\/marketing-online-2-0"},{"@type":"ListItem","position":5,"name":"Dedication and acknowledgments"}]},{"@type":"WebSite","@id":"https:\/\/www.humanlevel.com\/en#website","url":"https:\/\/www.humanlevel.com\/en","name":"Human Level","description":"Web positioning and online marketing consultant Human Level","publisher":{"@id":"https:\/\/www.humanlevel.com\/en#organization"},"potentialAction":[{"@type":"SearchAction","target":{"@type":"EntryPoint","urlTemplate":"https:\/\/www.humanlevel.com\/en?s={search_term_string}"},"query-input":{"@type":"PropertyValueSpecification","valueRequired":true,"valueName":"search_term_string"}}],"inLanguage":"en-US"},{"@type":"Organization","@id":"https:\/\/www.humanlevel.com\/en#organization","name":"Human Level","url":"https:\/\/www.humanlevel.com\/en","logo":{"@type":"ImageObject","inLanguage":"en-US","@id":"https:\/\/www.humanlevel.com\/en#\/schema\/logo\/image\/","url":"https:\/\/www.humanlevel.com\/wp-content\/uploads\/logo-human-negro-1.jpg","contentUrl":"https:\/\/www.humanlevel.com\/wp-content\/uploads\/logo-human-negro-1.jpg","width":268,"height":51,"caption":"Human Level"},"image":{"@id":"https:\/\/www.humanlevel.com\/en#\/schema\/logo\/image\/"},"sameAs":["https:\/\/x.com\/humanlevel"]}]}},"_links":{"self":[{"href":"https:\/\/www.humanlevel.com\/en\/wp-json\/wp\/v2\/pages\/51805","targetHints":{"allow":["GET"]}}],"collection":[{"href":"https:\/\/www.humanlevel.com\/en\/wp-json\/wp\/v2\/pages"}],"about":[{"href":"https:\/\/www.humanlevel.com\/en\/wp-json\/wp\/v2\/types\/page"}],"author":[{"embeddable":true,"href":"https:\/\/www.humanlevel.com\/en\/wp-json\/wp\/v2\/users\/12"}],"replies":[{"embeddable":true,"href":"https:\/\/www.humanlevel.com\/en\/wp-json\/wp\/v2\/comments?post=51805"}],"version-history":[{"count":4,"href":"https:\/\/www.humanlevel.com\/en\/wp-json\/wp\/v2\/pages\/51805\/revisions"}],"predecessor-version":[{"id":57007,"href":"https:\/\/www.humanlevel.com\/en\/wp-json\/wp\/v2\/pages\/51805\/revisions\/57007"}],"up":[{"embeddable":true,"href":"https:\/\/www.humanlevel.com\/en\/wp-json\/wp\/v2\/pages\/51835"}],"wp:attachment":[{"href":"https:\/\/www.humanlevel.com\/en\/wp-json\/wp\/v2\/media?parent=51805"}],"curies":[{"name":"wp","href":"https:\/\/api.w.org\/{rel}","templated":true}]}}