{"id":51578,"date":"2016-07-25T11:30:49","date_gmt":"2016-07-25T09:30:49","guid":{"rendered":"https:\/\/www.humanlevel.com\/rocio-rodriguez"},"modified":"2024-04-09T10:17:40","modified_gmt":"2024-04-09T08:17:40","slug":"rocio-rodriguez","status":"publish","type":"page","link":"https:\/\/www.humanlevel.com\/en\/about-us\/team\/rocio-rodriguez","title":{"rendered":"Roc\u00edo Rodr\u00edguez"},"content":{"rendered":"<div id=\"toc_container\" class=\"no_bullets\"><p class=\"toc_title\">Index<\/p><ul class=\"toc_list\"><li><a href=\"#Professionally\">Professionally<\/a><\/li><li><a href=\"#On_a_personal_level\">On a personal level<\/a><\/li><li><a href=\"#Articles_written_by_Rocio\">Articles written by Roc\u00edo<\/a><ul><li><a href=\"#SEO_strategy_for_ecommerce_position_your_online_store\">SEO strategy for ecommerce: position your online store<\/a><\/li><li><a href=\"#The_ten_skills_you_need_to_be_an_SEO_specialist\">The ten skills you need to be an SEO specialist<\/a><\/li><li><a href=\"#Types_of_Google_SERP_results_in_2020_and_how_to_appear_in_them\">Types of Google SERP results in 2020 and how to appear in them<\/a><\/li><\/ul><\/li><\/ul><\/div>\n<p><div class=\"row\"><div class=\"col-md-6 align-self-center order-1 order-md-0\"><div class=\"row mb-4\"><div class=\"col \"><div class=\"mb-4\"><\/p>\n<div class=\"estilo_contador\">Roc\u00edo Rodr\u00edguez<\/div>\n<p><\/div><\/div><\/div><div class=\"row mb-4\"><div class=\"col \"><div class=\"mb-4\"><\/p>\n<div class=\"cargo_equipo\">Senior SEO Consultant<\/div>\n<p><\/div><div class=\"mb-4\"><ul class=\"social_icons\"><li><a href=\"https:\/\/twitter.com\/rociiirs\" =\"\" target=\" _blank\" =\"\" class=\"twitter\"><\/a><\/li><li><a href=\"https:\/\/es.linkedin.com\/in\/roc%C3%ADo-rodr%C3%ADguez-s%C3%A1nchez-6a800ab6\" =\"\" target=\" _blank\" =\"\" class=\"linkedin\"><\/a><\/li><\/ul><\/div><\/div><div class=\"col-md-4 \"><\/div><\/div><\/div><div class=\"col-md-6 \"><div class=\"mb-4\"><img loading=\"lazy\" decoding=\"async\" class=\"foto_ficha aligncenter wp-image-36344 size-medium\" src=\"https:\/\/www.humanlevel.com\/wp-content\/uploads\/Rocio-Rodriguez.jpg\" alt=\"Photo of Roc\u00edo Rodr\u00edguez, Senior SEO Consultant\" width=\"300\" height=\"300\" \/><\/div><\/div><\/div><div class=\"row\"><div class=\"col \"><div style=\"height:20px;\" ><\/div><\/div><\/div><div class=\"row\"><div class=\"col destacado_ficha\"><div class=\"row mb-4\"><div class=\"col-md-6 \"><div class=\"mb-4\"><\/p>\n<div class=\"destacado_ficha\">\n<p><strong>EXPERIENCE<\/strong><br \/>\nSince 2016 in SEO<\/p>\n<p><strong>SPECIALTY<\/strong><br \/>\nDigital marketing<br \/>\nComprehensive SEO audit<\/p>\n<\/div>\n<p><\/div><\/div><div class=\"col-md-6 \"><div class=\"mb-4\"><\/p>\n<div class=\"destacado_ficha\">\n<p><strong>QUALIFICATION<\/strong><br \/>\nDegree in Advertising and Public Relations<br \/>\nMaster in Communication and Creative Industries<\/p>\n<\/div>\n<p><\/div><\/div><\/div><\/div><\/div><div class=\"row\"><div class=\"col \"><div style=\"height:20px;\" ><\/div><\/div><\/div><div class=\"row\"><div class=\"col \"><div style=\"height:20px;\" ><\/div><\/div><\/div><div class=\"row\"><div class=\"col \"><div class=\"mb-4\"><\/p>\n<h2 class=\"titulo_seccion_ficha\"><span id=\"Professionally\"><strong>Professionally<\/strong><\/span><\/h2>\n<p><\/div><div class=\"mb-4\"><\/p>\n<p style=\"text-align: justify;\"><strong>Graduated in Advertising and Public Relations, <\/strong>with a <strong>Master in Communication and Creative Industries<\/strong> by the University of Alicante and <strong>certified in Google AdWords<\/strong>. I am a 2.0 heart trying to survive in a society where technology is the epicenter of everything around us.<\/p>\n<p style=\"text-align: justify;\"><strong> I am passionate about communication in all its aspects and forms<\/strong>. Taking the leap into the digital world is one of the best decisions I have ever made in my life. I must admit that it was love at first sight for me and I have finally fallen at its feet (yes, that&#8217;s how amazing love is!).<\/p>\n<p style=\"text-align: justify;\">Since we started our relationship we have not stopped learning together and for me this is the most enriching thing about my job, knowing that in the online world there are no exact rules that can be applied to all projects, because what today is A tomorrow is B and what works for me, may not work so well for you. And it is in this way how I overcome my eagerness to learn and absorb new knowledge that will make me grow both personally and professionally.<\/p>\n<p style=\"text-align: justify;\">At Human Level <strong>you will find me<\/strong> in the <strong>SEO department<\/strong>. I am a senior SEO Consultant and I develop online communication projects.<\/p>\n<p><\/div><\/div><\/div><div class=\"row\"><div class=\"col \"><div class=\"mb-4\"><\/p>\n<h2 class=\"titulo_seccion_ficha\"><span id=\"On_a_personal_level\"><strong>On a personal level<\/strong><\/span><\/h2>\n<p><\/div><div class=\"mb-4\"><\/p>\n<p style=\"text-align: justify;\">I consider myself a perfectionist, fun, observant, curious and persevering person. <strong>I love to travel<\/strong> and discover new corners of the earth. This hobby is accompanied by my <strong>love for gastronomy<\/strong>, because&#8230; I love good food!<\/p>\n<p style=\"text-align: justify;\">I&#8217;m an inquiring mind that doesn&#8217;t like to stop learning and discovering new things, so I spend a lot of my free time <strong>reading about online marketing stuff<\/strong>. Another of the things that I miss is the <strong>world of research<\/strong> (I already told you that I was quite curious!). At the end of the master I did a <a title=\"Go to the study on children's mobile applications\" href=\"http:\/\/rua.ua.es\/dspace\/handle\/10045\/50166\" target=\"_blank\" rel=\"noopener noreferrer\">project on mobile applications<\/a> that was highly enriching for me and with which I learned a lot of things.<\/p>\n<p style=\"text-align: justify;\">Another passion of mine is the world of <strong>teaching<\/strong>, something that at some point in my life I would like to experience.<\/p>\n<p><\/div><\/div><\/div><div class=\"row\"><div class=\"col \"><div style=\"height:20px;\" ><\/div><\/div><\/div><div class=\"row\"><div class=\"col \"><div class=\"mb-4\"><\/p>\n<h2 class=\"titulo_seccion_ficha\"><span id=\"Articles_written_by_Rocio\"><strong>Articles written by Roc\u00edo<\/strong><\/span><\/h2>\n<p><\/div><div class=\"mb-4\">\t<div>\r\n\t\t<div class=\"row\">\r\n\t\t\t<div class=\"col-md-12\">\r\n\t\t\t\r\n <hr>\r\n\t\t\t\t<main class=\"row filaBlog\">\r\n\t\t\t\t\r\n<div class=\"col-md-12 hl-border-bottom\">\r\n<article class=\"card mb-3\" id=\"post-51943\" class=\"post-51943 post type-post status-publish format-standard has-post-thumbnail hentry category-seo tag-e-commerce entry\">\r\n <div class=\"row align-items-center\">\r\n\r\n <div class=\"articulo_col1 col-12 col-sm-12 col-md-12 col-lg-9 col-xl-9\">\r\n <div class=\"entry-title\"><a href=\"https:\/\/www.humanlevel.com\/en\/blog\/seo\" rel=\"category tag\">SEO<\/a><\/div>\r\n <div class=\"card-body\">\r\n <h3 class=\"card-title\"><span id=\"SEO_strategy_for_ecommerce_position_your_online_store\"><a href=\"https:\/\/www.humanlevel.com\/en\/blog\/seo\/seo-strategy-for-ecommerce\">SEO strategy for ecommerce: position your online store<\/a><\/span><\/h3>\r\n <div class=\"card-text\"><p>Do you have an online store and want to improve its positioning in Google? We tell you step by step how to define and implement an SEO strategy for e-commerce. Read on!<\/p>\n<\/div>\r\n \r\n <div class=\"card-text-small\">\r\n <ul class=\"list-post\"><li><span class=\"screen-reader-text\"><\/span><span class=\"author vcard\"> <a class=\"url fn n\" href=\"\/en\/about-us\/team\/rocio-rodriguez\">Roc\u00edo Rodr\u00edguez<\/a><\/span><\/li><li>&nbsp;|&nbsp;<\/li><li>Published on <time class=\"entry-date published\" datetime=\"2021-07-28\">28\/07\/2021<\/time><\/li><\/ul> <\/div>\r\n \r\n <\/div>\r\n <\/div>\t\t\t\r\n <div class=\"articulo_col2 col-0 col-sm-0 col-md-0 col-lg-3 col-xl-3 imgBlog\">\r\n \t\r\n\t\t\t<figure class=\"post-thumbnail\">\r\n\t\t\t\t<img loading=\"lazy\" decoding=\"async\" width=\"2560\" height=\"2560\" src=\"https:\/\/www.humanlevel.com\/wp-content\/uploads\/seo-para-ecommerce-scaled.jpg\" class=\"img-fluid wp-post-image\" alt=\"\" srcset=\"https:\/\/www.humanlevel.com\/wp-content\/uploads\/seo-para-ecommerce-scaled.jpg 2560w, https:\/\/www.humanlevel.com\/wp-content\/uploads\/seo-para-ecommerce-300x300.jpg 300w, https:\/\/www.humanlevel.com\/wp-content\/uploads\/seo-para-ecommerce-1024x1024.jpg 1024w, https:\/\/www.humanlevel.com\/wp-content\/uploads\/seo-para-ecommerce-150x150.jpg 150w, https:\/\/www.humanlevel.com\/wp-content\/uploads\/seo-para-ecommerce-768x768.jpg 768w, https:\/\/www.humanlevel.com\/wp-content\/uploads\/seo-para-ecommerce-1536x1536.jpg 1536w, https:\/\/www.humanlevel.com\/wp-content\/uploads\/seo-para-ecommerce-2048x2048.jpg 2048w\" sizes=\"auto, (max-width: 34.9rem) calc(100vw - 2rem), (max-width: 53rem) calc(8 * (100vw \/ 12)), (min-width: 53rem) calc(6 * (100vw \/ 12)), 100vw\" \/>\t\t\t\t\r\n\t\t\t<\/figure>\r\n\t\r\n\t\t\t\t <\/div>\r\n <\/div>\r\n<\/article>\r\n\r\n\r\n\r\n\r\n\r\n\r\n<\/div><div class=\"col-md-12 hl-border-bottom\">\r\n<article class=\"card mb-3\" id=\"post-51952\" class=\"post-51952 post type-post status-publish format-standard has-post-thumbnail hentry category-seo entry\">\r\n <div class=\"row align-items-center\">\r\n\r\n <div class=\"articulo_col1 col-12 col-sm-12 col-md-12 col-lg-9 col-xl-9\">\r\n <div class=\"entry-title\"><a href=\"https:\/\/www.humanlevel.com\/en\/blog\/seo\" rel=\"category tag\">SEO<\/a><\/div>\r\n <div class=\"card-body\">\r\n <h3 class=\"card-title\"><span id=\"The_ten_skills_you_need_to_be_an_SEO_specialist\"><a href=\"https:\/\/www.humanlevel.com\/en\/blog\/seo\/the-10-skills-you-need-to-be-an-seo-specialist\">The ten skills you need to be an SEO specialist<\/a><\/span><\/h3>\r\n <div class=\"card-text\"><p>Find out which are the 10 essential skills you must have if you want to become an SEO expert. Read on in this post!<\/p>\n<\/div>\r\n \r\n <div class=\"card-text-small\">\r\n <ul class=\"list-post\"><li><span class=\"screen-reader-text\"><\/span><span class=\"author vcard\"> <a class=\"url fn n\" href=\"\/en\/about-us\/team\/rocio-rodriguez\">Roc\u00edo Rodr\u00edguez<\/a><\/span><\/li><li>&nbsp;|&nbsp;<\/li><li>Published on <time class=\"entry-date published\" datetime=\"2020-12-02\">02\/12\/2020<\/time><\/li><\/ul> <\/div>\r\n \r\n <\/div>\r\n <\/div>\t\t\t\r\n <div class=\"articulo_col2 col-0 col-sm-0 col-md-0 col-lg-3 col-xl-3 imgBlog\">\r\n \t\r\n\t\t\t<figure class=\"post-thumbnail\">\r\n\t\t\t\t<img loading=\"lazy\" decoding=\"async\" width=\"1080\" height=\"1080\" src=\"https:\/\/www.humanlevel.com\/wp-content\/uploads\/experto-seo-habilidades-necesarias.jpg\" class=\"img-fluid wp-post-image\" alt=\"\" srcset=\"https:\/\/www.humanlevel.com\/wp-content\/uploads\/experto-seo-habilidades-necesarias.jpg 1080w, https:\/\/www.humanlevel.com\/wp-content\/uploads\/experto-seo-habilidades-necesarias-300x300.jpg 300w, https:\/\/www.humanlevel.com\/wp-content\/uploads\/experto-seo-habilidades-necesarias-1024x1024.jpg 1024w, https:\/\/www.humanlevel.com\/wp-content\/uploads\/experto-seo-habilidades-necesarias-150x150.jpg 150w, https:\/\/www.humanlevel.com\/wp-content\/uploads\/experto-seo-habilidades-necesarias-768x768.jpg 768w\" sizes=\"auto, (max-width: 34.9rem) calc(100vw - 2rem), (max-width: 53rem) calc(8 * (100vw \/ 12)), (min-width: 53rem) calc(6 * (100vw \/ 12)), 100vw\" \/>\t\t\t\t\r\n\t\t\t<\/figure>\r\n\t\r\n\t\t\t\t <\/div>\r\n <\/div>\r\n<\/article>\r\n\r\n\r\n\r\n\r\n\r\n\r\n<\/div><div class=\"col-md-12 hl-border-bottom ultimo\">\r\n<article class=\"card mb-3\" id=\"post-51986\" class=\"post-51986 post type-post status-publish format-standard has-post-thumbnail hentry category-seo tag-google tag-structured-data entry\">\r\n <div class=\"row align-items-center\">\r\n\r\n <div class=\"articulo_col1 col-12 col-sm-12 col-md-12 col-lg-9 col-xl-9\">\r\n <div class=\"entry-title\"><a href=\"https:\/\/www.humanlevel.com\/en\/blog\/seo\" rel=\"category tag\">SEO<\/a><\/div>\r\n <div class=\"card-body\">\r\n <h3 class=\"card-title\"><span id=\"Types_of_Google_SERP_results_in_2020_and_how_to_appear_in_them\"><a href=\"https:\/\/www.humanlevel.com\/en\/blog\/seo\/types-of-google-serp-results-and-how-to-appear-in-them\">Types of Google SERP results in 2020 and how to appear in them<\/a><\/span><\/h3>\r\n <div class=\"card-text\"><p>Get to know all the functions and characteristics of the different types of Google SERP results and follow our recommendations if you want to appear in them. <\/p>\n<\/div>\r\n \r\n <div class=\"card-text-small\">\r\n <ul class=\"list-post\"><li><span class=\"screen-reader-text\"><\/span><span class=\"author vcard\"> <a class=\"url fn n\" href=\"\/en\/about-us\/team\/rocio-rodriguez\">Roc\u00edo Rodr\u00edguez<\/a><\/span><\/li><li>&nbsp;|&nbsp;<\/li><li>Published on <time class=\"entry-date published\" datetime=\"2020-05-08\">08\/05\/2020<\/time><\/li><\/ul> <\/div>\r\n \r\n <\/div>\r\n <\/div>\t\t\t\r\n <div class=\"articulo_col2 col-0 col-sm-0 col-md-0 col-lg-3 col-xl-3 imgBlog\">\r\n \t\r\n\t\t\t<figure class=\"post-thumbnail\">\r\n\t\t\t\t<img loading=\"lazy\" decoding=\"async\" width=\"400\" height=\"400\" src=\"https:\/\/www.humanlevel.com\/wp-content\/uploads\/serps-google.png\" class=\"img-fluid wp-post-image\" alt=\"\" srcset=\"https:\/\/www.humanlevel.com\/wp-content\/uploads\/serps-google.png 400w, https:\/\/www.humanlevel.com\/wp-content\/uploads\/serps-google-300x300.png 300w, https:\/\/www.humanlevel.com\/wp-content\/uploads\/serps-google-150x150.png 150w\" sizes=\"auto, (max-width: 34.9rem) calc(100vw - 2rem), (max-width: 53rem) calc(8 * (100vw \/ 12)), (min-width: 53rem) calc(6 * (100vw \/ 12)), 100vw\" \/>\t\t\t\t\r\n\t\t\t<\/figure>\r\n\t\r\n\t\t\t\t <\/div>\r\n <\/div>\r\n<\/article>\r\n\r\n\r\n\r\n\r\n\r\n\r\n<\/div><div class=\"verTodos\"><button class=\"btn btn-hlc btn-hlc-light\" onclick=\"location.href='\/en\/author\/rocio';\" \/>VIEW ALL<\/a><\/div>\r\n <\/main>\r\n \r\n <\/div>\r\n <\/div>\r\n <\/div><\/div><\/div><\/div><div class=\"row\"><div class=\"col \"><div class=\"mb-4\"><\/p>\n<p><\/div><\/div><\/div><div class=\"row\"><div class=\"col \"><script type=\"application\/ld+json\">\n{\n  \"@context\": \"https:\/\/schema.org\",\n  \"@type\": \"Person\",\n  \"name\": \"Roc\u00edo Rodr\u00edguez\",\n  \"jobTitle\": \"Senior SEO Consultant\",\n  \"description\": \"Graduated in Advertising and PR and with a Master's Degree in Communication and Creative Industries from the University of Alicante. She is an SEO Consultant at Human Level since 2016 and she leads important projects in the banking sector and different online stores, offering effective solutions that help in improving positioning. She considers herself an enthusiastic, curious and dedicated person and she is always looking for new challenges. Passionate about travel and fashion, but above all about spending time with her family and friends.\",\n  \"knowsLanguage\": \n  [\n    {\n      \"@type\": \"Language\",\n      \"name\": \"Spanish\",\n      \"alternateName\": \"es\"\n    }\n  ],\n  \"knowsAbout\": [\"SEO\", \"digital marketing\"],\n  \"image\": \"https:\/\/ww1.humanlevel.com\/wp-content\/uploads\/Rocio-Rodriguez.jpg\",\n  \"worksFor\": {\n    \"@type\": \"Organization\",\n    \"name\": \"Human Level\",\n    \"founder\": \"Fernando Maci\u00e1 Domene\",\n    \"url\": \"https:\/\/www.humanlevel.com\/\"\n  },\n  \"sameAs\": [\n    \"https:\/\/twitter.com\/rociiirs\",\n    \"https:\/\/es.linkedin.com\/in\/roc\u00edo-rodr\u00edguez-s\u00e1nchez-6a800ab6\"\n  ]\n}\n<\/script><\/div><\/div><\/p>\n","protected":false},"excerpt":{"rendered":"","protected":false},"author":12,"featured_media":0,"parent":51609,"menu_order":6,"comment_status":"closed","ping_status":"closed","template":"HL_equipo.php","meta":{"footnotes":""},"class_list":["post-51578","page","type-page","status-publish","hentry","entry"],"yoast_head":"\n<title>Roc\u00edo Rodr\u00edguez, senior SEO consultant at Human Level<\/title>\n<meta name=\"description\" content=\"Learn about the professional career of Roc\u00edo Rodr\u00edguez, senior SEO consultant at Human Level.\" \/>\n<meta name=\"robots\" content=\"index, follow, max-snippet:-1, max-image-preview:large, max-video-preview:-1\" \/>\n<link rel=\"canonical\" href=\"https:\/\/www.humanlevel.com\/en\/about-us\/team\/rocio-rodriguez\" \/>\n<meta property=\"og:locale\" content=\"en_US\" \/>\n<meta property=\"og:type\" content=\"article\" \/>\n<meta property=\"og:title\" content=\"Roc\u00edo Rodr\u00edguez, senior SEO consultant at Human Level\" \/>\n<meta property=\"og:description\" content=\"Learn about the professional career of Roc\u00edo Rodr\u00edguez, senior SEO consultant at Human Level.\" \/>\n<meta property=\"og:url\" content=\"https:\/\/www.humanlevel.com\/en\/about-us\/team\/rocio-rodriguez\" \/>\n<meta property=\"og:site_name\" content=\"Human Level\" \/>\n<meta property=\"og:image\" content=\"https:\/\/www.humanlevel.com\/wp-content\/uploads\/Rocio-Rodriguez.jpg\" \/>\n<meta name=\"twitter:card\" content=\"summary_large_image\" \/>\n<meta name=\"twitter:site\" content=\"@humanlevel\" \/>\n<meta name=\"twitter:label1\" content=\"Est. reading time\" \/>\n\t<meta name=\"twitter:data1\" content=\"3 minutes\" \/>\n<script type=\"application\/ld+json\" class=\"yoast-schema-graph\">{\"@context\":\"https:\/\/schema.org\",\"@graph\":[{\"@type\":\"WebPage\",\"@id\":\"https:\/\/www.humanlevel.com\/en\/about-us\/team\/rocio-rodriguez\",\"url\":\"https:\/\/www.humanlevel.com\/en\/about-us\/team\/rocio-rodriguez\",\"name\":\"Roc\u00edo Rodr\u00edguez, senior SEO consultant at Human Level\",\"isPartOf\":{\"@id\":\"https:\/\/www.humanlevel.com\/en#website\"},\"primaryImageOfPage\":{\"@id\":\"https:\/\/www.humanlevel.com\/en\/about-us\/team\/rocio-rodriguez#primaryimage\"},\"image\":{\"@id\":\"https:\/\/www.humanlevel.com\/en\/about-us\/team\/rocio-rodriguez#primaryimage\"},\"thumbnailUrl\":\"https:\/\/www.humanlevel.com\/wp-content\/uploads\/Rocio-Rodriguez.jpg\",\"datePublished\":\"2016-07-25T09:30:49+00:00\",\"dateModified\":\"2024-04-09T08:17:40+00:00\",\"description\":\"Learn about the professional career of Roc\u00edo Rodr\u00edguez, senior SEO consultant at Human Level.\",\"breadcrumb\":{\"@id\":\"https:\/\/www.humanlevel.com\/en\/about-us\/team\/rocio-rodriguez#breadcrumb\"},\"inLanguage\":\"en-US\",\"potentialAction\":[{\"@type\":\"ReadAction\",\"target\":[\"https:\/\/www.humanlevel.com\/en\/about-us\/team\/rocio-rodriguez\"]}]},{\"@type\":\"ImageObject\",\"inLanguage\":\"en-US\",\"@id\":\"https:\/\/www.humanlevel.com\/en\/about-us\/team\/rocio-rodriguez#primaryimage\",\"url\":\"https:\/\/www.humanlevel.com\/wp-content\/uploads\/Rocio-Rodriguez.jpg\",\"contentUrl\":\"https:\/\/www.humanlevel.com\/wp-content\/uploads\/Rocio-Rodriguez.jpg\"},{\"@type\":\"BreadcrumbList\",\"@id\":\"https:\/\/www.humanlevel.com\/en\/about-us\/team\/rocio-rodriguez#breadcrumb\",\"itemListElement\":[{\"@type\":\"ListItem\",\"position\":1,\"name\":\"Portada\",\"item\":\"https:\/\/www.humanlevel.com\/en\"},{\"@type\":\"ListItem\",\"position\":2,\"name\":\"About Us\",\"item\":\"https:\/\/www.humanlevel.com\/en\/about-us\"},{\"@type\":\"ListItem\",\"position\":3,\"name\":\"Our Team\",\"item\":\"https:\/\/www.humanlevel.com\/en\/about-us\/team\"},{\"@type\":\"ListItem\",\"position\":4,\"name\":\"Roc\u00edo Rodr\u00edguez\"}]},{\"@type\":\"WebSite\",\"@id\":\"https:\/\/www.humanlevel.com\/en#website\",\"url\":\"https:\/\/www.humanlevel.com\/en\",\"name\":\"Human Level\",\"description\":\"Web positioning and online marketing consultant Human Level\",\"publisher\":{\"@id\":\"https:\/\/www.humanlevel.com\/en#organization\"},\"potentialAction\":[{\"@type\":\"SearchAction\",\"target\":{\"@type\":\"EntryPoint\",\"urlTemplate\":\"https:\/\/www.humanlevel.com\/en?s={search_term_string}\"},\"query-input\":{\"@type\":\"PropertyValueSpecification\",\"valueRequired\":true,\"valueName\":\"search_term_string\"}}],\"inLanguage\":\"en-US\"},{\"@type\":\"Organization\",\"@id\":\"https:\/\/www.humanlevel.com\/en#organization\",\"name\":\"Human Level\",\"url\":\"https:\/\/www.humanlevel.com\/en\",\"logo\":{\"@type\":\"ImageObject\",\"inLanguage\":\"en-US\",\"@id\":\"https:\/\/www.humanlevel.com\/en#\/schema\/logo\/image\/\",\"url\":\"https:\/\/www.humanlevel.com\/wp-content\/uploads\/logo-human-negro-1.jpg\",\"contentUrl\":\"https:\/\/www.humanlevel.com\/wp-content\/uploads\/logo-human-negro-1.jpg\",\"width\":268,\"height\":51,\"caption\":\"Human Level\"},\"image\":{\"@id\":\"https:\/\/www.humanlevel.com\/en#\/schema\/logo\/image\/\"},\"sameAs\":[\"https:\/\/x.com\/humanlevel\"]}]}<\/script>\n","yoast_head_json":{"title":"Roc\u00edo Rodr\u00edguez, senior SEO consultant at Human Level","description":"Learn about the professional career of Roc\u00edo Rodr\u00edguez, senior SEO consultant at Human Level.","robots":{"index":"index","follow":"follow","max-snippet":"max-snippet:-1","max-image-preview":"max-image-preview:large","max-video-preview":"max-video-preview:-1"},"canonical":"https:\/\/www.humanlevel.com\/en\/about-us\/team\/rocio-rodriguez","og_locale":"en_US","og_type":"article","og_title":"Roc\u00edo Rodr\u00edguez, senior SEO consultant at Human Level","og_description":"Learn about the professional career of Roc\u00edo Rodr\u00edguez, senior SEO consultant at Human Level.","og_url":"https:\/\/www.humanlevel.com\/en\/about-us\/team\/rocio-rodriguez","og_site_name":"Human Level","og_image":[{"url":"https:\/\/www.humanlevel.com\/wp-content\/uploads\/Rocio-Rodriguez.jpg","type":"","width":"","height":""}],"twitter_card":"summary_large_image","twitter_site":"@humanlevel","twitter_misc":{"Est. reading time":"3 minutes"},"schema":{"@context":"https:\/\/schema.org","@graph":[{"@type":"WebPage","@id":"https:\/\/www.humanlevel.com\/en\/about-us\/team\/rocio-rodriguez","url":"https:\/\/www.humanlevel.com\/en\/about-us\/team\/rocio-rodriguez","name":"Roc\u00edo Rodr\u00edguez, senior SEO consultant at Human Level","isPartOf":{"@id":"https:\/\/www.humanlevel.com\/en#website"},"primaryImageOfPage":{"@id":"https:\/\/www.humanlevel.com\/en\/about-us\/team\/rocio-rodriguez#primaryimage"},"image":{"@id":"https:\/\/www.humanlevel.com\/en\/about-us\/team\/rocio-rodriguez#primaryimage"},"thumbnailUrl":"https:\/\/www.humanlevel.com\/wp-content\/uploads\/Rocio-Rodriguez.jpg","datePublished":"2016-07-25T09:30:49+00:00","dateModified":"2024-04-09T08:17:40+00:00","description":"Learn about the professional career of Roc\u00edo Rodr\u00edguez, senior SEO consultant at Human Level.","breadcrumb":{"@id":"https:\/\/www.humanlevel.com\/en\/about-us\/team\/rocio-rodriguez#breadcrumb"},"inLanguage":"en-US","potentialAction":[{"@type":"ReadAction","target":["https:\/\/www.humanlevel.com\/en\/about-us\/team\/rocio-rodriguez"]}]},{"@type":"ImageObject","inLanguage":"en-US","@id":"https:\/\/www.humanlevel.com\/en\/about-us\/team\/rocio-rodriguez#primaryimage","url":"https:\/\/www.humanlevel.com\/wp-content\/uploads\/Rocio-Rodriguez.jpg","contentUrl":"https:\/\/www.humanlevel.com\/wp-content\/uploads\/Rocio-Rodriguez.jpg"},{"@type":"BreadcrumbList","@id":"https:\/\/www.humanlevel.com\/en\/about-us\/team\/rocio-rodriguez#breadcrumb","itemListElement":[{"@type":"ListItem","position":1,"name":"Portada","item":"https:\/\/www.humanlevel.com\/en"},{"@type":"ListItem","position":2,"name":"About Us","item":"https:\/\/www.humanlevel.com\/en\/about-us"},{"@type":"ListItem","position":3,"name":"Our Team","item":"https:\/\/www.humanlevel.com\/en\/about-us\/team"},{"@type":"ListItem","position":4,"name":"Roc\u00edo Rodr\u00edguez"}]},{"@type":"WebSite","@id":"https:\/\/www.humanlevel.com\/en#website","url":"https:\/\/www.humanlevel.com\/en","name":"Human Level","description":"Web positioning and online marketing consultant Human Level","publisher":{"@id":"https:\/\/www.humanlevel.com\/en#organization"},"potentialAction":[{"@type":"SearchAction","target":{"@type":"EntryPoint","urlTemplate":"https:\/\/www.humanlevel.com\/en?s={search_term_string}"},"query-input":{"@type":"PropertyValueSpecification","valueRequired":true,"valueName":"search_term_string"}}],"inLanguage":"en-US"},{"@type":"Organization","@id":"https:\/\/www.humanlevel.com\/en#organization","name":"Human Level","url":"https:\/\/www.humanlevel.com\/en","logo":{"@type":"ImageObject","inLanguage":"en-US","@id":"https:\/\/www.humanlevel.com\/en#\/schema\/logo\/image\/","url":"https:\/\/www.humanlevel.com\/wp-content\/uploads\/logo-human-negro-1.jpg","contentUrl":"https:\/\/www.humanlevel.com\/wp-content\/uploads\/logo-human-negro-1.jpg","width":268,"height":51,"caption":"Human Level"},"image":{"@id":"https:\/\/www.humanlevel.com\/en#\/schema\/logo\/image\/"},"sameAs":["https:\/\/x.com\/humanlevel"]}]}},"_links":{"self":[{"href":"https:\/\/www.humanlevel.com\/en\/wp-json\/wp\/v2\/pages\/51578","targetHints":{"allow":["GET"]}}],"collection":[{"href":"https:\/\/www.humanlevel.com\/en\/wp-json\/wp\/v2\/pages"}],"about":[{"href":"https:\/\/www.humanlevel.com\/en\/wp-json\/wp\/v2\/types\/page"}],"author":[{"embeddable":true,"href":"https:\/\/www.humanlevel.com\/en\/wp-json\/wp\/v2\/users\/12"}],"replies":[{"embeddable":true,"href":"https:\/\/www.humanlevel.com\/en\/wp-json\/wp\/v2\/comments?post=51578"}],"version-history":[{"count":8,"href":"https:\/\/www.humanlevel.com\/en\/wp-json\/wp\/v2\/pages\/51578\/revisions"}],"predecessor-version":[{"id":57688,"href":"https:\/\/www.humanlevel.com\/en\/wp-json\/wp\/v2\/pages\/51578\/revisions\/57688"}],"up":[{"embeddable":true,"href":"https:\/\/www.humanlevel.com\/en\/wp-json\/wp\/v2\/pages\/51609"}],"wp:attachment":[{"href":"https:\/\/www.humanlevel.com\/en\/wp-json\/wp\/v2\/media?parent=51578"}],"curies":[{"name":"wp","href":"https:\/\/api.w.org\/{rel}","templated":true}]}}